{"id":6534,"date":"2022-02-07T10:47:29","date_gmt":"2022-02-07T09:47:29","guid":{"rendered":"https:\/\/www1.kkl.si\/?page_id=6534"},"modified":"2023-12-12T12:01:42","modified_gmt":"2023-12-12T11:01:42","slug":"15-baltek-tekmovanje-mladih-slovenskih-baletnih-plesalcev-2022","status":"publish","type":"page","link":"https:\/\/www1.kkl.si\/sl\/15-baltek-tekmovanje-mladih-slovenskih-baletnih-plesalcev-2022\/","title":{"rendered":"15. BALTEK \u2013 Tekmovanje mladih slovenskih baletnih plesalcev 2022"},"content":{"rendered":"<div><img loading=\"lazy\" decoding=\"async\" class=\"izrez alignnone wp-image-6541 size-full\" src=\"https:\/\/www1.kkl.si\/wp-content\/uploads\/2022\/02\/PLAKAT_BALTEK15_glava.png\" alt=\"\" width=\"1200\" height=\"200\" srcset=\"https:\/\/www1.kkl.si\/wp-content\/uploads\/2022\/02\/PLAKAT_BALTEK15_glava.png 1200w, https:\/\/www1.kkl.si\/wp-content\/uploads\/2022\/02\/PLAKAT_BALTEK15_glava-400x67.png 400w\" sizes=\"auto, (max-width: 1200px) 100vw, 1200px\" \/><\/div>\n<div class=\"opis\"><strong><img loading=\"lazy\" decoding=\"async\" class=\"wp-image-1593 alignright\" title=\"Zaklju\u010dena prireditev\" src=\"https:\/\/www1.kkl.si\/wp-content\/uploads\/2020\/07\/spored_simb_zakljucena-1.svg\" alt=\"zakljucena\" width=\"40\" height=\"40\" srcset=\"https:\/\/www1.kkl.si\/wp-content\/uploads\/\/2020\/07\/spored_simb_zakljucena-1.svg 150w, https:\/\/www1.kkl.si\/wp-content\/uploads\/\/2020\/07\/spored_simb_zakljucena-1.svg 400w, https:\/\/www1.kkl.si\/wp-content\/uploads\/\/2020\/07\/spored_simb_zakljucena-1.svg 1500w, https:\/\/www1.kkl.si\/wp-content\/uploads\/\/2020\/07\/spored_simb_zakljucena-1.svg 100w\" sizes=\"auto, (max-width: 40px) 100vw, 40px\" \/><i class=\"fas fa-calendar\"><\/i> Torek, 15. februar 2022 | <span class=\"zanr\">baletno tekmovanje<\/span> <i class=\"fas fa-clock\"><\/i> od 8.15 do predvidoma 20.30<br \/>\n<i class=\"fas fa-calendar\"><\/i> Sreda, 16. februar 2022 | <span class=\"zanr\">baletno tekmovanje<\/span> <i class=\"fas fa-clock\"><\/i> od 9.00 do predvidvoma 20.30<br \/>\n<i class=\"fas fa-calendar\"><\/i> \u010cetrtek, 17. februar 2022 | <span class=\"zanr\">baletno tekmovanje<\/span> <i class=\"fas fa-clock\"><\/i> ob 10.00 naprej, slavnostni koncert ob 16.00<br \/>\n<\/strong><i class=\"fas fa-map-marker\"><\/i> Prizori\u0161\u010de: Gledali\u0161ka in koncertna dvorana Lendava<br \/>\n<i class=\"fas fa-chevron-circle-right\"><\/i> Organizator: <a href=\"https:\/\/www.zsgs.si\/\">ZSG\u0160 \u2013 Zveza slovenskih glasbenih \u0161ol<\/a> in\u00a0<a href=\"http:\/\/www.gs-lendava.si\/\">Glasbena \u0161ola Lendava\/Zeneiskola Lendva<\/a><\/div>\n<p><span id=\"page3R_mcid4\" class=\"markedContent\"><span style=\"font-size: 24px;\"><strong><span dir=\"ltr\" role=\"presentation\"><a href=\"https:\/\/www1.kkl.si\/wp-content\/uploads\/2022\/02\/PLAKAT_BALTEK.png\" data-lbwps-width=\"2501\" data-lbwps-height=\"3543\" data-lbwps-srcsmall=\"https:\/\/www1.kkl.si\/wp-content\/uploads\/2022\/02\/PLAKAT_BALTEK-282x400.png\"><img loading=\"lazy\" decoding=\"async\" class=\"slika alignright wp-image-6501 size-medium\" src=\"https:\/\/www1.kkl.si\/wp-content\/uploads\/2022\/02\/PLAKAT_BALTEK-282x400.png\" alt=\"\" width=\"282\" height=\"400\" srcset=\"https:\/\/www1.kkl.si\/wp-content\/uploads\/2022\/02\/PLAKAT_BALTEK-282x400.png 282w, https:\/\/www1.kkl.si\/wp-content\/uploads\/2022\/02\/PLAKAT_BALTEK-1059x1500.png 1059w\" sizes=\"auto, (max-width: 282px) 100vw, 282px\" \/><\/a>1<\/span><span dir=\"ltr\" role=\"presentation\">5<\/span><span dir=\"ltr\" role=\"presentation\">. TEKMOVANJE<\/span> <span dir=\"ltr\" role=\"presentation\">MLADIH SLOVENSKIH BALETNIH<\/span> <span dir=\"ltr\" role=\"presentation\">P<\/span><span dir=\"ltr\" role=\"presentation\">LESALCEV<\/span><\/strong><\/span><br \/>\n<span dir=\"ltr\" role=\"presentation\">Lendava,<\/span> <span dir=\"ltr\" role=\"presentation\">15.<\/span><span dir=\"ltr\" role=\"presentation\">\u2013<\/span><span dir=\"ltr\" role=\"presentation\">17<\/span><span dir=\"ltr\" role=\"presentation\">. februar<\/span> <span dir=\"ltr\" role=\"presentation\">20<\/span><span dir=\"ltr\" role=\"presentation\">2<\/span><span dir=\"ltr\" role=\"presentation\">2<\/span><\/span><\/p>\n<p><span id=\"page3R_mcid5\" class=\"markedContent\"><\/span><span id=\"page3R_mcid6\" class=\"markedContent\"><\/span><span id=\"page3R_mcid7\" class=\"markedContent\"><\/span><span id=\"page3R_mcid7\" class=\"markedContent\"><strong><span dir=\"ltr\" role=\"presentation\">ORGANIZATORJI<\/span><\/strong><br \/>\n<span dir=\"ltr\" role=\"presentation\">Komisija za glasbena in baletna tekmovanja<\/span> <span dir=\"ltr\" role=\"presentation\">(Komisija<\/span> <span dir=\"ltr\" role=\"presentation\">TEMSIG<\/span><span dir=\"ltr\" role=\"presentation\">)<\/span> <br \/>\n<span dir=\"ltr\" role=\"presentation\">in Zveza slovenskih glasbenih \u0161ol (ZSG\u0160).<\/span><\/span><span id=\"page3R_mcid8\" class=\"markedContent\"><\/span><span id=\"page3R_mcid9\" class=\"markedContent\"><br role=\"presentation\" \/><br \/>\n<\/span><\/p>\n<p><span id=\"page3R_mcid9\" class=\"markedContent\"><strong><span dir=\"ltr\" role=\"presentation\">FINANCIRANJE<\/span><\/strong><br \/>\n<span dir=\"ltr\" role=\"presentation\">Minist<\/span><span dir=\"ltr\" role=\"presentation\">rstvo za izobra\u017eevanje,<\/span> <span dir=\"ltr\" role=\"presentation\">znanost in \u0161port Republike<\/span> <span dir=\"ltr\" role=\"presentation\">Slovenije<\/span><\/span><span id=\"page3R_mcid10\" class=\"markedContent\"><br \/>\n<span dir=\"ltr\" role=\"presentation\">Zveza slovenskih glasbenih \u0161ol<\/span><\/span><span id=\"page3R_mcid11\" class=\"markedContent\"><br role=\"presentation\" \/><br \/>\n<\/span><\/p>\n<p><strong><span id=\"page3R_mcid11\" class=\"markedContent\"><span dir=\"ltr\" role=\"presentation\">RAZPIS IN PRAVILA<br \/>\n<\/span><\/span><\/strong><span id=\"page3R_mcid12\" class=\"markedContent\"><span dir=\"ltr\" role=\"presentation\">Tekmovanje je bienalno. Tekmovanja se lahko udele\u017eijo baletni plesalci, ki se izobra\u017eujejo v javnih in<\/span> <span dir=\"ltr\" role=\"presentation\">zasebnih glasbenih<\/span> <span dir=\"ltr\" role=\"presentation\">in baletnih<\/span> <span dir=\"ltr\" role=\"presentation\">\u0161olah, na konservatorijih za glasbo in balet oziroma umetni\u0161kih<\/span> <span dir=\"ltr\" role=\"presentation\">gimnazijah ter u\u010denci slovenskih glasbenih \u0161ol v zamejstvu<\/span> <span dir=\"ltr\" role=\"presentation\">ter slovenski dr\u017eavljani, ki se \u0161olajo v tujini<\/span> <span dir=\"ltr\" role=\"presentation\">ali si znanje pridobivajo kako druga\u010de.<\/span> <span dir=\"ltr\" role=\"presentation\">V<\/span> <span dir=\"ltr\" role=\"presentation\">III. kategoriji<\/span> <span dir=\"ltr\" role=\"presentation\">lahko<\/span> <span dir=\"ltr\" role=\"presentation\">tekmujejo tudi profesionalni plesalci, ki so<\/span> <span dir=\"ltr\" role=\"presentation\">slovenski dr\u017eavljani.<\/span><\/span><\/p>\n<p>Dodatne informacije:<br \/>\n<i class=\"fas fa-file-pdf\"><\/i> <a href=\"https:\/\/www.zsgs.si\/wp-content\/uploads\/2021\/12\/Razpis_15_BALTEK_2022_kor.pdf\">https:\/\/www.zsgs.si\/wp-content\/uploads\/2021\/12\/Razpis_15_BALTEK_2022_kor.pdf<\/a><\/p>\n<p>URNIK<br \/>\n<i class=\"fas fa-file-pdf\"><\/i> <a href=\"https:\/\/www.zsgs.si\/wp-content\/uploads\/2022\/02\/15.-BALTEK-URNIK.pdf\">https:\/\/www.zsgs.si\/wp-content\/uploads\/2022\/02\/15.-BALTEK-URNIK.pdf<\/a><\/p>\n<p>POVEZAVE<br \/>\n<i class=\"fas fa-link\"><\/i> <a href=\"https:\/\/www.zsgs.si\/baltek\/\">https:\/\/www.zsgs.si\/baltek\/<\/a><br \/>\n<i class=\"fas fa-link\"><\/i> <a href=\"https:\/\/www.zsgs.si\/baltek\/15-tekmovanje-baltek\/\">https:\/\/www.zsgs.si\/baltek\/15-tekmovanje-baltek\/<\/a><\/p>\n<hr \/>\n<p><span style=\"font-size: 28px; color: #ff0000;\"><i class=\"fas fa-exclamation-triangle\"><\/i><\/span> VSTOP NA DOGODKE JE POGOJEN S <a href=\"https:\/\/www1.kkl.si\/sl\/vstop-v-gledalisko-in-koncertno-dvorano-samo-ob-izpolnjevanju-pogojev-pct\/\">PCT<\/a>!<\/p>\n","protected":false},"excerpt":{"rendered":"<p>Torek, 15. februar 2022 | baletno tekmovanje od 8.15 do predvidoma 20.30 Sreda, 16. februar 2022 | baletno tekmovanje od 9.00 do predvidvoma 20.30 \u010cetrtek, 17. februar 2022 | baletno tekmovanje ob 10.00 naprej, slavnostni koncert ob 16.00 Prizori\u0161\u010de: Gledali\u0161ka in koncertna dvorana Lendava Organizator: ZSG\u0160 \u2013 Zveza slovenskih glasbenih \u0161ol in\u00a0Glasbena \u0161ola Lendava\/Zeneiskola Lendva [&hellip;]<\/p>\n","protected":false},"author":2,"featured_media":6501,"parent":0,"menu_order":0,"comment_status":"closed","ping_status":"closed","template":"","meta":{"footnotes":""},"class_list":["post-6534","page","type-page","status-publish","has-post-thumbnail","hentry","post","post-with-thumbnail","post-with-thumbnail-icon"],"_links":{"self":[{"href":"https:\/\/www1.kkl.si\/sl\/wp-json\/wp\/v2\/pages\/6534","targetHints":{"allow":["GET"]}}],"collection":[{"href":"https:\/\/www1.kkl.si\/sl\/wp-json\/wp\/v2\/pages"}],"about":[{"href":"https:\/\/www1.kkl.si\/sl\/wp-json\/wp\/v2\/types\/page"}],"author":[{"embeddable":true,"href":"https:\/\/www1.kkl.si\/sl\/wp-json\/wp\/v2\/users\/2"}],"replies":[{"embeddable":true,"href":"https:\/\/www1.kkl.si\/sl\/wp-json\/wp\/v2\/comments?post=6534"}],"version-history":[{"count":14,"href":"https:\/\/www1.kkl.si\/sl\/wp-json\/wp\/v2\/pages\/6534\/revisions"}],"predecessor-version":[{"id":6642,"href":"https:\/\/www1.kkl.si\/sl\/wp-json\/wp\/v2\/pages\/6534\/revisions\/6642"}],"wp:featuredmedia":[{"embeddable":true,"href":"https:\/\/www1.kkl.si\/sl\/wp-json\/wp\/v2\/media\/6501"}],"wp:attachment":[{"href":"https:\/\/www1.kkl.si\/sl\/wp-json\/wp\/v2\/media?parent=6534"}],"curies":[{"name":"wp","href":"https:\/\/api.w.org\/{rel}","templated":true}]}}