{"id":6657,"date":"2022-02-16T15:16:22","date_gmt":"2022-02-16T14:16:22","guid":{"rendered":"https:\/\/www1.kkl.si\/?page_id=6657"},"modified":"2022-02-16T15:21:01","modified_gmt":"2022-02-16T14:21:01","slug":"sara-koves-klavirski-recital-nekdanje-ucenke-gs-lendava","status":"publish","type":"page","link":"https:\/\/www1.kkl.si\/sl\/sara-koves-klavirski-recital-nekdanje-ucenke-gs-lendava\/","title":{"rendered":"Sara K\u00f6ve\u0161 \u2013 klavirski recital nekdanje u\u010denke G\u0160 Lendava"},"content":{"rendered":"<div class=\"opis\"><strong><a href=\"https:\/\/www1.kkl.si\/wp-content\/uploads\/2022\/02\/plakat_B2_Sara_Koves_recital_2022_DVOJ_A.jpg\" data-lbwps-width=\"1786\" data-lbwps-height=\"2500\" data-lbwps-srcsmall=\"https:\/\/www1.kkl.si\/wp-content\/uploads\/2022\/02\/plakat_B2_Sara_Koves_recital_2022_DVOJ_A-286x400.jpg\"><img loading=\"lazy\" decoding=\"async\" class=\"slika alignright wp-image-6632 size-medium\" src=\"https:\/\/www1.kkl.si\/wp-content\/uploads\/2022\/02\/plakat_B2_Sara_Koves_recital_2022_DVOJ_A-286x400.jpg\" sizes=\"auto, (max-width: 286px) 100vw, 286px\" srcset=\"https:\/\/www1.kkl.si\/wp-content\/uploads\/2022\/02\/plakat_B2_Sara_Koves_recital_2022_DVOJ_A-286x400.jpg 286w, https:\/\/www1.kkl.si\/wp-content\/uploads\/2022\/02\/plakat_B2_Sara_Koves_recital_2022_DVOJ_A-1072x1500.jpg 1072w, https:\/\/www1.kkl.si\/wp-content\/uploads\/2022\/02\/plakat_B2_Sara_Koves_recital_2022_DVOJ_A.jpg 1786w\" alt=\"\" width=\"286\" height=\"400\" \/><\/a><img loading=\"lazy\" decoding=\"async\" class=\"wp-image-1587 alignright\" title=\"Brezpla\u010dna prireditev\" src=\"https:\/\/www1.kkl.si\/wp-content\/uploads\/2020\/07\/spored_simb_brezplacna-1.svg\" alt=\"brezplacna\" width=\"40\" height=\"40\" srcset=\"https:\/\/www1.kkl.si\/wp-content\/uploads\/\/2020\/07\/spored_simb_brezplacna-1.svg 150w, https:\/\/www1.kkl.si\/wp-content\/uploads\/\/2020\/07\/spored_simb_brezplacna-1.svg 400w, https:\/\/www1.kkl.si\/wp-content\/uploads\/\/2020\/07\/spored_simb_brezplacna-1.svg 1500w, https:\/\/www1.kkl.si\/wp-content\/uploads\/\/2020\/07\/spored_simb_brezplacna-1.svg 100w\" sizes=\"auto, (max-width: 40px) 100vw, 40px\" \/><i class=\"fas fa-calendar\"><\/i> Petek, 18. februar 2022 | <span class=\"zanr\">koncert<\/span><br \/>\n<i class=\"fas fa-clock\"><\/i> 18.00<br \/>\n<\/strong><i class=\"fas fa-map-marker\"><\/i> Prizori\u0161\u010de: Sinagoga Lendava<br \/>\n<i class=\"fas fa-chevron-circle-right\"><\/i> Organizator: <a href=\"http:\/\/www.gs-lendava.si\/\">Glasbena \u0161ola Lendava\/Zeneiskola Lendva<\/a><\/div>\n<p>Spo\u0161tovani!<\/p>\n<p>Vabimo vas na klavirski recital Sare K\u00f6ve\u0161, nekdanje u\u010denke G\u0160 Lendava, <br \/>\nki bo v <strong>petek, 18. februarja 2022, ob 18. uri<\/strong> v Sinagogi Lendava.<\/p>\n<p>Program:<br \/>\nL. M. \u0160KERJANC<br \/>\nL. VAN BEETHOVEN<br \/>\nM. MUSSORGSKI<\/p>\n<p><em>Vstop je prost, vljudno vabljeni!<\/em><\/p>\n<p><a href=\"https:\/\/www1.kkl.si\/wp-content\/uploads\/2022\/02\/sara_koves_glava.jpg\" data-lbwps-width=\"1200\" data-lbwps-height=\"690\" data-lbwps-srcsmall=\"https:\/\/www1.kkl.si\/wp-content\/uploads\/2022\/02\/sara_koves_glava-400x230.jpg\"><img loading=\"lazy\" decoding=\"async\" class=\"alignnone size-full wp-image-6660\" src=\"https:\/\/www1.kkl.si\/wp-content\/uploads\/2022\/02\/sara_koves_glava.jpg\" alt=\"\" width=\"1200\" height=\"690\" srcset=\"https:\/\/www1.kkl.si\/wp-content\/uploads\/2022\/02\/sara_koves_glava.jpg 1200w, https:\/\/www1.kkl.si\/wp-content\/uploads\/2022\/02\/sara_koves_glava-400x230.jpg 400w\" sizes=\"auto, (max-width: 1200px) 100vw, 1200px\" \/><\/a><\/p>\n<hr \/>\n<p><span style=\"font-size: 28px; color: #ff0000;\"><i class=\"fas fa-exclamation-triangle\"><\/i><\/span> VSTOP NA DOGODKE JE POGOJEN S <a href=\"https:\/\/www1.kkl.si\/sl\/vstop-v-gledalisko-in-koncertno-dvorano-samo-ob-izpolnjevanju-pogojev-pct\/\">PCT<\/a>!<\/p>\n","protected":false},"excerpt":{"rendered":"<p>Petek, 18. februar 2022 | koncert 18.00 Prizori\u0161\u010de: Sinagoga Lendava Organizator: Glasbena \u0161ola Lendava\/Zeneiskola Lendva Spo\u0161tovani! Vabimo vas na klavirski recital Sare K\u00f6ve\u0161, nekdanje u\u010denke G\u0160 Lendava, ki bo v petek, 18. februarja 2022, ob 18. uri v Sinagogi Lendava. Program: L. M. \u0160KERJANC L. VAN BEETHOVEN M. MUSSORGSKI Vstop je prost, vljudno vabljeni! VSTOP [&hellip;]<\/p>\n","protected":false},"author":2,"featured_media":0,"parent":0,"menu_order":0,"comment_status":"closed","ping_status":"closed","template":"","meta":{"footnotes":""},"class_list":["post-6657","page","type-page","status-publish","hentry","post"],"_links":{"self":[{"href":"https:\/\/www1.kkl.si\/sl\/wp-json\/wp\/v2\/pages\/6657","targetHints":{"allow":["GET"]}}],"collection":[{"href":"https:\/\/www1.kkl.si\/sl\/wp-json\/wp\/v2\/pages"}],"about":[{"href":"https:\/\/www1.kkl.si\/sl\/wp-json\/wp\/v2\/types\/page"}],"author":[{"embeddable":true,"href":"https:\/\/www1.kkl.si\/sl\/wp-json\/wp\/v2\/users\/2"}],"replies":[{"embeddable":true,"href":"https:\/\/www1.kkl.si\/sl\/wp-json\/wp\/v2\/comments?post=6657"}],"version-history":[{"count":6,"href":"https:\/\/www1.kkl.si\/sl\/wp-json\/wp\/v2\/pages\/6657\/revisions"}],"predecessor-version":[{"id":6666,"href":"https:\/\/www1.kkl.si\/sl\/wp-json\/wp\/v2\/pages\/6657\/revisions\/6666"}],"wp:attachment":[{"href":"https:\/\/www1.kkl.si\/sl\/wp-json\/wp\/v2\/media?parent=6657"}],"curies":[{"name":"wp","href":"https:\/\/api.w.org\/{rel}","templated":true}]}}