{"id":6723,"date":"2022-02-22T13:16:39","date_gmt":"2022-02-22T12:16:39","guid":{"rendered":"https:\/\/www1.kkl.si\/?page_id=6723"},"modified":"2022-02-22T13:16:53","modified_gmt":"2022-02-22T12:16:53","slug":"rejto-jeno-urilany-szobat-keres","status":"publish","type":"page","link":"https:\/\/www1.kkl.si\/sl\/rejto-jeno-urilany-szobat-keres\/","title":{"rendered":"Rejt\u0151 Jen\u0151: \u00daril\u00e1ny szob\u00e1t keres"},"content":{"rendered":"<div><img loading=\"lazy\" decoding=\"async\" class=\"izrez alignnone wp-image-6560 size-full\" src=\"https:\/\/www1.kkl.si\/wp-content\/uploads\/2022\/02\/urilany_szobat_keres_glava-2.jpg\" alt=\"\" width=\"1200\" height=\"147\" srcset=\"https:\/\/www1.kkl.si\/wp-content\/uploads\/2022\/02\/urilany_szobat_keres_glava-2.jpg 1200w, https:\/\/www1.kkl.si\/wp-content\/uploads\/2022\/02\/urilany_szobat_keres_glava-2-400x49.jpg 400w\" sizes=\"auto, (max-width: 1200px) 100vw, 1200px\" \/><\/div>\n<div class=\"opis\"><strong><img loading=\"lazy\" decoding=\"async\" class=\"wp-image-1591 alignright\" title=\"Pla\u010dljiva prireditev\" src=\"https:\/\/www1.kkl.si\/wp-content\/uploads\/\/2020\/07\/spored_simb_placljiva-1.svg\" alt=\"placljiva\" width=\"40\" height=\"40\" srcset=\"https:\/\/www1.kkl.si\/wp-content\/uploads\/\/2020\/07\/spored_simb_placljiva-1.svg 150w, https:\/\/www1.kkl.si\/wp-content\/uploads\/\/2020\/07\/spored_simb_placljiva-1.svg 400w, https:\/\/www1.kkl.si\/wp-content\/uploads\/\/2020\/07\/spored_simb_placljiva-1.svg 1500w, https:\/\/www1.kkl.si\/wp-content\/uploads\/\/2020\/07\/spored_simb_placljiva-1.svg 100w\" sizes=\"auto, (max-width: 40px) 100vw, 40px\" \/><i class=\"fas fa-calendar\"><\/i> Torek, 22. februar 2022 | <span class=\"zanr\">komedija<\/span><br \/>\n<i class=\"fas fa-clock\"><\/i> 19.00<\/strong> <br \/>\n<i class=\"fas fa-ticket-alt\"><\/i> Vstopnice: <strong>15 \u20ac<\/strong> odrasli | <strong>12 \u20ac<\/strong> dijaki in \u0161tudentje | Vstopnice lahko kupite v Gledali\u0161ki in koncertni dvorani Lendava.<br \/>\n<i class=\"fas fa-map-marker\"><\/i> Prizori\u0161\u010de: Gledali\u0161ka in koncertna dvorana Lendava<br \/>\n<i class=\"fas fa-chevron-circle-right\"><\/i> Organizator: <a href=\"https:\/\/www.mnmi-zkmn.si\/\">MNMI-ZKMN<\/a><\/div>\n<p><a href=\"https:\/\/www1.kkl.si\/wp-content\/uploads\/2022\/02\/plakat_Utilany_szobat_keres_web.jpg\" data-lbwps-width=\"1413\" data-lbwps-height=\"2000\" data-lbwps-srcsmall=\"https:\/\/www1.kkl.si\/wp-content\/uploads\/2022\/02\/plakat_Utilany_szobat_keres_web-283x400.jpg\"><img loading=\"lazy\" decoding=\"async\" class=\"slika alignright wp-image-6498 size-medium\" src=\"https:\/\/www1.kkl.si\/wp-content\/uploads\/2022\/02\/plakat_Utilany_szobat_keres_web-283x400.jpg\" alt=\"\" width=\"283\" height=\"400\" srcset=\"https:\/\/www1.kkl.si\/wp-content\/uploads\/2022\/02\/plakat_Utilany_szobat_keres_web-283x400.jpg 283w, https:\/\/www1.kkl.si\/wp-content\/uploads\/2022\/02\/plakat_Utilany_szobat_keres_web-1060x1500.jpg 1060w, https:\/\/www1.kkl.si\/wp-content\/uploads\/2022\/02\/plakat_Utilany_szobat_keres_web.jpg 1413w\" sizes=\"auto, (max-width: 283px) 100vw, 283px\" \/><\/a>Turay Ida Sz\u00ednh\u00e1z predstavlja <strong>\u00daRIL\u00c1NY SZOB\u00c1T KERES<\/strong> mad\u017earsko gledali\u0161ko igro v dveh dejanjih.<\/p>\n<p><strong>Re\u017eiser\/Rendez\u0151:<\/strong> <br \/>\nMIK\u00d3 ISTV\u00c1N<\/p>\n<p><strong>Igrajo\/Szerepl\u0151k:<br \/>\n<\/strong>DR. LUK\u00c1CS ERN\u0150: P\u00e1sztor M\u00e1te<br \/>\nJOL\u00c1N, A FELES\u00c9GE: B\u00f3di Barbara<br \/>\nDR. MOH\u00c1CSI: Kurk\u00f3 J. Krist\u00f3f<br \/>\nSZ\u00c9KELY KL\u00c1RA: Bodor Szabina<br \/>\nDR. CSOB\u00c1CZ: Csere L\u00e1szl\u00f3<br \/>\nDR. R\u00d3NA, LUK\u00c1CSN\u00c9 \u00dcGYV\u00c9DJE: Gy\u0151ri P\u00e9ter<\/p>\n<p>Odvetnik Luk\u00e1cs je znan strokovnjak za razvezo zakonske zveze. Znan je po tem, da zmaga v vsakem primeru. Zagovarja &#8220;nedol\u017eno&#8221; \u017eensko in razglasi, da je za lo\u010ditev kriv mo\u0161ki. Med njegovo odsotnostjo odvetni\u0161ka pripravnica del stanovanja odda v najem lepi \u0161tudentki Kl\u00e1ri Sz\u00e9kely, o \u010demer njegov \u0161ef nima pojma. Luk\u00e1cs se namerava lo\u010diti od svoje prevarane \u017eene, ko \u017eenska, ki se \u017eeli spraviti, v eni od sob najde Kl\u00e1rija v pi\u017eami. Zdaj se je situacija obrnila: razvezo zahteva nezvesta \u017eena, ki za to krivi mo\u017eevo napako. Kdo se lo\u010duje? Kdo bo ostal skupaj? Kdo se bo lo\u010dil? \u010cigava je krivda? V tej komediji spoznamo druga\u010dno plat pisatelja Jen\u0151ja Rejt\u0151ja. Toda humor je enak!<\/p>\n<p>SLIKE IZ PREDSTAVE\/K\u00c9PEK AZ EL\u0150AD\u00c1SR\u00d3L<\/p>\n\n\t\t<style type=\"text\/css\">\n\t\t\t#gallery-1 {\n\t\t\t\tmargin: auto;\n\t\t\t}\n\t\t\t#gallery-1 .gallery-item {\n\t\t\t\tfloat: left;\n\t\t\t\tmargin-top: 10px;\n\t\t\t\ttext-align: center;\n\t\t\t\twidth: 16%;\n\t\t\t}\n\t\t\t#gallery-1 img {\n\t\t\t\tborder: 2px solid #cfcfcf;\n\t\t\t}\n\t\t\t#gallery-1 .gallery-caption {\n\t\t\t\tmargin-left: 0;\n\t\t\t}\n\t\t\t\/* see gallery_shortcode() in wp-includes\/media.php *\/\n\t\t<\/style>\n\t\t<div id='gallery-1' class='gallery galleryid-6723 gallery-columns-6 gallery-size-thumbnail'><dl class='gallery-item'>\n\t\t\t<dt class='gallery-icon landscape'>\n\t\t\t\t<a href='https:\/\/www1.kkl.si\/wp-content\/uploads\/2022\/02\/urilany_szobat_keres_00.jpg'><img loading=\"lazy\" decoding=\"async\" width=\"150\" height=\"150\" src=\"https:\/\/www1.kkl.si\/wp-content\/uploads\/2022\/02\/urilany_szobat_keres_00-150x150.jpg\" class=\"attachment-thumbnail size-thumbnail\" alt=\"\" \/><\/a>\n\t\t\t<\/dt><\/dl><dl class='gallery-item'>\n\t\t\t<dt class='gallery-icon landscape'>\n\t\t\t\t<a href='https:\/\/www1.kkl.si\/wp-content\/uploads\/2022\/02\/urilany_szobat_keres_01.jpg'><img loading=\"lazy\" decoding=\"async\" width=\"150\" height=\"150\" src=\"https:\/\/www1.kkl.si\/wp-content\/uploads\/2022\/02\/urilany_szobat_keres_01-150x150.jpg\" class=\"attachment-thumbnail size-thumbnail\" alt=\"\" \/><\/a>\n\t\t\t<\/dt><\/dl><dl class='gallery-item'>\n\t\t\t<dt class='gallery-icon landscape'>\n\t\t\t\t<a href='https:\/\/www1.kkl.si\/wp-content\/uploads\/2022\/02\/urilany_szobat_keres_02.jpg'><img loading=\"lazy\" decoding=\"async\" width=\"150\" height=\"150\" src=\"https:\/\/www1.kkl.si\/wp-content\/uploads\/2022\/02\/urilany_szobat_keres_02-150x150.jpg\" class=\"attachment-thumbnail size-thumbnail\" alt=\"\" \/><\/a>\n\t\t\t<\/dt><\/dl><dl class='gallery-item'>\n\t\t\t<dt class='gallery-icon landscape'>\n\t\t\t\t<a href='https:\/\/www1.kkl.si\/wp-content\/uploads\/2022\/02\/urilany_szobat_keres_03.jpg'><img loading=\"lazy\" decoding=\"async\" width=\"150\" height=\"150\" src=\"https:\/\/www1.kkl.si\/wp-content\/uploads\/2022\/02\/urilany_szobat_keres_03-150x150.jpg\" class=\"attachment-thumbnail size-thumbnail\" alt=\"\" \/><\/a>\n\t\t\t<\/dt><\/dl><dl class='gallery-item'>\n\t\t\t<dt class='gallery-icon landscape'>\n\t\t\t\t<a href='https:\/\/www1.kkl.si\/wp-content\/uploads\/2022\/02\/urilany_szobat_keres_04.jpg'><img loading=\"lazy\" decoding=\"async\" width=\"150\" height=\"150\" src=\"https:\/\/www1.kkl.si\/wp-content\/uploads\/2022\/02\/urilany_szobat_keres_04-150x150.jpg\" class=\"attachment-thumbnail size-thumbnail\" alt=\"\" \/><\/a>\n\t\t\t<\/dt><\/dl><dl class='gallery-item'>\n\t\t\t<dt class='gallery-icon landscape'>\n\t\t\t\t<a href='https:\/\/www1.kkl.si\/wp-content\/uploads\/2022\/02\/urilany_szobat_keres_05.jpg'><img loading=\"lazy\" decoding=\"async\" width=\"150\" height=\"150\" src=\"https:\/\/www1.kkl.si\/wp-content\/uploads\/2022\/02\/urilany_szobat_keres_05-150x150.jpg\" class=\"attachment-thumbnail size-thumbnail\" alt=\"\" \/><\/a>\n\t\t\t<\/dt><\/dl><br style=\"clear: both\" \/><dl class='gallery-item'>\n\t\t\t<dt class='gallery-icon landscape'>\n\t\t\t\t<a href='https:\/\/www1.kkl.si\/wp-content\/uploads\/2022\/02\/urilany_szobat_keres_06.jpg'><img loading=\"lazy\" decoding=\"async\" width=\"150\" height=\"150\" src=\"https:\/\/www1.kkl.si\/wp-content\/uploads\/2022\/02\/urilany_szobat_keres_06-150x150.jpg\" class=\"attachment-thumbnail size-thumbnail\" alt=\"\" \/><\/a>\n\t\t\t<\/dt><\/dl><dl class='gallery-item'>\n\t\t\t<dt class='gallery-icon landscape'>\n\t\t\t\t<a href='https:\/\/www1.kkl.si\/wp-content\/uploads\/2022\/02\/urilany_szobat_keres_07.jpg'><img loading=\"lazy\" decoding=\"async\" width=\"150\" height=\"150\" src=\"https:\/\/www1.kkl.si\/wp-content\/uploads\/2022\/02\/urilany_szobat_keres_07-150x150.jpg\" class=\"attachment-thumbnail size-thumbnail\" alt=\"\" \/><\/a>\n\t\t\t<\/dt><\/dl><dl class='gallery-item'>\n\t\t\t<dt class='gallery-icon landscape'>\n\t\t\t\t<a href='https:\/\/www1.kkl.si\/wp-content\/uploads\/2022\/02\/urilany_szobat_keres_08.jpg'><img loading=\"lazy\" decoding=\"async\" width=\"150\" height=\"150\" src=\"https:\/\/www1.kkl.si\/wp-content\/uploads\/2022\/02\/urilany_szobat_keres_08-150x150.jpg\" class=\"attachment-thumbnail size-thumbnail\" alt=\"\" \/><\/a>\n\t\t\t<\/dt><\/dl><dl class='gallery-item'>\n\t\t\t<dt class='gallery-icon landscape'>\n\t\t\t\t<a href='https:\/\/www1.kkl.si\/wp-content\/uploads\/2022\/02\/urilany_szobat_keres_09.jpg'><img loading=\"lazy\" decoding=\"async\" width=\"150\" height=\"150\" src=\"https:\/\/www1.kkl.si\/wp-content\/uploads\/2022\/02\/urilany_szobat_keres_09-150x150.jpg\" class=\"attachment-thumbnail size-thumbnail\" alt=\"\" \/><\/a>\n\t\t\t<\/dt><\/dl><dl class='gallery-item'>\n\t\t\t<dt class='gallery-icon landscape'>\n\t\t\t\t<a href='https:\/\/www1.kkl.si\/wp-content\/uploads\/2022\/02\/urilany_szobat_keres_10.jpg'><img loading=\"lazy\" decoding=\"async\" width=\"150\" height=\"150\" src=\"https:\/\/www1.kkl.si\/wp-content\/uploads\/2022\/02\/urilany_szobat_keres_10-150x150.jpg\" class=\"attachment-thumbnail size-thumbnail\" alt=\"\" \/><\/a>\n\t\t\t<\/dt><\/dl><dl class='gallery-item'>\n\t\t\t<dt class='gallery-icon landscape'>\n\t\t\t\t<a href='https:\/\/www1.kkl.si\/wp-content\/uploads\/2022\/02\/urilany_szobat_keres_11.jpg'><img loading=\"lazy\" decoding=\"async\" width=\"150\" height=\"150\" src=\"https:\/\/www1.kkl.si\/wp-content\/uploads\/2022\/02\/urilany_szobat_keres_11-150x150.jpg\" class=\"attachment-thumbnail size-thumbnail\" alt=\"\" \/><\/a>\n\t\t\t<\/dt><\/dl><br style=\"clear: both\" \/>\n\t\t<\/div>\n\n<hr \/>\n<p>VIDE\u00d3<\/p>\n<p><iframe loading=\"lazy\" src=\"\/\/www.youtube.com\/embed\/3ag6E6ODC3s\" width=\"1200\" height=\"673\" allowfullscreen=\"allowfullscreen\"><\/iframe><\/p>\n<hr \/>\n<p>POVEZAVE\/KAPCSOLATOK<\/p>\n<p><i class=\"fas fa-link\"><\/i> <a href=\"https:\/\/turayidaszinhaz.hu\/portfolio\/urilany-szobat-keres\/\">https:\/\/turayidaszinhaz.hu\/portfolio\/urilany-szobat-keres\/<\/a><br \/>\n<i class=\"fas fa-link\"><\/i> <a href=\"https:\/\/www.mnmi-zkmn.si\/event\/urilany-szobat-keres\/\">https:\/\/www.mnmi-zkmn.si\/event\/urilany-szobat-keres\/<\/a><\/p>\n<hr \/>\n<p><span style=\"font-size: 28px; color: #ff0000;\"><i class=\"fas fa-exclamation-triangle\"><\/i><\/span> VSTOP NA DOGODEK JE POGOJEN S <a href=\"https:\/\/www1.kkl.si\/sl\/vstop-v-gledalisko-in-koncertno-dvorano-samo-ob-izpolnjevanju-pogojev-pct\/\">PCT<\/a>!<\/p>\n","protected":false},"excerpt":{"rendered":"<p>Torek, 22. februar 2022 | komedija 19.00 Vstopnice: 15 \u20ac odrasli | 12 \u20ac dijaki in \u0161tudentje | Vstopnice lahko kupite v Gledali\u0161ki in koncertni dvorani Lendava. Prizori\u0161\u010de: Gledali\u0161ka in koncertna dvorana Lendava Organizator: MNMI-ZKMN Turay Ida Sz\u00ednh\u00e1z predstavlja \u00daRIL\u00c1NY SZOB\u00c1T KERES mad\u017earsko gledali\u0161ko igro v dveh dejanjih. Re\u017eiser\/Rendez\u0151: MIK\u00d3 ISTV\u00c1N Igrajo\/Szerepl\u0151k: DR. LUK\u00c1CS ERN\u0150: [&hellip;]<\/p>\n","protected":false},"author":2,"featured_media":6497,"parent":0,"menu_order":0,"comment_status":"closed","ping_status":"closed","template":"","meta":{"footnotes":""},"class_list":["post-6723","page","type-page","status-publish","has-post-thumbnail","hentry","post","post-with-thumbnail","post-with-thumbnail-icon"],"_links":{"self":[{"href":"https:\/\/www1.kkl.si\/sl\/wp-json\/wp\/v2\/pages\/6723","targetHints":{"allow":["GET"]}}],"collection":[{"href":"https:\/\/www1.kkl.si\/sl\/wp-json\/wp\/v2\/pages"}],"about":[{"href":"https:\/\/www1.kkl.si\/sl\/wp-json\/wp\/v2\/types\/page"}],"author":[{"embeddable":true,"href":"https:\/\/www1.kkl.si\/sl\/wp-json\/wp\/v2\/users\/2"}],"replies":[{"embeddable":true,"href":"https:\/\/www1.kkl.si\/sl\/wp-json\/wp\/v2\/comments?post=6723"}],"version-history":[{"count":2,"href":"https:\/\/www1.kkl.si\/sl\/wp-json\/wp\/v2\/pages\/6723\/revisions"}],"predecessor-version":[{"id":6725,"href":"https:\/\/www1.kkl.si\/sl\/wp-json\/wp\/v2\/pages\/6723\/revisions\/6725"}],"wp:featuredmedia":[{"embeddable":true,"href":"https:\/\/www1.kkl.si\/sl\/wp-json\/wp\/v2\/media\/6497"}],"wp:attachment":[{"href":"https:\/\/www1.kkl.si\/sl\/wp-json\/wp\/v2\/media?parent=6723"}],"curies":[{"name":"wp","href":"https:\/\/api.w.org\/{rel}","templated":true}]}}