{"id":6744,"date":"2022-02-28T11:05:49","date_gmt":"2022-02-28T10:05:49","guid":{"rendered":"https:\/\/www1.kkl.si\/?page_id=6744"},"modified":"2022-12-15T16:36:56","modified_gmt":"2022-12-15T15:36:56","slug":"spored-2022-03","status":"publish","type":"page","link":"https:\/\/www1.kkl.si\/sl\/spored-2022-03\/","title":{"rendered":"SPORED: marec 2022"},"content":{"rendered":"<p><strong>Leto 2022:<\/strong> <a href=\"https:\/\/www1.kkl.si\/sl\/spored-2022-01\/\">januar<\/a> | <a href=\"https:\/\/www1.kkl.si\/sl\/spored-2022-02\/\">februar<\/a> | <a href=\"https:\/\/www1.kkl.si\/sl\/spored-2022-03\/\">marec<\/a> | <a href=\"https:\/\/www1.kkl.si\/sl\/spored-2022-04\/\">april<\/a> | <a href=\"https:\/\/www1.kkl.si\/sl\/spored-2022-05\/\">maj<\/a> | <a href=\"https:\/\/www1.kkl.si\/sl\/spored-2022-06\/\">junij<\/a> | <a href=\"https:\/\/www1.kkl.si\/sl\/spored-2022-07\/\">julij<\/a> | <a href=\"https:\/\/www1.kkl.si\/sl\/spored-2022-08\/\">avgust<\/a> | <a href=\"https:\/\/www1.kkl.si\/sl\/spored-2022-09\/\">september<\/a> | <a href=\"https:\/\/www1.kkl.si\/sl\/spored-2022-10\/\">oktober<\/a> | <a href=\"https:\/\/www1.kkl.si\/sl\/spored-2022-11\/\">november<\/a> | <a href=\"https:\/\/www1.kkl.si\/sl\/spored-2022-12\/\">december<\/a> | <a href=\"https:\/\/www1.kkl.si\/sl\/arhiv-sporeda\/\">ARHIV<\/a><\/p>\n<table id=\"spored-legenda\" cellspacing=\"0\" cellpadding=\"5\">\n<tbody>\n<tr>\n<td><strong>LEGENDA<br \/>\nSIMBOLOV<\/strong><\/td>\n<td style=\"vertical-align: middle;\"><img loading=\"lazy\" decoding=\"async\" title=\"Slovenski abonma\" src=\"https:\/\/www1.kkl.si\/wp-content\/uploads\/2020\/07\/spored_simb_abonma_si-1.svg\" alt=\"abonma_si\" width=\"30\" height=\"30\" \/><\/td>\n<td>Slovenski<br \/>\nabonma<\/td>\n<td style=\"vertical-align: middle;\"><img loading=\"lazy\" decoding=\"async\" title=\"Mad\u017earski abonma\" src=\"https:\/\/www1.kkl.si\/wp-content\/uploads\/2020\/07\/spored_simb_abonma_hu-1.svg\" alt=\"abonma_hu\" width=\"30\" height=\"30\" \/><\/td>\n<td>Mad\u017earski<br \/>\nabonma<\/td>\n<td style=\"vertical-align: middle;\"><img loading=\"lazy\" decoding=\"async\" title=\"Zaklju\u010dena prireditev\" src=\"https:\/\/www1.kkl.si\/wp-content\/uploads\/2020\/07\/spored_simb_zakljucena-1.svg\" alt=\"zakljucena\" width=\"30\" height=\"30\" \/><\/td>\n<td>Zaklju\u010dena<br \/>\nprireditev<\/td>\n<td style=\"vertical-align: middle;\"><img loading=\"lazy\" decoding=\"async\" title=\"Brezpla\u010dna prireditev\" src=\"https:\/\/www1.kkl.si\/wp-content\/uploads\/2020\/07\/spored_simb_brezplacna-1.svg\" alt=\"brezplacna\" width=\"30\" height=\"30\" \/><\/td>\n<td>Brezpla\u010dna<br \/>\nprireditev<\/td>\n<td style=\"vertical-align: middle;\"><img loading=\"lazy\" decoding=\"async\" title=\"Pla\u010dljiva prireditev\" src=\"https:\/\/www1.kkl.si\/wp-content\/uploads\/2020\/07\/spored_simb_placljiva-1.svg\" alt=\"placljiva\" width=\"30\" height=\"30\" \/><\/td>\n<td>Pla\u010dljiva<br \/>\nprireditev<\/td>\n<td style=\"vertical-align: middle;\"><img loading=\"lazy\" decoding=\"async\" title=\"Novost, sprememba\" src=\"https:\/\/www1.kkl.si\/wp-content\/uploads\/2020\/07\/spored_simb_novost-1.svg\" alt=\"novost\" width=\"30\" height=\"30\" \/><\/td>\n<td>Novost,<br \/>\nsprememba<\/td>\n<\/tr>\n<\/tbody>\n<\/table>\n<table style=\"border-collapse: collapse; width: 100%;\">\n<tbody>\n<tr>\n<td style=\"width: 10%;\">\n<h6>4.<\/h6>\n<p><strong><img loading=\"lazy\" decoding=\"async\" class=\"wp-image-1587 alignnone\" title=\"Brezpla\u010dna prireditev\" src=\"https:\/\/www1.kkl.si\/wp-content\/uploads\/2020\/07\/spored_simb_brezplacna-1.svg\" alt=\"brezplacna\" width=\"40\" height=\"40\" srcset=\"https:\/\/www1.kkl.si\/wp-content\/uploads\/\/2020\/07\/spored_simb_brezplacna-1.svg 150w, https:\/\/www1.kkl.si\/wp-content\/uploads\/\/2020\/07\/spored_simb_brezplacna-1.svg 400w, https:\/\/www1.kkl.si\/wp-content\/uploads\/\/2020\/07\/spored_simb_brezplacna-1.svg 1500w, https:\/\/www1.kkl.si\/wp-content\/uploads\/\/2020\/07\/spored_simb_brezplacna-1.svg 100w\" sizes=\"auto, (max-width: 40px) 100vw, 40px\" \/><\/strong><\/p>\n<\/td>\n<td style=\"width: 90%;\">\n<p><strong> <a href=\"https:\/\/www1.kkl.si\/wp-content\/uploads\/2022\/02\/plakat_B2_dan_za_zene_2022_splet.jpg\" data-lbwps-width=\"1786\" data-lbwps-height=\"2500\" data-lbwps-srcsmall=\"https:\/\/www1.kkl.si\/wp-content\/uploads\/2022\/02\/plakat_B2_dan_za_zene_2022_splet-286x400.jpg\"><img loading=\"lazy\" decoding=\"async\" class=\"slika alignright wp-image-6762\" src=\"https:\/\/www1.kkl.si\/wp-content\/uploads\/2022\/02\/plakat_B2_dan_za_zene_2022_splet-286x400.jpg\" alt=\"\" width=\"150\" height=\"210\" srcset=\"https:\/\/www1.kkl.si\/wp-content\/uploads\/2022\/02\/plakat_B2_dan_za_zene_2022_splet-286x400.jpg 286w, https:\/\/www1.kkl.si\/wp-content\/uploads\/2022\/02\/plakat_B2_dan_za_zene_2022_splet-1072x1500.jpg 1072w, https:\/\/www1.kkl.si\/wp-content\/uploads\/2022\/02\/plakat_B2_dan_za_zene_2022_splet.jpg 1786w\" sizes=\"auto, (max-width: 150px) 100vw, 150px\" \/><\/a><i class=\"fas fa-calendar\"><\/i> petek, 4. marec 2022 | <span class=\"zanr\">kulturna prireditev<\/span><br \/>\n<i class=\"fas fa-clock\"><\/i> 19.00<\/strong><\/p>\n<p><a href=\"https:\/\/www1.kkl.si\/sl\/dan-za-zene\/\"><span style=\"font-size: 28px;\"><strong>Dan za \u017eene<\/strong><\/span><\/a> <span class=\"starost\">15+<\/span><\/p>\n<p><i class=\"fas fa-map-marker\"><\/i> Prizori\u0161\u010de: Avla gledali\u0161ke in koncertne dvorane Lendava<br \/>\n<i class=\"fas fa-chevron-circle-right\"><\/i> Organizator: <a href=\"http:\/\/www.zkd-lendava.com\/\">ZKD Lendava-KKSz Lendva<\/a><\/p>\n<\/td>\n<\/tr>\n<tr>\n<td style=\"width: 10%;\">\n<h6>11.<\/h6>\n<p><strong><img loading=\"lazy\" decoding=\"async\" class=\"wp-image-1587 alignnone\" title=\"Brezpla\u010dna prireditev\" src=\"https:\/\/www1.kkl.si\/wp-content\/uploads\/2020\/07\/spored_simb_brezplacna-1.svg\" alt=\"brezplacna\" width=\"40\" height=\"40\" srcset=\"https:\/\/www1.kkl.si\/wp-content\/uploads\/\/2020\/07\/spored_simb_brezplacna-1.svg 150w, https:\/\/www1.kkl.si\/wp-content\/uploads\/\/2020\/07\/spored_simb_brezplacna-1.svg 400w, https:\/\/www1.kkl.si\/wp-content\/uploads\/\/2020\/07\/spored_simb_brezplacna-1.svg 1500w, https:\/\/www1.kkl.si\/wp-content\/uploads\/\/2020\/07\/spored_simb_brezplacna-1.svg 100w\" sizes=\"auto, (max-width: 40px) 100vw, 40px\" \/><\/strong><\/p>\n<\/td>\n<td style=\"width: 90%;\">\n<p><strong> <a href=\"https:\/\/www1.kkl.si\/wp-content\/uploads\/2022\/02\/plakat_lendava_cuk_sedi_web.png\" data-lbwps-width=\"2000\" data-lbwps-height=\"3428\" data-lbwps-srcsmall=\"https:\/\/www1.kkl.si\/wp-content\/uploads\/2022\/02\/plakat_lendava_cuk_sedi_web-233x400.png\"><img loading=\"lazy\" decoding=\"async\" class=\"slika alignright wp-image-6785\" src=\"https:\/\/www1.kkl.si\/wp-content\/uploads\/2022\/02\/plakat_lendava_cuk_sedi_web-233x400.png\" alt=\"\" width=\"150\" height=\"257\" srcset=\"https:\/\/www1.kkl.si\/wp-content\/uploads\/2022\/02\/plakat_lendava_cuk_sedi_web-233x400.png 233w, https:\/\/www1.kkl.si\/wp-content\/uploads\/2022\/02\/plakat_lendava_cuk_sedi_web-875x1500.png 875w, https:\/\/www1.kkl.si\/wp-content\/uploads\/2022\/02\/plakat_lendava_cuk_sedi_web.png 2000w\" sizes=\"auto, (max-width: 150px) 100vw, 150px\" \/><\/a><i class=\"fas fa-calendar\"><\/i> petek, 11. marec 2022 | <span class=\"zanr\">kulturna prireditev<\/span><br \/>\n<i class=\"fas fa-clock\"><\/i> 18.30<\/strong><\/p>\n<p>XENIX, KULTURA &amp; BA\u0160TINA | Vladimir Mesari\u0107:<br \/>\n<a href=\"https:\/\/www1.kkl.si\/sl\/vladimir-mesaric-cuk-sedi\/\"><span style=\"font-size: 28px;\"><strong>\u010cuk sedi<\/strong><\/span><\/a><\/p>\n<p><i class=\"fas fa-map-marker\"><\/i> Prizori\u0161\u010de: Gledali\u0161ka in koncertna dvorana Lendava<br \/>\n<i class=\"fas fa-chevron-circle-right\"><\/i> Organizator: <a href=\"http:\/\/hkd-pomurje.si\/\">HKD Pomurje<\/a><\/p>\n<\/td>\n<\/tr>\n<tr>\n<td style=\"width: 10%;\">\n<h6>12.<\/h6>\n<p><strong><img loading=\"lazy\" decoding=\"async\" class=\"wp-image-1587 alignnone\" title=\"Brezpla\u010dna prireditev\" src=\"https:\/\/www1.kkl.si\/wp-content\/uploads\/2020\/07\/spored_simb_brezplacna-1.svg\" alt=\"brezplacna\" width=\"40\" height=\"40\" srcset=\"https:\/\/www1.kkl.si\/wp-content\/uploads\/\/2020\/07\/spored_simb_brezplacna-1.svg 150w, https:\/\/www1.kkl.si\/wp-content\/uploads\/\/2020\/07\/spored_simb_brezplacna-1.svg 400w, https:\/\/www1.kkl.si\/wp-content\/uploads\/\/2020\/07\/spored_simb_brezplacna-1.svg 1500w, https:\/\/www1.kkl.si\/wp-content\/uploads\/\/2020\/07\/spored_simb_brezplacna-1.svg 100w\" sizes=\"auto, (max-width: 40px) 100vw, 40px\" \/><\/strong><\/p>\n<\/td>\n<td style=\"width: 90%;\">\n<p><strong> <a href=\"https:\/\/www1.kkl.si\/wp-content\/uploads\/2022\/03\/vabilo-pernata_prijateljica.jpg\" data-lbwps-width=\"640\" data-lbwps-height=\"960\" data-lbwps-srcsmall=\"https:\/\/www1.kkl.si\/wp-content\/uploads\/2022\/03\/vabilo-pernata_prijateljica-267x400.jpg\"><img loading=\"lazy\" decoding=\"async\" class=\"slika alignright wp-image-6808\" src=\"https:\/\/www1.kkl.si\/wp-content\/uploads\/2022\/03\/vabilo-pernata_prijateljica-267x400.jpg\" alt=\"\" width=\"150\" height=\"225\" srcset=\"https:\/\/www1.kkl.si\/wp-content\/uploads\/2022\/03\/vabilo-pernata_prijateljica-267x400.jpg 267w, https:\/\/www1.kkl.si\/wp-content\/uploads\/2022\/03\/vabilo-pernata_prijateljica.jpg 640w\" sizes=\"auto, (max-width: 150px) 100vw, 150px\" \/><\/a><i class=\"fas fa-calendar\"><\/i> sobota, 12. marec 2022 | <span class=\"zanr\">dokumentarni film<\/span> <span class=\"premiera\">PREMIERA<\/span><br \/>\n<i class=\"fas fa-clock\"><\/i> 18.00<\/strong><\/p>\n<p><a href=\"https:\/\/www1.kkl.si\/sl\/dokumentarni-film-srecno-moja-pernata-prijateljica\/\"><strong><span style=\"font-size: 28px;\">Premiera dokumentarnega filma <br \/>\n\u00bbSre\u010dno, moja pernata prijateljica\u00ab<\/span><\/strong><\/a><\/p>\n<p><i class=\"fas fa-map-marker\"><\/i> Prizori\u0161\u010de: Gledali\u0161ka in koncertna dvorana Lendava<br \/>\n<i class=\"fas fa-chevron-circle-right\"><\/i> Organizator: <a href=\"http:\/\/ksl-klub.si\/\">K\u0160L-LEK<\/a><\/p>\n<\/td>\n<\/tr>\n<tr>\n<td style=\"width: 10%;\">\n<h6>14.<\/h6>\n<p><strong><img loading=\"lazy\" decoding=\"async\" class=\"wp-image-1587 alignleft\" title=\"Brezpla\u010dna prireditev\" src=\"https:\/\/www1.kkl.si\/wp-content\/uploads\/2020\/07\/spored_simb_brezplacna-1.svg\" alt=\"brezplacna\" width=\"40\" height=\"40\" srcset=\"https:\/\/www1.kkl.si\/wp-content\/uploads\/\/2020\/07\/spored_simb_brezplacna-1.svg 150w, https:\/\/www1.kkl.si\/wp-content\/uploads\/\/2020\/07\/spored_simb_brezplacna-1.svg 400w, https:\/\/www1.kkl.si\/wp-content\/uploads\/\/2020\/07\/spored_simb_brezplacna-1.svg 1500w, https:\/\/www1.kkl.si\/wp-content\/uploads\/\/2020\/07\/spored_simb_brezplacna-1.svg 100w\" sizes=\"auto, (max-width: 40px) 100vw, 40px\" \/><\/strong><\/p>\n<\/td>\n<td style=\"width: 90%;\">\n<p><strong> <a href=\"https:\/\/www1.kkl.si\/wp-content\/uploads\/2022\/03\/Maria_fohadnagy_web.jpg\" data-lbwps-width=\"1400\" data-lbwps-height=\"2000\" data-lbwps-srcsmall=\"https:\/\/www1.kkl.si\/wp-content\/uploads\/2022\/03\/Maria_fohadnagy_web-280x400.jpg\"><img loading=\"lazy\" decoding=\"async\" class=\"slika alignright wp-image-6814\" src=\"https:\/\/www1.kkl.si\/wp-content\/uploads\/2022\/03\/Maria_fohadnagy_web-280x400.jpg\" alt=\"\" width=\"150\" height=\"214\" srcset=\"https:\/\/www1.kkl.si\/wp-content\/uploads\/2022\/03\/Maria_fohadnagy_web-280x400.jpg 280w, https:\/\/www1.kkl.si\/wp-content\/uploads\/2022\/03\/Maria_fohadnagy_web-1050x1500.jpg 1050w, https:\/\/www1.kkl.si\/wp-content\/uploads\/2022\/03\/Maria_fohadnagy_web.jpg 1400w\" sizes=\"auto, (max-width: 150px) 100vw, 150px\" \/><\/a><i class=\"fas fa-calendar\"><\/i> ponedeljek, 14. marec 2022 | <span class=\"zanr\">opereta<\/span><br \/>\n<i class=\"fas fa-clock\"><\/i> 18.00<\/strong><\/p>\n<p>V OKVIRU OSREDNJEGA MAD\u017dARSKEGA NARODNEGA PRAZNIKA<br \/>\nB\u00e9k\u00e9scsabai J\u00f3kai Sz\u00ednh\u00e1z | Huszka Jen\u0151, Szil\u00e1gyi L\u00e1szl\u00f3:<\/p>\n<p><a href=\"https:\/\/www1.kkl.si\/sl\/maria-fohadnagy\/\"><strong><span style=\"font-size: 28px;\">M\u00e1ria f\u0151hadnagy<\/span><\/strong><\/a><\/p>\n<p>pred opereto ob <strong>17.<\/strong> uri polaganje vencev pri spominskih obele\u017ejih Sz\u00e9chenyija in Kossutha v Lendavi<\/p>\n<p><i class=\"fas fa-ticket-alt\"><\/i> Brezpla\u010dne vstopnice se dobijo v <a href=\"https:\/\/www.mnmi-zkmn.si\/rolunk\/\">Centru Banffy<\/a> (Glavna ulica 32) v Lendavi.<br \/>\n<i class=\"fas fa-map-marker\"><\/i> Prizori\u0161\u010de: Gledali\u0161ka in koncertna dvorana Lendava<br \/>\n<i class=\"fas fa-chevron-circle-right\"><\/i> Organizator: <a href=\"https:\/\/www.mnmi-zkmn.si\/\">MNMI-ZKMN<\/a><\/p>\n<\/td>\n<\/tr>\n<tr>\n<td style=\"width: 10%;\">\n<h6>19.<\/h6>\n<p><strong><img loading=\"lazy\" decoding=\"async\" class=\"wp-image-1591 alignnone\" title=\"Pla\u010dljiva prireditev\" src=\"https:\/\/www1.kkl.si\/wp-content\/uploads\/2020\/07\/spored_simb_placljiva-1.svg\" alt=\"placljiva\" width=\"40\" height=\"40\" srcset=\"https:\/\/www1.kkl.si\/wp-content\/uploads\/\/2020\/07\/spored_simb_placljiva-1.svg 150w, https:\/\/www1.kkl.si\/wp-content\/uploads\/\/2020\/07\/spored_simb_placljiva-1.svg 400w, https:\/\/www1.kkl.si\/wp-content\/uploads\/\/2020\/07\/spored_simb_placljiva-1.svg 1500w, https:\/\/www1.kkl.si\/wp-content\/uploads\/\/2020\/07\/spored_simb_placljiva-1.svg 100w\" sizes=\"auto, (max-width: 40px) 100vw, 40px\" \/><\/strong><\/p>\n<\/td>\n<td style=\"width: 90%;\">\n<p><strong> <a href=\"https:\/\/www1.kkl.si\/wp-content\/uploads\/2022\/03\/plakat_B2_miskino_volkec_2022_splet.jpg\" data-lbwps-width=\"1429\" data-lbwps-height=\"2000\" data-lbwps-srcsmall=\"https:\/\/www1.kkl.si\/wp-content\/uploads\/2022\/03\/plakat_B2_miskino_volkec_2022_splet-286x400.jpg\"><img loading=\"lazy\" decoding=\"async\" class=\"slika alignright wp-image-6898\" src=\"https:\/\/www1.kkl.si\/wp-content\/uploads\/2022\/03\/plakat_B2_miskino_volkec_2022_splet-286x400.jpg\" alt=\"\" width=\"150\" height=\"210\" srcset=\"https:\/\/www1.kkl.si\/wp-content\/uploads\/2022\/03\/plakat_B2_miskino_volkec_2022_splet-286x400.jpg 286w, https:\/\/www1.kkl.si\/wp-content\/uploads\/2022\/03\/plakat_B2_miskino_volkec_2022_splet-1072x1500.jpg 1072w, https:\/\/www1.kkl.si\/wp-content\/uploads\/2022\/03\/plakat_B2_miskino_volkec_2022_splet.jpg 1429w\" sizes=\"auto, (max-width: 150px) 100vw, 150px\" \/><\/a><i class=\"fas fa-calendar\"><\/i> sobota, 19. marec 2022 | <span class=\"zanr\">otro\u0161ka predstava<\/span> <span class=\"odpade\">ODPADE!<\/span><br \/>\n<i class=\"fas fa-clock\"><\/i> 10.00<\/strong><\/p>\n<p>Mi\u0161kino gledali\u0161\u010de<br \/>\n<a href=\"https:\/\/www1.kkl.si\/sl\/kapica-rdeca-volkeca-sreca\/\"><span style=\"font-size: 28px;\"><strong>Kapica rde\u010da volkeca sre\u010da<\/strong><\/span><\/a> <span class=\"starost\">3+<\/span><\/p>\n<p><i class=\"fas fa-ticket-alt\"><\/i> Vstopnica: <strong>2 \u20ac<\/strong><br \/>\n<i class=\"fas fa-map-marker\"><\/i> Prizori\u0161\u010de: Gledali\u0161ka in koncertna dvorana Lendava<br \/>\n<i class=\"fas fa-chevron-circle-right\"><\/i> Organizator: <a href=\"https:\/\/www.kkl.si\/\">Knji\u017enica \u2013 Kulturni center Lendava \u2013 Lendvai K\u00f6nyvt\u00e1r \u00e9s Kultur\u00e1lis K\u00f6zpont<\/a><\/p>\n<p><img loading=\"lazy\" decoding=\"async\" class=\"alignleft size-thumbnail wp-image-1490\" src=\"https:\/\/www1.kkl.si\/wp-content\/uploads\/2020\/03\/obvestilo_200px-150x150.png\" alt=\"\" width=\"150\" height=\"150\" \/><\/p>\n<p>Spo\u0161tovani obiskovalci,<\/p>\n<p>obve\u0161\u010damo vas, da zaradi bolezni nastopajo\u010dih jutri\u0161nja otro\u0161ka predstava &#8220;Kapica rde\u010da volkeca sre\u010da&#8221; \u017eal odpade. Nadomestni termin za otro\u0161ko predstavo je <strong>9. april 2022<\/strong>.<br \/>\n<strong>\u017de kupljene vstopnice veljajo tudi za nadomestni termin.<\/strong><\/p>\n<p><em>Hvala za va\u0161e razumevanje.<\/em><\/p>\n<\/td>\n<\/tr>\n<tr>\n<td style=\"width: 10%;\">\n<h6>20.<\/h6>\n<p><strong><img loading=\"lazy\" decoding=\"async\" class=\"wp-image-1587 alignleft\" title=\"Brezpla\u010dna prireditev\" src=\"https:\/\/www1.kkl.si\/wp-content\/uploads\/2020\/07\/spored_simb_brezplacna-1.svg\" alt=\"brezplacna\" width=\"40\" height=\"40\" srcset=\"https:\/\/www1.kkl.si\/wp-content\/uploads\/\/2020\/07\/spored_simb_brezplacna-1.svg 150w, https:\/\/www1.kkl.si\/wp-content\/uploads\/\/2020\/07\/spored_simb_brezplacna-1.svg 400w, https:\/\/www1.kkl.si\/wp-content\/uploads\/\/2020\/07\/spored_simb_brezplacna-1.svg 1500w, https:\/\/www1.kkl.si\/wp-content\/uploads\/\/2020\/07\/spored_simb_brezplacna-1.svg 100w\" sizes=\"auto, (max-width: 40px) 100vw, 40px\" \/><\/strong><\/p>\n<\/td>\n<td style=\"width: 90%;\">\n<p><strong> <a href=\"https:\/\/www1.kkl.si\/wp-content\/uploads\/2022\/03\/gubinecz_akos.jpg\" data-lbwps-width=\"1200\" data-lbwps-height=\"630\" data-lbwps-srcsmall=\"https:\/\/www1.kkl.si\/wp-content\/uploads\/2022\/03\/gubinecz_akos-400x210.jpg\"><img loading=\"lazy\" decoding=\"async\" class=\"alignright wp-image-6825\" src=\"https:\/\/www1.kkl.si\/wp-content\/uploads\/2022\/03\/gubinecz_akos-400x210.jpg\" alt=\"\" width=\"150\" height=\"79\" srcset=\"https:\/\/www1.kkl.si\/wp-content\/uploads\/2022\/03\/gubinecz_akos-400x210.jpg 400w, https:\/\/www1.kkl.si\/wp-content\/uploads\/2022\/03\/gubinecz_akos.jpg 1200w, https:\/\/www1.kkl.si\/wp-content\/uploads\/2022\/03\/gubinecz_akos-720x380.jpg 720w\" sizes=\"auto, (max-width: 150px) 100vw, 150px\" \/><\/a><i class=\"fas fa-calendar\"><\/i> nedelja, 20. marec 2022 | <span class=\"zanr\">koncert<\/span><br \/>\n<i class=\"fas fa-clock\"><\/i> 19.00<\/strong><\/p>\n<p><a href=\"https:\/\/www1.kkl.si\/sl\/gubinecz-akos-hatartalan-ferfienek\/\"><strong><span style=\"font-size: 28px;\">Gubinecz \u00c1kos \u2013 Hat\u00e1rtalan f\u00e9rfi\u00e9nek<\/span><\/strong><\/a> (lemezbemutat\u00f3\/predstavitev glasbene plo\u0161\u010de)<\/p>\n<p><i class=\"fas fa-map-marker\"><\/i> Prizori\u0161\u010de: Gledali\u0161ka in koncertna dvorana Lendava<br \/>\n<i class=\"fas fa-chevron-circle-right\"><\/i> Organizator: <a href=\"https:\/\/www.mnmi-zkmn.si\/\">MNMI-ZKMN<\/a><\/p>\n<\/td>\n<\/tr>\n<tr>\n<td style=\"width: 10%;\">\n<h6>25.<\/h6>\n<p><strong><img loading=\"lazy\" decoding=\"async\" class=\"wp-image-1587 alignleft\" title=\"Brezpla\u010dna prireditev\" src=\"https:\/\/www1.kkl.si\/wp-content\/uploads\/2020\/07\/spored_simb_brezplacna-1.svg\" alt=\"brezplacna\" width=\"40\" height=\"40\" srcset=\"https:\/\/www1.kkl.si\/wp-content\/uploads\/\/2020\/07\/spored_simb_brezplacna-1.svg 150w, https:\/\/www1.kkl.si\/wp-content\/uploads\/\/2020\/07\/spored_simb_brezplacna-1.svg 400w, https:\/\/www1.kkl.si\/wp-content\/uploads\/\/2020\/07\/spored_simb_brezplacna-1.svg 1500w, https:\/\/www1.kkl.si\/wp-content\/uploads\/\/2020\/07\/spored_simb_brezplacna-1.svg 100w\" sizes=\"auto, (max-width: 40px) 100vw, 40px\" \/><\/strong><\/p>\n<\/td>\n<td style=\"width: 90%;\">\n<p><strong> <a href=\"https:\/\/www1.kkl.si\/wp-content\/uploads\/2022\/03\/sufrazetka.jpg\" data-lbwps-width=\"1080\" data-lbwps-height=\"1080\" data-lbwps-srcsmall=\"https:\/\/www1.kkl.si\/wp-content\/uploads\/2022\/03\/sufrazetka-400x400.jpg\"><img loading=\"lazy\" decoding=\"async\" class=\"alignright wp-image-7037 size-thumbnail\" src=\"https:\/\/www1.kkl.si\/wp-content\/uploads\/2022\/03\/sufrazetka-150x150.jpg\" alt=\"\" width=\"150\" height=\"150\" srcset=\"https:\/\/www1.kkl.si\/wp-content\/uploads\/2022\/03\/sufrazetka-150x150.jpg 150w, https:\/\/www1.kkl.si\/wp-content\/uploads\/2022\/03\/sufrazetka-400x400.jpg 400w, https:\/\/www1.kkl.si\/wp-content\/uploads\/2022\/03\/sufrazetka.jpg 1080w\" sizes=\"auto, (max-width: 150px) 100vw, 150px\" \/><\/a><i class=\"fas fa-calendar\"><\/i> petek, 25. marec 2022 | <span class=\"zanr\">film: drama<\/span><br \/>\n<i class=\"fas fa-clock\"><\/i> 18.00<\/strong><\/p>\n<p>Projekt Film klub:<br \/>\n<a href=\"https:\/\/www1.kkl.si\/sl\/sufrazetke\/\"><span style=\"font-size: 28px;\"><strong>Sufra\u017eetke*<\/strong><\/span><\/a><\/p>\n<p><i class=\"fas fa-map-marker\"><\/i> Prizori\u0161\u010de: Gledali\u0161ka in koncertna dvorana Lendava<br \/>\n<i class=\"fas fa-chevron-circle-right\"><\/i> Organizator: <a href=\"https:\/\/mmisz.eu\/\">Pomursko mad\u017earsko mladinsko dru\u0161tvo\/Muravide\u0301ki Magyar Ifju\u0301sa\u0301gi Szervezet<\/a><\/p>\n<\/td>\n<\/tr>\n<tr>\n<td style=\"width: 10%;\">\n<h6>26.<\/h6>\n<p><strong><img loading=\"lazy\" decoding=\"async\" class=\"wp-image-1591 alignnone\" title=\"Pla\u010dljiva prireditev\" src=\"https:\/\/www1.kkl.si\/wp-content\/uploads\/2020\/07\/spored_simb_placljiva-1.svg\" alt=\"placljiva\" width=\"40\" height=\"40\" srcset=\"https:\/\/www1.kkl.si\/wp-content\/uploads\/\/2020\/07\/spored_simb_placljiva-1.svg 150w, https:\/\/www1.kkl.si\/wp-content\/uploads\/\/2020\/07\/spored_simb_placljiva-1.svg 400w, https:\/\/www1.kkl.si\/wp-content\/uploads\/\/2020\/07\/spored_simb_placljiva-1.svg 1500w, https:\/\/www1.kkl.si\/wp-content\/uploads\/\/2020\/07\/spored_simb_placljiva-1.svg 100w\" sizes=\"auto, (max-width: 40px) 100vw, 40px\" \/><\/strong><\/p>\n<\/td>\n<td style=\"width: 90%;\">\n<p><strong> <a href=\"https:\/\/www1.kkl.si\/wp-content\/uploads\/2022\/03\/plakat_B2_SpasTeater_zenska_2022_web.jpg\" data-lbwps-width=\"1200\" data-lbwps-height=\"1680\" data-lbwps-srcsmall=\"https:\/\/www1.kkl.si\/wp-content\/uploads\/2022\/03\/plakat_B2_SpasTeater_zenska_2022_web-286x400.jpg\"><img loading=\"lazy\" decoding=\"async\" class=\"slika alignright wp-image-6912\" src=\"https:\/\/www1.kkl.si\/wp-content\/uploads\/2022\/03\/plakat_B2_SpasTeater_zenska_2022_web-286x400.jpg\" alt=\"\" width=\"150\" height=\"210\" srcset=\"https:\/\/www1.kkl.si\/wp-content\/uploads\/2022\/03\/plakat_B2_SpasTeater_zenska_2022_web-286x400.jpg 286w, https:\/\/www1.kkl.si\/wp-content\/uploads\/2022\/03\/plakat_B2_SpasTeater_zenska_2022_web-1071x1500.jpg 1071w, https:\/\/www1.kkl.si\/wp-content\/uploads\/2022\/03\/plakat_B2_SpasTeater_zenska_2022_web.jpg 1200w\" sizes=\"auto, (max-width: 150px) 100vw, 150px\" \/><\/a><i class=\"fas fa-calendar\"><\/i> sobota, 26. marec 2022 | <span class=\"zanr\">komedija<\/span><br \/>\n<i class=\"fas fa-clock\"><\/i> 19.00<\/strong><\/p>\n<p>\u0160pas Teater | Nora in Delia Ephron:<br \/>\n<a href=\"https:\/\/www1.kkl.si\/sl\/spas-teater-zenska-ljubezni-izgube-obleke\/\"><span style=\"font-size: 28px;\"><strong>\u017dENSKA \u2013 ljubezni, izgube, obleke<\/strong><\/span><\/a><\/p>\n<p><i class=\"fas fa-ticket-alt\"><\/i> Vstopnica v predprodaji: <strong>10 \u20ac<\/strong><br \/>\n<i class=\"fas fa-ticket-alt\"><\/i> Na dan predstave: <strong>12 \u20ac<\/strong><br \/>\n<i class=\"fas fa-map-marker\"><\/i> Prizori\u0161\u010de: Gledali\u0161ka in koncertna dvorana Lendava<br \/>\n<i class=\"fas fa-chevron-circle-right\"><\/i> Organizator: <a href=\"https:\/\/www.kkl.si\/\">Knji\u017enica \u2013 Kulturni center Lendava \u2013 Lendvai K\u00f6nyvt\u00e1r \u00e9s Kultur\u00e1lis K\u00f6zpont<\/a><\/p>\n<\/td>\n<\/tr>\n<tr>\n<td style=\"width: 10%;\">\n<h6>30.<\/h6>\n<p><strong><img loading=\"lazy\" decoding=\"async\" class=\"wp-image-1587 alignleft\" title=\"Brezpla\u010dna prireditev\" src=\"https:\/\/www1.kkl.si\/wp-content\/uploads\/2020\/07\/spored_simb_brezplacna-1.svg\" alt=\"brezplacna\" width=\"40\" height=\"40\" srcset=\"https:\/\/www1.kkl.si\/wp-content\/uploads\/\/2020\/07\/spored_simb_brezplacna-1.svg 150w, https:\/\/www1.kkl.si\/wp-content\/uploads\/\/2020\/07\/spored_simb_brezplacna-1.svg 400w, https:\/\/www1.kkl.si\/wp-content\/uploads\/\/2020\/07\/spored_simb_brezplacna-1.svg 1500w, https:\/\/www1.kkl.si\/wp-content\/uploads\/\/2020\/07\/spored_simb_brezplacna-1.svg 100w\" sizes=\"auto, (max-width: 40px) 100vw, 40px\" \/><\/strong><\/p>\n<\/td>\n<td style=\"width: 90%;\">\n<p><strong> <a href=\"https:\/\/www1.kkl.si\/wp-content\/uploads\/2022\/03\/plakat_Lenti-Lendva_koncert_2022_DVOJ.jpg\" data-lbwps-width=\"2143\" data-lbwps-height=\"3000\" data-lbwps-srcsmall=\"https:\/\/www1.kkl.si\/wp-content\/uploads\/2022\/03\/plakat_Lenti-Lendva_koncert_2022_DVOJ.jpg\"><img loading=\"lazy\" decoding=\"async\" class=\"slika alignright wp-image-7016\" src=\"https:\/\/www1.kkl.si\/wp-content\/uploads\/2022\/03\/plakat_Lenti-Lendva_koncert_2022_DVOJ-scaled-286x400.jpg\" alt=\"\" width=\"150\" height=\"210\" srcset=\"https:\/\/www1.kkl.si\/wp-content\/uploads\/2022\/03\/plakat_Lenti-Lendva_koncert_2022_DVOJ-scaled-286x400.jpg 286w, https:\/\/www1.kkl.si\/wp-content\/uploads\/2022\/03\/plakat_Lenti-Lendva_koncert_2022_DVOJ-scaled-1072x1500.jpg 1072w, https:\/\/www1.kkl.si\/wp-content\/uploads\/2022\/03\/plakat_Lenti-Lendva_koncert_2022_DVOJ-scaled.jpg 1829w\" sizes=\"auto, (max-width: 150px) 100vw, 150px\" \/><\/a><i class=\"fas fa-calendar\"><\/i> sreda, 30. marec 2022 | <span class=\"zanr\">koncert<\/span><br \/>\n<i class=\"fas fa-clock\"><\/i> 18.00<\/strong><\/p>\n<p><a href=\"https:\/\/www1.kkl.si\/sl\/skupni-koncert-ucencev-glasbenih-sol-lendava-in-lenti\/\"><span style=\"font-size: 28px;\"><strong>Skupni koncert u\u010dencev <br \/>\nglasbenih \u0161ol Lendava in Lenti<\/strong><\/span><\/a><\/p>\n<p><i class=\"fas fa-map-marker\"><\/i> Prizori\u0161\u010de: Gledali\u0161ka in koncertna dvorana Lendava<br \/>\n<i class=\"fas fa-chevron-circle-right\"><\/i> Organizator: <a href=\"http:\/\/www.gs-lendava.si\/\">Glasbena \u0161ola Lendava\/Zeneiskola Lendva<\/a><\/p>\n<\/td>\n<\/tr>\n<\/tbody>\n<\/table>\n<p style=\"text-align: center;\"><span style=\"font-size: 12px;\">Organizatorji si pridr\u017eujejo pravico do spremembe programa.<\/span><\/p>\n","protected":false},"excerpt":{"rendered":"<p>Leto 2022: januar | februar | marec | april | maj | junij | julij | avgust | september | oktober | november | december | ARHIV LEGENDA SIMBOLOV Slovenski abonma Mad\u017earski abonma Zaklju\u010dena prireditev Brezpla\u010dna prireditev Pla\u010dljiva prireditev Novost, sprememba 4. petek, 4. marec 2022 | kulturna prireditev 19.00 Dan za \u017eene 15+ Prizori\u0161\u010de: [&hellip;]<\/p>\n","protected":false},"author":2,"featured_media":0,"parent":0,"menu_order":0,"comment_status":"closed","ping_status":"closed","template":"","meta":{"footnotes":""},"class_list":["post-6744","page","type-page","status-publish","hentry","post"],"_links":{"self":[{"href":"https:\/\/www1.kkl.si\/sl\/wp-json\/wp\/v2\/pages\/6744","targetHints":{"allow":["GET"]}}],"collection":[{"href":"https:\/\/www1.kkl.si\/sl\/wp-json\/wp\/v2\/pages"}],"about":[{"href":"https:\/\/www1.kkl.si\/sl\/wp-json\/wp\/v2\/types\/page"}],"author":[{"embeddable":true,"href":"https:\/\/www1.kkl.si\/sl\/wp-json\/wp\/v2\/users\/2"}],"replies":[{"embeddable":true,"href":"https:\/\/www1.kkl.si\/sl\/wp-json\/wp\/v2\/comments?post=6744"}],"version-history":[{"count":64,"href":"https:\/\/www1.kkl.si\/sl\/wp-json\/wp\/v2\/pages\/6744\/revisions"}],"predecessor-version":[{"id":10823,"href":"https:\/\/www1.kkl.si\/sl\/wp-json\/wp\/v2\/pages\/6744\/revisions\/10823"}],"wp:attachment":[{"href":"https:\/\/www1.kkl.si\/sl\/wp-json\/wp\/v2\/media?parent=6744"}],"curies":[{"name":"wp","href":"https:\/\/api.w.org\/{rel}","templated":true}]}}