{"id":6768,"date":"2022-02-28T14:03:20","date_gmt":"2022-02-28T13:03:20","guid":{"rendered":"https:\/\/www1.kkl.si\/?page_id=6768"},"modified":"2022-02-28T14:34:57","modified_gmt":"2022-02-28T13:34:57","slug":"dan-za-zene","status":"publish","type":"page","link":"https:\/\/www1.kkl.si\/sl\/dan-za-zene\/","title":{"rendered":"Dan za \u017eene"},"content":{"rendered":"<div><img loading=\"lazy\" decoding=\"async\" class=\"izrez alignnone wp-image-6776 size-full\" src=\"https:\/\/www1.kkl.si\/wp-content\/uploads\/2022\/02\/dan_za_zene_glava.jpg\" alt=\"\" width=\"1200\" height=\"200\" srcset=\"https:\/\/www1.kkl.si\/wp-content\/uploads\/2022\/02\/dan_za_zene_glava.jpg 1200w, https:\/\/www1.kkl.si\/wp-content\/uploads\/2022\/02\/dan_za_zene_glava-400x67.jpg 400w\" sizes=\"auto, (max-width: 1200px) 100vw, 1200px\" \/><\/div>\n<div class=\"opis\"><strong><img loading=\"lazy\" decoding=\"async\" class=\"wp-image-1587 alignright\" title=\"Brezpla\u010dna prireditev\" src=\"https:\/\/www1.kkl.si\/wp-content\/uploads\/\/2020\/07\/spored_simb_brezplacna-1.svg\" sizes=\"auto, (max-width: 40px) 100vw, 40px\" srcset=\"https:\/\/www1.kkl.si\/wp-content\/uploads\/\/2020\/07\/spored_simb_brezplacna-1.svg 150w, https:\/\/www1.kkl.si\/wp-content\/uploads\/\/2020\/07\/spored_simb_brezplacna-1.svg 400w, https:\/\/www1.kkl.si\/wp-content\/uploads\/\/2020\/07\/spored_simb_brezplacna-1.svg 1500w, https:\/\/www1.kkl.si\/wp-content\/uploads\/\/2020\/07\/spored_simb_brezplacna-1.svg 100w\" alt=\"brezplacna\" width=\"40\" height=\"40\" \/><i class=\"fas fa-calendar\"><\/i> petek, 4. marec 2022 | <span class=\"zanr\">kulturna prireditev<\/span><br \/>\n<i class=\"fas fa-clock\"><\/i> 19.00<\/strong> <br \/>\n<i class=\"fas fa-map-marker\"><\/i> Prizori\u0161\u010de: Avla gledali\u0161ke in koncertne dvorane Lendava<br \/>\n<i class=\"fas fa-chevron-circle-right\"><\/i> Organizator: <a href=\"http:\/\/www.zkd-lendava.com\/\">ZKD Lendava-KKSz Lendva<\/a><\/div>\n<p><em><a href=\"https:\/\/www1.kkl.si\/wp-content\/uploads\/2022\/02\/plakat_B2_dan_za_zene_2022_splet.jpg\" data-lbwps-width=\"1786\" data-lbwps-height=\"2500\" data-lbwps-srcsmall=\"https:\/\/www1.kkl.si\/wp-content\/uploads\/2022\/02\/plakat_B2_dan_za_zene_2022_splet-286x400.jpg\"><img loading=\"lazy\" decoding=\"async\" class=\"slika alignright wp-image-6763\" src=\"https:\/\/www1.kkl.si\/wp-content\/uploads\/2022\/02\/plakat_B2_dan_za_zene_2022_splet-1072x1500.jpg\" alt=\"\" width=\"500\" height=\"700\" srcset=\"https:\/\/www1.kkl.si\/wp-content\/uploads\/2022\/02\/plakat_B2_dan_za_zene_2022_splet-1072x1500.jpg 1072w, https:\/\/www1.kkl.si\/wp-content\/uploads\/2022\/02\/plakat_B2_dan_za_zene_2022_splet-286x400.jpg 286w, https:\/\/www1.kkl.si\/wp-content\/uploads\/2022\/02\/plakat_B2_dan_za_zene_2022_splet.jpg 1786w\" sizes=\"auto, (max-width: 500px) 100vw, 500px\" \/><\/a>Spomnim se<\/em><br \/>\n<em>kako si za 8. marec<\/em><br \/>\n<em>preko bode\u010de \u017eice metala<\/em><br \/>\n<em>krvave nageljne<\/em><br \/>\n<em>MENI<\/em><br \/>\n<em>Lopovu na nikogar\u0161nji zemlji<\/em><br \/>\n<em>vi\u0161jega smisla<\/em><\/p>\n<p><span style=\"font-size: 60px;\">Dan za \u017eene<\/span><\/p>\n<p><strong>JE DAN ZA POEZIJO<\/strong> <br \/>\nPredstavitev pesni\u0161ke zbirke \u00bbUmazane pesmi vsakdanjih gre\u0161nikov\u00ab Koren Franca<\/p>\n<p><strong>JE DAN ZA GLASBO<\/strong><br \/>\nGlasbena skupina L`AMOUR FOU \u2013 \u00bbPesmi za zaljubljene brezdomce\u00ab<\/p>\n<p><strong>JE DAN ZA UMETNOST<\/strong><br \/>\nROBERT SVETEC \u2013 otvoritev razstave ilustracij in karikatur \u00bbNa robu dneva\u00ab<\/p>\n<p><strong>JE DAN ZA KULTURNO DEDI\u0160\u010cINO<\/strong><br \/>\nDru\u0161tvo zbirateljev Pomurja \u00bbLindva\u00ab: razstava \u00bbRazsvetli mi pot\u00ab<\/p>\n<p><strong>JE DAN ZA AVDIO-VIDEO PRODUKCIJO<\/strong><br \/>\nRoad production, Andi Gal, predstavitev videa \u00bbNo\u010dem biti ve\u010d sam\u00ab<\/p>\n<p><strong>JE DAN ZA IGRANJE<\/strong><br \/>\nMiha \u0160tampah \u2013 performer, recitator, povezovalec, erot z ob\u010dutkom<\/p>\n<p>Vljudno vabljeni!<\/p>\n<p><em>Za vse mlaj\u0161e od 15 let je vstop dovoljen le v spremstvu odrasle osebe<\/em><\/p>\n<hr \/>\n<p>POVEZAVA<\/p>\n<p><i class=\"fas fa-link\"><\/i> <a href=\"https:\/\/www.zkd-lendava.com\/\">https:\/\/www.zkd-lendava.com\/<\/a><\/p>\n","protected":false},"excerpt":{"rendered":"<p>petek, 4. marec 2022 | kulturna prireditev 19.00 Prizori\u0161\u010de: Avla gledali\u0161ke in koncertne dvorane Lendava Organizator: ZKD Lendava-KKSz Lendva Spomnim se kako si za 8. marec preko bode\u010de \u017eice metala krvave nageljne MENI Lopovu na nikogar\u0161nji zemlji vi\u0161jega smisla Dan za \u017eene JE DAN ZA POEZIJO Predstavitev pesni\u0161ke zbirke \u00bbUmazane pesmi vsakdanjih gre\u0161nikov\u00ab Koren Franca [&hellip;]<\/p>\n","protected":false},"author":2,"featured_media":0,"parent":0,"menu_order":0,"comment_status":"closed","ping_status":"closed","template":"","meta":{"footnotes":""},"class_list":["post-6768","page","type-page","status-publish","hentry","post"],"_links":{"self":[{"href":"https:\/\/www1.kkl.si\/sl\/wp-json\/wp\/v2\/pages\/6768","targetHints":{"allow":["GET"]}}],"collection":[{"href":"https:\/\/www1.kkl.si\/sl\/wp-json\/wp\/v2\/pages"}],"about":[{"href":"https:\/\/www1.kkl.si\/sl\/wp-json\/wp\/v2\/types\/page"}],"author":[{"embeddable":true,"href":"https:\/\/www1.kkl.si\/sl\/wp-json\/wp\/v2\/users\/2"}],"replies":[{"embeddable":true,"href":"https:\/\/www1.kkl.si\/sl\/wp-json\/wp\/v2\/comments?post=6768"}],"version-history":[{"count":5,"href":"https:\/\/www1.kkl.si\/sl\/wp-json\/wp\/v2\/pages\/6768\/revisions"}],"predecessor-version":[{"id":6778,"href":"https:\/\/www1.kkl.si\/sl\/wp-json\/wp\/v2\/pages\/6768\/revisions\/6778"}],"wp:attachment":[{"href":"https:\/\/www1.kkl.si\/sl\/wp-json\/wp\/v2\/media?parent=6768"}],"curies":[{"name":"wp","href":"https:\/\/api.w.org\/{rel}","templated":true}]}}