{"id":6784,"date":"2022-02-28T17:21:40","date_gmt":"2022-02-28T16:21:40","guid":{"rendered":"https:\/\/www1.kkl.si\/?page_id=6784"},"modified":"2022-03-07T19:05:40","modified_gmt":"2022-03-07T18:05:40","slug":"vladimir-mesaric-cuk-sedi","status":"publish","type":"page","link":"https:\/\/www1.kkl.si\/sl\/vladimir-mesaric-cuk-sedi\/","title":{"rendered":"Vladimir Mesari\u0107: \u010cuk sedi"},"content":{"rendered":"<div class=\"opis\"><strong><img loading=\"lazy\" decoding=\"async\" class=\"wp-image-1587 alignright\" title=\"Brezpla\u010dna prireditev\" src=\"https:\/\/www1.kkl.si\/wp-content\/uploads\/\/2020\/07\/spored_simb_brezplacna-1.svg\" sizes=\"auto, (max-width: 40px) 100vw, 40px\" srcset=\"https:\/\/www1.kkl.si\/wp-content\/uploads\/\/2020\/07\/spored_simb_brezplacna-1.svg 150w, https:\/\/www1.kkl.si\/wp-content\/uploads\/\/2020\/07\/spored_simb_brezplacna-1.svg 400w, https:\/\/www1.kkl.si\/wp-content\/uploads\/\/2020\/07\/spored_simb_brezplacna-1.svg 1500w, https:\/\/www1.kkl.si\/wp-content\/uploads\/\/2020\/07\/spored_simb_brezplacna-1.svg 100w\" alt=\"brezplacna\" width=\"40\" height=\"40\" \/><i class=\"fas fa-calendar\"><\/i> petek, 11. marec 2022 | <span class=\"zanr\">kulturna prireditev v hrva\u0161kem jeziku<\/span><br \/>\n<i class=\"fas fa-clock\"><\/i> 18.30<\/strong> <br \/>\n<i class=\"fas fa-map-marker\"><\/i> Prizori\u0161\u010de: Gledali\u0161ka in koncertna dvorana Lendava<br \/>\n<i class=\"fas fa-chevron-circle-right\"><\/i> Organizator: <a href=\"http:\/\/hkd-pomurje.si\/\">HKD Pomurje<\/a><\/div>\n<p><a href=\"https:\/\/www1.kkl.si\/wp-content\/uploads\/2022\/02\/plakat_lendava_cuk_sedi_web.png\" data-lbwps-width=\"2000\" data-lbwps-height=\"3428\" data-lbwps-srcsmall=\"https:\/\/www1.kkl.si\/wp-content\/uploads\/2022\/02\/plakat_lendava_cuk_sedi_web-233x400.png\"><img loading=\"lazy\" decoding=\"async\" class=\"slika alignright wp-image-6785\" src=\"https:\/\/www1.kkl.si\/wp-content\/uploads\/2022\/02\/plakat_lendava_cuk_sedi_web-875x1500.png\" alt=\"\" width=\"400\" height=\"686\" srcset=\"https:\/\/www1.kkl.si\/wp-content\/uploads\/2022\/02\/plakat_lendava_cuk_sedi_web-875x1500.png 875w, https:\/\/www1.kkl.si\/wp-content\/uploads\/2022\/02\/plakat_lendava_cuk_sedi_web-233x400.png 233w, https:\/\/www1.kkl.si\/wp-content\/uploads\/2022\/02\/plakat_lendava_cuk_sedi_web.png 2000w\" sizes=\"auto, (max-width: 400px) 100vw, 400px\" \/><\/a><em>Hrva\u0161ki opis <\/em><strong><\/p>\n<p>\u0160ULANKA:<\/strong> <br \/>\nMe\u0111imurska glazbena ba\u0161tina + \u010cuk sedi<\/p>\n<p><strong>XENIX:<\/strong><br \/>\nKoprodukcija \u017denske Vokalne Skupine<br \/>\nSv. Marko iz Selnice, MAKAMUSA iz Murskog Sredi\u0161\u0107a i<br \/>\nGrupe Sarcas iz Me\u0111imurja<\/p>\n<p><strong>POPEVLEJU, ZA\u010cIJAJU, SPELOVLEJU I ZDELOVLEJU:<\/strong><br \/>\nFranjo Ban, Ivan Gori\u010danec, Jasmina Hoblaj, Lucian Hoblaj, Josipa Ko\u010dila, Julijana Ko\u010dila, Marija Magdalena Ko\u010dila, Magdalena Kova\u010di\u0107, Pavla Mesari\u0107, Mihaela Ko\u010dila Petkovi\u0107, Krunoslava Sklepi\u0107, Ivana Tkalec, Antun Turk<\/p>\n<p><strong>POPEVKE PRIPRAVILA I PREPRAVILA:<\/strong><br \/>\nIvana Tkalec<\/p>\n<p><strong>PRE LOJTRI:<\/strong> \u0110anino Kutnjak<\/p>\n<p><strong>OKIN\u010cIL:<\/strong> Studio Reci Da<\/p>\n<p><strong>SE DRUGO KAJ JE TRELO I TRE<\/strong>:<br \/>\nXENIX<\/p>\n<p><strong>SE SKUPAJ VREDILI:<\/strong><br \/>\nVladimir Mesari\u0107<br \/>\nz Ivanom Tkalec i Ivanom Gori\u010dancom<\/p>\n<hr \/>\n<p>O PREDSTAVI<\/p>\n<p>Nakon vi\u0161e od pedeset ljeta slu\u010dajno se susre\u0107u dva prijatelja iz rane mladosti. Puni emocija prisje\u0107aju se svoga djetinjstva \u0161ezdesetih godina pro\u0161log stolje\u0107a. Neizostavno se name\u0107e vje\u010dita dvojba, je li bilo bolje nekad, ili danas. Iskonskom me\u0111imurskom popevkom, poezijom i vrckavim kazali\u0161nim dijalozima umjetnici \u201cXENIX\u201d-a mla\u0111im nara\u0161tajima oslikavaju davne \u0161ezdesete, a one malo vreme\u0161nije vra\u0107aju u vrijeme kad su \u010dvrsto vjerovali da mogu promijeniti svijet\u2026<\/p>\n<p>&nbsp;<\/p>\n","protected":false},"excerpt":{"rendered":"<p>petek, 11. marec 2022 | kulturna prireditev v hrva\u0161kem jeziku 18.30 Prizori\u0161\u010de: Gledali\u0161ka in koncertna dvorana Lendava Organizator: HKD Pomurje Hrva\u0161ki opis \u0160ULANKA: Me\u0111imurska glazbena ba\u0161tina + \u010cuk sedi XENIX: Koprodukcija \u017denske Vokalne Skupine Sv. Marko iz Selnice, MAKAMUSA iz Murskog Sredi\u0161\u0107a i Grupe Sarcas iz Me\u0111imurja POPEVLEJU, ZA\u010cIJAJU, SPELOVLEJU I ZDELOVLEJU: Franjo Ban, Ivan [&hellip;]<\/p>\n","protected":false},"author":2,"featured_media":6785,"parent":0,"menu_order":0,"comment_status":"closed","ping_status":"closed","template":"","meta":{"footnotes":""},"class_list":["post-6784","page","type-page","status-publish","has-post-thumbnail","hentry","post","post-with-thumbnail","post-with-thumbnail-icon"],"_links":{"self":[{"href":"https:\/\/www1.kkl.si\/sl\/wp-json\/wp\/v2\/pages\/6784","targetHints":{"allow":["GET"]}}],"collection":[{"href":"https:\/\/www1.kkl.si\/sl\/wp-json\/wp\/v2\/pages"}],"about":[{"href":"https:\/\/www1.kkl.si\/sl\/wp-json\/wp\/v2\/types\/page"}],"author":[{"embeddable":true,"href":"https:\/\/www1.kkl.si\/sl\/wp-json\/wp\/v2\/users\/2"}],"replies":[{"embeddable":true,"href":"https:\/\/www1.kkl.si\/sl\/wp-json\/wp\/v2\/comments?post=6784"}],"version-history":[{"count":4,"href":"https:\/\/www1.kkl.si\/sl\/wp-json\/wp\/v2\/pages\/6784\/revisions"}],"predecessor-version":[{"id":6802,"href":"https:\/\/www1.kkl.si\/sl\/wp-json\/wp\/v2\/pages\/6784\/revisions\/6802"}],"wp:featuredmedia":[{"embeddable":true,"href":"https:\/\/www1.kkl.si\/sl\/wp-json\/wp\/v2\/media\/6785"}],"wp:attachment":[{"href":"https:\/\/www1.kkl.si\/sl\/wp-json\/wp\/v2\/media?parent=6784"}],"curies":[{"name":"wp","href":"https:\/\/api.w.org\/{rel}","templated":true}]}}