{"id":6819,"date":"2022-03-07T14:59:11","date_gmt":"2022-03-07T13:59:11","guid":{"rendered":"https:\/\/www1.kkl.si\/?page_id=6819"},"modified":"2022-03-07T14:59:22","modified_gmt":"2022-03-07T13:59:22","slug":"dokumentarni-film-srecno-moja-pernata-prijateljica","status":"publish","type":"page","link":"https:\/\/www1.kkl.si\/sl\/dokumentarni-film-srecno-moja-pernata-prijateljica\/","title":{"rendered":"Dokumentarni film \u00bbSre\u010dno, moja pernata prijateljica\u00ab"},"content":{"rendered":"<div class=\"opis\"><strong><img loading=\"lazy\" decoding=\"async\" class=\"wp-image-1587 alignright\" title=\"Brezpla\u010dna prireditev\" src=\"https:\/\/www1.kkl.si\/wp-content\/uploads\/\/2020\/07\/spored_simb_brezplacna-1.svg\" sizes=\"auto, (max-width: 40px) 100vw, 40px\" srcset=\"https:\/\/www1.kkl.si\/wp-content\/uploads\/\/2020\/07\/spored_simb_brezplacna-1.svg 150w, https:\/\/www1.kkl.si\/wp-content\/uploads\/\/2020\/07\/spored_simb_brezplacna-1.svg 400w, https:\/\/www1.kkl.si\/wp-content\/uploads\/\/2020\/07\/spored_simb_brezplacna-1.svg 1500w, https:\/\/www1.kkl.si\/wp-content\/uploads\/\/2020\/07\/spored_simb_brezplacna-1.svg 100w\" alt=\"brezplacna\" width=\"40\" height=\"40\" \/><i class=\"fas fa-calendar\"><\/i> <\/strong><strong>sobota, 12. marec 2022 | <span class=\"zanr\">dokumentarni film<\/span> <span class=\"premiera\">PREMIERA<\/span><br \/>\n<i class=\"fas fa-clock\"><\/i> 18.00<\/strong> <br \/>\n<i class=\"fas fa-map-marker\"><\/i> Prizori\u0161\u010de: Gledali\u0161ka in koncertna dvorana Lendava<br \/>\n<i class=\"fas fa-chevron-circle-right\"><\/i> Organizator: <a href=\"http:\/\/ksl-klub.si\/\">K\u0160L-LEK<\/a><\/div>\n<div>\u00a0<\/div>\n<div class=\"kvgmc6g5 cxmmr5t8 oygrvhab hcukyx3x c1et5uql\"><a href=\"https:\/\/www1.kkl.si\/wp-content\/uploads\/2022\/03\/vabilo-pernata_prijateljica.jpg\" data-lbwps-width=\"640\" data-lbwps-height=\"960\" data-lbwps-srcsmall=\"https:\/\/www1.kkl.si\/wp-content\/uploads\/2022\/03\/vabilo-pernata_prijateljica-267x400.jpg\"><img loading=\"lazy\" decoding=\"async\" class=\"alignright size-medium wp-image-6808\" src=\"https:\/\/www1.kkl.si\/wp-content\/uploads\/2022\/03\/vabilo-pernata_prijateljica-267x400.jpg\" alt=\"\" width=\"267\" height=\"400\" srcset=\"https:\/\/www1.kkl.si\/wp-content\/uploads\/2022\/03\/vabilo-pernata_prijateljica-267x400.jpg 267w, https:\/\/www1.kkl.si\/wp-content\/uploads\/2022\/03\/vabilo-pernata_prijateljica.jpg 640w\" sizes=\"auto, (max-width: 267px) 100vw, 267px\" \/><\/a>Snemanje dokumentarnega portreta se je odvilo po \u010dlanku, sprva objavljenem na lokalnem spletnem mediju <a class=\"oajrlxb2 g5ia77u1 qu0x051f esr5mh6w e9989ue4 r7d6kgcz rq0escxv nhd2j8a9 nc684nl6 p7hjln8o kvgmc6g5 cxmmr5t8 oygrvhab hcukyx3x jb3vyjys rz4wbd8a qt6c0cv9 a8nywdso i1ao9s8h esuyzwwr f1sip0of lzcic4wl gpro0wi8 py34i1dx\" tabindex=\"0\" role=\"link\" href=\"http:\/\/lendavainfo.com\/foto-pernata-prijateljica-ga-obiskuje-ze-vec-let-zapored\/\" target=\"_blank\" rel=\"nofollow noopener\">Lendavainfo.com<\/a>, v kateri ima glavno vlogo <strong>Sre\u010dko Raj<\/strong> iz Turni\u0161\u010da. Gre za zelo zanimivo in edinstveno zgodbo, v kateri je prikazan poseben odnos \u010dloveka do narave, natan\u010dneje, odnos Sre\u010dka do simbola Prekmurja, \u0161torklje Toke in obratno.<\/div>\n<div>\u00a0<\/div>\n<div class=\"cxmmr5t8 oygrvhab hcukyx3x c1et5uql o9v6fnle\">V prikazani zgodbi, dokumentarnem portretu, lahko gledalec za\u010duti do sedaj \u0161e neopisan stik med obema in lojalnost \u0161torklje \u010dloveku, ki ji pomaga pri pre\u017eivetju, posledi\u010dno pa pri pre\u017eivetju vsako leto, \u017ee peto leto zapored, pomaga tudi \u0161torkljini dru\u017eini.<\/div>\n<div>\u00a0<\/div>\n<div class=\"cxmmr5t8 oygrvhab hcukyx3x c1et5uql o9v6fnle\">V zelo \u010dustveni zgodi Sre\u010dko pripoveduje o svoji ljubezni do ptic, \u0161e posebej do \u0161torkelj vse od otro\u0161kih pa do mladostni\u0161kih let ter kasneje, ko se mu pred leti na dvori\u0161\u010du pridru\u017ei \u0161torklja, ki se k njemu po hrano in dru\u017eenje vra\u010da \u017ee pet leto, s \u010dimer se mu izpolni \u017eivljenjska \u017eelja. Tukaj zgodba dobi novi zagon.<\/div>\n<div>\u00a0<\/div>\n<div class=\"cxmmr5t8 oygrvhab hcukyx3x c1et5uql o9v6fnle\">Snemanje je potekalo po prekmurskih krajih, poudarjajo se prekmurske podrobnosti in seveda tisto najpomembneje, prekmurska govorica.<\/div>\n<div>\n<p><strong>Trajanje:<\/strong> 48 minut<br \/>\n<strong>Leto izdaje:<\/strong> 2022<br \/>\n<strong>Glasba:<\/strong> Vlado Kreslin in Ethnotrip<\/p>\n<p><strong>Pri nastanku filma so sodelovali:<\/strong><br \/>\nMarjana Lebar<br \/>\nSre\u010dko Raj<br \/>\nLeon Novak<\/p>\n<hr \/>\n<p><i class=\"fas fa-link\"><\/i> <a href=\"http:\/\/lendavainfo.com\/foto-pernata-prijateljica-ga-obiskuje-ze-vec-let-zapored\/\">Lendavainfo.com: Pernata prijateljica ga obiskuje \u017ee ve\u010d let zapored<\/a> (27. 5. 2020)<\/p>\n<\/div>\n","protected":false},"excerpt":{"rendered":"<p>sobota, 12. marec 2022 | dokumentarni film PREMIERA 18.00 Prizori\u0161\u010de: Gledali\u0161ka in koncertna dvorana Lendava Organizator: K\u0160L-LEK \u00a0 Snemanje dokumentarnega portreta se je odvilo po \u010dlanku, sprva objavljenem na lokalnem spletnem mediju Lendavainfo.com, v kateri ima glavno vlogo Sre\u010dko Raj iz Turni\u0161\u010da. Gre za zelo zanimivo in edinstveno zgodbo, v kateri je prikazan poseben odnos [&hellip;]<\/p>\n","protected":false},"author":2,"featured_media":0,"parent":0,"menu_order":0,"comment_status":"closed","ping_status":"closed","template":"","meta":{"footnotes":""},"class_list":["post-6819","page","type-page","status-publish","hentry","post"],"_links":{"self":[{"href":"https:\/\/www1.kkl.si\/sl\/wp-json\/wp\/v2\/pages\/6819","targetHints":{"allow":["GET"]}}],"collection":[{"href":"https:\/\/www1.kkl.si\/sl\/wp-json\/wp\/v2\/pages"}],"about":[{"href":"https:\/\/www1.kkl.si\/sl\/wp-json\/wp\/v2\/types\/page"}],"author":[{"embeddable":true,"href":"https:\/\/www1.kkl.si\/sl\/wp-json\/wp\/v2\/users\/2"}],"replies":[{"embeddable":true,"href":"https:\/\/www1.kkl.si\/sl\/wp-json\/wp\/v2\/comments?post=6819"}],"version-history":[{"count":2,"href":"https:\/\/www1.kkl.si\/sl\/wp-json\/wp\/v2\/pages\/6819\/revisions"}],"predecessor-version":[{"id":6821,"href":"https:\/\/www1.kkl.si\/sl\/wp-json\/wp\/v2\/pages\/6819\/revisions\/6821"}],"wp:attachment":[{"href":"https:\/\/www1.kkl.si\/sl\/wp-json\/wp\/v2\/media?parent=6819"}],"curies":[{"name":"wp","href":"https:\/\/api.w.org\/{rel}","templated":true}]}}