{"id":6846,"date":"2022-03-07T17:17:29","date_gmt":"2022-03-07T16:17:29","guid":{"rendered":"https:\/\/www1.kkl.si\/?page_id=6846"},"modified":"2022-03-07T18:09:29","modified_gmt":"2022-03-07T17:09:29","slug":"gubinecz-akos-hatartalan-ferfienek","status":"publish","type":"page","link":"https:\/\/www1.kkl.si\/sl\/gubinecz-akos-hatartalan-ferfienek\/","title":{"rendered":"Gubinecz \u00c1kos \u2013 Hat\u00e1rtalan f\u00e9rfi\u00e9nek"},"content":{"rendered":"<div class=\"opis\"><strong><img loading=\"lazy\" decoding=\"async\" class=\"wp-image-1587 alignright\" title=\"Brezpla\u010dna prireditev\" src=\"https:\/\/www1.kkl.si\/wp-content\/uploads\/\/2020\/07\/spored_simb_brezplacna-1.svg\" sizes=\"auto, (max-width: 40px) 100vw, 40px\" srcset=\"https:\/\/www1.kkl.si\/wp-content\/uploads\/\/2020\/07\/spored_simb_brezplacna-1.svg 150w, https:\/\/www1.kkl.si\/wp-content\/uploads\/\/2020\/07\/spored_simb_brezplacna-1.svg 400w, https:\/\/www1.kkl.si\/wp-content\/uploads\/\/2020\/07\/spored_simb_brezplacna-1.svg 1500w, https:\/\/www1.kkl.si\/wp-content\/uploads\/\/2020\/07\/spored_simb_brezplacna-1.svg 100w\" alt=\"brezplacna\" width=\"40\" height=\"40\" \/><i class=\"fas fa-calendar\"><\/i> <\/strong><strong>nedelja, 20. marec 2022 | <span class=\"zanr\">koncert<\/span><br \/>\n<i class=\"fas fa-clock\"><\/i> 19.00<\/strong> <br \/>\n<i class=\"fas fa-map-marker\"><\/i> Prizori\u0161\u010de: Gledali\u0161ka in koncertna dvorana Lendava<br \/>\n<i class=\"fas fa-chevron-circle-right\"><\/i> Organizator: <a href=\"https:\/\/www.mnmi-zkmn.si\/\">MNMI-ZKMN<\/a><\/div>\n<p><a href=\"https:\/\/www1.kkl.si\/wp-content\/uploads\/2022\/03\/gubinecz_akos.jpg\" data-lbwps-width=\"1200\" data-lbwps-height=\"630\" data-lbwps-srcsmall=\"https:\/\/www1.kkl.si\/wp-content\/uploads\/2022\/03\/gubinecz_akos-400x210.jpg\"><img loading=\"lazy\" decoding=\"async\" class=\"alignnone size-full wp-image-6825\" src=\"https:\/\/www1.kkl.si\/wp-content\/uploads\/2022\/03\/gubinecz_akos.jpg\" alt=\"\" width=\"1200\" height=\"630\" srcset=\"https:\/\/www1.kkl.si\/wp-content\/uploads\/2022\/03\/gubinecz_akos.jpg 1200w, https:\/\/www1.kkl.si\/wp-content\/uploads\/2022\/03\/gubinecz_akos-400x210.jpg 400w\" sizes=\"auto, (max-width: 1200px) 100vw, 1200px\" \/><\/a><\/p>\n<p>Album &#8220;Brezmejno mo\u0161ko petje&#8221; je most za Mad\u017eare, ki \u017eivijo na razli\u010dnih koncih sveta: publikacija, ki bo predstavljena v vseh okro\u017ejih Mad\u017earske, v mad\u017earskih izobra\u017eevalnih ustanovah in med Mad\u017eari, ki \u017eivijo \u010dez mejo in so razpr\u0161eni po svetu.<\/p>\n<hr \/>\n<p><em>Mad\u017earski opis:<\/em><\/p>\n<p><strong>Gubinecz \u00c1kos \u2013 Hat\u00e1rtalan f\u00e9rfi\u00e9nek lemezbemutat\u00f3<\/strong><\/p>\n<p>A <em>Hat\u00e1rtalan f\u00e9rfi\u00e9nek<\/em> c\u00edm\u0171 lemez hidat k\u00e9pez a vil\u00e1g k\u00fcl\u00f6nb\u00f6z\u0151 pontjain \u00e9l\u0151 magyars\u00e1g sz\u00e1m\u00e1ra: egy olyan kiadv\u00e1ny, mely bemutat\u00e1sra ker\u00fcl haz\u00e1nk valamennyi megy\u00e9j\u00e9ben, oktat\u00e1si int\u00e9zm\u00e9nyeiben, valamint a hat\u00e1ron t\u00fal \u00e9l\u0151, illetve vil\u00e1gon sz\u00e9tsz\u00f3r\u00f3dott magyarok k\u00f6r\u00e9ben.<\/p>\n<p>A kiadv\u00e1nyon szerepl\u0151 \u00f6ssze\u00e1ll\u00edt\u00e1sok mindegyike a mai Magyarorsz\u00e1gon k\u00edv\u00fcl es\u0151, de kor\u00e1bban k\u00f6zigazgat\u00e1silag vagy nyelvj\u00e1r\u00e1s szempontj\u00e1b\u00f3l Magyarorsz\u00e1ghoz tartoz\u00f3 ter\u00fcletekr\u0151l sz\u00e1rmaznak. Gubinecz \u00c1kos olyan m\u0171fajokat mutat be, melyek a f\u00e9rfi \u00e9letsors legkifejez\u0151bb dallamai.<\/p>\n<p>Az 1920-as trianoni b\u00e9kedikt\u00e1tum, valamint az 1940-es m\u00e1sodik b\u00e9csi d\u00f6nt\u00e9s k\u00f6vetkezt\u00e9ben kialakult hat\u00e1rok sok\u00e1ig nem tett\u00e9k lehet\u0151v\u00e9 a magyar anyanyelv\u0171ek szem\u00e9lyes tal\u00e1lkoz\u00e1s\u00e1t, \u00e1m a 21. sz\u00e1zadban m\u00e1r lehet\u0151s\u00e9g\u00fcnk van az \u00f6sszetartoz\u00e1s kifejez\u00e9s\u00e9re \u00e9l\u0151ben \u00e9s a digit\u00e1lis platformokon kereszt\u00fcl egyar\u00e1nt!<\/p>\n<p>Az anyag nagy mennyis\u00e9g\u00e9re val\u00f3 tekintettel a K\u00e1rp\u00e1t-medence dallamanyaga k\u00e9t lemezen ker\u00fcl bemutat\u00e1sra, melyek k\u00f6z\u00fcl az els\u0151 a d\u00e9li-d\u00e9lkeleti t\u00e1jegys\u00e9geket j\u00e1rja k\u00f6r\u00fcl.<\/p>\n<p><strong>A koncerten k\u00f6zrem\u0171k\u00f6dik:<\/strong> Cs\u00f6rsz Rumen Istv\u00e1n, Cs\u00e1d\u00e9 zenekar, Tarsoly zenekar, Muravid\u00e9ki Dal\u00e1rda, valamint a Zeke Band.<\/p>\n<p>&nbsp;<\/p>\n<p><img loading=\"lazy\" decoding=\"async\" class=\"aligncenter size-full wp-image-6850\" src=\"https:\/\/www1.kkl.si\/wp-content\/uploads\/2022\/03\/hatartalan_ferfienek.png\" alt=\"\" width=\"301\" height=\"112\" \/><\/p>\n<p>&nbsp;<\/p>\n<p>A bel\u00e9p\u00e9s ingyenes, a koncert ut\u00e1n lehet\u0151s\u00e9g lesz a \u201eHat\u00e1rtalan f\u00e9rfi\u00e9nek\u201d c\u00edm\u0171 lemez megv\u00e1s\u00e1rl\u00e1s\u00e1ra.<\/p>\n<p><em>Szeretettel v\u00e1runk minden \u00e9rdekl\u0151d\u0151t!<\/em><\/p>\n<table style=\"border-collapse: collapse; width: 100%;\">\n<tbody>\n<tr>\n<td style=\"width: 50%;\"><iframe loading=\"lazy\" src=\"\/\/www.youtube.com\/embed\/ar5BN58zrOM\" width=\"550\" height=\"550\" allowfullscreen=\"allowfullscreen\"><\/iframe><\/td>\n<td style=\"width: 50%;\"><iframe loading=\"lazy\" src=\"\/\/www.youtube.com\/embed\/hbZocu9QBO4\" width=\"550\" height=\"550\" allowfullscreen=\"allowfullscreen\"><span style=\"display: inline-block; width: 0px; overflow: hidden; line-height: 0;\" data-mce-type=\"bookmark\" class=\"mce_SELRES_start\">\ufeff<\/span><\/iframe><\/td>\n<\/tr>\n<\/tbody>\n<\/table>\n<p>Gubinecz \u00c1kos \u00e9s a Muravid\u00e9ki Dal\u00e1rda:<\/p>\n<p><a href=\"https:\/\/www1.kkl.si\/wp-content\/uploads\/2022\/03\/muravidek_dalarda.jpg\" data-lbwps-width=\"1200\" data-lbwps-height=\"800\" data-lbwps-srcsmall=\"https:\/\/www1.kkl.si\/wp-content\/uploads\/2022\/03\/muravidek_dalarda-400x267.jpg\"><img loading=\"lazy\" decoding=\"async\" class=\"alignnone wp-image-6856 size-full\" src=\"https:\/\/www1.kkl.si\/wp-content\/uploads\/2022\/03\/muravidek_dalarda.jpg\" alt=\"\" width=\"1200\" height=\"800\" srcset=\"https:\/\/www1.kkl.si\/wp-content\/uploads\/2022\/03\/muravidek_dalarda.jpg 1200w, https:\/\/www1.kkl.si\/wp-content\/uploads\/2022\/03\/muravidek_dalarda-400x267.jpg 400w\" sizes=\"auto, (max-width: 1200px) 100vw, 1200px\" \/><\/a><\/p>\n<p><i class=\"fas fa-link\"><\/i> <a href=\"https:\/\/www.mnmi-zkmn.si\/\">https:\/\/www.mnmi-zkmn.si\/<\/a><br \/>\n<i class=\"fas fa-link\"><\/i> <a href=\"https:\/\/gubineczakos.hu\/cd\/\">https:\/\/gubineczakos.hu\/cd\/<\/a><\/p>\n","protected":false},"excerpt":{"rendered":"<p>nedelja, 20. marec 2022 | koncert 19.00 Prizori\u0161\u010de: Gledali\u0161ka in koncertna dvorana Lendava Organizator: MNMI-ZKMN Album &#8220;Brezmejno mo\u0161ko petje&#8221; je most za Mad\u017eare, ki \u017eivijo na razli\u010dnih koncih sveta: publikacija, ki bo predstavljena v vseh okro\u017ejih Mad\u017earske, v mad\u017earskih izobra\u017eevalnih ustanovah in med Mad\u017eari, ki \u017eivijo \u010dez mejo in so razpr\u0161eni po svetu. Mad\u017earski opis: [&hellip;]<\/p>\n","protected":false},"author":2,"featured_media":6825,"parent":0,"menu_order":0,"comment_status":"closed","ping_status":"closed","template":"","meta":{"footnotes":""},"class_list":["post-6846","page","type-page","status-publish","has-post-thumbnail","hentry","post","post-with-thumbnail","post-with-thumbnail-icon"],"_links":{"self":[{"href":"https:\/\/www1.kkl.si\/sl\/wp-json\/wp\/v2\/pages\/6846","targetHints":{"allow":["GET"]}}],"collection":[{"href":"https:\/\/www1.kkl.si\/sl\/wp-json\/wp\/v2\/pages"}],"about":[{"href":"https:\/\/www1.kkl.si\/sl\/wp-json\/wp\/v2\/types\/page"}],"author":[{"embeddable":true,"href":"https:\/\/www1.kkl.si\/sl\/wp-json\/wp\/v2\/users\/2"}],"replies":[{"embeddable":true,"href":"https:\/\/www1.kkl.si\/sl\/wp-json\/wp\/v2\/comments?post=6846"}],"version-history":[{"count":17,"href":"https:\/\/www1.kkl.si\/sl\/wp-json\/wp\/v2\/pages\/6846\/revisions"}],"predecessor-version":[{"id":6867,"href":"https:\/\/www1.kkl.si\/sl\/wp-json\/wp\/v2\/pages\/6846\/revisions\/6867"}],"wp:featuredmedia":[{"embeddable":true,"href":"https:\/\/www1.kkl.si\/sl\/wp-json\/wp\/v2\/media\/6825"}],"wp:attachment":[{"href":"https:\/\/www1.kkl.si\/sl\/wp-json\/wp\/v2\/media?parent=6846"}],"curies":[{"name":"wp","href":"https:\/\/api.w.org\/{rel}","templated":true}]}}