{"id":6897,"date":"2022-03-14T15:26:42","date_gmt":"2022-03-14T14:26:42","guid":{"rendered":"https:\/\/www1.kkl.si\/?page_id=6897"},"modified":"2022-03-18T10:49:03","modified_gmt":"2022-03-18T09:49:03","slug":"kapica-rdeca-volkeca-sreca","status":"publish","type":"page","link":"https:\/\/www1.kkl.si\/sl\/kapica-rdeca-volkeca-sreca\/","title":{"rendered":"Mi\u0161kino gledali\u0161\u010de: Kapica rde\u010da volkeca sre\u010da"},"content":{"rendered":"<div class=\"opis\"><img loading=\"lazy\" decoding=\"async\" class=\"wp-image-1591 alignright\" title=\"Pla\u010dljiva prireditev\" src=\"https:\/\/www1.kkl.si\/wp-content\/uploads\/2020\/07\/spored_simb_placljiva-1.svg\" alt=\"placljiva\" width=\"40\" height=\"40\" srcset=\"https:\/\/www1.kkl.si\/wp-content\/uploads\/\/2020\/07\/spored_simb_placljiva-1.svg 150w, https:\/\/www1.kkl.si\/wp-content\/uploads\/\/2020\/07\/spored_simb_placljiva-1.svg 400w, https:\/\/www1.kkl.si\/wp-content\/uploads\/\/2020\/07\/spored_simb_placljiva-1.svg 1500w, https:\/\/www1.kkl.si\/wp-content\/uploads\/\/2020\/07\/spored_simb_placljiva-1.svg 100w\" sizes=\"auto, (max-width: 40px) 100vw, 40px\" \/> <i class=\"fas fa-calendar\"><\/i> <strong>sobota, 19. marec 2022 |\u00a0<span class=\"zanr\">otro\u0161ka predstava<\/span> <span class=\"odpade\">ODPADE!<\/span><br \/>\n<i class=\"fas fa-clock\"><\/i> 10.00<br \/>\n<\/strong><i class=\"fas fa-ticket-alt\"><\/i> Vstopnica: <strong>2 \u20ac<\/strong> <br \/>\n<i class=\"fas fa-map-marker\"><\/i> Prizori\u0161\u010de: Gledali\u0161ka in koncertna dvorana Lendava<br \/>\n<i class=\"fas fa-chevron-circle-right\"><\/i> Organizator: <a href=\"https:\/\/www.kkl.si\/\">Knji\u017enica \u2013 Kulturni center Lendava \u2013 Lendvai K\u00f6nyvt\u00e1r \u00e9s Kultur\u00e1lis K\u00f6zpont<\/a><\/p>\n<p><img loading=\"lazy\" decoding=\"async\" class=\"alignleft size-thumbnail wp-image-1490\" src=\"https:\/\/www1.kkl.si\/wp-content\/uploads\/2020\/03\/obvestilo_200px-150x150.png\" sizes=\"auto, (max-width: 150px) 100vw, 150px\" srcset=\"https:\/\/www1.kkl.si\/wp-content\/uploads\/2020\/03\/obvestilo_200px-150x150.png 150w, https:\/\/www1.kkl.si\/wp-content\/uploads\/2020\/03\/obvestilo_200px.png 200w\" alt=\"\" width=\"150\" height=\"150\" \/><\/p>\n<p>Spo\u0161tovani obiskovalci,<\/p>\n<p>obve\u0161\u010damo vas, da zaradi bolezni nastopajo\u010dih jutri\u0161nja otro\u0161ka predstava \u201cKapica rde\u010da volkeca sre\u010da\u201d \u017eal odpade. Nadomestni termin za otro\u0161ko predstavo je <strong>9. april 2022<\/strong>.<br \/>\n<strong>\u017de kupljene vstopnice veljajo tudi za nadomestni termin.<\/strong><\/p>\n<p><em>Hvala za va\u0161e razumevanje.<\/em><\/p>\n<\/div>\n<p><em><a href=\"https:\/\/www1.kkl.si\/wp-content\/uploads\/2022\/03\/plakat_B2_miskino_volkec_2022_splet.jpg\" data-lbwps-width=\"1429\" data-lbwps-height=\"2000\" data-lbwps-srcsmall=\"https:\/\/www1.kkl.si\/wp-content\/uploads\/2022\/03\/plakat_B2_miskino_volkec_2022_splet-286x400.jpg\"><img loading=\"lazy\" decoding=\"async\" class=\"alignright size-medium wp-image-6898\" src=\"https:\/\/www1.kkl.si\/wp-content\/uploads\/2022\/03\/plakat_B2_miskino_volkec_2022_splet-286x400.jpg\" alt=\"\" width=\"286\" height=\"400\" srcset=\"https:\/\/www1.kkl.si\/wp-content\/uploads\/2022\/03\/plakat_B2_miskino_volkec_2022_splet-286x400.jpg 286w, https:\/\/www1.kkl.si\/wp-content\/uploads\/2022\/03\/plakat_B2_miskino_volkec_2022_splet-1072x1500.jpg 1072w, https:\/\/www1.kkl.si\/wp-content\/uploads\/2022\/03\/plakat_B2_miskino_volkec_2022_splet.jpg 1429w\" sizes=\"auto, (max-width: 286px) 100vw, 286px\" \/><\/a>Volk je pravlji\u010dni lik, ki je doma v skoraj vseh pravljicah sveta. Tudi v pravljici o Rde\u010di kapici&#8230;<\/em><\/p>\n<p>Volk v tej pravljici zmeraj nastopa kot po\u017ere\u0161na mrcina, ki se je vsi bojijo. A na\u0161 volkec je tega sit in ne \u017eeli biti ve\u010d hudoben.<br \/>\nZato si za svoj rojstni dan za\u017eeli, da bi praznoval skupaj s prijatelji in da se ga nih\u010de ne bi ve\u010d bal.<br \/>\nZa pomo\u010d zaprosi tudi otroke in si za\u017eeli prav posebno \u017eeljo.<br \/>\nZa en dan, bi rad v vseh pravljicah sveta nastopal kot prijazni volkec, ki ga imajo vsi radi.<br \/>\nA se mu bo \u017eelja uresni\u010dila?<\/p>\n<p>Ne spreglejte \u010disto nove predstave o veliki rojstno dnevni \u017eelji volka, ki se mu s pomo\u010djo Rde\u010de kapice in prijateljev uresni\u010di ter tako najbolj znano pravljico obrne povsem na glavo.<\/p>\n<p><strong>Namenjena otrokom:<\/strong> 3+<br \/>\n<strong>Trajanje predstave:<\/strong> 30 min<\/p>\n<hr \/>\n<p><i class=\"fas fa-link\"><\/i> <a href=\"https:\/\/www.miskinogledalisce.com\/\">https:\/\/www.miskinogledalisce.com\/<\/a><\/p>\n","protected":false},"excerpt":{"rendered":"<p>sobota, 19. marec 2022 |\u00a0otro\u0161ka predstava ODPADE! 10.00 Vstopnica: 2 \u20ac Prizori\u0161\u010de: Gledali\u0161ka in koncertna dvorana Lendava Organizator: Knji\u017enica \u2013 Kulturni center Lendava \u2013 Lendvai K\u00f6nyvt\u00e1r \u00e9s Kultur\u00e1lis K\u00f6zpont Spo\u0161tovani obiskovalci, obve\u0161\u010damo vas, da zaradi bolezni nastopajo\u010dih jutri\u0161nja otro\u0161ka predstava \u201cKapica rde\u010da volkeca sre\u010da\u201d \u017eal odpade. Nadomestni termin za otro\u0161ko predstavo je 9. april 2022. [&hellip;]<\/p>\n","protected":false},"author":2,"featured_media":0,"parent":0,"menu_order":0,"comment_status":"closed","ping_status":"closed","template":"","meta":{"footnotes":""},"class_list":["post-6897","page","type-page","status-publish","hentry","post"],"_links":{"self":[{"href":"https:\/\/www1.kkl.si\/sl\/wp-json\/wp\/v2\/pages\/6897","targetHints":{"allow":["GET"]}}],"collection":[{"href":"https:\/\/www1.kkl.si\/sl\/wp-json\/wp\/v2\/pages"}],"about":[{"href":"https:\/\/www1.kkl.si\/sl\/wp-json\/wp\/v2\/types\/page"}],"author":[{"embeddable":true,"href":"https:\/\/www1.kkl.si\/sl\/wp-json\/wp\/v2\/users\/2"}],"replies":[{"embeddable":true,"href":"https:\/\/www1.kkl.si\/sl\/wp-json\/wp\/v2\/comments?post=6897"}],"version-history":[{"count":12,"href":"https:\/\/www1.kkl.si\/sl\/wp-json\/wp\/v2\/pages\/6897\/revisions"}],"predecessor-version":[{"id":7005,"href":"https:\/\/www1.kkl.si\/sl\/wp-json\/wp\/v2\/pages\/6897\/revisions\/7005"}],"wp:attachment":[{"href":"https:\/\/www1.kkl.si\/sl\/wp-json\/wp\/v2\/media?parent=6897"}],"curies":[{"name":"wp","href":"https:\/\/api.w.org\/{rel}","templated":true}]}}