{"id":6918,"date":"2022-03-15T14:52:51","date_gmt":"2022-03-15T13:52:51","guid":{"rendered":"https:\/\/www1.kkl.si\/?page_id=6918"},"modified":"2022-03-15T19:02:48","modified_gmt":"2022-03-15T18:02:48","slug":"spas-teater-zenska-ljubezni-izgube-obleke","status":"publish","type":"page","link":"https:\/\/www1.kkl.si\/sl\/spas-teater-zenska-ljubezni-izgube-obleke\/","title":{"rendered":"\u0160pas Teater: \u017dENSKA \u2013 ljubezni, izgube, obleke"},"content":{"rendered":"<div class=\"opis\"><strong><img loading=\"lazy\" decoding=\"async\" class=\"wp-image-1591 alignright\" title=\"Pla\u010dljiva prireditev\" src=\"https:\/\/www1.kkl.si\/wp-content\/uploads\/2020\/07\/spored_simb_placljiva-1.svg\" alt=\"placljiva\" width=\"40\" height=\"40\" srcset=\"https:\/\/www1.kkl.si\/wp-content\/uploads\/\/2020\/07\/spored_simb_placljiva-1.svg 150w, https:\/\/www1.kkl.si\/wp-content\/uploads\/\/2020\/07\/spored_simb_placljiva-1.svg 400w, https:\/\/www1.kkl.si\/wp-content\/uploads\/\/2020\/07\/spored_simb_placljiva-1.svg 1500w, https:\/\/www1.kkl.si\/wp-content\/uploads\/\/2020\/07\/spored_simb_placljiva-1.svg 100w\" sizes=\"auto, (max-width: 40px) 100vw, 40px\" \/><i class=\"fas fa-calendar\"><\/i> <\/strong><strong>sobota, 26. marec 2022 | <span class=\"zanr\">komedija<\/span><br \/>\n<i class=\"fas fa-clock\"><\/i> 19.00<br \/>\n<\/strong><i class=\"fas fa-ticket-alt\"><\/i> Vstopnica v predprodaji: <strong>10 \u20ac<br \/>\n<\/strong><i class=\"fas fa-ticket-alt\"><\/i> Na dan predstave: <strong>12 \u20ac<\/strong> <br \/>\n<i class=\"fas fa-map-marker\"><\/i> Prizori\u0161\u010de: Gledali\u0161ka in koncertna dvorana Lendava<br \/>\n<i class=\"fas fa-chevron-circle-right\"><\/i> Organizator: <a href=\"https:\/\/www.kkl.si\/\">Knji\u017enica \u2013 Kulturni center Lendava \u2013 Lendvai K\u00f6nyvt\u00e1r \u00e9s Kultur\u00e1lis K\u00f6zpont<\/a><\/div>\n<div>\n<p><em><a href=\"https:\/\/www1.kkl.si\/wp-content\/uploads\/2022\/03\/plakat_B2_SpasTeater_zenska_2022_web.jpg\" data-lbwps-width=\"1200\" data-lbwps-height=\"1680\" data-lbwps-srcsmall=\"https:\/\/www1.kkl.si\/wp-content\/uploads\/2022\/03\/plakat_B2_SpasTeater_zenska_2022_web-286x400.jpg\"><img loading=\"lazy\" decoding=\"async\" class=\"alignright wp-image-6912 size-medium\" src=\"https:\/\/www1.kkl.si\/wp-content\/uploads\/2022\/03\/plakat_B2_SpasTeater_zenska_2022_web-286x400.jpg\" alt=\"\" width=\"286\" height=\"400\" srcset=\"https:\/\/www1.kkl.si\/wp-content\/uploads\/2022\/03\/plakat_B2_SpasTeater_zenska_2022_web-286x400.jpg 286w, https:\/\/www1.kkl.si\/wp-content\/uploads\/2022\/03\/plakat_B2_SpasTeater_zenska_2022_web-1071x1500.jpg 1071w, https:\/\/www1.kkl.si\/wp-content\/uploads\/2022\/03\/plakat_B2_SpasTeater_zenska_2022_web.jpg 1200w\" sizes=\"auto, (max-width: 286px) 100vw, 286px\" \/><\/a><\/em>\u0160pas Teater | Nora in Delia Ephron:<br \/>\n<strong>\u017dENSKA \u2013 ljubezni, izgube, obleke<\/strong><\/p>\n<p><em>Predstava, ki nasmeje, se\u017ee v srce in polep\u0161a \u017eivljenje marsikateri \u017eenski.<\/em><\/p>\n<p>IGRAJO<br \/>\nMojca Funkl<br \/>\nNata\u0161a Barbara Gra\u010dner<br \/>\nDesa Muck<br \/>\nVesna Pernar\u010di\u010d<br \/>\nSa\u0161a Pavlin Sto\u0161i\u0107<br \/>\nMaja Martina Merljak<\/p>\n<\/div>\n<p>USTVARJALCI PREDSTAVE<\/p>\n<p>Avtorica: Nora in Delia Ephron<br \/>\nPrevod: Deja Crnovi\u010d<br \/>\nPriredba: Eva Mahkovic<br \/>\n<a href=\"https:\/\/www1.kkl.si\/wp-content\/uploads\/2022\/03\/spas_zenska_3.jpg\" data-lbwps-width=\"1500\" data-lbwps-height=\"1000\" data-lbwps-srcsmall=\"https:\/\/www1.kkl.si\/wp-content\/uploads\/2022\/03\/spas_zenska_3-400x267.jpg\"><img loading=\"lazy\" decoding=\"async\" class=\"alignright wp-image-6933\" src=\"https:\/\/www1.kkl.si\/wp-content\/uploads\/2022\/03\/spas_zenska_3-400x267.jpg\" alt=\"\" width=\"286\" height=\"191\" srcset=\"https:\/\/www1.kkl.si\/wp-content\/uploads\/2022\/03\/spas_zenska_3-400x267.jpg 400w, https:\/\/www1.kkl.si\/wp-content\/uploads\/2022\/03\/spas_zenska_3.jpg 1500w\" sizes=\"auto, (max-width: 286px) 100vw, 286px\" \/><\/a>Re\u017eija: Tijana Zinaji\u0107<br \/>\nScenografija: \u017diga Flajnik<br \/>\nProdukcija posnetka: Warehouse Collective<br \/>\nRe\u017eija posnetka \/ DOP: Luka Furlan<br \/>\nTekst je napisan na podlagi knjige Ilene Beckerman<\/p>\n<p><em>Original Off-Broadway Production Produced by Daryl Roth<\/em><\/p>\n<p><strong>Traja:<\/strong> 1 uro 10 min<\/p>\n<div>\n<hr \/>\n<p>VSEBINA<\/p>\n<p>Svetovna uspe\u0161nica z originalnim naslovom Love, Loss and What I Wore je nastala po knji\u017eni uspe\u0161nici Ilene Beckerman in kmalu postala velik gledali\u0161ki hit. Napisali sta jo Delia Ephron in Nora Ephron (trikratna nominiranka za oskarja), podpisana pod najve\u010dje filmske uspe\u0161nice kot so Romanca v Seattlu, \u010caka te po\u0161ta, Ko je Harry sre\u010dal Sally, Julie &amp; Julia,\u2026<\/p>\n<blockquote>\n<p><strong>Kot povsod po svetu, v predstavi znana \u017eenska igralska imena berejo in interpretirajo zgodbe ene glavnih junakinj &#8211; Gine:<\/strong> \u201c\u2026potem je moj dnevnik nekdo pokazal enemu zalo\u017eniku, mislila sem, kdo bo to sploh kupil, preve\u010d osebno je, ampak so jo izdali in izkazalo se je, da je vsebina tudi za druge ljudi osebna.\u201d<\/p>\n<\/blockquote>\n<p>Prisluhnite zgodbam prijateljic in sorodnic o \u017eivljenjskih prelomnicah, o &#8216;pravem \u010dasu&#8217;, poroki, lo\u010ditvi, zbli\u017eevanjih, razhajanjih in ohdajanjih, pa vse do tega, kako postane\u0161 babica in \u0161e ducatom drugih \u2013 vse nas u\u010dijo, kako se oblikuje \u017dENSKA. \u010cisti u\u017eitek!<\/p>\n<p>Zgodb je ve\u010d: \u2018mamini nasveti v mladosti\u2019, &#8216;agonije nakupa modr\u010dka&#8217;, \u010drna ali druga barva &#8216;katastrofa v garderobi&#8217;, &#8216;omara&#8217;, &#8216;debela ali suha&#8217;, \u2018fantje in mo\u017eje\u201d in priljubljena &#8216;sovra\u017eim torbico&#8217;. Nekaj je gotovo &#8211; v\u0161e\u010d vam bo prav vsaka!<\/p>\n<p><a href=\"https:\/\/www1.kkl.si\/wp-content\/uploads\/2022\/03\/spas_zenska_1.jpg\" data-lbwps-width=\"1500\" data-lbwps-height=\"521\" data-lbwps-srcsmall=\"https:\/\/www1.kkl.si\/wp-content\/uploads\/2022\/03\/spas_zenska_1-400x139.jpg\"><img loading=\"lazy\" decoding=\"async\" class=\"alignnone size-full wp-image-6928\" src=\"https:\/\/www1.kkl.si\/wp-content\/uploads\/2022\/03\/spas_zenska_1.jpg\" alt=\"\" width=\"1500\" height=\"521\" srcset=\"https:\/\/www1.kkl.si\/wp-content\/uploads\/2022\/03\/spas_zenska_1.jpg 1500w, https:\/\/www1.kkl.si\/wp-content\/uploads\/2022\/03\/spas_zenska_1-400x139.jpg 400w\" sizes=\"auto, (max-width: 1500px) 100vw, 1500px\" \/><\/a><\/p>\n<blockquote>\n<p><strong>\u017denske zgodbe so zabavne. \u017divljenjske. Resni\u010dne.<\/strong><\/p>\n<\/blockquote>\n<p>V sebi nosijo smeh, veselja, ljubezni, tudi solz, tola\u017ebe in razumevanja\u2026 Prav ni\u010d niso \u017eensko pristranske, ampak osve\u017eujo\u010de realne in brutalno iskrene. So tudi ne\u017ene in so\u010dutne, mo\u010dne, tak\u0161ne kot \u017eenske so &#8211; nepremagljive. Ker svojo mo\u010d vedno zgradijo na vztrajnosti in milini.<\/p>\n<blockquote>\n<p><strong>Mo\u0161ki, o\u010detje, ljubimci, mo\u017eje &#8211; lahko pridejo in odidejo, a obleka je za vedno! Tudi \u010de ne morete ve\u010d zlesti vanjo.<\/strong><\/p>\n<\/blockquote>\n<p>Spominov, ki jih v ob\u010dinstvu sprosti predstava, je ogromno! Za milijone \u017eensk obleke niso le obla\u010dila, temve\u010d pot skozi \u017eivljenje, na\u010din za re\u0161evanje te\u017eav in osebni pogled na svet.<br \/>\n\u2026 torbica, bela srajca, obleka ob prvem poljubu, obleka za prvi\u010d, visoke pete, maturantska obleka, obleka, s katero sem od\u0161la v porodni\u0161nico, obleka, ki jo imam najraj\u0161i, a je tudi na roko ve\u010d ne spravim, pogrebna obleka, scufane kavbojke, ki jih je mama \u017ee ve\u010dkrat vrgla v smeti, moja &#8216;little black dress&#8217;, poro\u010dna obleka, presneti modr\u010dek, ki sem ga dobila ob mazektomiji, push-up modr\u010dek, rde\u010de spodnje perilo, karirast pla\u0161\u010d za posebne prilo\u017enosti&#8230; vsaka obleka je presneto \u017eiv spomin!<\/p>\n<blockquote>\n<p><strong>Za vse izjemne \u017eenske: za prijateljice, mame, sestre, tete, sosede, babice\u2026<\/strong><\/p>\n<\/blockquote>\n<p><img loading=\"lazy\" decoding=\"async\" class=\"alignnone size-full wp-image-6924\" src=\"https:\/\/www1.kkl.si\/wp-content\/uploads\/2022\/03\/spas_zenska.jpg\" alt=\"\" width=\"1280\" height=\"720\" srcset=\"https:\/\/www1.kkl.si\/wp-content\/uploads\/2022\/03\/spas_zenska.jpg 1280w, https:\/\/www1.kkl.si\/wp-content\/uploads\/2022\/03\/spas_zenska-400x225.jpg 400w\" sizes=\"auto, (max-width: 1280px) 100vw, 1280px\" \/><\/p>\n<p><strong>Svetovna uspe\u0161nica brez primere! O\u010darljivo \u017eivljenjska.<\/strong><\/p>\n<p>Udarno gledali\u0161ko predstavo, v katero se zaljubi vsaka \u017eenska, sta po knji\u017eni uspe\u0161nici LOVE, LOSS AND WHAT I WORE Ilene Beckerman spisali sestri, izjemni pisateljici <a href=\"https:\/\/www.google.com\/search?q=nora+ephron&amp;rlz=1C1CHBH_slSI715SI715&amp;oq=nora&amp;aqs=chrome.2.69i57j46j69i59l2j46i131i433j69i60j69i61l2.2566j0j9&amp;sourceid=chrome&amp;ie=UTF-8\">Nora Ephron<\/a> in Delia Ephron &#8211; sami ali v tandemu sta &#8216;zakrivili&#8217; velike filmske uspe\u0161nice: <a href=\"https:\/\/www.google.com\/search?rlz=1C1CHBH_slSI715SI715&amp;sxsrf=ALeKk03Hv6Oo7A1aqd-tpwYEiytco5Xfcg%3A1612868788239&amp;ei=tGwiYKiXDsyckwW6rIS4Bw&amp;q=julie+and+julia&amp;gs_ssp=eJzj4tLP1TcwMTSrtDQxYPTizyrNyUxVSMxLUQCxEgF2Bwi8&amp;oq=julie+%26&amp;gs_lcp=CgZwc3ktYWIQARgDMgoILhCxAxAKEJMCMgQILhAKMgQIABAKMgQILhAKMgQIABAKMgQIABAKMgQIABAKMgQIABAKMgQIABAKMgQIABAKOgcIIxCwAhAnOgYIABAWEB46BwghEAoQoAE6BQghEKABOggIABDHARCvAToCCAA6BQguEJMCOgUIABDLAToFCC4QywE6BAgjECc6AgguOggILhCxAxCDAToECAAQQzoECC4QQzoFCC4QsQM6BwguEEMQkwJQwlNY2pwBYLazAWgCcAB4AIAB8gGIAZYXkgEGMC4yMC4xmAEAoAEBqgEHZ3dzLXdpesABAQ&amp;sclient=psy-ab\">Julie&amp;Julia<\/a> z Maryl Streep, Ko je <a href=\"https:\/\/www.google.com\/search?q=ko+je+harry+sre%C4%8Dal+sally&amp;rlz=1C1CHBH_slSI715SI715&amp;oq=ko+je+harry+&amp;aqs=chrome.0.0i355j46j69i57j0i22i30l4.4225j0j7&amp;sourceid=chrome&amp;ie=UTF-8\">Harry sre\u010dal Sally<\/a>\u00a0 z Meg Ryan in Billie Crystalom, <a href=\"https:\/\/www.google.com\/search?gs_ssp=eJzj4tTP1TcwTK_KyTNg9BIsys9NzEtOVChTKE5NLCnJKQUAkboKIA&amp;q=romanca+v+seattlu&amp;rlz=1C1CHBH_slSI715SI715&amp;oq=ROMANCA+V+SEATTL&amp;aqs=chrome.1.69i57j46.8951j0j7&amp;sourceid=chrome&amp;ie=UTF-8\">Romanco v Seattlu<\/a> in <a href=\"https:\/\/www.google.com\/search?rlz=1C1CHBH_slSI715SI715&amp;sxsrf=ALeKk03-mk-rbuFFj9VsVPJ6gQG_MX6ZJA%3A1612874266252&amp;ei=GoIiYN7kDov_kwX-zpqABA&amp;q=%C4%8Daka+te+po%C5%A1ta&amp;oq=&amp;gs_lcp=CgZwc3ktYWIQARgAMgcIIxDqAhAnMgcIIxDqAhAnMgcIIxDqAhAnMgcILhDqAhAnMgcIIxDqAhAnMgcILhDqAhAnMgcIIxDqAhAnMgcIIxDqAhAnMgcIIxDqAhAnMgcIIxDqAhAnUJlUWJlUYMpnaAFwAHgAgAGuAYgBrgGSAQMwLjGYAQCgAQGqAQdnd3Mtd2l6sAEKwAEB&amp;sclient=psy-ab\">\u010caka te po\u0161ta<\/a>\u00a0 s Tom Hanksom in Meg Ryan, <a href=\"https:\/\/www.google.com\/search?rlz=1C1CHBH_slSI715SI715&amp;sxsrf=ALeKk03-mk-rbuFFj9VsVPJ6gQG_MX6ZJA%3A1612874266252&amp;ei=GoIiYN7kDov_kwX-zpqABA&amp;q=micheal+movie&amp;oq=micheal+movie&amp;gs_lcp=CgZwc3ktYWIQAzIHCAAQChDLATIHCAAQChDLATIHCAAQChDLATIHCC4QChDLATIHCAAQChDLATIHCAAQChDLATIICAAQFhAKEB4yCAgAEBYQChAeMggIABAWEAoQHjIICAAQFhAKEB46BwgjELADECc6BwguELADEEM6BQguELADOgcIABCwAxAeOgQIIxAnOgIILjoHCCMQ6gIQJzoHCC4Q6gIQJzoECC4QQzoECAAQQzoICAAQsQMQgwE6CAguELEDEIMBOgsIABCxAxDHARCjAjoECC4QJzoFCC4QsQM6AggAOgsILhCxAxCDARCTAjoFCC4QywE6BwgjELECECc6BwguELEDEAo6BAguEAo6BAgAEAo6BwguEAoQkwJQntsBWNiZAmCyngJoAnAAeAWAAaIHiAHgIpIBDDAuMTIuMi4xLjYtMpgBAKABAaoBB2d3cy13aXqwAQrIAQTAAQE&amp;sclient=psy-ab&amp;ved=0ahUKEwje2dPt6NzuAhWL_6QKHX6nBkAQ4dUDCA0&amp;uact=5\">Michaela<\/a>\u00a0 z Johnom Travolto in mnoge druge.<\/p>\n\n\t\t<style type=\"text\/css\">\n\t\t\t#gallery-1 {\n\t\t\t\tmargin: auto;\n\t\t\t}\n\t\t\t#gallery-1 .gallery-item {\n\t\t\t\tfloat: left;\n\t\t\t\tmargin-top: 10px;\n\t\t\t\ttext-align: center;\n\t\t\t\twidth: 16%;\n\t\t\t}\n\t\t\t#gallery-1 img {\n\t\t\t\tborder: 2px solid #cfcfcf;\n\t\t\t}\n\t\t\t#gallery-1 .gallery-caption {\n\t\t\t\tmargin-left: 0;\n\t\t\t}\n\t\t\t\/* see gallery_shortcode() in wp-includes\/media.php *\/\n\t\t<\/style>\n\t\t<div id='gallery-1' class='gallery galleryid-6918 gallery-columns-6 gallery-size-thumbnail'><dl class='gallery-item'>\n\t\t\t<dt class='gallery-icon portrait'>\n\t\t\t\t<a href='https:\/\/www1.kkl.si\/wp-content\/uploads\/2022\/03\/spas_zenska_2.jpg'><img loading=\"lazy\" decoding=\"async\" width=\"150\" height=\"150\" src=\"https:\/\/www1.kkl.si\/wp-content\/uploads\/2022\/03\/spas_zenska_2-150x150.jpg\" class=\"attachment-thumbnail size-thumbnail\" alt=\"\" \/><\/a>\n\t\t\t<\/dt><\/dl><dl class='gallery-item'>\n\t\t\t<dt class='gallery-icon portrait'>\n\t\t\t\t<a href='https:\/\/www1.kkl.si\/wp-content\/uploads\/2022\/03\/spas_zenska_4.jpg'><img loading=\"lazy\" decoding=\"async\" width=\"150\" height=\"150\" src=\"https:\/\/www1.kkl.si\/wp-content\/uploads\/2022\/03\/spas_zenska_4-150x150.jpg\" class=\"attachment-thumbnail size-thumbnail\" alt=\"\" \/><\/a>\n\t\t\t<\/dt><\/dl><dl class='gallery-item'>\n\t\t\t<dt class='gallery-icon portrait'>\n\t\t\t\t<a href='https:\/\/www1.kkl.si\/wp-content\/uploads\/2022\/03\/spas_zenska_5.jpg'><img loading=\"lazy\" decoding=\"async\" width=\"150\" height=\"150\" src=\"https:\/\/www1.kkl.si\/wp-content\/uploads\/2022\/03\/spas_zenska_5-150x150.jpg\" class=\"attachment-thumbnail size-thumbnail\" alt=\"\" \/><\/a>\n\t\t\t<\/dt><\/dl><dl class='gallery-item'>\n\t\t\t<dt class='gallery-icon portrait'>\n\t\t\t\t<a href='https:\/\/www1.kkl.si\/wp-content\/uploads\/2022\/03\/spas_zenska_6.jpg'><img loading=\"lazy\" decoding=\"async\" width=\"150\" height=\"150\" src=\"https:\/\/www1.kkl.si\/wp-content\/uploads\/2022\/03\/spas_zenska_6-150x150.jpg\" class=\"attachment-thumbnail size-thumbnail\" alt=\"\" \/><\/a>\n\t\t\t<\/dt><\/dl><dl class='gallery-item'>\n\t\t\t<dt class='gallery-icon landscape'>\n\t\t\t\t<a href='https:\/\/www1.kkl.si\/wp-content\/uploads\/2022\/03\/spas_zenska_7.jpg'><img loading=\"lazy\" decoding=\"async\" width=\"150\" height=\"150\" src=\"https:\/\/www1.kkl.si\/wp-content\/uploads\/2022\/03\/spas_zenska_7-150x150.jpg\" class=\"attachment-thumbnail size-thumbnail\" alt=\"\" \/><\/a>\n\t\t\t<\/dt><\/dl><dl class='gallery-item'>\n\t\t\t<dt class='gallery-icon landscape'>\n\t\t\t\t<a href='https:\/\/www1.kkl.si\/wp-content\/uploads\/2022\/03\/spas_zenska_8.jpg'><img loading=\"lazy\" decoding=\"async\" width=\"150\" height=\"150\" src=\"https:\/\/www1.kkl.si\/wp-content\/uploads\/2022\/03\/spas_zenska_8-150x150.jpg\" class=\"attachment-thumbnail size-thumbnail\" alt=\"\" \/><\/a>\n\t\t\t<\/dt><\/dl><br style=\"clear: both\" \/>\n\t\t<\/div>\n\n<\/div>\n<div>\n<hr \/>\n<p><i class=\"fas fa-link\"><\/i> <a href=\"https:\/\/www.spasteater.si\/predstave\/zenska-ljubezni-izgube-obleke\">https:\/\/www.spasteater.si\/predstave\/zenska-ljubezni-izgube-obleke<\/a><\/p>\n<\/div>\n","protected":false},"excerpt":{"rendered":"<p>sobota, 26. marec 2022 | komedija 19.00 Vstopnica v predprodaji: 10 \u20ac Na dan predstave: 12 \u20ac Prizori\u0161\u010de: Gledali\u0161ka in koncertna dvorana Lendava Organizator: Knji\u017enica \u2013 Kulturni center Lendava \u2013 Lendvai K\u00f6nyvt\u00e1r \u00e9s Kultur\u00e1lis K\u00f6zpont \u0160pas Teater | Nora in Delia Ephron: \u017dENSKA \u2013 ljubezni, izgube, obleke Predstava, ki nasmeje, se\u017ee v srce in polep\u0161a [&hellip;]<\/p>\n","protected":false},"author":2,"featured_media":6912,"parent":0,"menu_order":0,"comment_status":"closed","ping_status":"closed","template":"","meta":{"footnotes":""},"class_list":["post-6918","page","type-page","status-publish","has-post-thumbnail","hentry","post","post-with-thumbnail","post-with-thumbnail-icon"],"_links":{"self":[{"href":"https:\/\/www1.kkl.si\/sl\/wp-json\/wp\/v2\/pages\/6918","targetHints":{"allow":["GET"]}}],"collection":[{"href":"https:\/\/www1.kkl.si\/sl\/wp-json\/wp\/v2\/pages"}],"about":[{"href":"https:\/\/www1.kkl.si\/sl\/wp-json\/wp\/v2\/types\/page"}],"author":[{"embeddable":true,"href":"https:\/\/www1.kkl.si\/sl\/wp-json\/wp\/v2\/users\/2"}],"replies":[{"embeddable":true,"href":"https:\/\/www1.kkl.si\/sl\/wp-json\/wp\/v2\/comments?post=6918"}],"version-history":[{"count":14,"href":"https:\/\/www1.kkl.si\/sl\/wp-json\/wp\/v2\/pages\/6918\/revisions"}],"predecessor-version":[{"id":6956,"href":"https:\/\/www1.kkl.si\/sl\/wp-json\/wp\/v2\/pages\/6918\/revisions\/6956"}],"wp:featuredmedia":[{"embeddable":true,"href":"https:\/\/www1.kkl.si\/sl\/wp-json\/wp\/v2\/media\/6912"}],"wp:attachment":[{"href":"https:\/\/www1.kkl.si\/sl\/wp-json\/wp\/v2\/media?parent=6918"}],"curies":[{"name":"wp","href":"https:\/\/api.w.org\/{rel}","templated":true}]}}