{"id":6983,"date":"2022-03-18T10:02:58","date_gmt":"2022-03-18T09:02:58","guid":{"rendered":"https:\/\/www1.kkl.si\/?page_id=6983"},"modified":"2022-12-15T16:36:32","modified_gmt":"2022-12-15T15:36:32","slug":"spored-2022-04","status":"publish","type":"page","link":"https:\/\/www1.kkl.si\/sl\/spored-2022-04\/","title":{"rendered":"SPORED: april 2022"},"content":{"rendered":"<p><strong>Leto 2022:<\/strong> <a href=\"https:\/\/www1.kkl.si\/sl\/spored-2022-01\/\">januar<\/a> | <a href=\"https:\/\/www1.kkl.si\/sl\/spored-2022-02\/\">februar<\/a> | <a href=\"https:\/\/www1.kkl.si\/sl\/spored-2022-03\/\">marec<\/a> | <a href=\"https:\/\/www1.kkl.si\/sl\/spored-2022-04\/\">april<\/a> | <a href=\"https:\/\/www1.kkl.si\/sl\/spored-2022-05\/\">maj<\/a> | <a href=\"https:\/\/www1.kkl.si\/sl\/spored-2022-06\/\">junij<\/a> | <a href=\"https:\/\/www1.kkl.si\/sl\/spored-2022-07\/\">julij<\/a> | <a href=\"https:\/\/www1.kkl.si\/sl\/spored-2022-08\/\">avgust<\/a> | <a href=\"https:\/\/www1.kkl.si\/sl\/spored-2022-09\/\">september<\/a> | <a href=\"https:\/\/www1.kkl.si\/sl\/spored-2022-10\/\">oktober<\/a> | <a href=\"https:\/\/www1.kkl.si\/sl\/spored-2022-11\/\">november<\/a> | <a href=\"https:\/\/www1.kkl.si\/sl\/spored-2022-12\/\">december<\/a> | <a href=\"https:\/\/www1.kkl.si\/sl\/arhiv-sporeda\/\">ARHIV<\/a><\/p>\n<table id=\"spored-legenda\" cellspacing=\"0\" cellpadding=\"5\">\n<tbody>\n<tr>\n<td><strong>LEGENDA<br \/>\nSIMBOLOV<\/strong><\/td>\n<td style=\"vertical-align: middle;\"><img loading=\"lazy\" decoding=\"async\" title=\"Slovenski abonma\" src=\"https:\/\/www1.kkl.si\/wp-content\/uploads\/2020\/07\/spored_simb_abonma_si-1.svg\" alt=\"abonma_si\" width=\"30\" height=\"30\" \/><\/td>\n<td>Slovenski<br \/>\nabonma<\/td>\n<td style=\"vertical-align: middle;\"><img loading=\"lazy\" decoding=\"async\" title=\"Mad\u017earski abonma\" src=\"https:\/\/www1.kkl.si\/wp-content\/uploads\/2020\/07\/spored_simb_abonma_hu-1.svg\" alt=\"abonma_hu\" width=\"30\" height=\"30\" \/><\/td>\n<td>Mad\u017earski<br \/>\nabonma<\/td>\n<td style=\"vertical-align: middle;\"><img loading=\"lazy\" decoding=\"async\" title=\"Zaklju\u010dena prireditev\" src=\"https:\/\/www1.kkl.si\/wp-content\/uploads\/2020\/07\/spored_simb_zakljucena-1.svg\" alt=\"zakljucena\" width=\"30\" height=\"30\" \/><\/td>\n<td>Zaklju\u010dena<br \/>\nprireditev<\/td>\n<td style=\"vertical-align: middle;\"><img loading=\"lazy\" decoding=\"async\" title=\"Brezpla\u010dna prireditev\" src=\"https:\/\/www1.kkl.si\/wp-content\/uploads\/2020\/07\/spored_simb_brezplacna-1.svg\" alt=\"brezplacna\" width=\"30\" height=\"30\" \/><\/td>\n<td>Brezpla\u010dna<br \/>\nprireditev<\/td>\n<td style=\"vertical-align: middle;\"><img loading=\"lazy\" decoding=\"async\" title=\"Pla\u010dljiva prireditev\" src=\"https:\/\/www1.kkl.si\/wp-content\/uploads\/2020\/07\/spored_simb_placljiva-1.svg\" alt=\"placljiva\" width=\"30\" height=\"30\" \/><\/td>\n<td>Pla\u010dljiva<br \/>\nprireditev<\/td>\n<td style=\"vertical-align: middle;\"><img loading=\"lazy\" decoding=\"async\" title=\"Novost, sprememba\" src=\"https:\/\/www1.kkl.si\/wp-content\/uploads\/2020\/07\/spored_simb_novost-1.svg\" alt=\"novost\" width=\"30\" height=\"30\" \/><\/td>\n<td>Novost,<br \/>\nsprememba<\/td>\n<\/tr>\n<\/tbody>\n<\/table>\n<table style=\"border-collapse: collapse; width: 100%;\">\n<tbody>\n<tr>\n<td style=\"width: 10.0236%;\">\n<h6>7.<\/h6>\n<p><strong><img loading=\"lazy\" decoding=\"async\" class=\"alignnone wp-image-1587\" title=\"Brezpla\u010dna prireditev\" src=\"https:\/\/www1.kkl.si\/wp-content\/uploads\/2020\/07\/spored_simb_brezplacna-1.svg\" alt=\"brezplacna\" width=\"40\" height=\"40\" srcset=\"https:\/\/www1.kkl.si\/wp-content\/uploads\/\/2020\/07\/spored_simb_brezplacna-1.svg 150w, https:\/\/www1.kkl.si\/wp-content\/uploads\/\/2020\/07\/spored_simb_brezplacna-1.svg 400w, https:\/\/www1.kkl.si\/wp-content\/uploads\/\/2020\/07\/spored_simb_brezplacna-1.svg 1500w, https:\/\/www1.kkl.si\/wp-content\/uploads\/\/2020\/07\/spored_simb_brezplacna-1.svg 100w\" sizes=\"auto, (max-width: 40px) 100vw, 40px\" \/><\/strong><\/p>\n<\/td>\n<td style=\"width: 89.9764%;\">\n<p><strong> <a href=\"https:\/\/www1.kkl.si\/wp-content\/uploads\/2022\/04\/Nemes-meghivo.jpg\" data-lbwps-width=\"715\" data-lbwps-height=\"321\" data-lbwps-srcsmall=\"https:\/\/www1.kkl.si\/wp-content\/uploads\/2022\/04\/Nemes-meghivo-400x180.jpg\"><img loading=\"lazy\" decoding=\"async\" class=\"slika alignright wp-image-7151 size-thumbnail\" src=\"https:\/\/www1.kkl.si\/wp-content\/uploads\/2022\/04\/Nemes-meghivo-150x150.jpg\" alt=\"\" width=\"150\" height=\"150\" \/><\/a><i class=\"fas fa-calendar\"><\/i> \u010detrtek, 7. april 2022 | <span class=\"zanr\">kulturna prireditev, razstava<\/span><br \/>\n<i class=\"fas fa-clock\"><\/i> 19.00<\/strong><\/p>\n<p><a href=\"https:\/\/www1.kkl.si\/sl\/predstavitev-albuma-in-otvoritev-komorne-razstave-slikarja-laszla-nemesa\/\"><span style=\"font-size: 28px;\"><strong>Predstavitev albuma in otvoritev komorne razstave slikarja L\u00e1szla Nemesa<\/strong><\/span><\/a><\/p>\n<p>Na prireditvi bosta sodelovala violinist <strong>Peter Ko\u0161a<\/strong> in klavirist <strong>Emil Pal<\/strong>.<br \/>\n<em>Razstava bo na ogled do 3. maja 2022.<\/em><\/p>\n<p><i class=\"fas fa-map-marker\"><\/i> Prizori\u0161\u010de: Gledali\u0161ka in koncertna dvorana Lendava<br \/>\n<i class=\"fas fa-chevron-circle-right\"><\/i> Organizator: <a href=\"https:\/\/www.mnmi-zkmn.si\/\">MNMI-ZKMN<\/a><\/p>\n<\/td>\n<\/tr>\n<tr>\n<td style=\"width: 10.0236%;\">\n<h6>9.<\/h6>\n<p><strong><img loading=\"lazy\" decoding=\"async\" class=\"wp-image-1591 alignnone\" title=\"Pla\u010dljiva prireditev\" src=\"https:\/\/www1.kkl.si\/wp-content\/uploads\/2020\/07\/spored_simb_placljiva-1.svg\" alt=\"placljiva\" width=\"40\" height=\"40\" srcset=\"https:\/\/www1.kkl.si\/wp-content\/uploads\/\/2020\/07\/spored_simb_placljiva-1.svg 150w, https:\/\/www1.kkl.si\/wp-content\/uploads\/\/2020\/07\/spored_simb_placljiva-1.svg 400w, https:\/\/www1.kkl.si\/wp-content\/uploads\/\/2020\/07\/spored_simb_placljiva-1.svg 1500w, https:\/\/www1.kkl.si\/wp-content\/uploads\/\/2020\/07\/spored_simb_placljiva-1.svg 100w\" sizes=\"auto, (max-width: 40px) 100vw, 40px\" \/><\/strong><\/p>\n<\/td>\n<td style=\"width: 89.9764%;\">\n<p><strong> <a href=\"https:\/\/www1.kkl.si\/wp-content\/uploads\/2022\/03\/plakat_B2_miskino_volkec_2022_splet-1.jpg\" data-lbwps-width=\"1429\" data-lbwps-height=\"2000\" data-lbwps-srcsmall=\"https:\/\/www1.kkl.si\/wp-content\/uploads\/2022\/03\/plakat_B2_miskino_volkec_2022_splet-1-286x400.jpg\"><img loading=\"lazy\" decoding=\"async\" class=\"slika alignright wp-image-7107\" src=\"https:\/\/www1.kkl.si\/wp-content\/uploads\/2022\/03\/plakat_B2_miskino_volkec_2022_splet-1-286x400.jpg\" alt=\"\" width=\"150\" height=\"210\" srcset=\"https:\/\/www1.kkl.si\/wp-content\/uploads\/2022\/03\/plakat_B2_miskino_volkec_2022_splet-1-286x400.jpg 286w, https:\/\/www1.kkl.si\/wp-content\/uploads\/2022\/03\/plakat_B2_miskino_volkec_2022_splet-1-1072x1500.jpg 1072w, https:\/\/www1.kkl.si\/wp-content\/uploads\/2022\/03\/plakat_B2_miskino_volkec_2022_splet-1.jpg 1429w\" sizes=\"auto, (max-width: 150px) 100vw, 150px\" \/><\/a><i class=\"fas fa-calendar\"><\/i> sobota, 9. april 2022 | <span class=\"zanr\">otro\u0161ka predstava<\/span><br \/>\n<i class=\"fas fa-clock\"><\/i> 10.00<\/strong><\/p>\n<p>Mi\u0161kino gledali\u0161\u010de<br \/>\n<a href=\"https:\/\/www1.kkl.si\/sl\/miskino-gledalisce-kapica-rdeca-volkeca-sreca\/\"><span style=\"font-size: 28px;\"><strong>Kapica rde\u010da volkeca sre\u010da<\/strong><\/span><\/a> <span class=\"starost\">3+<\/span><\/p>\n<p><i class=\"fas fa-ticket-alt\"><\/i> Vstopnica: <strong>2 \u20ac<\/strong><br \/>\n<i class=\"fas fa-map-marker\"><\/i> Prizori\u0161\u010de: Gledali\u0161ka in koncertna dvorana Lendava<br \/>\n<i class=\"fas fa-chevron-circle-right\"><\/i> Organizator: <a href=\"https:\/\/www.kkl.si\/\">Knji\u017enica \u2013 Kulturni center Lendava \u2013 Lendvai K\u00f6nyvt\u00e1r \u00e9s Kultur\u00e1lis K\u00f6zpont<\/a><\/p>\n<\/td>\n<\/tr>\n<tr>\n<td style=\"width: 10.0236%;\">\n<h6>9.<\/h6>\n<p><strong><img loading=\"lazy\" decoding=\"async\" class=\"alignnone wp-image-1587\" title=\"Brezpla\u010dna prireditev\" src=\"https:\/\/www1.kkl.si\/wp-content\/uploads\/2020\/07\/spored_simb_brezplacna-1.svg\" alt=\"brezplacna\" width=\"40\" height=\"40\" srcset=\"https:\/\/www1.kkl.si\/wp-content\/uploads\/\/2020\/07\/spored_simb_brezplacna-1.svg 150w, https:\/\/www1.kkl.si\/wp-content\/uploads\/\/2020\/07\/spored_simb_brezplacna-1.svg 400w, https:\/\/www1.kkl.si\/wp-content\/uploads\/\/2020\/07\/spored_simb_brezplacna-1.svg 1500w, https:\/\/www1.kkl.si\/wp-content\/uploads\/\/2020\/07\/spored_simb_brezplacna-1.svg 100w\" sizes=\"auto, (max-width: 40px) 100vw, 40px\" \/><\/strong><\/p>\n<\/td>\n<td style=\"width: 89.9764%;\">\n<p><strong> <a href=\"https:\/\/www1.kkl.si\/wp-content\/uploads\/2022\/03\/plakat_JSKD_ko_te_ni_2022_SLO.jpg\" data-lbwps-width=\"2500\" data-lbwps-height=\"3500\" data-lbwps-srcsmall=\"https:\/\/www1.kkl.si\/wp-content\/uploads\/2022\/03\/plakat_JSKD_ko_te_ni_2022_SLO.jpg\"><img loading=\"lazy\" decoding=\"async\" class=\"slika alignright wp-image-7114\" src=\"https:\/\/www1.kkl.si\/wp-content\/uploads\/2022\/03\/plakat_JSKD_ko_te_ni_2022_SLO-scaled-286x400.jpg\" alt=\"\" width=\"150\" height=\"210\" srcset=\"https:\/\/www1.kkl.si\/wp-content\/uploads\/2022\/03\/plakat_JSKD_ko_te_ni_2022_SLO-scaled-286x400.jpg 286w, https:\/\/www1.kkl.si\/wp-content\/uploads\/2022\/03\/plakat_JSKD_ko_te_ni_2022_SLO-scaled-1072x1500.jpg 1072w, https:\/\/www1.kkl.si\/wp-content\/uploads\/2022\/03\/plakat_JSKD_ko_te_ni_2022_SLO-scaled.jpg 1829w\" sizes=\"auto, (max-width: 150px) 100vw, 150px\" \/><\/a><i class=\"fas fa-calendar\"><\/i> sobota, 9. april 2022 | <span class=\"zanr\">literarno-glasbena prireditev<\/span><br \/>\n<i class=\"fas fa-clock\"><\/i> 17.00<\/strong><\/p>\n<p><a href=\"https:\/\/www1.kkl.si\/sl\/predstavitev-nove-knjige-ko-te-ni-pesnika-srecka-coza\/\"><span style=\"font-size: 28px;\"><strong>Predstavitev nove knjige KO TE NI pesnika Sre\u010dka \u010co\u017ea<\/strong><\/span><\/a><br \/>\n<em>v spomin na spo\u0161tovano Emilijo Makovec<\/em><\/p>\n<p><strong>V programu sodelujejo:<\/strong><br \/>\nIva Stani\u010d, Tanja Srednik, Andreja Vita Mulej, Jerica Trojak, Jasna Ba\u010di, Janez Temlin, Klemen in Blanka Golner, An\u017ee Vrabec ter Mo\u0161ki vokalni kvintet Aeternum.<\/p>\n<p><i class=\"fas fa-map-marker\"><\/i> Prizori\u0161\u010de: Gledali\u0161ka in koncertna dvorana Lendava<br \/>\n<i class=\"fas fa-chevron-circle-right\"><\/i> Organizator: <a href=\"https:\/\/www.jskd.si\/\">JSKD \u2013 Obmo\u010dna izpostava Lendava<\/a><\/p>\n<\/td>\n<\/tr>\n<tr>\n<td style=\"width: 10.0236%;\">\n<h6>11.<\/h6>\n<p><strong><img loading=\"lazy\" decoding=\"async\" class=\"alignnone wp-image-1587\" title=\"Brezpla\u010dna prireditev\" src=\"https:\/\/www1.kkl.si\/wp-content\/uploads\/2020\/07\/spored_simb_brezplacna-1.svg\" alt=\"brezplacna\" width=\"40\" height=\"40\" srcset=\"https:\/\/www1.kkl.si\/wp-content\/uploads\/\/2020\/07\/spored_simb_brezplacna-1.svg 150w, https:\/\/www1.kkl.si\/wp-content\/uploads\/\/2020\/07\/spored_simb_brezplacna-1.svg 400w, https:\/\/www1.kkl.si\/wp-content\/uploads\/\/2020\/07\/spored_simb_brezplacna-1.svg 1500w, https:\/\/www1.kkl.si\/wp-content\/uploads\/\/2020\/07\/spored_simb_brezplacna-1.svg 100w\" sizes=\"auto, (max-width: 40px) 100vw, 40px\" \/><\/strong><\/p>\n<\/td>\n<td style=\"width: 89.9764%;\">\n<p><strong> <a href=\"https:\/\/www1.kkl.si\/wp-content\/uploads\/2022\/04\/es_te_koltoSLO.jpg\" data-lbwps-width=\"1774\" data-lbwps-height=\"1233\" data-lbwps-srcsmall=\"https:\/\/www1.kkl.si\/wp-content\/uploads\/2022\/04\/es_te_koltoSLO-400x278.jpg\"><img loading=\"lazy\" decoding=\"async\" class=\"slika alignright wp-image-7234 size-thumbnail\" src=\"https:\/\/www1.kkl.si\/wp-content\/uploads\/2022\/04\/es_te_koltoSLO-150x150.jpg\" alt=\"\" width=\"150\" height=\"150\" \/><\/a><i class=\"fas fa-calendar\"><\/i> ponedeljek, 11. april 2022 | <span class=\"zanr\">portretni film<\/span> <span class=\"premiera\">PREMIERA<\/span><br \/>\n<i class=\"fas fa-clock\"><\/i> 18.00<\/strong><\/p>\n<p><a href=\"https:\/\/www1.kkl.si\/hu\/es-te-kolto-bence-lajos-muravideki-kolto-verses-portrefilmje\/\"><strong><span style=\"font-size: 28px;\">In ti, pesnik? \u2013 premiera portretnega filma o pesniku Lajosu Benceju<\/span><\/strong><\/a><\/p>\n<p><em>Film je v mad\u017earskem jeziku in je podnaslovljen s slovenskimi podnapisi.<\/em><\/p>\n<p><i class=\"fas fa-map-marker\"><\/i> Prizori\u0161\u010de: Gledali\u0161ka in koncertna dvorana Lendava<br \/>\n<i class=\"fas fa-chevron-circle-right\"><\/i> Organizator: <a href=\"https:\/\/www.mnmi-zkmn.si\/\">MNMI-ZKMN<\/a><\/p>\n<\/td>\n<\/tr>\n<tr>\n<td style=\"width: 10.0236%;\">\n<h6>23.<\/h6>\n<p><strong><img loading=\"lazy\" decoding=\"async\" class=\"wp-image-1591 alignnone\" title=\"Pla\u010dljiva prireditev\" src=\"https:\/\/www1.kkl.si\/wp-content\/uploads\/2020\/07\/spored_simb_placljiva-1.svg\" alt=\"placljiva\" width=\"40\" height=\"40\" srcset=\"https:\/\/www1.kkl.si\/wp-content\/uploads\/\/2020\/07\/spored_simb_placljiva-1.svg 150w, https:\/\/www1.kkl.si\/wp-content\/uploads\/\/2020\/07\/spored_simb_placljiva-1.svg 400w, https:\/\/www1.kkl.si\/wp-content\/uploads\/\/2020\/07\/spored_simb_placljiva-1.svg 1500w, https:\/\/www1.kkl.si\/wp-content\/uploads\/\/2020\/07\/spored_simb_placljiva-1.svg 100w\" sizes=\"auto, (max-width: 40px) 100vw, 40px\" \/><\/strong><\/p>\n<\/td>\n<td style=\"width: 89.9764%;\">\n<p><strong> <a href=\"https:\/\/www1.kkl.si\/wp-content\/uploads\/2022\/04\/plakat_B2_kukuc_smetiscni_skrat_2022_splet.jpg\" data-lbwps-width=\"1214\" data-lbwps-height=\"1700\" data-lbwps-srcsmall=\"https:\/\/www1.kkl.si\/wp-content\/uploads\/2022\/04\/plakat_B2_kukuc_smetiscni_skrat_2022_splet-286x400.jpg\"><img loading=\"lazy\" decoding=\"async\" class=\"slika alignright wp-image-7275\" src=\"https:\/\/www1.kkl.si\/wp-content\/uploads\/2022\/04\/plakat_B2_kukuc_smetiscni_skrat_2022_splet-286x400.jpg\" alt=\"\" width=\"150\" height=\"210\" srcset=\"https:\/\/www1.kkl.si\/wp-content\/uploads\/2022\/04\/plakat_B2_kukuc_smetiscni_skrat_2022_splet-286x400.jpg 286w, https:\/\/www1.kkl.si\/wp-content\/uploads\/2022\/04\/plakat_B2_kukuc_smetiscni_skrat_2022_splet-1071x1500.jpg 1071w, https:\/\/www1.kkl.si\/wp-content\/uploads\/2022\/04\/plakat_B2_kukuc_smetiscni_skrat_2022_splet.jpg 1214w\" sizes=\"auto, (max-width: 150px) 100vw, 150px\" \/><\/a><i class=\"fas fa-calendar\"><\/i> sobota, 23. april 2022 | <span class=\"zanr\">otro\u0161ka predstava<\/span><br \/>\n<i class=\"fas fa-clock\"><\/i> 10.00<\/strong><\/p>\n<p>Gledali\u0161\u010de KU-KUC<br \/>\n<a href=\"https:\/\/www1.kkl.si\/sl\/gledalisce-ku-kuc-smetiscni-skrat\/\"><span style=\"font-size: 28px;\"><strong>Smeti\u0161\u010dni \u0161krat in zme\u0161njava v \u017eivalskem vrtu<\/strong><\/span><\/a> <span class=\"starost\">3+<\/span><\/p>\n<p><i class=\"fas fa-ticket-alt\"><\/i> Vstopnica: <strong>2 \u20ac<\/strong><br \/>\n<i class=\"fas fa-map-marker\"><\/i> Prizori\u0161\u010de: Gledali\u0161ka in koncertna dvorana Lendava<br \/>\n<i class=\"fas fa-chevron-circle-right\"><\/i> Organizator: <a href=\"https:\/\/www.kkl.si\/\">Knji\u017enica \u2013 Kulturni center Lendava \u2013 Lendvai K\u00f6nyvt\u00e1r \u00e9s Kultur\u00e1lis K\u00f6zpont<\/a><\/p>\n<\/td>\n<\/tr>\n<tr>\n<td style=\"width: 10.0236%;\">\n<h6>26.<\/h6>\n<p><strong><img loading=\"lazy\" decoding=\"async\" class=\"alignnone wp-image-1587\" title=\"Brezpla\u010dna prireditev\" src=\"https:\/\/www1.kkl.si\/wp-content\/uploads\/2020\/07\/spored_simb_brezplacna-1.svg\" alt=\"brezplacna\" width=\"40\" height=\"40\" srcset=\"https:\/\/www1.kkl.si\/wp-content\/uploads\/\/2020\/07\/spored_simb_brezplacna-1.svg 150w, https:\/\/www1.kkl.si\/wp-content\/uploads\/\/2020\/07\/spored_simb_brezplacna-1.svg 400w, https:\/\/www1.kkl.si\/wp-content\/uploads\/\/2020\/07\/spored_simb_brezplacna-1.svg 1500w, https:\/\/www1.kkl.si\/wp-content\/uploads\/\/2020\/07\/spored_simb_brezplacna-1.svg 100w\" sizes=\"auto, (max-width: 40px) 100vw, 40px\" \/><\/strong><\/p>\n<\/td>\n<td style=\"width: 89.9764%;\">\n<p><strong> <a href=\"https:\/\/www1.kkl.si\/wp-content\/uploads\/2022\/04\/Plakat_PIA_SLO-HUN.jpg\" data-lbwps-width=\"1417\" data-lbwps-height=\"1984\" data-lbwps-srcsmall=\"https:\/\/www1.kkl.si\/wp-content\/uploads\/2022\/04\/Plakat_PIA_SLO-HUN-286x400.jpg\"><img loading=\"lazy\" decoding=\"async\" class=\"slika alignright wp-image-7239\" src=\"https:\/\/www1.kkl.si\/wp-content\/uploads\/2022\/04\/Plakat_PIA_SLO-HUN-286x400.jpg\" alt=\"\" width=\"150\" height=\"210\" srcset=\"https:\/\/www1.kkl.si\/wp-content\/uploads\/2022\/04\/Plakat_PIA_SLO-HUN-286x400.jpg 286w, https:\/\/www1.kkl.si\/wp-content\/uploads\/2022\/04\/Plakat_PIA_SLO-HUN-1071x1500.jpg 1071w, https:\/\/www1.kkl.si\/wp-content\/uploads\/2022\/04\/Plakat_PIA_SLO-HUN.jpg 1417w\" sizes=\"auto, (max-width: 150px) 100vw, 150px\" \/><\/a><i class=\"fas fa-calendar\"><\/i> torek, 26. april 2022 | <span class=\"zanr\">koncert<\/span> <span class=\"odpade\">ODPADE!<\/span><br \/>\n<i class=\"fas fa-clock\"><\/i> 19.00<\/strong><\/p>\n<p><a href=\"https:\/\/www1.kkl.si\/sl\/predmaturitetni-koncert-pie-novak\/\"><span style=\"font-size: 28px;\"><strong>Predmaturitetni koncert Pie Novak (sopran)<\/strong><\/span><\/a><\/p>\n<p>Klavirska spremljava: <strong>Darja Mlakar Male\u017ei\u010d<\/strong> | Mentorica: <strong>Tatjana Vasle<\/strong>, Konservatorij za glasbo in balet Ljubljana<\/p>\n<p><i class=\"fas fa-map-marker\"><\/i> Prizori\u0161\u010de: Gledali\u0161ka in koncertna dvorana Lendava<br \/>\n<i class=\"fas fa-chevron-circle-right\"><\/i> Organizator: <a href=\"http:\/\/www.zkd-lendava.com\/\">ZKD Lendava\/KKSz Lendva<\/a><\/p>\n<p><img loading=\"lazy\" decoding=\"async\" class=\"alignleft size-thumbnail wp-image-1490\" src=\"https:\/\/www1.kkl.si\/wp-content\/uploads\/2020\/03\/obvestilo_200px-150x150.png\" alt=\"\" width=\"150\" height=\"150\" \/><\/p>\n<p>Spo\u0161tovani obiskovalci, <\/p>\n<p>obve\u0161\u010damo vas, da je koncert zaradi bolezni odpovedan. Novi datum koncerta bomo sporo\u010dili naknadno. <\/p>\n<p><em>Hvala za razumevanje.<\/em><\/p>\n<\/td>\n<\/tr>\n<\/tbody>\n<\/table>\n<p style=\"text-align: center;\"><span style=\"font-size: 12px;\">Organizatorji si pridr\u017eujejo pravico do spremembe programa.<\/span><\/p>\n","protected":false},"excerpt":{"rendered":"<p>Leto 2022: januar | februar | marec | april | maj | junij | julij | avgust | september | oktober | november | december | ARHIV LEGENDA SIMBOLOV Slovenski abonma Mad\u017earski abonma Zaklju\u010dena prireditev Brezpla\u010dna prireditev Pla\u010dljiva prireditev Novost, sprememba 7. \u010detrtek, 7. april 2022 | kulturna prireditev, razstava 19.00 Predstavitev albuma in otvoritev [&hellip;]<\/p>\n","protected":false},"author":2,"featured_media":0,"parent":0,"menu_order":0,"comment_status":"closed","ping_status":"closed","template":"","meta":{"footnotes":""},"class_list":["post-6983","page","type-page","status-publish","hentry","post"],"_links":{"self":[{"href":"https:\/\/www1.kkl.si\/sl\/wp-json\/wp\/v2\/pages\/6983","targetHints":{"allow":["GET"]}}],"collection":[{"href":"https:\/\/www1.kkl.si\/sl\/wp-json\/wp\/v2\/pages"}],"about":[{"href":"https:\/\/www1.kkl.si\/sl\/wp-json\/wp\/v2\/types\/page"}],"author":[{"embeddable":true,"href":"https:\/\/www1.kkl.si\/sl\/wp-json\/wp\/v2\/users\/2"}],"replies":[{"embeddable":true,"href":"https:\/\/www1.kkl.si\/sl\/wp-json\/wp\/v2\/comments?post=6983"}],"version-history":[{"count":46,"href":"https:\/\/www1.kkl.si\/sl\/wp-json\/wp\/v2\/pages\/6983\/revisions"}],"predecessor-version":[{"id":10822,"href":"https:\/\/www1.kkl.si\/sl\/wp-json\/wp\/v2\/pages\/6983\/revisions\/10822"}],"wp:attachment":[{"href":"https:\/\/www1.kkl.si\/sl\/wp-json\/wp\/v2\/media?parent=6983"}],"curies":[{"name":"wp","href":"https:\/\/api.w.org\/{rel}","templated":true}]}}