{"id":7023,"date":"2022-03-23T11:19:24","date_gmt":"2022-03-23T10:19:24","guid":{"rendered":"https:\/\/www1.kkl.si\/?page_id=7023"},"modified":"2022-03-23T15:59:51","modified_gmt":"2022-03-23T14:59:51","slug":"skupni-koncert-ucencev-glasbenih-sol-lendava-in-lenti","status":"publish","type":"page","link":"https:\/\/www1.kkl.si\/sl\/skupni-koncert-ucencev-glasbenih-sol-lendava-in-lenti\/","title":{"rendered":"Skupni koncert u\u010dencev glasbenih \u0161ol Lendava in Lenti"},"content":{"rendered":"<div class=\"opis\"><img loading=\"lazy\" decoding=\"async\" class=\"wp-image-1587 alignright\" title=\"Brezpla\u010dna prireditev\" src=\"https:\/\/www1.kkl.si\/wp-content\/uploads\/2020\/07\/spored_simb_brezplacna-1.svg\" alt=\"brezplacna\" width=\"40\" height=\"40\" srcset=\"https:\/\/www1.kkl.si\/wp-content\/uploads\/\/2020\/07\/spored_simb_brezplacna-1.svg 150w, https:\/\/www1.kkl.si\/wp-content\/uploads\/\/2020\/07\/spored_simb_brezplacna-1.svg 400w, https:\/\/www1.kkl.si\/wp-content\/uploads\/\/2020\/07\/spored_simb_brezplacna-1.svg 1500w, https:\/\/www1.kkl.si\/wp-content\/uploads\/\/2020\/07\/spored_simb_brezplacna-1.svg 100w\" sizes=\"auto, (max-width: 40px) 100vw, 40px\" \/><i class=\"fas fa-calendar\"><\/i> <strong>sreda, 30. marec 2022 | <span class=\"zanr\">koncert<\/span><br \/>\n<\/strong><i class=\"fas fa-clock\"><\/i> <strong>18.00<\/strong> <br \/>\n<i class=\"fas fa-map-marker\"><\/i> Prizori\u0161\u010de: Gledali\u0161ka in koncertna dvorana Lendava<br \/>\n<i class=\"fas fa-chevron-circle-right\"><\/i> Organizator: <a href=\"http:\/\/www.gs-lendava.si\/\">Glasbena \u0161ola Lendava\/Zeneiskola Lendva<\/a><\/div>\n<p><a href=\"https:\/\/www1.kkl.si\/wp-content\/uploads\/2022\/03\/plakat_Lenti-Lendva_koncert_2022_DVOJ.jpg\" data-lbwps-width=\"2143\" data-lbwps-height=\"3000\" data-lbwps-srcsmall=\"https:\/\/www1.kkl.si\/wp-content\/uploads\/2022\/03\/plakat_Lenti-Lendva_koncert_2022_DVOJ.jpg\"><img loading=\"lazy\" decoding=\"async\" class=\"alignright size-medium wp-image-7016\" src=\"https:\/\/www1.kkl.si\/wp-content\/uploads\/2022\/03\/plakat_Lenti-Lendva_koncert_2022_DVOJ-scaled-286x400.jpg\" alt=\"\" width=\"286\" height=\"400\" srcset=\"https:\/\/www1.kkl.si\/wp-content\/uploads\/2022\/03\/plakat_Lenti-Lendva_koncert_2022_DVOJ-scaled-286x400.jpg 286w, https:\/\/www1.kkl.si\/wp-content\/uploads\/2022\/03\/plakat_Lenti-Lendva_koncert_2022_DVOJ-scaled-1072x1500.jpg 1072w, https:\/\/www1.kkl.si\/wp-content\/uploads\/2022\/03\/plakat_Lenti-Lendva_koncert_2022_DVOJ-scaled.jpg 1829w\" sizes=\"auto, (max-width: 286px) 100vw, 286px\" \/><\/a>V A B I L O<\/p>\n<p>Spo\u0161tovani,<\/p>\n<p>vljudno vas vabimo na<br \/>\n<strong>SKUPNI KONCERT u\u010dencev glasbenih \u0161ol Lendava in Lenti,<\/strong><br \/>\nki bo v sredo, 30. marca 2022, ob 18. uri <br \/>\nv Gledali\u0161ki in koncertni dvorani v Lendavi.<\/p>\n<p><em>Kolektiv G\u0160 Lendava<\/em><br \/>\n<em>in ravnateljica Hajnalka Magyar<\/em><\/p>\n","protected":false},"excerpt":{"rendered":"<p>sreda, 30. marec 2022 | koncert 18.00 Prizori\u0161\u010de: Gledali\u0161ka in koncertna dvorana Lendava Organizator: Glasbena \u0161ola Lendava\/Zeneiskola Lendva V A B I L O Spo\u0161tovani, vljudno vas vabimo na SKUPNI KONCERT u\u010dencev glasbenih \u0161ol Lendava in Lenti, ki bo v sredo, 30. marca 2022, ob 18. uri v Gledali\u0161ki in koncertni dvorani v Lendavi. Kolektiv [&hellip;]<\/p>\n","protected":false},"author":2,"featured_media":7016,"parent":0,"menu_order":0,"comment_status":"closed","ping_status":"closed","template":"","meta":{"footnotes":""},"class_list":["post-7023","page","type-page","status-publish","has-post-thumbnail","hentry","post","post-with-thumbnail","post-with-thumbnail-icon"],"_links":{"self":[{"href":"https:\/\/www1.kkl.si\/sl\/wp-json\/wp\/v2\/pages\/7023","targetHints":{"allow":["GET"]}}],"collection":[{"href":"https:\/\/www1.kkl.si\/sl\/wp-json\/wp\/v2\/pages"}],"about":[{"href":"https:\/\/www1.kkl.si\/sl\/wp-json\/wp\/v2\/types\/page"}],"author":[{"embeddable":true,"href":"https:\/\/www1.kkl.si\/sl\/wp-json\/wp\/v2\/users\/2"}],"replies":[{"embeddable":true,"href":"https:\/\/www1.kkl.si\/sl\/wp-json\/wp\/v2\/comments?post=7023"}],"version-history":[{"count":5,"href":"https:\/\/www1.kkl.si\/sl\/wp-json\/wp\/v2\/pages\/7023\/revisions"}],"predecessor-version":[{"id":7031,"href":"https:\/\/www1.kkl.si\/sl\/wp-json\/wp\/v2\/pages\/7023\/revisions\/7031"}],"wp:featuredmedia":[{"embeddable":true,"href":"https:\/\/www1.kkl.si\/sl\/wp-json\/wp\/v2\/media\/7016"}],"wp:attachment":[{"href":"https:\/\/www1.kkl.si\/sl\/wp-json\/wp\/v2\/media?parent=7023"}],"curies":[{"name":"wp","href":"https:\/\/api.w.org\/{rel}","templated":true}]}}