{"id":7064,"date":"2022-03-24T14:14:04","date_gmt":"2022-03-24T13:14:04","guid":{"rendered":"https:\/\/www1.kkl.si\/?page_id=7064"},"modified":"2022-03-24T15:20:14","modified_gmt":"2022-03-24T14:20:14","slug":"sufrazetke","status":"publish","type":"page","link":"https:\/\/www1.kkl.si\/sl\/sufrazetke\/","title":{"rendered":"Sufra\u017eetke"},"content":{"rendered":"<div class=\"opis\"><img loading=\"lazy\" decoding=\"async\" class=\"wp-image-1587 alignright\" title=\"Brezpla\u010dna prireditev\" src=\"https:\/\/www1.kkl.si\/wp-content\/uploads\/2020\/07\/spored_simb_brezplacna-1.svg\" alt=\"brezplacna\" width=\"40\" height=\"40\" srcset=\"https:\/\/www1.kkl.si\/wp-content\/uploads\/\/2020\/07\/spored_simb_brezplacna-1.svg 150w, https:\/\/www1.kkl.si\/wp-content\/uploads\/\/2020\/07\/spored_simb_brezplacna-1.svg 400w, https:\/\/www1.kkl.si\/wp-content\/uploads\/\/2020\/07\/spored_simb_brezplacna-1.svg 1500w, https:\/\/www1.kkl.si\/wp-content\/uploads\/\/2020\/07\/spored_simb_brezplacna-1.svg 100w\" sizes=\"auto, (max-width: 40px) 100vw, 40px\" \/><i class=\"fas fa-calendar\"><\/i> <strong>petek, 25. marec 2022 | <span class=\"zanr\">film: drama<\/span><br \/>\n<\/strong><i class=\"fas fa-clock\"><\/i> <strong>18.00<\/strong> <br \/>\n<i class=\"fas fa-map-marker\"><\/i> Prizori\u0161\u010de: Gledali\u0161ka in koncertna dvorana Lendava<br \/>\n<i class=\"fas fa-chevron-circle-right\"><\/i> Organizator: <a href=\"https:\/\/mmisz.eu\/\">Pomursko mad\u017earsko mladinsko dru\u0161tvo\/Muravide\u0301ki Magyar Ifju\u0301sa\u0301gi Szervezet<\/a><\/div>\n<p><a href=\"https:\/\/www1.kkl.si\/wp-content\/uploads\/2022\/03\/sufrazetka.jpg\" data-lbwps-width=\"1080\" data-lbwps-height=\"1080\" data-lbwps-srcsmall=\"https:\/\/www1.kkl.si\/wp-content\/uploads\/2022\/03\/sufrazetka-400x400.jpg\"><img loading=\"lazy\" decoding=\"async\" class=\"alignnone size-large wp-image-7037\" src=\"https:\/\/www1.kkl.si\/wp-content\/uploads\/2022\/03\/sufrazetka-1080x1080.jpg\" alt=\"\" width=\"1080\" height=\"1080\" srcset=\"https:\/\/www1.kkl.si\/wp-content\/uploads\/2022\/03\/sufrazetka.jpg 1080w, https:\/\/www1.kkl.si\/wp-content\/uploads\/2022\/03\/sufrazetka-150x150.jpg 150w, https:\/\/www1.kkl.si\/wp-content\/uploads\/2022\/03\/sufrazetka-400x400.jpg 400w\" sizes=\"auto, (max-width: 1080px) 100vw, 1080px\" \/><\/a><\/p>\n<p>A si se tudi ti naveli\u010dal biti nenehno doma in bi si rad ogledal en zanimiv film v dobri dru\u017ebi?<br \/>\n\u010ce je tako, je tvoje mesto v Film klubu!<\/p>\n<p>Pomursko Mad\u017earsko Mladinsko Dru\u0161tvo za\u010denja svoj celoletni projekt z naslovom Film klub, znotraj katerega bo\u0161 se lahko sre\u010dal s \u0161tevilnimi razli\u010dnimi filmi.<\/p>\n<p>\u010cakajo te trenutki polni humorja in drame, tudi trenutki katarze in zanimive diskusije.<\/p>\n<p><strong>Kateri film si bomo prvi\u010d ogledali?<\/strong> Sufra\u017eetke<\/p>\n<p><strong>Jezik:<\/strong> angle\u0161ki, slovenski podnapisi<\/p>\n<p><strong>Kdaj?<\/strong> 25. marec<\/p>\n<p><strong>Kje?<\/strong> Gledali\u0161ka in koncertna dvorana Lendava<\/p>\n<p><strong>Ob kolkih?<\/strong> 18.00<\/p>\n<p><strong>In kaj sledi po ogledu filma?<\/strong> Diskusija o vsebini filma v mad\u017earskem jeziku<\/p>\n<p><em>Pridi in si oglej z nami prvi film! Vabljeni vsi zainteresirani!<\/em><\/p>\n\n\t\t<style type=\"text\/css\">\n\t\t\t#gallery-1 {\n\t\t\t\tmargin: auto;\n\t\t\t}\n\t\t\t#gallery-1 .gallery-item {\n\t\t\t\tfloat: left;\n\t\t\t\tmargin-top: 10px;\n\t\t\t\ttext-align: center;\n\t\t\t\twidth: 16%;\n\t\t\t}\n\t\t\t#gallery-1 img {\n\t\t\t\tborder: 2px solid #cfcfcf;\n\t\t\t}\n\t\t\t#gallery-1 .gallery-caption {\n\t\t\t\tmargin-left: 0;\n\t\t\t}\n\t\t\t\/* see gallery_shortcode() in wp-includes\/media.php *\/\n\t\t<\/style>\n\t\t<div id='gallery-1' class='gallery galleryid-7064 gallery-columns-6 gallery-size-thumbnail'><dl class='gallery-item'>\n\t\t\t<dt class='gallery-icon landscape'>\n\t\t\t\t<a href='https:\/\/www1.kkl.si\/wp-content\/uploads\/2022\/03\/sufrazetka1.jpg'><img loading=\"lazy\" decoding=\"async\" width=\"150\" height=\"150\" src=\"https:\/\/www1.kkl.si\/wp-content\/uploads\/2022\/03\/sufrazetka1-150x150.jpg\" class=\"attachment-thumbnail size-thumbnail\" alt=\"\" \/><\/a>\n\t\t\t<\/dt><\/dl><dl class='gallery-item'>\n\t\t\t<dt class='gallery-icon landscape'>\n\t\t\t\t<a href='https:\/\/www1.kkl.si\/wp-content\/uploads\/2022\/03\/sufrazetka2.jpg'><img loading=\"lazy\" decoding=\"async\" width=\"150\" height=\"150\" src=\"https:\/\/www1.kkl.si\/wp-content\/uploads\/2022\/03\/sufrazetka2-150x150.jpg\" class=\"attachment-thumbnail size-thumbnail\" alt=\"\" \/><\/a>\n\t\t\t<\/dt><\/dl><dl class='gallery-item'>\n\t\t\t<dt class='gallery-icon landscape'>\n\t\t\t\t<a href='https:\/\/www1.kkl.si\/wp-content\/uploads\/2022\/03\/sufrazetka3.jpg'><img loading=\"lazy\" decoding=\"async\" width=\"150\" height=\"150\" src=\"https:\/\/www1.kkl.si\/wp-content\/uploads\/2022\/03\/sufrazetka3-150x150.jpg\" class=\"attachment-thumbnail size-thumbnail\" alt=\"\" \/><\/a>\n\t\t\t<\/dt><\/dl><dl class='gallery-item'>\n\t\t\t<dt class='gallery-icon landscape'>\n\t\t\t\t<a href='https:\/\/www1.kkl.si\/wp-content\/uploads\/2022\/03\/sufrazetka4.jpg'><img loading=\"lazy\" decoding=\"async\" width=\"150\" height=\"150\" src=\"https:\/\/www1.kkl.si\/wp-content\/uploads\/2022\/03\/sufrazetka4-150x150.jpg\" class=\"attachment-thumbnail size-thumbnail\" alt=\"\" \/><\/a>\n\t\t\t<\/dt><\/dl><dl class='gallery-item'>\n\t\t\t<dt class='gallery-icon landscape'>\n\t\t\t\t<a href='https:\/\/www1.kkl.si\/wp-content\/uploads\/2022\/03\/sufrazetka5.jpg'><img loading=\"lazy\" decoding=\"async\" width=\"150\" height=\"150\" src=\"https:\/\/www1.kkl.si\/wp-content\/uploads\/2022\/03\/sufrazetka5-150x150.jpg\" class=\"attachment-thumbnail size-thumbnail\" alt=\"\" \/><\/a>\n\t\t\t<\/dt><\/dl><dl class='gallery-item'>\n\t\t\t<dt class='gallery-icon portrait'>\n\t\t\t\t<a href='https:\/\/www1.kkl.si\/wp-content\/uploads\/2022\/03\/sufrazetka6.jpg'><img loading=\"lazy\" decoding=\"async\" width=\"150\" height=\"150\" src=\"https:\/\/www1.kkl.si\/wp-content\/uploads\/2022\/03\/sufrazetka6-150x150.jpg\" class=\"attachment-thumbnail size-thumbnail\" alt=\"\" \/><\/a>\n\t\t\t<\/dt><\/dl><br style=\"clear: both\" \/>\n\t\t<\/div>\n\n<p>Politi\u010dna drama, ki so jo navdihnile resni\u010dne sufra\u017eetke \u2013 prve borke za enakopravnost \u017eensk v poznem 19. stoletju, prikazuje turobno \u017eivljenje mlade Maud Watts, ki poleg skrbi za revno dru\u017eino do\u017eivlja vsakodnevna poni\u017eanja na delu v pralnici. \u010ceprav ni izobra\u017eena, jo navdihnejo govori vodje gibanja Emmeline Pankhurst, ki se odlo\u010dno zavzema za pravice \u017eensk. Toda patriarhalna dru\u017eba ostaja gluha, zato se Maud pridru\u017ei skupini \u017eensk, ki na\u010drtujejo nasilen upor proti oblasti, \u010deprav s tem postavijo na kocko svoja \u017eivljenja, pa tudi ugled in prihodnost lastnih dru\u017ein.<\/p>\n","protected":false},"excerpt":{"rendered":"<p>petek, 25. marec 2022 | film: drama 18.00 Prizori\u0161\u010de: Gledali\u0161ka in koncertna dvorana Lendava Organizator: Pomursko mad\u017earsko mladinsko dru\u0161tvo\/Muravide\u0301ki Magyar Ifju\u0301sa\u0301gi Szervezet A si se tudi ti naveli\u010dal biti nenehno doma in bi si rad ogledal en zanimiv film v dobri dru\u017ebi? \u010ce je tako, je tvoje mesto v Film klubu! Pomursko Mad\u017earsko Mladinsko Dru\u0161tvo [&hellip;]<\/p>\n","protected":false},"author":2,"featured_media":7037,"parent":0,"menu_order":0,"comment_status":"closed","ping_status":"closed","template":"","meta":{"footnotes":""},"class_list":["post-7064","page","type-page","status-publish","has-post-thumbnail","hentry","post","post-with-thumbnail","post-with-thumbnail-icon"],"_links":{"self":[{"href":"https:\/\/www1.kkl.si\/sl\/wp-json\/wp\/v2\/pages\/7064","targetHints":{"allow":["GET"]}}],"collection":[{"href":"https:\/\/www1.kkl.si\/sl\/wp-json\/wp\/v2\/pages"}],"about":[{"href":"https:\/\/www1.kkl.si\/sl\/wp-json\/wp\/v2\/types\/page"}],"author":[{"embeddable":true,"href":"https:\/\/www1.kkl.si\/sl\/wp-json\/wp\/v2\/users\/2"}],"replies":[{"embeddable":true,"href":"https:\/\/www1.kkl.si\/sl\/wp-json\/wp\/v2\/comments?post=7064"}],"version-history":[{"count":2,"href":"https:\/\/www1.kkl.si\/sl\/wp-json\/wp\/v2\/pages\/7064\/revisions"}],"predecessor-version":[{"id":7081,"href":"https:\/\/www1.kkl.si\/sl\/wp-json\/wp\/v2\/pages\/7064\/revisions\/7081"}],"wp:featuredmedia":[{"embeddable":true,"href":"https:\/\/www1.kkl.si\/sl\/wp-json\/wp\/v2\/media\/7037"}],"wp:attachment":[{"href":"https:\/\/www1.kkl.si\/sl\/wp-json\/wp\/v2\/media?parent=7064"}],"curies":[{"name":"wp","href":"https:\/\/api.w.org\/{rel}","templated":true}]}}