{"id":7182,"date":"2022-04-06T11:50:54","date_gmt":"2022-04-06T09:50:54","guid":{"rendered":"https:\/\/www1.kkl.si\/?page_id=7182"},"modified":"2022-04-06T22:46:43","modified_gmt":"2022-04-06T20:46:43","slug":"predstavitev-albuma-in-otvoritev-komorne-razstave-slikarja-laszla-nemesa","status":"publish","type":"page","link":"https:\/\/www1.kkl.si\/sl\/predstavitev-albuma-in-otvoritev-komorne-razstave-slikarja-laszla-nemesa\/","title":{"rendered":"Predstavitev albuma in otvoritev komorne razstave slikarja L\u00e1szla Nemesa"},"content":{"rendered":"<div class=\"opis\"><strong><img loading=\"lazy\" decoding=\"async\" class=\"wp-image-1587 alignright\" title=\"Brezpla\u010dna prireditev\" src=\"https:\/\/www1.kkl.si\/wp-content\/uploads\/\/2020\/07\/spored_simb_brezplacna-1.svg\" alt=\"brezplacna\" width=\"40\" height=\"40\" srcset=\"https:\/\/www1.kkl.si\/wp-content\/uploads\/\/2020\/07\/spored_simb_brezplacna-1.svg 150w, https:\/\/www1.kkl.si\/wp-content\/uploads\/\/2020\/07\/spored_simb_brezplacna-1.svg 400w, https:\/\/www1.kkl.si\/wp-content\/uploads\/\/2020\/07\/spored_simb_brezplacna-1.svg 1500w, https:\/\/www1.kkl.si\/wp-content\/uploads\/\/2020\/07\/spored_simb_brezplacna-1.svg 100w\" sizes=\"auto, (max-width: 40px) 100vw, 40px\" \/><i class=\"fas fa-calendar\"><\/i> <\/strong><strong>\u010detrtek, 7. april 2022 | <span class=\"zanr\">kulturna prireditev, razstava<\/span><br \/>\n<i class=\"fas fa-clock\"><\/i> 19.00<\/strong><br \/>\n<i class=\"fas fa-map-marker\"><\/i> Prizori\u0161\u010de: Gledali\u0161ka in koncertna dvorana Lendava<br \/>\n<i class=\"fas fa-chevron-circle-right\"><\/i> Organizator: <a href=\"https:\/\/www.mnmi-zkmn.si\/\">MNMI-ZKMN<\/a><\/div>\n<div>\n<p><a href=\"https:\/\/www1.kkl.si\/wp-content\/uploads\/2022\/04\/Nemes-meghivo.jpg\" data-lbwps-width=\"715\" data-lbwps-height=\"321\" data-lbwps-srcsmall=\"https:\/\/www1.kkl.si\/wp-content\/uploads\/2022\/04\/Nemes-meghivo-400x180.jpg\"><img loading=\"lazy\" decoding=\"async\" class=\"alignright size-thumbnail wp-image-7152\" src=\"https:\/\/www1.kkl.si\/wp-content\/uploads\/2022\/04\/Nemes-meghivo-150x150.jpg\" alt=\"\" width=\"150\" height=\"150\" \/><\/a>Prisr\u010dno vabljeni na predstavitev<\/p>\n<p>Albuma in otvoritev komorne razstave slikarja L\u00e1szla Nemesa,<\/p>\n<p>ki bo v \u010detrtek, <strong>7. parila 2022, ob 19. uri<\/strong><br \/>\nv avli Gledali\u0161ke in koncertne dvorane v Lendavi.<\/p>\n<p>Pozdravne nagovore bodo imeli:<br \/>\n<em><strong>Zolt\u00e1n Balaicz<\/strong><\/em>, \u017eupan mesta Zalaegerszeg<br \/>\n<em><strong>Janez Magyar<\/strong><\/em>, \u017eupan ob\u010dine Lendava<br \/>\n<em><strong>Mihael \u0160oo\u0161<\/strong><\/em>, direktor Zavoda za kulturo mad\u017earske narodnosti<\/p>\n<p>S slikarjem se bosta pogovarjala<br \/>\nurednika <em><strong>P\u00e9ter Seres<\/strong><\/em> in <em><strong>Lili Kepe Kocon.<\/strong><\/em><\/p>\n<p>Na prireditvi bosta sodelovala violinist <strong>Peter Ko\u0161a<\/strong> in klavirist <strong>Emil Pal<\/strong>.<\/p>\n<p><em>Razstava bo na ogled do 3. maja 2022.<\/em><\/p>\n<p>Avtor in organizator<\/p>\n<\/div>\n<div>\n<hr \/>\n<p><i class=\"fas fa-link\"><\/i> <a href=\"https:\/\/www.mnmi-zkmn.si\/event\/nemes-laszlo-festomuvesz-albumanak-bemutatoja\/\">https:\/\/www.mnmi-zkmn.si\/event\/nemes-laszlo-festomuvesz-albumanak-bemutatoja\/<\/a><\/p>\n<\/div>\n","protected":false},"excerpt":{"rendered":"<p>\u010detrtek, 7. april 2022 | kulturna prireditev, razstava 19.00 Prizori\u0161\u010de: Gledali\u0161ka in koncertna dvorana Lendava Organizator: MNMI-ZKMN Prisr\u010dno vabljeni na predstavitev Albuma in otvoritev komorne razstave slikarja L\u00e1szla Nemesa, ki bo v \u010detrtek, 7. parila 2022, ob 19. uri v avli Gledali\u0161ke in koncertne dvorane v Lendavi. Pozdravne nagovore bodo imeli: Zolt\u00e1n Balaicz, \u017eupan mesta [&hellip;]<\/p>\n","protected":false},"author":2,"featured_media":7152,"parent":0,"menu_order":0,"comment_status":"closed","ping_status":"closed","template":"","meta":{"footnotes":""},"class_list":["post-7182","page","type-page","status-publish","has-post-thumbnail","hentry","post","post-with-thumbnail","post-with-thumbnail-icon"],"_links":{"self":[{"href":"https:\/\/www1.kkl.si\/sl\/wp-json\/wp\/v2\/pages\/7182","targetHints":{"allow":["GET"]}}],"collection":[{"href":"https:\/\/www1.kkl.si\/sl\/wp-json\/wp\/v2\/pages"}],"about":[{"href":"https:\/\/www1.kkl.si\/sl\/wp-json\/wp\/v2\/types\/page"}],"author":[{"embeddable":true,"href":"https:\/\/www1.kkl.si\/sl\/wp-json\/wp\/v2\/users\/2"}],"replies":[{"embeddable":true,"href":"https:\/\/www1.kkl.si\/sl\/wp-json\/wp\/v2\/comments?post=7182"}],"version-history":[{"count":4,"href":"https:\/\/www1.kkl.si\/sl\/wp-json\/wp\/v2\/pages\/7182\/revisions"}],"predecessor-version":[{"id":7229,"href":"https:\/\/www1.kkl.si\/sl\/wp-json\/wp\/v2\/pages\/7182\/revisions\/7229"}],"wp:featuredmedia":[{"embeddable":true,"href":"https:\/\/www1.kkl.si\/sl\/wp-json\/wp\/v2\/media\/7152"}],"wp:attachment":[{"href":"https:\/\/www1.kkl.si\/sl\/wp-json\/wp\/v2\/media?parent=7182"}],"curies":[{"name":"wp","href":"https:\/\/api.w.org\/{rel}","templated":true}]}}