{"id":7202,"date":"2022-04-06T15:45:19","date_gmt":"2022-04-06T13:45:19","guid":{"rendered":"https:\/\/www1.kkl.si\/?page_id=7202"},"modified":"2022-05-17T12:12:23","modified_gmt":"2022-05-17T10:12:23","slug":"in-ti-pesnik-premiera-portretnega-filma-o-pesniku-lajosu-benceju","status":"publish","type":"page","link":"https:\/\/www1.kkl.si\/sl\/in-ti-pesnik-premiera-portretnega-filma-o-pesniku-lajosu-benceju\/","title":{"rendered":"In ti, pesnik? \u2013 premiera portretnega filma o pesniku Lajosu Benceju"},"content":{"rendered":"<div class=\"opis\"><strong><img loading=\"lazy\" decoding=\"async\" class=\"wp-image-1587 alignright\" title=\"Brezpla\u010dna prireditev\" src=\"https:\/\/www1.kkl.si\/wp-content\/uploads\/\/2020\/07\/spored_simb_brezplacna-1.svg\" alt=\"brezplacna\" width=\"40\" height=\"40\" srcset=\"https:\/\/www1.kkl.si\/wp-content\/uploads\/\/2020\/07\/spored_simb_brezplacna-1.svg 150w, https:\/\/www1.kkl.si\/wp-content\/uploads\/\/2020\/07\/spored_simb_brezplacna-1.svg 400w, https:\/\/www1.kkl.si\/wp-content\/uploads\/\/2020\/07\/spored_simb_brezplacna-1.svg 1500w, https:\/\/www1.kkl.si\/wp-content\/uploads\/\/2020\/07\/spored_simb_brezplacna-1.svg 100w\" sizes=\"auto, (max-width: 40px) 100vw, 40px\" \/><i class=\"fas fa-calendar\"><\/i> <\/strong><strong>ponedeljek, 11. april 2022 | <span class=\"zanr\">portretni film<\/span> <span class=\"premiera\">PREMIERA<\/span><br \/>\n<i class=\"fas fa-clock\"><\/i> 18.00<\/strong><br \/>\n<i class=\"fas fa-map-marker\"><\/i> Prizori\u0161\u010de: Gledali\u0161ka in koncertna dvorana Lendava<br \/>\n<i class=\"fas fa-chevron-circle-right\"><\/i> Szervez\u0151: <a href=\"https:\/\/www.mnmi-zkmn.si\/\">MNMI-ZKMN<\/a><\/div>\n<div>\n<p><a href=\"https:\/\/www1.kkl.si\/wp-content\/uploads\/2022\/04\/es_te_koltoSLO.jpg\" data-lbwps-width=\"1774\" data-lbwps-height=\"1233\" data-lbwps-srcsmall=\"https:\/\/www1.kkl.si\/wp-content\/uploads\/2022\/04\/es_te_koltoSLO-400x278.jpg\"><img loading=\"lazy\" decoding=\"async\" class=\"alignright size-medium wp-image-7234\" src=\"https:\/\/www1.kkl.si\/wp-content\/uploads\/2022\/04\/es_te_koltoSLO-400x278.jpg\" alt=\"\" width=\"400\" height=\"278\" srcset=\"https:\/\/www1.kkl.si\/wp-content\/uploads\/2022\/04\/es_te_koltoSLO-400x278.jpg 400w, https:\/\/www1.kkl.si\/wp-content\/uploads\/2022\/04\/es_te_koltoSLO-1500x1043.jpg 1500w, https:\/\/www1.kkl.si\/wp-content\/uploads\/2022\/04\/es_te_koltoSLO.jpg 1774w\" sizes=\"auto, (max-width: 400px) 100vw, 400px\" \/><\/a>Ob dnevu mad\u017earske poezije vas vljudno vabimo na premiero portretnega filma o Lajosu Benceju z naslovom<br \/>\n<strong>In ti, pesnik?<\/strong><br \/>\nV filmu, poleg osebne izpovedi, lahko prisluhnemo recitalom, preko nadarjenih recitatorjev, kjer poezija reflektira druga na drugo. Kajti tam, kjer ima skupnost \u017eivega pesnika, so \u017eive tudi pesmi.<\/p>\n<p><em>Film je v mad\u017earskem jeziku in podnaslovljen s slovenskimi podnapisi.<\/em><\/p>\n<p><em><strong>Rendez\u0151\/Re\u017eiserka:<\/strong><\/em> G\u00e1l Anaszt\u00e1zia<br \/>\n<em><strong>Operat\u0151r\/Operater:<\/strong> <\/em>L\u00e1szl\u00f3 G\u00e1bor<\/p>\n<p><em><strong>Versmond\u00f3k\/Recitatorji:<\/strong><\/em> Bellus Attila sz\u00ednm\u0171v\u00e9sz, Bogdan Lara, Gal Alja, Horv\u00e1th Bendeg\u00faz, Kova\u010d \u00c1lmos, Lebar Elisa, Ruzsics Gerg\u0151, Peter \u0160oo\u0161, So\u00f3s Zsombor, Sz\u00e9pligeti M\u00e1ty\u00e1s, Ticz Andr\u00e1s sz\u00ednm\u0171v\u00e9sz, Varga Kata-Lina sz\u00ednm\u0171v\u00e9sz, V\u00e9gi No\u00e9mi, V\u00f6r\u00f6s Piroska, Zadravec Szekeres Ilona<\/p>\n<p><em><strong>Gy\u00e1rt\u00e1s \u00e9ve\/Leto izdelave:<\/strong><\/em> 2022.<br \/>\n<em><strong>Gy\u00e1rt\u00f3 c\u00e9g\/Produkcija:<\/strong><\/em> K\u00e9thelyk\u00f6zt Film Kft<br \/>\n<em><strong>T\u00e1mogat\u00f3\/Sponzor:<\/strong><\/em> Nemzeti Filmint\u00e9zet Magyarorsz\u00e1g<\/p>\n<\/div>\n","protected":false},"excerpt":{"rendered":"<p>ponedeljek, 11. april 2022 | portretni film PREMIERA 18.00 Prizori\u0161\u010de: Gledali\u0161ka in koncertna dvorana Lendava Szervez\u0151: MNMI-ZKMN Ob dnevu mad\u017earske poezije vas vljudno vabimo na premiero portretnega filma o Lajosu Benceju z naslovom In ti, pesnik? V filmu, poleg osebne izpovedi, lahko prisluhnemo recitalom, preko nadarjenih recitatorjev, kjer poezija reflektira druga na drugo. Kajti tam, [&hellip;]<\/p>\n","protected":false},"author":2,"featured_media":0,"parent":0,"menu_order":0,"comment_status":"closed","ping_status":"closed","template":"","meta":{"footnotes":""},"class_list":["post-7202","page","type-page","status-publish","hentry","post"],"_links":{"self":[{"href":"https:\/\/www1.kkl.si\/sl\/wp-json\/wp\/v2\/pages\/7202","targetHints":{"allow":["GET"]}}],"collection":[{"href":"https:\/\/www1.kkl.si\/sl\/wp-json\/wp\/v2\/pages"}],"about":[{"href":"https:\/\/www1.kkl.si\/sl\/wp-json\/wp\/v2\/types\/page"}],"author":[{"embeddable":true,"href":"https:\/\/www1.kkl.si\/sl\/wp-json\/wp\/v2\/users\/2"}],"replies":[{"embeddable":true,"href":"https:\/\/www1.kkl.si\/sl\/wp-json\/wp\/v2\/comments?post=7202"}],"version-history":[{"count":2,"href":"https:\/\/www1.kkl.si\/sl\/wp-json\/wp\/v2\/pages\/7202\/revisions"}],"predecessor-version":[{"id":7237,"href":"https:\/\/www1.kkl.si\/sl\/wp-json\/wp\/v2\/pages\/7202\/revisions\/7237"}],"wp:attachment":[{"href":"https:\/\/www1.kkl.si\/sl\/wp-json\/wp\/v2\/media?parent=7202"}],"curies":[{"name":"wp","href":"https:\/\/api.w.org\/{rel}","templated":true}]}}