{"id":7244,"date":"2022-04-08T14:05:45","date_gmt":"2022-04-08T12:05:45","guid":{"rendered":"https:\/\/www1.kkl.si\/?page_id=7244"},"modified":"2022-04-25T17:12:02","modified_gmt":"2022-04-25T15:12:02","slug":"predmaturitetni-koncert-pie-novak","status":"publish","type":"page","link":"https:\/\/www1.kkl.si\/sl\/predmaturitetni-koncert-pie-novak\/","title":{"rendered":"Predmaturitetni koncert Pie Novak (sopran)"},"content":{"rendered":"<div class=\"opis\"><img loading=\"lazy\" decoding=\"async\" class=\"wp-image-1587 alignright\" title=\"Brezpla\u010dna prireditev\" src=\"https:\/\/www1.kkl.si\/wp-content\/uploads\/2020\/07\/spored_simb_brezplacna-1.svg\" alt=\"brezplacna\" width=\"40\" height=\"40\" srcset=\"https:\/\/www1.kkl.si\/wp-content\/uploads\/\/2020\/07\/spored_simb_brezplacna-1.svg 150w, https:\/\/www1.kkl.si\/wp-content\/uploads\/\/2020\/07\/spored_simb_brezplacna-1.svg 400w, https:\/\/www1.kkl.si\/wp-content\/uploads\/\/2020\/07\/spored_simb_brezplacna-1.svg 1500w, https:\/\/www1.kkl.si\/wp-content\/uploads\/\/2020\/07\/spored_simb_brezplacna-1.svg 100w\" sizes=\"auto, (max-width: 40px) 100vw, 40px\" \/> <i class=\"fas fa-calendar\"><\/i> <strong>torek, 26. april 2022 | <span class=\"zanr\">koncert<\/span> <span class=\"odpade\">ODPADE!<\/span><br \/>\n<i class=\"fas fa-clock\"><\/i> 19.00<\/strong> <br \/>\n<i class=\"fas fa-map-marker\"><\/i> Prizori\u0161\u010de: Gledali\u0161ka in koncertna dvorana Lendava<br \/>\n<i class=\"fas fa-chevron-circle-right\"><\/i> Organizator: <a href=\"http:\/\/www.zkd-lendava.com\/\">ZKD Lendava\/KKSz Lendva<\/a><\/div>\n<p>Klavirska spremljava: <strong>Darja Mlakar Male\u017ei\u010d<\/strong><br \/>\nMentorica: <strong>Tatjana Vasle<\/strong>, Konservatorij za glasbo in balet Ljubljana<\/p>\n<p>Vljudno vabljeni! Vstop je prost.<\/p>\n<p><a href=\"https:\/\/www1.kkl.si\/wp-content\/uploads\/2022\/04\/Plakat_PIA_SLO-HUN.jpg\" data-lbwps-width=\"1417\" data-lbwps-height=\"1984\" data-lbwps-srcsmall=\"https:\/\/www1.kkl.si\/wp-content\/uploads\/2022\/04\/Plakat_PIA_SLO-HUN-286x400.jpg\"><img loading=\"lazy\" decoding=\"async\" class=\"alignnone size-large wp-image-7239\" src=\"https:\/\/www1.kkl.si\/wp-content\/uploads\/2022\/04\/Plakat_PIA_SLO-HUN-1071x1500.jpg\" alt=\"\" width=\"1071\" height=\"1500\" srcset=\"https:\/\/www1.kkl.si\/wp-content\/uploads\/2022\/04\/Plakat_PIA_SLO-HUN-1071x1500.jpg 1071w, https:\/\/www1.kkl.si\/wp-content\/uploads\/2022\/04\/Plakat_PIA_SLO-HUN-286x400.jpg 286w, https:\/\/www1.kkl.si\/wp-content\/uploads\/2022\/04\/Plakat_PIA_SLO-HUN.jpg 1417w\" sizes=\"auto, (max-width: 1071px) 100vw, 1071px\" \/><\/a><\/p>\n","protected":false},"excerpt":{"rendered":"<p>torek, 26. april 2022 | koncert ODPADE! 19.00 Prizori\u0161\u010de: Gledali\u0161ka in koncertna dvorana Lendava Organizator: ZKD Lendava\/KKSz Lendva Klavirska spremljava: Darja Mlakar Male\u017ei\u010d Mentorica: Tatjana Vasle, Konservatorij za glasbo in balet Ljubljana Vljudno vabljeni! Vstop je prost.<\/p>\n","protected":false},"author":2,"featured_media":7239,"parent":0,"menu_order":0,"comment_status":"closed","ping_status":"closed","template":"","meta":{"footnotes":""},"class_list":["post-7244","page","type-page","status-publish","has-post-thumbnail","hentry","post","post-with-thumbnail","post-with-thumbnail-icon"],"_links":{"self":[{"href":"https:\/\/www1.kkl.si\/sl\/wp-json\/wp\/v2\/pages\/7244","targetHints":{"allow":["GET"]}}],"collection":[{"href":"https:\/\/www1.kkl.si\/sl\/wp-json\/wp\/v2\/pages"}],"about":[{"href":"https:\/\/www1.kkl.si\/sl\/wp-json\/wp\/v2\/types\/page"}],"author":[{"embeddable":true,"href":"https:\/\/www1.kkl.si\/sl\/wp-json\/wp\/v2\/users\/2"}],"replies":[{"embeddable":true,"href":"https:\/\/www1.kkl.si\/sl\/wp-json\/wp\/v2\/comments?post=7244"}],"version-history":[{"count":4,"href":"https:\/\/www1.kkl.si\/sl\/wp-json\/wp\/v2\/pages\/7244\/revisions"}],"predecessor-version":[{"id":7336,"href":"https:\/\/www1.kkl.si\/sl\/wp-json\/wp\/v2\/pages\/7244\/revisions\/7336"}],"wp:featuredmedia":[{"embeddable":true,"href":"https:\/\/www1.kkl.si\/sl\/wp-json\/wp\/v2\/media\/7239"}],"wp:attachment":[{"href":"https:\/\/www1.kkl.si\/sl\/wp-json\/wp\/v2\/media?parent=7244"}],"curies":[{"name":"wp","href":"https:\/\/api.w.org\/{rel}","templated":true}]}}