{"id":7362,"date":"2022-05-03T08:23:50","date_gmt":"2022-05-03T06:23:50","guid":{"rendered":"https:\/\/www1.kkl.si\/?page_id=7362"},"modified":"2022-05-03T08:23:50","modified_gmt":"2022-05-03T06:23:50","slug":"v-spomin-na-gyorgya-zalo-2022-odprtje-potujoce-razstave-gyorgya-zale-in-polaganje-vencev","status":"publish","type":"page","link":"https:\/\/www1.kkl.si\/sl\/v-spomin-na-gyorgya-zalo-2022-odprtje-potujoce-razstave-gyorgya-zale-in-polaganje-vencev\/","title":{"rendered":"V SPOMIN NA GY\u00d6RGYA ZALO 2022: Odprtje potujo\u010de razstave Gy\u00f6rgya Zale in polaganje vencev"},"content":{"rendered":"<div class=\"opis\"><strong><img loading=\"lazy\" decoding=\"async\" class=\"wp-image-1587 alignright\" title=\"Brezpla\u010dna prireditev\" src=\"https:\/\/www1.kkl.si\/wp-content\/uploads\/\/2020\/07\/spored_simb_brezplacna-1.svg\" alt=\"brezplacna\" width=\"40\" height=\"40\" srcset=\"https:\/\/www1.kkl.si\/wp-content\/uploads\/\/2020\/07\/spored_simb_brezplacna-1.svg 150w, https:\/\/www1.kkl.si\/wp-content\/uploads\/\/2020\/07\/spored_simb_brezplacna-1.svg 400w, https:\/\/www1.kkl.si\/wp-content\/uploads\/\/2020\/07\/spored_simb_brezplacna-1.svg 1500w, https:\/\/www1.kkl.si\/wp-content\/uploads\/\/2020\/07\/spored_simb_brezplacna-1.svg 100w\" sizes=\"auto, (max-width: 40px) 100vw, 40px\" \/><i class=\"fas fa-calendar\"><\/i> <\/strong><strong>Petek, 6. maj 2022 | <span class=\"zanr\">razstava<\/span><br \/>\n<i class=\"fas fa-clock\"><\/i> 16.00<\/strong><br \/>\n<i class=\"fas fa-map-marker\"><\/i> Prizori\u0161\u010de: Avla Gledali\u0161ke in koncertne dvorane Lendava<br \/>\n<i class=\"fas fa-chevron-circle-right\"><\/i> Organizator: <a href=\"https:\/\/lendva.info\/\">LKMN\u00d6K\/MSNSOL<\/a>, <a href=\"http:\/\/www.muravidek.si\/\">MM\u00d6NK\/PMSNS<\/a>, <a href=\"https:\/\/www.gml.si\/\">GML<\/a> in <a href=\"https:\/\/www.zala.hu\/\">Zala Megyei \u00d6nkorm\u00e1nyzat\/Samouprava \u017eupanije Zala<\/a><\/div>\n<div>\n<p>VABILO<\/p>\n<p>Mad\u017earska samoupravna narodna skupnost Ob\u010dine Lendava<br \/>\nVas in Va\u0161o dru\u017eino vljudno vabi na prireditve<br \/>\n<strong>V SPOMIN NA GY\u00d6RGYA ZALO.<\/strong><br \/>\nSvetovno znanega kiparja, rojenega v Dolnji Lendavi,<br \/>\n<em><strong>se bomo spominjali 6. in 7. maja 2022.<\/strong><\/em><\/p>\n<p><strong>V petek, 6. maja 2022, ob 10. uri<\/strong> v sve\u010dani sejni dvorani lendavske<br \/>\nMestne hi\u0161e: Konferenca Gy\u00f6rgya Zale<\/p>\n<p>Ob <strong>16. uri<\/strong> v avli Gledali\u0161ke in koncertne dvorane v Lendavi:<br \/>\n\u2013 odprtje potujo\u010de razstave Gy\u00f6rgya Zale, nato<br \/>\n\u2013 polaganje venca pri kipu Gy\u00f6rgya Zale<\/p>\n<p><strong>V soboto, 7. maja 2022, ob 11. uri<\/strong> v Centru B\u00e1nffy<br \/>\n\u2013 otvoritev likovne in fotografske razstave u\u010dencev prekmurskih dvojezi\u010dnih osnovnih \u0161ol in osnovnih \u0161ol \u017eupanije Zala ter dijakov Dvojezi\u010dne srednje \u0161ole Lendava in dijakov srednjih \u0161ol in gimnazij \u017eupanije Zala oziroma podelitev nagrad za najbolj\u0161a dela.<\/p>\n<p><em>Prisr\u010dno vabljeni!<\/em><\/p>\n<p><a href=\"https:\/\/www1.kkl.si\/wp-content\/uploads\/2022\/05\/zala_2022_vabilo_meghivo1_web.jpg\" data-lbwps-width=\"1500\" data-lbwps-height=\"1061\" data-lbwps-srcsmall=\"https:\/\/www1.kkl.si\/wp-content\/uploads\/2022\/05\/zala_2022_vabilo_meghivo1_web-400x283.jpg\"><img loading=\"lazy\" decoding=\"async\" class=\"alignnone size-large wp-image-7364\" src=\"https:\/\/www1.kkl.si\/wp-content\/uploads\/2022\/05\/zala_2022_vabilo_meghivo1_web-1500x1061.jpg\" alt=\"\" width=\"1500\" height=\"1061\" srcset=\"https:\/\/www1.kkl.si\/wp-content\/uploads\/2022\/05\/zala_2022_vabilo_meghivo1_web.jpg 1500w, https:\/\/www1.kkl.si\/wp-content\/uploads\/2022\/05\/zala_2022_vabilo_meghivo1_web-400x283.jpg 400w\" sizes=\"auto, (max-width: 1500px) 100vw, 1500px\" \/><\/a><\/p>\n<\/div>\n<div>\n<hr \/>\n<p><i class=\"fas fa-link\"><\/i> <a href=\"https:\/\/www.gml.si\/v-spomin-na-gyorgya-zalo-2022\/\">https:\/\/www.gml.si\/v-spomin-na-gyorgya-zalo-2022\/<\/a><\/p>\n<\/div>\n","protected":false},"excerpt":{"rendered":"<p>Petek, 6. maj 2022 | razstava 16.00 Prizori\u0161\u010de: Avla Gledali\u0161ke in koncertne dvorane Lendava Organizator: LKMN\u00d6K\/MSNSOL, MM\u00d6NK\/PMSNS, GML in Zala Megyei \u00d6nkorm\u00e1nyzat\/Samouprava \u017eupanije Zala VABILO Mad\u017earska samoupravna narodna skupnost Ob\u010dine Lendava Vas in Va\u0161o dru\u017eino vljudno vabi na prireditve V SPOMIN NA GY\u00d6RGYA ZALO. Svetovno znanega kiparja, rojenega v Dolnji Lendavi, se bomo spominjali 6. [&hellip;]<\/p>\n","protected":false},"author":2,"featured_media":7364,"parent":0,"menu_order":0,"comment_status":"closed","ping_status":"closed","template":"","meta":{"footnotes":""},"class_list":["post-7362","page","type-page","status-publish","has-post-thumbnail","hentry","post","post-with-thumbnail","post-with-thumbnail-icon"],"_links":{"self":[{"href":"https:\/\/www1.kkl.si\/sl\/wp-json\/wp\/v2\/pages\/7362","targetHints":{"allow":["GET"]}}],"collection":[{"href":"https:\/\/www1.kkl.si\/sl\/wp-json\/wp\/v2\/pages"}],"about":[{"href":"https:\/\/www1.kkl.si\/sl\/wp-json\/wp\/v2\/types\/page"}],"author":[{"embeddable":true,"href":"https:\/\/www1.kkl.si\/sl\/wp-json\/wp\/v2\/users\/2"}],"replies":[{"embeddable":true,"href":"https:\/\/www1.kkl.si\/sl\/wp-json\/wp\/v2\/comments?post=7362"}],"version-history":[{"count":1,"href":"https:\/\/www1.kkl.si\/sl\/wp-json\/wp\/v2\/pages\/7362\/revisions"}],"predecessor-version":[{"id":7366,"href":"https:\/\/www1.kkl.si\/sl\/wp-json\/wp\/v2\/pages\/7362\/revisions\/7366"}],"wp:featuredmedia":[{"embeddable":true,"href":"https:\/\/www1.kkl.si\/sl\/wp-json\/wp\/v2\/media\/7364"}],"wp:attachment":[{"href":"https:\/\/www1.kkl.si\/sl\/wp-json\/wp\/v2\/media?parent=7362"}],"curies":[{"name":"wp","href":"https:\/\/api.w.org\/{rel}","templated":true}]}}