{"id":7419,"date":"2022-05-06T14:22:41","date_gmt":"2022-05-06T12:22:41","guid":{"rendered":"https:\/\/www1.kkl.si\/?page_id=7419"},"modified":"2022-05-06T14:51:55","modified_gmt":"2022-05-06T12:51:55","slug":"podarjamo-glasbo-ples-in-nasmeh-2022","status":"publish","type":"page","link":"https:\/\/www1.kkl.si\/sl\/podarjamo-glasbo-ples-in-nasmeh-2022\/","title":{"rendered":"PODARJAMO GLASBO, PLES IN NASMEH 2022"},"content":{"rendered":"<div class=\"opis\"><strong><img loading=\"lazy\" decoding=\"async\" class=\"wp-image-1591 alignright\" title=\"Pla\u010dljiva prireditev\" src=\"https:\/\/www1.kkl.si\/wp-content\/uploads\/2020\/07\/spored_simb_placljiva-1.svg\" alt=\"placljiva\" width=\"40\" height=\"40\" srcset=\"https:\/\/www1.kkl.si\/wp-content\/uploads\/\/2020\/07\/spored_simb_placljiva-1.svg 150w, https:\/\/www1.kkl.si\/wp-content\/uploads\/\/2020\/07\/spored_simb_placljiva-1.svg 400w, https:\/\/www1.kkl.si\/wp-content\/uploads\/\/2020\/07\/spored_simb_placljiva-1.svg 1500w, https:\/\/www1.kkl.si\/wp-content\/uploads\/\/2020\/07\/spored_simb_placljiva-1.svg 100w\" sizes=\"auto, (max-width: 40px) 100vw, 40px\" \/><i class=\"fas fa-calendar\"><\/i> <\/strong><strong>Petek, 13. maj 2022 | dobrodelna prireditev, koncert<br \/>\n<i class=\"fas fa-clock\"><\/i> 19.00<\/strong><br \/>\n<i class=\"fas fa-ticket-alt\"><\/i> Vstopnica: <strong>5 \u20ac<\/strong> za odrasle, za otroke brezpla\u010dno<br \/>\n<i class=\"fas fa-map-marker\"><\/i> Prizori\u0161\u010de: Gledali\u0161ka in koncertna dvorana Lendava<br \/>\n<i class=\"fas fa-chevron-circle-right\"><\/i> Organizator: <a href=\"https:\/\/www.facebook.com\/LionsKlubLendava\/\">Lions klub Lendava<\/a>, <a href=\"https:\/\/www.facebook.com\/leoklublendava\/\">Leo klub Lendava<\/a>, <a href=\"https:\/\/www.dssl.si\/\">DS\u0160 Lendava\/KKI, Lendva<\/a><\/div>\n<div>\n<p><em>Zbrana sredstva bodo namenjena \u0161olskim skladom.<\/em><\/p>\n<p><a href=\"https:\/\/www1.kkl.si\/wp-content\/uploads\/2022\/05\/plakat_podarjamo_glasbo_2022.jpg\" data-lbwps-width=\"1431\" data-lbwps-height=\"1998\" data-lbwps-srcsmall=\"https:\/\/www1.kkl.si\/wp-content\/uploads\/2022\/05\/plakat_podarjamo_glasbo_2022-286x400.jpg\"><img loading=\"lazy\" decoding=\"async\" class=\"slika alignnone wp-image-7411 size-large\" src=\"https:\/\/www1.kkl.si\/wp-content\/uploads\/2022\/05\/plakat_podarjamo_glasbo_2022-1074x1500.jpg\" alt=\"\" width=\"1074\" height=\"1500\" srcset=\"https:\/\/www1.kkl.si\/wp-content\/uploads\/2022\/05\/plakat_podarjamo_glasbo_2022-1074x1500.jpg 1074w, https:\/\/www1.kkl.si\/wp-content\/uploads\/2022\/05\/plakat_podarjamo_glasbo_2022-286x400.jpg 286w, https:\/\/www1.kkl.si\/wp-content\/uploads\/2022\/05\/plakat_podarjamo_glasbo_2022.jpg 1431w\" sizes=\"auto, (max-width: 1074px) 100vw, 1074px\" \/><\/a><\/p>\n<\/div>\n","protected":false},"excerpt":{"rendered":"<p>Petek, 13. maj 2022 | dobrodelna prireditev, koncert 19.00 Vstopnica: 5 \u20ac za odrasle, za otroke brezpla\u010dno Prizori\u0161\u010de: Gledali\u0161ka in koncertna dvorana Lendava Organizator: Lions klub Lendava, Leo klub Lendava, DS\u0160 Lendava\/KKI, Lendva Zbrana sredstva bodo namenjena \u0161olskim skladom.<\/p>\n","protected":false},"author":2,"featured_media":0,"parent":0,"menu_order":0,"comment_status":"closed","ping_status":"closed","template":"","meta":{"footnotes":""},"class_list":["post-7419","page","type-page","status-publish","hentry","post"],"_links":{"self":[{"href":"https:\/\/www1.kkl.si\/sl\/wp-json\/wp\/v2\/pages\/7419","targetHints":{"allow":["GET"]}}],"collection":[{"href":"https:\/\/www1.kkl.si\/sl\/wp-json\/wp\/v2\/pages"}],"about":[{"href":"https:\/\/www1.kkl.si\/sl\/wp-json\/wp\/v2\/types\/page"}],"author":[{"embeddable":true,"href":"https:\/\/www1.kkl.si\/sl\/wp-json\/wp\/v2\/users\/2"}],"replies":[{"embeddable":true,"href":"https:\/\/www1.kkl.si\/sl\/wp-json\/wp\/v2\/comments?post=7419"}],"version-history":[{"count":2,"href":"https:\/\/www1.kkl.si\/sl\/wp-json\/wp\/v2\/pages\/7419\/revisions"}],"predecessor-version":[{"id":7432,"href":"https:\/\/www1.kkl.si\/sl\/wp-json\/wp\/v2\/pages\/7419\/revisions\/7432"}],"wp:attachment":[{"href":"https:\/\/www1.kkl.si\/sl\/wp-json\/wp\/v2\/media?parent=7419"}],"curies":[{"name":"wp","href":"https:\/\/api.w.org\/{rel}","templated":true}]}}