{"id":7485,"date":"2022-05-12T10:32:30","date_gmt":"2022-05-12T08:32:30","guid":{"rendered":"https:\/\/www1.kkl.si\/?page_id=7485"},"modified":"2022-05-12T11:03:54","modified_gmt":"2022-05-12T09:03:54","slug":"lutkovno-gledalisce-pupilla-cirkus-ganibilo","status":"publish","type":"page","link":"https:\/\/www1.kkl.si\/sl\/lutkovno-gledalisce-pupilla-cirkus-ganibilo\/","title":{"rendered":"Lutkovno gledali\u0161\u010de PUPILLA: CIRKUS GANIBILO"},"content":{"rendered":"<div class=\"opis\"><strong><img loading=\"lazy\" decoding=\"async\" class=\"wp-image-1591 alignright\" title=\"Pla\u010dljiva prireditev\" src=\"https:\/\/www1.kkl.si\/wp-content\/uploads\/2020\/07\/spored_simb_placljiva-1.svg\" alt=\"placljiva\" width=\"40\" height=\"40\" srcset=\"https:\/\/www1.kkl.si\/wp-content\/uploads\/\/2020\/07\/spored_simb_placljiva-1.svg 150w, https:\/\/www1.kkl.si\/wp-content\/uploads\/\/2020\/07\/spored_simb_placljiva-1.svg 400w, https:\/\/www1.kkl.si\/wp-content\/uploads\/\/2020\/07\/spored_simb_placljiva-1.svg 1500w, https:\/\/www1.kkl.si\/wp-content\/uploads\/\/2020\/07\/spored_simb_placljiva-1.svg 100w\" sizes=\"auto, (max-width: 40px) 100vw, 40px\" \/><i class=\"fas fa-calendar\"><\/i> <\/strong><strong>sobota, 21. maj 2022 | <span class=\"zanr\">otro\u0161ka predstava<\/span><br \/>\n<i class=\"fas fa-clock\"><\/i> 10.00<\/strong><br \/>\n<i class=\"fas fa-ticket-alt\"><\/i> Vstopnica: <strong>2 \u20ac<\/strong><br \/>\n<i class=\"fas fa-map-marker\"><\/i> Prizori\u0161\u010de: Gledali\u0161ka in koncertna dvorana Lendava<br \/>\n<i class=\"fas fa-chevron-circle-right\"><\/i> Organizator: <a href=\"https:\/\/www.kkl.si\/\">Knji\u017enica \u2013 Kulturni center Lendava \u2013 Lendvai K\u00f6nyvt\u00e1r \u00e9s Kultur\u00e1lis K\u00f6zpont<\/a><\/div>\n<p><a href=\"https:\/\/www1.kkl.si\/wp-content\/uploads\/2022\/05\/plakat_B2_pupilla_cirkus_ganibilo_2022_splet.jpg\" data-lbwps-width=\"1072\" data-lbwps-height=\"1500\" data-lbwps-srcsmall=\"https:\/\/www1.kkl.si\/wp-content\/uploads\/2022\/05\/plakat_B2_pupilla_cirkus_ganibilo_2022_splet-286x400.jpg\"><img loading=\"lazy\" decoding=\"async\" class=\"slika alignright wp-image-7458 size-medium\" src=\"https:\/\/www1.kkl.si\/wp-content\/uploads\/2022\/05\/plakat_B2_pupilla_cirkus_ganibilo_2022_splet-286x400.jpg\" alt=\"\" width=\"286\" height=\"400\" srcset=\"https:\/\/www1.kkl.si\/wp-content\/uploads\/2022\/05\/plakat_B2_pupilla_cirkus_ganibilo_2022_splet-286x400.jpg 286w, https:\/\/www1.kkl.si\/wp-content\/uploads\/2022\/05\/plakat_B2_pupilla_cirkus_ganibilo_2022_splet.jpg 1072w\" sizes=\"auto, (max-width: 286px) 100vw, 286px\" \/><\/a>Dobrodo\u0161li v na\u0161em izmi\u0161ljenem cirkusu, z izmi\u0161ljenimi akrobati, dvigovalci ute\u017ei, klovni, dresiranimi \u017eivalmi, in drugimi svetovnimi atrakcijami! Na oder postavljamo pisano, pustolov\u0161\u010din in \u010dudnih fantazij polno cirku\u0161ko zgodbo, ki nam jo zaigrata igralka gospodi\u010dna Akrobatka in cirku\u0161ki direktor ali gospod Klovn.<\/p>\n<p>Predstava je koncipirana kot dru\u017einska predstava z elementi lutkovnega in uli\u010dnega gledali\u0161\u010da.<\/p>\n<p><em>Predstava je primerna za otroke in odrasle od 2. leta naprej.<\/em><\/p>\n<p><strong>Igrata:<\/strong> Petra Kava\u0161, Vitomir Vratari\u010d<\/p>\n<p><strong>Re\u017eija:<\/strong> Rita Bartal Kiss<\/p>\n<p><strong>Likovna podoba:<\/strong> Sabina \u0160inko<\/p>\n<p><strong>Izdelava lutk, scene in kostumov:<\/strong> Milan Gal, Filip Gal, Sabina \u0160inko, Rita Bartal Kiss<\/p>\n<hr \/>\n<p>FOTOGALERIJA<\/p>\n\n\t\t<style type=\"text\/css\">\n\t\t\t#gallery-1 {\n\t\t\t\tmargin: auto;\n\t\t\t}\n\t\t\t#gallery-1 .gallery-item {\n\t\t\t\tfloat: left;\n\t\t\t\tmargin-top: 10px;\n\t\t\t\ttext-align: center;\n\t\t\t\twidth: 16%;\n\t\t\t}\n\t\t\t#gallery-1 img {\n\t\t\t\tborder: 2px solid #cfcfcf;\n\t\t\t}\n\t\t\t#gallery-1 .gallery-caption {\n\t\t\t\tmargin-left: 0;\n\t\t\t}\n\t\t\t\/* see gallery_shortcode() in wp-includes\/media.php *\/\n\t\t<\/style>\n\t\t<div id='gallery-1' class='gallery galleryid-7485 gallery-columns-6 gallery-size-thumbnail'><dl class='gallery-item'>\n\t\t\t<dt class='gallery-icon landscape'>\n\t\t\t\t<a href='https:\/\/www1.kkl.si\/wp-content\/uploads\/2022\/05\/pupilla_cirkus3.jpg'><img loading=\"lazy\" decoding=\"async\" width=\"150\" height=\"150\" src=\"https:\/\/www1.kkl.si\/wp-content\/uploads\/2022\/05\/pupilla_cirkus3-150x150.jpg\" class=\"attachment-thumbnail size-thumbnail\" alt=\"\" \/><\/a>\n\t\t\t<\/dt><\/dl><dl class='gallery-item'>\n\t\t\t<dt class='gallery-icon portrait'>\n\t\t\t\t<a href='https:\/\/www1.kkl.si\/wp-content\/uploads\/2022\/05\/pupilla_cirkus1.jpg'><img loading=\"lazy\" decoding=\"async\" width=\"150\" height=\"150\" src=\"https:\/\/www1.kkl.si\/wp-content\/uploads\/2022\/05\/pupilla_cirkus1-150x150.jpg\" class=\"attachment-thumbnail size-thumbnail\" alt=\"\" \/><\/a>\n\t\t\t<\/dt><\/dl><dl class='gallery-item'>\n\t\t\t<dt class='gallery-icon landscape'>\n\t\t\t\t<a href='https:\/\/www1.kkl.si\/wp-content\/uploads\/2022\/05\/pupilla_cirkus2.jpg'><img loading=\"lazy\" decoding=\"async\" width=\"150\" height=\"150\" src=\"https:\/\/www1.kkl.si\/wp-content\/uploads\/2022\/05\/pupilla_cirkus2-150x150.jpg\" class=\"attachment-thumbnail size-thumbnail\" alt=\"\" srcset=\"https:\/\/www1.kkl.si\/wp-content\/uploads\/2022\/05\/pupilla_cirkus2-150x150.jpg 150w, https:\/\/www1.kkl.si\/wp-content\/uploads\/2022\/05\/pupilla_cirkus2-400x400.jpg 400w, https:\/\/www1.kkl.si\/wp-content\/uploads\/2022\/05\/pupilla_cirkus2-1500x1500.jpg 1500w, https:\/\/www1.kkl.si\/wp-content\/uploads\/2022\/05\/pupilla_cirkus2.jpg 1700w\" sizes=\"auto, (max-width: 150px) 100vw, 150px\" \/><\/a>\n\t\t\t<\/dt><\/dl>\n\t\t\t<br style='clear: both' \/>\n\t\t<\/div>\n\n<hr \/>\n<p>VIDEO<\/p>\n<p><iframe loading=\"lazy\" src=\"\/\/www.youtube.com\/embed\/kmrtg-hi1f0\" width=\"1200\" height=\"673\" allowfullscreen=\"allowfullscreen\"><\/iframe><\/p>\n<p>POVEZAVA<br \/>\n<i class=\"fas fa-link\"><\/i> <a href=\"http:\/\/www.lutkepupilla.si\/lutkovne-predstave\/cirkus-ganibilo\/\">www.lutkepupilla.si\/lutkovne-predstave\/cirkus-ganibilo\/<\/a><\/p>\n<p><em>\u00a0<\/em><\/p>\n","protected":false},"excerpt":{"rendered":"<p>sobota, 21. maj 2022 | otro\u0161ka predstava 10.00 Vstopnica: 2 \u20ac Prizori\u0161\u010de: Gledali\u0161ka in koncertna dvorana Lendava Organizator: Knji\u017enica \u2013 Kulturni center Lendava \u2013 Lendvai K\u00f6nyvt\u00e1r \u00e9s Kultur\u00e1lis K\u00f6zpont Dobrodo\u0161li v na\u0161em izmi\u0161ljenem cirkusu, z izmi\u0161ljenimi akrobati, dvigovalci ute\u017ei, klovni, dresiranimi \u017eivalmi, in drugimi svetovnimi atrakcijami! Na oder postavljamo pisano, pustolov\u0161\u010din in \u010dudnih fantazij polno [&hellip;]<\/p>\n","protected":false},"author":2,"featured_media":7495,"parent":0,"menu_order":0,"comment_status":"closed","ping_status":"closed","template":"","meta":{"footnotes":""},"class_list":["post-7485","page","type-page","status-publish","has-post-thumbnail","hentry","post","post-with-thumbnail","post-with-thumbnail-icon"],"_links":{"self":[{"href":"https:\/\/www1.kkl.si\/sl\/wp-json\/wp\/v2\/pages\/7485","targetHints":{"allow":["GET"]}}],"collection":[{"href":"https:\/\/www1.kkl.si\/sl\/wp-json\/wp\/v2\/pages"}],"about":[{"href":"https:\/\/www1.kkl.si\/sl\/wp-json\/wp\/v2\/types\/page"}],"author":[{"embeddable":true,"href":"https:\/\/www1.kkl.si\/sl\/wp-json\/wp\/v2\/users\/2"}],"replies":[{"embeddable":true,"href":"https:\/\/www1.kkl.si\/sl\/wp-json\/wp\/v2\/comments?post=7485"}],"version-history":[{"count":6,"href":"https:\/\/www1.kkl.si\/sl\/wp-json\/wp\/v2\/pages\/7485\/revisions"}],"predecessor-version":[{"id":7501,"href":"https:\/\/www1.kkl.si\/sl\/wp-json\/wp\/v2\/pages\/7485\/revisions\/7501"}],"wp:featuredmedia":[{"embeddable":true,"href":"https:\/\/www1.kkl.si\/sl\/wp-json\/wp\/v2\/media\/7495"}],"wp:attachment":[{"href":"https:\/\/www1.kkl.si\/sl\/wp-json\/wp\/v2\/media?parent=7485"}],"curies":[{"name":"wp","href":"https:\/\/api.w.org\/{rel}","templated":true}]}}