{"id":7539,"date":"2022-05-16T09:31:04","date_gmt":"2022-05-16T07:31:04","guid":{"rendered":"https:\/\/www1.kkl.si\/?page_id=7539"},"modified":"2022-05-16T09:31:04","modified_gmt":"2022-05-16T07:31:04","slug":"zakljucni-koncert-ucencev-gs-lendava-2022","status":"publish","type":"page","link":"https:\/\/www1.kkl.si\/sl\/zakljucni-koncert-ucencev-gs-lendava-2022\/","title":{"rendered":"Zaklju\u010dni koncert u\u010dencev G\u0160 Lendava 2022"},"content":{"rendered":"<div class=\"opis\"><strong><img loading=\"lazy\" decoding=\"async\" class=\"wp-image-1587 alignright\" title=\"Brezpla\u010dna prireditev\" src=\"https:\/\/www1.kkl.si\/wp-content\/uploads\/2020\/07\/spored_simb_brezplacna-1.svg\" alt=\"brezplacna\" width=\"40\" height=\"40\" srcset=\"https:\/\/www1.kkl.si\/wp-content\/uploads\/\/2020\/07\/spored_simb_brezplacna-1.svg 150w, https:\/\/www1.kkl.si\/wp-content\/uploads\/\/2020\/07\/spored_simb_brezplacna-1.svg 400w, https:\/\/www1.kkl.si\/wp-content\/uploads\/\/2020\/07\/spored_simb_brezplacna-1.svg 1500w, https:\/\/www1.kkl.si\/wp-content\/uploads\/\/2020\/07\/spored_simb_brezplacna-1.svg 100w\" sizes=\"auto, (max-width: 40px) 100vw, 40px\" \/><i class=\"fas fa-calendar\"><\/i> <\/strong><strong>Torek, 17. maj 2022 | <span class=\"zanr\">koncert<\/span><br \/>\n<i class=\"fas fa-clock\"><\/i> 18.00<\/strong><br \/>\n<i class=\"fas fa-map-marker\"><\/i> Prizori\u0161\u010de: Gledali\u0161ka in koncertna dvorana Lendava<br \/>\n<i class=\"fas fa-chevron-circle-right\"><\/i> Organizator: <a href=\"http:\/\/www.gs-lendava.si\/\">Glasbena \u0161ola Lendava\/Zeneiskola Lendva<\/a><\/div>\n<div>\n<p>VABILO<\/p>\n<p>Spo\u0161tovani, <br \/>\nvabimo Vas na zaklju\u010dni koncert u\u010dencev Glasbene \u0161ole Lendava,<br \/>\nki bo v <strong>torek, 17. maja 2022, ob 18. uri<\/strong> v gledali\u0161ki in koncertni dvorani v Lendavi.<\/p>\n<p>Kolektiv G\u0160 Lendava<br \/>\nin ravnateljica Hajnalka Magyar<\/p>\n<p><em>Na koncertu se bodo zbirali prostovoljni prispevki za \u0160olski sklad G\u0160 Lendava.<\/em><\/p>\n<p><a href=\"https:\/\/www1.kkl.si\/wp-content\/uploads\/2022\/05\/plakat_zakljucni_konc_Lendava_2022_dvoj_splet.jpg\" data-lbwps-width=\"1072\" data-lbwps-height=\"1500\" data-lbwps-srcsmall=\"https:\/\/www1.kkl.si\/wp-content\/uploads\/2022\/05\/plakat_zakljucni_konc_Lendava_2022_dvoj_splet-286x400.jpg\"><img loading=\"lazy\" decoding=\"async\" class=\"alignnone size-large wp-image-7445\" src=\"https:\/\/www1.kkl.si\/wp-content\/uploads\/2022\/05\/plakat_zakljucni_konc_Lendava_2022_dvoj_splet-1072x1500.jpg\" alt=\"\" width=\"1072\" height=\"1500\" srcset=\"https:\/\/www1.kkl.si\/wp-content\/uploads\/2022\/05\/plakat_zakljucni_konc_Lendava_2022_dvoj_splet.jpg 1072w, https:\/\/www1.kkl.si\/wp-content\/uploads\/2022\/05\/plakat_zakljucni_konc_Lendava_2022_dvoj_splet-286x400.jpg 286w\" sizes=\"auto, (max-width: 1072px) 100vw, 1072px\" \/><\/a><\/p>\n<\/div>\n","protected":false},"excerpt":{"rendered":"<p>Torek, 17. maj 2022 | koncert 18.00 Prizori\u0161\u010de: Gledali\u0161ka in koncertna dvorana Lendava Organizator: Glasbena \u0161ola Lendava\/Zeneiskola Lendva VABILO Spo\u0161tovani, vabimo Vas na zaklju\u010dni koncert u\u010dencev Glasbene \u0161ole Lendava, ki bo v torek, 17. maja 2022, ob 18. uri v gledali\u0161ki in koncertni dvorani v Lendavi. Kolektiv G\u0160 Lendava in ravnateljica Hajnalka Magyar Na koncertu [&hellip;]<\/p>\n","protected":false},"author":2,"featured_media":7445,"parent":0,"menu_order":0,"comment_status":"closed","ping_status":"closed","template":"","meta":{"footnotes":""},"class_list":["post-7539","page","type-page","status-publish","has-post-thumbnail","hentry","post","post-with-thumbnail","post-with-thumbnail-icon"],"_links":{"self":[{"href":"https:\/\/www1.kkl.si\/sl\/wp-json\/wp\/v2\/pages\/7539","targetHints":{"allow":["GET"]}}],"collection":[{"href":"https:\/\/www1.kkl.si\/sl\/wp-json\/wp\/v2\/pages"}],"about":[{"href":"https:\/\/www1.kkl.si\/sl\/wp-json\/wp\/v2\/types\/page"}],"author":[{"embeddable":true,"href":"https:\/\/www1.kkl.si\/sl\/wp-json\/wp\/v2\/users\/2"}],"replies":[{"embeddable":true,"href":"https:\/\/www1.kkl.si\/sl\/wp-json\/wp\/v2\/comments?post=7539"}],"version-history":[{"count":1,"href":"https:\/\/www1.kkl.si\/sl\/wp-json\/wp\/v2\/pages\/7539\/revisions"}],"predecessor-version":[{"id":7540,"href":"https:\/\/www1.kkl.si\/sl\/wp-json\/wp\/v2\/pages\/7539\/revisions\/7540"}],"wp:featuredmedia":[{"embeddable":true,"href":"https:\/\/www1.kkl.si\/sl\/wp-json\/wp\/v2\/media\/7445"}],"wp:attachment":[{"href":"https:\/\/www1.kkl.si\/sl\/wp-json\/wp\/v2\/media?parent=7539"}],"curies":[{"name":"wp","href":"https:\/\/api.w.org\/{rel}","templated":true}]}}