{"id":7666,"date":"2022-05-23T09:13:29","date_gmt":"2022-05-23T07:13:29","guid":{"rendered":"https:\/\/www1.kkl.si\/?page_id=7666"},"modified":"2022-05-23T09:13:48","modified_gmt":"2022-05-23T07:13:48","slug":"narodni-zakladi-skozi-otroske-oci","status":"publish","type":"page","link":"https:\/\/www1.kkl.si\/sl\/narodni-zakladi-skozi-otroske-oci\/","title":{"rendered":"Narodni zakladi skozi otro\u0161ke o\u010di"},"content":{"rendered":"<div class=\"opis\"><img loading=\"lazy\" decoding=\"async\" class=\"wp-image-1587 alignright\" title=\"Brezpla\u010dna prireditev\" src=\"https:\/\/www1.kkl.si\/wp-content\/uploads\/\/2020\/07\/spored_simb_brezplacna-1.svg\" alt=\"brezplacna\" width=\"40\" height=\"40\" srcset=\"https:\/\/www1.kkl.si\/wp-content\/uploads\/\/2020\/07\/spored_simb_brezplacna-1.svg 150w, https:\/\/www1.kkl.si\/wp-content\/uploads\/\/2020\/07\/spored_simb_brezplacna-1.svg 400w, https:\/\/www1.kkl.si\/wp-content\/uploads\/\/2020\/07\/spored_simb_brezplacna-1.svg 1500w, https:\/\/www1.kkl.si\/wp-content\/uploads\/\/2020\/07\/spored_simb_brezplacna-1.svg 100w\" sizes=\"auto, (max-width: 40px) 100vw, 40px\" \/>\u00a0<i class=\"fas fa-calendar\"><\/i> <strong>\u010cetrtek, 26. maj 2022 | <span class=\"zanr\">razstava<\/span><br \/>\n<\/strong><i class=\"fas fa-clock\"><\/i> <strong>17.00<\/strong> <br \/>\n<i class=\"fas fa-map-marker\"><\/i> Prizori\u0161\u010de: Preddverje Gledali\u0161ke in koncertne dvorane Lendava<br \/>\n<i class=\"fas fa-chevron-circle-right\"><\/i> Organizator: <a href=\"http:\/\/www.muravidek.si\/\">MM\u00d6NK-PMSNS<\/a><\/div>\n<p>Prisr\u010dno vas vabimo na odprtje razstave<\/p>\n<p><strong><span style=\"font-size: 24px;\">Narodni zakladi skozi otro\u0161ke o\u010di,<\/span><\/strong><\/p>\n<p>ki bo v <strong>\u010detrtek, 26. maja 2022 ob 17. uri<\/strong> v Gledali\u0161ki in koncertni dvorani Lendava.<\/p>\n<p>Razstavo bo odprl <em>Ferenc Horv\u00e1th<\/em>, predsednik Sveta PMSNS, narodnostni poslanec, dela, ki so prispela na likovni nate\u010daj, pa bo vrednotil \u010dlan \u017eirije, <em>Sebastijan \u010casar<\/em>.<\/p>\n<p>Ob odprtju razstave bomo podelili nagrade za najbolj\u0161e izdelke.<\/p>\n<p><em>Razstava bo na ogled do 20. junija 2022.<\/em><\/p>\n<p><a href=\"https:\/\/www1.kkl.si\/wp-content\/uploads\/2022\/05\/ERTmhg_EL_SLO.jpg\" data-lbwps-width=\"1772\" data-lbwps-height=\"1218\" data-lbwps-srcsmall=\"https:\/\/www1.kkl.si\/wp-content\/uploads\/2022\/05\/ERTmhg_EL_SLO-400x275.jpg\"><img loading=\"lazy\" decoding=\"async\" class=\"slika alignnone wp-image-7474 size-large\" src=\"https:\/\/www1.kkl.si\/wp-content\/uploads\/2022\/05\/ERTmhg_EL_SLO-1500x1031.jpg\" alt=\"\" width=\"1500\" height=\"1031\" srcset=\"https:\/\/www1.kkl.si\/wp-content\/uploads\/2022\/05\/ERTmhg_EL_SLO-1500x1031.jpg 1500w, https:\/\/www1.kkl.si\/wp-content\/uploads\/2022\/05\/ERTmhg_EL_SLO-400x275.jpg 400w, https:\/\/www1.kkl.si\/wp-content\/uploads\/2022\/05\/ERTmhg_EL_SLO.jpg 1772w\" sizes=\"auto, (max-width: 1500px) 100vw, 1500px\" \/><\/a><\/p>\n","protected":false},"excerpt":{"rendered":"<p>\u00a0 \u010cetrtek, 26. maj 2022 | razstava 17.00 Prizori\u0161\u010de: Preddverje Gledali\u0161ke in koncertne dvorane Lendava Organizator: MM\u00d6NK-PMSNS Prisr\u010dno vas vabimo na odprtje razstave Narodni zakladi skozi otro\u0161ke o\u010di, ki bo v \u010detrtek, 26. maja 2022 ob 17. uri v Gledali\u0161ki in koncertni dvorani Lendava. Razstavo bo odprl Ferenc Horv\u00e1th, predsednik Sveta PMSNS, narodnostni poslanec, dela, [&hellip;]<\/p>\n","protected":false},"author":2,"featured_media":7474,"parent":0,"menu_order":0,"comment_status":"closed","ping_status":"closed","template":"","meta":{"footnotes":""},"class_list":["post-7666","page","type-page","status-publish","has-post-thumbnail","hentry","post","post-with-thumbnail","post-with-thumbnail-icon"],"_links":{"self":[{"href":"https:\/\/www1.kkl.si\/sl\/wp-json\/wp\/v2\/pages\/7666","targetHints":{"allow":["GET"]}}],"collection":[{"href":"https:\/\/www1.kkl.si\/sl\/wp-json\/wp\/v2\/pages"}],"about":[{"href":"https:\/\/www1.kkl.si\/sl\/wp-json\/wp\/v2\/types\/page"}],"author":[{"embeddable":true,"href":"https:\/\/www1.kkl.si\/sl\/wp-json\/wp\/v2\/users\/2"}],"replies":[{"embeddable":true,"href":"https:\/\/www1.kkl.si\/sl\/wp-json\/wp\/v2\/comments?post=7666"}],"version-history":[{"count":2,"href":"https:\/\/www1.kkl.si\/sl\/wp-json\/wp\/v2\/pages\/7666\/revisions"}],"predecessor-version":[{"id":7668,"href":"https:\/\/www1.kkl.si\/sl\/wp-json\/wp\/v2\/pages\/7666\/revisions\/7668"}],"wp:featuredmedia":[{"embeddable":true,"href":"https:\/\/www1.kkl.si\/sl\/wp-json\/wp\/v2\/media\/7474"}],"wp:attachment":[{"href":"https:\/\/www1.kkl.si\/sl\/wp-json\/wp\/v2\/media?parent=7666"}],"curies":[{"name":"wp","href":"https:\/\/api.w.org\/{rel}","templated":true}]}}