{"id":7679,"date":"2022-05-25T11:50:30","date_gmt":"2022-05-25T09:50:30","guid":{"rendered":"https:\/\/www1.kkl.si\/?page_id=7679"},"modified":"2022-05-25T12:06:52","modified_gmt":"2022-05-25T10:06:52","slug":"filmski-vecer-igranih-filmov-dijakov-in-profesorjev-dvojezicne-srednje-sole-lendava","status":"publish","type":"page","link":"https:\/\/www1.kkl.si\/sl\/filmski-vecer-igranih-filmov-dijakov-in-profesorjev-dvojezicne-srednje-sole-lendava\/","title":{"rendered":"Filmski ve\u010der igranih filmov dijakov in profesorjev Dvojezi\u010dne srednje \u0161ole Lendava"},"content":{"rendered":"<div class=\"opis\"><img loading=\"lazy\" decoding=\"async\" class=\"wp-image-1587 alignright\" title=\"Brezpla\u010dna prireditev\" src=\"https:\/\/www1.kkl.si\/wp-content\/uploads\/2020\/07\/spored_simb_brezplacna-1.svg\" alt=\"brezplacna\" width=\"40\" height=\"40\" srcset=\"https:\/\/www1.kkl.si\/wp-content\/uploads\/\/2020\/07\/spored_simb_brezplacna-1.svg 150w, https:\/\/www1.kkl.si\/wp-content\/uploads\/\/2020\/07\/spored_simb_brezplacna-1.svg 400w, https:\/\/www1.kkl.si\/wp-content\/uploads\/\/2020\/07\/spored_simb_brezplacna-1.svg 1500w, https:\/\/www1.kkl.si\/wp-content\/uploads\/\/2020\/07\/spored_simb_brezplacna-1.svg 100w\" sizes=\"auto, (max-width: 40px) 100vw, 40px\" \/> <i class=\"fas fa-calendar\"><\/i> <strong>Petek, 27. maj 2022 | <span class=\"zanr\">film<\/span><\/strong><br \/>\n<i class=\"fas fa-clock\"><\/i> <strong>18.00<\/strong> <br \/>\n<i class=\"fas fa-map-marker\"><\/i> Prizori\u0161\u010de: Gledali\u0161ka in koncertna dvorana Lendava<br \/>\n<i class=\"fas fa-chevron-circle-right\"><\/i> Organizator: <a href=\"https:\/\/www.dssl.si\/\">DS\u0160 Lendava\/KKI, Lendva<\/a><\/div>\n<div>\u00a0<\/div>\n<div class=\"kvgmc6g5 cxmmr5t8 oygrvhab hcukyx3x c1et5uql\">V petek, 27. 5. 2022, ob 18. uri vas vabimo v Gledali\u0161ko in koncertno dvorano Lendava na ve\u010der igranih filmov dijakov in profesorjev Dvojezi\u010dne srednje \u0161ole Lendava.<\/div>\n<div>\u00a0<\/div>\n<div class=\"kvgmc6g5 cxmmr5t8 oygrvhab hcukyx3x c1et5uql\">Na\u0161 filmski kro\u017eek je za\u010del delovati leta 2014, ko so dijaki in profesorji posneli igrani film <strong><em>In\u0161pektor<\/em><\/strong> po motivih komedije <em>Revizor<\/em> Nikolaja Vasiljevi\u010da Gogolja.<\/div>\n<div>\u00a0<\/div>\n<div class=\"kvgmc6g5 cxmmr5t8 oygrvhab hcukyx3x c1et5uql\">Od takrat in do danes je bilo posnetih na desetine filmov, za vas pa smo izbrali \u0161tiri kratke igrane filme, ki so dosegli 1. mesto ali posebno priznanje na dr\u017eavnem tekmovanju <em>Sloven\u0161\u010dina ima dolg jezik<\/em> oz. <em>Knji\u017eevnost na filmu<\/em>, in \u017ee prej omenjeni pionirski srednjemetra\u017eni film In\u0161pektor.<\/div>\n<div>\u00a0<\/div>\n<div class=\"cxmmr5t8 oygrvhab hcukyx3x c1et5uql o9v6fnle\">Nemogo\u010de bi bilo na\u0161teti vse, ki so v minulih osmih letih sodelovali pri filmskem kro\u017eku, ob tej prilo\u017enosti bi posebej omenili le pokojnega pesnika in humorista <em>Marka Ko\u010darja<\/em>, ki je odigral glavno vlogo v filmu <strong><em>In\u0161pektor<\/em><\/strong>.<\/div>\n<div>\u00a0<\/div>\n<div class=\"cxmmr5t8 oygrvhab hcukyx3x c1et5uql o9v6fnle\">Vabimo vas, da se nam pridru\u017eite in se prepustite filmskim podobam.<\/div>\n<div>\u00a0<\/div>\n<div><a href=\"https:\/\/www1.kkl.si\/wp-content\/uploads\/2022\/05\/filmski_vecer_igranih_filmov_DSSL_2022_slo.jpg\" data-lbwps-width=\"1768\" data-lbwps-height=\"2500\" data-lbwps-srcsmall=\"https:\/\/www1.kkl.si\/wp-content\/uploads\/2022\/05\/filmski_vecer_igranih_filmov_DSSL_2022_slo-283x400.jpg\"><img loading=\"lazy\" decoding=\"async\" class=\"slika alignnone wp-image-7631 size-large\" src=\"https:\/\/www1.kkl.si\/wp-content\/uploads\/2022\/05\/filmski_vecer_igranih_filmov_DSSL_2022_slo-1061x1500.jpg\" alt=\"\" width=\"1061\" height=\"1500\" srcset=\"https:\/\/www1.kkl.si\/wp-content\/uploads\/2022\/05\/filmski_vecer_igranih_filmov_DSSL_2022_slo-1061x1500.jpg 1061w, https:\/\/www1.kkl.si\/wp-content\/uploads\/2022\/05\/filmski_vecer_igranih_filmov_DSSL_2022_slo-283x400.jpg 283w, https:\/\/www1.kkl.si\/wp-content\/uploads\/2022\/05\/filmski_vecer_igranih_filmov_DSSL_2022_slo.jpg 1768w\" sizes=\"auto, (max-width: 1061px) 100vw, 1061px\" \/><\/a><\/div>\n","protected":false},"excerpt":{"rendered":"<p>Petek, 27. maj 2022 | film 18.00 Prizori\u0161\u010de: Gledali\u0161ka in koncertna dvorana Lendava Organizator: DS\u0160 Lendava\/KKI, Lendva \u00a0 V petek, 27. 5. 2022, ob 18. uri vas vabimo v Gledali\u0161ko in koncertno dvorano Lendava na ve\u010der igranih filmov dijakov in profesorjev Dvojezi\u010dne srednje \u0161ole Lendava. \u00a0 Na\u0161 filmski kro\u017eek je za\u010del delovati leta 2014, ko [&hellip;]<\/p>\n","protected":false},"author":2,"featured_media":7631,"parent":0,"menu_order":0,"comment_status":"closed","ping_status":"closed","template":"","meta":{"footnotes":""},"class_list":["post-7679","page","type-page","status-publish","has-post-thumbnail","hentry","post","post-with-thumbnail","post-with-thumbnail-icon"],"_links":{"self":[{"href":"https:\/\/www1.kkl.si\/sl\/wp-json\/wp\/v2\/pages\/7679","targetHints":{"allow":["GET"]}}],"collection":[{"href":"https:\/\/www1.kkl.si\/sl\/wp-json\/wp\/v2\/pages"}],"about":[{"href":"https:\/\/www1.kkl.si\/sl\/wp-json\/wp\/v2\/types\/page"}],"author":[{"embeddable":true,"href":"https:\/\/www1.kkl.si\/sl\/wp-json\/wp\/v2\/users\/2"}],"replies":[{"embeddable":true,"href":"https:\/\/www1.kkl.si\/sl\/wp-json\/wp\/v2\/comments?post=7679"}],"version-history":[{"count":7,"href":"https:\/\/www1.kkl.si\/sl\/wp-json\/wp\/v2\/pages\/7679\/revisions"}],"predecessor-version":[{"id":7695,"href":"https:\/\/www1.kkl.si\/sl\/wp-json\/wp\/v2\/pages\/7679\/revisions\/7695"}],"wp:featuredmedia":[{"embeddable":true,"href":"https:\/\/www1.kkl.si\/sl\/wp-json\/wp\/v2\/media\/7631"}],"wp:attachment":[{"href":"https:\/\/www1.kkl.si\/sl\/wp-json\/wp\/v2\/media?parent=7679"}],"curies":[{"name":"wp","href":"https:\/\/api.w.org\/{rel}","templated":true}]}}