{"id":7815,"date":"2022-06-01T15:27:39","date_gmt":"2022-06-01T13:27:39","guid":{"rendered":"https:\/\/www1.kkl.si\/?page_id=7815"},"modified":"2022-06-01T15:29:48","modified_gmt":"2022-06-01T13:29:48","slug":"aranyszamar-szinhaz-erdok-konyve","status":"publish","type":"page","link":"https:\/\/www1.kkl.si\/sl\/aranyszamar-szinhaz-erdok-konyve\/","title":{"rendered":"Aranyszam\u00e1r Sz\u00ednh\u00e1z: Erd\u0151k k\u00f6nyve"},"content":{"rendered":"<div class=\"opis\"><img loading=\"lazy\" decoding=\"async\" class=\"wp-image-1591 alignright\" title=\"Pla\u010dljiva prireditev\" src=\"https:\/\/www1.kkl.si\/wp-content\/uploads\/\/2020\/07\/spored_simb_placljiva-1.svg\" alt=\"placljiva\" width=\"40\" height=\"40\" srcset=\"https:\/\/www1.kkl.si\/wp-content\/uploads\/\/2020\/07\/spored_simb_placljiva-1.svg 150w, https:\/\/www1.kkl.si\/wp-content\/uploads\/\/2020\/07\/spored_simb_placljiva-1.svg 400w, https:\/\/www1.kkl.si\/wp-content\/uploads\/\/2020\/07\/spored_simb_placljiva-1.svg 1500w, https:\/\/www1.kkl.si\/wp-content\/uploads\/\/2020\/07\/spored_simb_placljiva-1.svg 100w\" sizes=\"auto, (max-width: 40px) 100vw, 40px\" \/><i class=\"fas fa-calendar\"><\/i> <strong>Sobota, 4. junij 2022 | <span class=\"zanr\">otro\u0161ka predstava<\/span><\/strong><br \/>\n<i class=\"fas fa-clock\"><\/i> <strong>11.00<\/strong><br \/>\n<i class=\"fas fa-ticket-alt\"><\/i> Vstopnina: <strong>2 \u20ac<\/strong><br \/>\n<i class=\"fas fa-map-marker\"><\/i> Prizori\u0161\u010de: Gledali\u0161ka in koncertna dvorana Lendava<br \/>\n<i class=\"fas fa-chevron-circle-right\"><\/i> Organizator: <a href=\"https:\/\/www.kkl.si\/\">Knji\u017enica \u2013 Kulturni center Lendava \u2013 Lendvai K\u00f6nyvt\u00e1r \u00e9s Kultur\u00e1lis K\u00f6zpont<\/a><\/div>\n<p><span style=\"font-size: 24px;\"><strong><a href=\"https:\/\/www1.kkl.si\/wp-content\/uploads\/2022\/05\/plakat_B2_erdok_konyve_2022_splet.jpg\" data-lbwps-width=\"1072\" data-lbwps-height=\"1500\" data-lbwps-srcsmall=\"https:\/\/www1.kkl.si\/wp-content\/uploads\/2022\/05\/plakat_B2_erdok_konyve_2022_splet-286x400.jpg\"><img loading=\"lazy\" decoding=\"async\" class=\"slika alignright wp-image-7776 size-medium\" src=\"https:\/\/www1.kkl.si\/wp-content\/uploads\/2022\/05\/plakat_B2_erdok_konyve_2022_splet-286x400.jpg\" alt=\"\" width=\"286\" height=\"400\" srcset=\"https:\/\/www1.kkl.si\/wp-content\/uploads\/2022\/05\/plakat_B2_erdok_konyve_2022_splet-286x400.jpg 286w, https:\/\/www1.kkl.si\/wp-content\/uploads\/2022\/05\/plakat_B2_erdok_konyve_2022_splet.jpg 1072w\" sizes=\"auto, (max-width: 286px) 100vw, 286px\" \/><\/a><\/strong><\/span><em>Mad\u017earski opis:<\/em><\/p>\n<p><span style=\"font-size: 24px;\"><strong>Wass Albert \u2013 Strausz T\u00fcnde: Erd\u0151k k\u00f6nyve<\/strong><\/span><\/p>\n<p>Az tudtad, hogy a gomb\u00e1k nem csak \u00fagy magukt\u00f3l teremnek, hanem a Gombacsin\u00e1l\u00f3 Man\u00f3 k\u00e9sz\u00edti \u0151ket? \u00c9s azt hogy a vir\u00e1gokban T\u00fcnd\u00e9rek laknak? \u00c9s azon elgondolkodt\u00e1l-e, hogy vajon a Vaddiszn\u00f3 honnan tudja, hogy az orr\u00e1val kell t\u00farnia a f\u00f6ldet? \u00c9s azon, hogy a madarak kit\u0151l tanultak \u00e9nekelni? Biztosan eszedbe sem jut, hogy egy T\u00fcnd\u00e9r is lehet szomor\u00fa, ha elvesz\u00edt valamit \u2013 mondjuk sz\u00e9p kis selyempapucs\u00e1t? Val\u00f3sz\u00edn\u0171leg azon sem t\u00f6prengt\u00e9l m\u00e9g, hogy mi t\u00f6rt\u00e9nik azzal, aki m\u00e9rges gomb\u00e1ba harap. A Boszork\u00e1nyra pedig \u2013 valld be \u2013gondolni sem mert\u00e9l eddig!<\/p>\n<p>Sok mindent nem tudsz teh\u00e1t, ami egy erd\u0151ben t\u00f6rt\u00e9nik. De megtudhatod, ha akarod. \u00c9s azt\u00e1n ha \u00fajra az erd\u0151be m\u00e9sz, Te magad is l\u00e1tni fogod hogy minden hajsz\u00e1lra \u00fagy van, ahogy n\u00e1lunk l\u00e1ttad.<\/p>\n<p>Wass Albert \u201eErd\u0151k \u00e9s tavak k\u00f6nyve\u201d c\u00edm\u0171 m\u0171ve alapj\u00e1n \u00edrta: Strausz T\u00fcnde<br \/>\nA darab alapj\u00e1ul szolg\u00e1l\u00f3 mes\u00e9k: Mese az erd\u0151r\u0151l, Bul\u00e1mbuk, Mese a v\u00e9n Gombacsin\u00e1l\u00f3r\u00f3l, Mese a kis sz\u00fcrke ny\u00falr\u00f3l<\/p>\n<p><strong>Rendez\u0151:<\/strong> Sram\u00f3 G\u00e1bor<br \/>\n<strong>Tervez\u0151:<\/strong> Matyi \u00c1gota<br \/>\n<strong>Zene:<\/strong> Rozs Tam\u00e1s<br \/>\n<strong>B\u00e1bk\u00e9sz\u00edt\u0151:<\/strong> B\u00f3din\u00e9 K\u00f6vecses Anna<br \/>\n<strong>D\u00edszlet:<\/strong> Nagy-Kov\u00e1cs G\u00e9za<br \/>\n<strong>Jelmez:<\/strong> Sz\u00e9plaki No\u00e9mi<\/p>\n<p><strong>Bemutatja:<\/strong> Aranyszam\u00e1r Sz\u00ednh\u00e1z<\/p>\n<p><strong>Szerepl\u0151k:<\/strong><br \/>\n<strong>Erd\u0151 Angyala, Borz:<\/strong> Baranyai Anita<br \/>\n<strong>Boszork\u00e1ny, Cseperke, Vaddiszn\u00f3, M\u00f3kus, Gy\u00f6ngyvir\u00e1g T\u00fcnd\u00e9r:<\/strong> \u00c9rsek-Csan\u00e1di Gy\u00f6ngyi<br \/>\n<strong>Ront\u00f3 Ember, Gy\u00fcjt\u0151 Ember, Nyuszi, Gombacsin\u00e1l\u00f3 Man\u00f3, Bul\u00e1mbuk:<\/strong> Czibere Kriszti\u00e1n, vagy M\u00e1ty\u00e1s Zolt\u00e1n<br \/>\n<strong>Visszhang:<\/strong> \u00c9rsek-Csan\u00e1di Gy\u00f6ngyi \/Czibere Kriszti\u00e1n, M\u00e1ty\u00e1s Zolt\u00e1n mv<br \/>\n<strong>Tov\u00e1bb\u00e1:<\/strong> Erdei Man\u00f3k, Erdei T\u00fcnd\u00e9rek<\/p>\n<p><em>Az 55 perces el\u0151ad\u00e1st aj\u00e1nljuk mindenkinek 4 \u00e9ves kort\u00f3l.\/Predstava traja 55 minut, priporo\u010dena starost: 4 leta<br \/>\n<\/em><\/p>\n<hr \/>\n<p>FOT\u00d3GAL\u00c9RIA\/FOTOGALERIJA<\/p>\n\n\t\t<style type=\"text\/css\">\n\t\t\t#gallery-1 {\n\t\t\t\tmargin: auto;\n\t\t\t}\n\t\t\t#gallery-1 .gallery-item {\n\t\t\t\tfloat: left;\n\t\t\t\tmargin-top: 10px;\n\t\t\t\ttext-align: center;\n\t\t\t\twidth: 16%;\n\t\t\t}\n\t\t\t#gallery-1 img {\n\t\t\t\tborder: 2px solid #cfcfcf;\n\t\t\t}\n\t\t\t#gallery-1 .gallery-caption {\n\t\t\t\tmargin-left: 0;\n\t\t\t}\n\t\t\t\/* see gallery_shortcode() in wp-includes\/media.php *\/\n\t\t<\/style>\n\t\t<div id='gallery-1' class='gallery galleryid-7815 gallery-columns-6 gallery-size-thumbnail'><dl class='gallery-item'>\n\t\t\t<dt class='gallery-icon landscape'>\n\t\t\t\t<a href='https:\/\/www1.kkl.si\/wp-content\/uploads\/2022\/05\/Erdok_konyve_01.jpg'><img loading=\"lazy\" decoding=\"async\" width=\"150\" height=\"150\" src=\"https:\/\/www1.kkl.si\/wp-content\/uploads\/2022\/05\/Erdok_konyve_01-150x150.jpg\" class=\"attachment-thumbnail size-thumbnail\" alt=\"\" \/><\/a>\n\t\t\t<\/dt><\/dl><dl class='gallery-item'>\n\t\t\t<dt class='gallery-icon landscape'>\n\t\t\t\t<a href='https:\/\/www1.kkl.si\/wp-content\/uploads\/2022\/05\/Erdok_konyve_02.jpg'><img loading=\"lazy\" decoding=\"async\" width=\"150\" height=\"150\" src=\"https:\/\/www1.kkl.si\/wp-content\/uploads\/2022\/05\/Erdok_konyve_02-150x150.jpg\" class=\"attachment-thumbnail size-thumbnail\" alt=\"\" \/><\/a>\n\t\t\t<\/dt><\/dl><dl class='gallery-item'>\n\t\t\t<dt class='gallery-icon landscape'>\n\t\t\t\t<a href='https:\/\/www1.kkl.si\/wp-content\/uploads\/2022\/05\/Erdok_konyve_03.jpg'><img loading=\"lazy\" decoding=\"async\" width=\"150\" height=\"150\" src=\"https:\/\/www1.kkl.si\/wp-content\/uploads\/2022\/05\/Erdok_konyve_03-150x150.jpg\" class=\"attachment-thumbnail size-thumbnail\" alt=\"\" \/><\/a>\n\t\t\t<\/dt><\/dl><dl class='gallery-item'>\n\t\t\t<dt class='gallery-icon landscape'>\n\t\t\t\t<a href='https:\/\/www1.kkl.si\/wp-content\/uploads\/2022\/05\/Erdok_konyve_04.jpg'><img loading=\"lazy\" decoding=\"async\" width=\"150\" height=\"150\" src=\"https:\/\/www1.kkl.si\/wp-content\/uploads\/2022\/05\/Erdok_konyve_04-150x150.jpg\" class=\"attachment-thumbnail size-thumbnail\" alt=\"\" \/><\/a>\n\t\t\t<\/dt><\/dl><dl class='gallery-item'>\n\t\t\t<dt class='gallery-icon landscape'>\n\t\t\t\t<a href='https:\/\/www1.kkl.si\/wp-content\/uploads\/2022\/05\/Erdok_konyve_05.jpg'><img loading=\"lazy\" decoding=\"async\" width=\"150\" height=\"150\" src=\"https:\/\/www1.kkl.si\/wp-content\/uploads\/2022\/05\/Erdok_konyve_05-150x150.jpg\" class=\"attachment-thumbnail size-thumbnail\" alt=\"\" \/><\/a>\n\t\t\t<\/dt><\/dl><dl class='gallery-item'>\n\t\t\t<dt class='gallery-icon landscape'>\n\t\t\t\t<a href='https:\/\/www1.kkl.si\/wp-content\/uploads\/2022\/05\/Erdok_konyve_06.jpg'><img loading=\"lazy\" decoding=\"async\" width=\"150\" height=\"150\" src=\"https:\/\/www1.kkl.si\/wp-content\/uploads\/2022\/05\/Erdok_konyve_06-150x150.jpg\" class=\"attachment-thumbnail size-thumbnail\" alt=\"\" \/><\/a>\n\t\t\t<\/dt><\/dl><br style=\"clear: both\" \/><dl class='gallery-item'>\n\t\t\t<dt class='gallery-icon landscape'>\n\t\t\t\t<a href='https:\/\/www1.kkl.si\/wp-content\/uploads\/2022\/05\/Erdok_konyve_07.jpg'><img loading=\"lazy\" decoding=\"async\" width=\"150\" height=\"150\" src=\"https:\/\/www1.kkl.si\/wp-content\/uploads\/2022\/05\/Erdok_konyve_07-150x150.jpg\" class=\"attachment-thumbnail size-thumbnail\" alt=\"\" \/><\/a>\n\t\t\t<\/dt><\/dl><dl class='gallery-item'>\n\t\t\t<dt class='gallery-icon portrait'>\n\t\t\t\t<a href='https:\/\/www1.kkl.si\/wp-content\/uploads\/2022\/05\/Erdok_konyve_08.jpg'><img loading=\"lazy\" decoding=\"async\" width=\"150\" height=\"150\" src=\"https:\/\/www1.kkl.si\/wp-content\/uploads\/2022\/05\/Erdok_konyve_08-150x150.jpg\" class=\"attachment-thumbnail size-thumbnail\" alt=\"\" \/><\/a>\n\t\t\t<\/dt><\/dl><dl class='gallery-item'>\n\t\t\t<dt class='gallery-icon landscape'>\n\t\t\t\t<a href='https:\/\/www1.kkl.si\/wp-content\/uploads\/2022\/05\/Erdok_konyve_09.jpg'><img loading=\"lazy\" decoding=\"async\" width=\"150\" height=\"150\" src=\"https:\/\/www1.kkl.si\/wp-content\/uploads\/2022\/05\/Erdok_konyve_09-150x150.jpg\" class=\"attachment-thumbnail size-thumbnail\" alt=\"\" \/><\/a>\n\t\t\t<\/dt><\/dl>\n\t\t\t<br style='clear: both' \/>\n\t\t<\/div>\n\n<hr \/>\n<p>VIDE\u00d3\/VIDEO<\/p>\n<p><iframe loading=\"lazy\" src=\"\/\/www.youtube.com\/embed\/qtAXuxVW58s\" width=\"1200\" height=\"673\" allowfullscreen=\"allowfullscreen\" data-mce-fragment=\"1\"><\/iframe><\/p>\n<p><i class=\"fas fa-link\"><\/i> <a href=\"https:\/\/aranyszamar.hu\/wass-albert-strausz-tunde-erdok-konyve\/\">https:\/\/aranyszamar.hu\/wass-albert-strausz-tunde-erdok-konyve\/<\/a><\/p>\n","protected":false},"excerpt":{"rendered":"<p>Sobota, 4. junij 2022 | otro\u0161ka predstava 11.00 Vstopnina: 2 \u20ac Prizori\u0161\u010de: Gledali\u0161ka in koncertna dvorana Lendava Organizator: Knji\u017enica \u2013 Kulturni center Lendava \u2013 Lendvai K\u00f6nyvt\u00e1r \u00e9s Kultur\u00e1lis K\u00f6zpont Mad\u017earski opis: Wass Albert \u2013 Strausz T\u00fcnde: Erd\u0151k k\u00f6nyve Az tudtad, hogy a gomb\u00e1k nem csak \u00fagy magukt\u00f3l teremnek, hanem a Gombacsin\u00e1l\u00f3 Man\u00f3 k\u00e9sz\u00edti \u0151ket? \u00c9s [&hellip;]<\/p>\n","protected":false},"author":2,"featured_media":7801,"parent":0,"menu_order":0,"comment_status":"closed","ping_status":"closed","template":"","meta":{"footnotes":""},"class_list":["post-7815","page","type-page","status-publish","has-post-thumbnail","hentry","post","post-with-thumbnail","post-with-thumbnail-icon"],"_links":{"self":[{"href":"https:\/\/www1.kkl.si\/sl\/wp-json\/wp\/v2\/pages\/7815","targetHints":{"allow":["GET"]}}],"collection":[{"href":"https:\/\/www1.kkl.si\/sl\/wp-json\/wp\/v2\/pages"}],"about":[{"href":"https:\/\/www1.kkl.si\/sl\/wp-json\/wp\/v2\/types\/page"}],"author":[{"embeddable":true,"href":"https:\/\/www1.kkl.si\/sl\/wp-json\/wp\/v2\/users\/2"}],"replies":[{"embeddable":true,"href":"https:\/\/www1.kkl.si\/sl\/wp-json\/wp\/v2\/comments?post=7815"}],"version-history":[{"count":3,"href":"https:\/\/www1.kkl.si\/sl\/wp-json\/wp\/v2\/pages\/7815\/revisions"}],"predecessor-version":[{"id":7821,"href":"https:\/\/www1.kkl.si\/sl\/wp-json\/wp\/v2\/pages\/7815\/revisions\/7821"}],"wp:featuredmedia":[{"embeddable":true,"href":"https:\/\/www1.kkl.si\/sl\/wp-json\/wp\/v2\/media\/7801"}],"wp:attachment":[{"href":"https:\/\/www1.kkl.si\/sl\/wp-json\/wp\/v2\/media?parent=7815"}],"curies":[{"name":"wp","href":"https:\/\/api.w.org\/{rel}","templated":true}]}}