{"id":7927,"date":"2022-06-20T19:18:40","date_gmt":"2022-06-20T17:18:40","guid":{"rendered":"https:\/\/www1.kkl.si\/?page_id=7927"},"modified":"2022-06-21T14:03:28","modified_gmt":"2022-06-21T12:03:28","slug":"dan-drzavnosti-2022-in-balet-pod-zvezdami","status":"publish","type":"page","link":"https:\/\/www1.kkl.si\/sl\/dan-drzavnosti-2022-in-balet-pod-zvezdami\/","title":{"rendered":"Dan dr\u017eavnosti 2022 in Balet pod zvezdami"},"content":{"rendered":"<div class=\"opis\"><strong><img loading=\"lazy\" decoding=\"async\" class=\"wp-image-1587 alignright\" title=\"Brezpla\u010dna prireditev\" src=\"https:\/\/www1.kkl.si\/wp-content\/uploads\/2020\/07\/spored_simb_brezplacna-1.svg\" alt=\"brezplacna\" width=\"40\" height=\"40\" srcset=\"https:\/\/www1.kkl.si\/wp-content\/uploads\/\/2020\/07\/spored_simb_brezplacna-1.svg 150w, https:\/\/www1.kkl.si\/wp-content\/uploads\/\/2020\/07\/spored_simb_brezplacna-1.svg 400w, https:\/\/www1.kkl.si\/wp-content\/uploads\/\/2020\/07\/spored_simb_brezplacna-1.svg 1500w, https:\/\/www1.kkl.si\/wp-content\/uploads\/\/2020\/07\/spored_simb_brezplacna-1.svg 100w\" sizes=\"auto, (max-width: 40px) 100vw, 40px\" \/><i class=\"fas fa-calendar\"><\/i> <\/strong><strong>\u010cetrtek, 23. junij 2022 | <span class=\"zanr\">kulturna prireditev in baletna predstava<\/span><br \/>\n<i class=\"fas fa-clock\"><\/i> <\/strong><strong>20<\/strong><strong>.00<br \/>\n<i class=\"fas fa-clock\"><\/i> 21.00<\/strong> (balet)<br \/>\n<i class=\"fas fa-map-marker\"><\/i> Prizori\u0161\u010de: Letni oder Gledali\u0161ke in koncertne dvorane Lendava<br \/>\n<i class=\"fas fa-chevron-circle-right\"><\/i> Organizator: <a href=\"https:\/\/www.lendava.si\/\">Ob\u010dina Lendava\/Lendva K\u00f6zs\u00e9g<\/a>, <a href=\"http:\/\/www.zvvs.si\/\">Obmo\u010dno zdru\u017eenje veteranov vojne za Slovenijo Lendava<\/a>, <a href=\"http:\/\/www.zsc.si\/location\/ozsc-lendava\/\">Obmo\u010dno zdru\u017eenje slovenskih \u010dastnikov Lendava<\/a>, <a href=\"https:\/\/www.sever-pomurje.si\/\">Policijsko veteransko dru\u0161tvo \u201cSEVER\u201d za Pomurje<\/a>, <a href=\"https:\/\/www.kkl.si\/\">Knji\u017enica \u2013 Kulturni center Lendava \u2013 Lendvai K\u00f6nyvt\u00e1r \u00e9s Kultur\u00e1lis K\u00f6zpont<\/a>, <a href=\"https:\/\/www.dbus.si\/\">DBUS \u2013 Dru\u0161tvo baletnih umetnikov Slovenije<\/a><\/div>\n<p><a href=\"https:\/\/www1.kkl.si\/wp-content\/uploads\/2022\/06\/plakat_dan_drzavnosti_2022_70cm_B.png\" data-lbwps-width=\"2857\" data-lbwps-height=\"4000\" data-lbwps-srcsmall=\"https:\/\/www1.kkl.si\/wp-content\/uploads\/2022\/06\/plakat_dan_drzavnosti_2022_70cm_B-286x400.png\"><img loading=\"lazy\" decoding=\"async\" class=\"slika alignright wp-image-7905\" src=\"https:\/\/www1.kkl.si\/wp-content\/uploads\/2022\/06\/plakat_dan_drzavnosti_2022_70cm_B-1071x1500.png\" alt=\"\" width=\"600\" height=\"840\" srcset=\"https:\/\/www1.kkl.si\/wp-content\/uploads\/2022\/06\/plakat_dan_drzavnosti_2022_70cm_B-1071x1500.png 1071w, https:\/\/www1.kkl.si\/wp-content\/uploads\/2022\/06\/plakat_dan_drzavnosti_2022_70cm_B-286x400.png 286w\" sizes=\"auto, (max-width: 600px) 100vw, 600px\" \/><\/a>Ob dnevu dr\u017eavnosti vabljeni na osrednjo slovesnost, ki bo v <strong>\u010detrtek, 23. junija 2022, ob 20. uri <\/strong>na letnem odru Gledali\u0161ke in koncertne dvorane Lendava.<\/p>\n<p>Slavnostni govornik na slovesnosti bo <em>Branko Bratkovi\u010d<\/em>, upokojeni major Slovenske vojske in veteran vojne za Slovenijo.<\/p>\n<p>\u017de tradicionalno ob praznovanju dneva dr\u017eavnosti na letnem odru Gledali\u0161ke in koncertne dvorane Lendava gostimo <strong>Balet pod zvezdami<\/strong>, ki se bo pri\u010del ob <strong>21. uri<\/strong>.<\/p>\n<p>\n<span style=\"font-size: 28px;\">Balet pod zvezdami<br \/>\nPROGRAM<br \/>\n<\/span><\/p>\n<p><strong>BALETNI KONCERT V LENDAVI, 23. 6. 2022<\/strong><\/p>\n<p>\n<strong><span style=\"color: #c00000;\">DON KIHOT, Grand pas de deux<\/span><\/strong><br \/>\nGlasba: Ludwig Minkus<br \/>\nKoreografija: Marius Petipa<br \/>\n<strong>Asami Nakashima, Jan Trnini\u010d<\/strong><\/p>\n<p><strong><span style=\"color: #c00000;\">POMLADNA RAZIGRANOST<\/span><\/strong> <br \/>\nGlasba: Peter Ili\u010d \u010cajkovski<br \/>\nKoreografija: Brina Gerebic <br \/>\n<strong>Brina Gerebic<\/strong><\/p>\n<p><strong><span style=\"color: #c00000;\">BRINDISI<\/span><\/strong><br \/>\nGlasba: Giuseppe Verdi<br \/>\nKoreografija: Toma\u017e Golub<br \/>\n<strong>Satomi Netsu Pilca, Toma\u017e Golub<\/strong><\/p>\n<p><span style=\"color: #c00000;\"><strong>SYLVIA, variacija<\/strong><\/span><br \/>\nGlasba: Leo Delibes<br \/>\nKoreografija: Marius Petipa<br \/>\n<strong>Yuya Omaki<\/strong><\/p>\n<p><span style=\"color: #c00000;\"><strong>PAQUITA, variacija<\/strong><\/span><br \/>\nGlasba: Ludwig Minkus<br \/>\nKoreografija: Marius Petipa<br \/>\n<strong>Beatrice Bartolomei<\/strong><\/p>\n<div id=\"attachment_7959\" style=\"width: 610px\" class=\"wp-caption alignright\"><a href=\"https:\/\/www1.kkl.si\/wp-content\/uploads\/2022\/06\/Balet_pod-zvezdami_Miran_Dominko.jpg\" data-lbwps-width=\"2000\" data-lbwps-height=\"1328\" data-lbwps-srcsmall=\"https:\/\/www1.kkl.si\/wp-content\/uploads\/2022\/06\/Balet_pod-zvezdami_Miran_Dominko-400x266.jpg\"><img loading=\"lazy\" decoding=\"async\" aria-describedby=\"caption-attachment-7959\" class=\"wp-image-7959\" src=\"https:\/\/www1.kkl.si\/wp-content\/uploads\/2022\/06\/Balet_pod-zvezdami_Miran_Dominko-1500x996.jpg\" alt=\"\" width=\"600\" height=\"398\" srcset=\"https:\/\/www1.kkl.si\/wp-content\/uploads\/2022\/06\/Balet_pod-zvezdami_Miran_Dominko-1500x996.jpg 1500w, https:\/\/www1.kkl.si\/wp-content\/uploads\/2022\/06\/Balet_pod-zvezdami_Miran_Dominko-400x266.jpg 400w, https:\/\/www1.kkl.si\/wp-content\/uploads\/2022\/06\/Balet_pod-zvezdami_Miran_Dominko.jpg 2000w\" sizes=\"auto, (max-width: 600px) 100vw, 600px\" \/><\/a><p id=\"caption-attachment-7959\" class=\"wp-caption-text\">Foto: Miran Dominko<\/p><\/div>\n<p><span style=\"color: #c00000;\"><strong>SATANELLA, variacija<\/strong><\/span><br \/>\nGlasba: Cesare Pugni<br \/>\nKoreografija: Marius Petipa<br \/>\n<strong>Matteo Magalotti<\/strong><\/p>\n<p><span style=\"color: #c00000;\"><strong>NOT OUR TIME<\/strong><\/span><br \/>\nGlasba: Frederic Chopin<br \/>\nKoreografija: Toma\u017e Golub<br \/>\n<strong>Satomi Netsu Pilca, Toma\u017e Golub<\/strong><\/p>\n<p><span style=\"color: #c00000;\"><strong>LJUBEZEN<\/strong> <\/span><br \/>\nGlasba: Adele<br \/>\nKoreografija: Brina Gerebic <br \/>\n<strong>Brina Gerebic<\/strong><\/p>\n<p><span style=\"color: #c00000;\"><strong>CARMEN<\/strong><\/span><br \/>\nGlasba: Georges Bizet<br \/>\nKoreografija: Valentina Turcu<br \/>\n<strong>Beatrice Bartolomei, Andrea Schifano<\/strong><\/p>\n<p><span style=\"color: #c00000;\"><strong>GUSAR, Pas de trois<\/strong><\/span><br \/>\nGlasba: Adolph Adam<br \/>\nKoreografija: Marius Petipa<br \/>\n<strong>Asami Nakashima, Monja Obrul, Yuya Omaki<\/strong><\/p>\n","protected":false},"excerpt":{"rendered":"<p>\u010cetrtek, 23. junij 2022 | kulturna prireditev in baletna predstava 20.00 21.00 (balet) Prizori\u0161\u010de: Letni oder Gledali\u0161ke in koncertne dvorane Lendava Organizator: Ob\u010dina Lendava\/Lendva K\u00f6zs\u00e9g, Obmo\u010dno zdru\u017eenje veteranov vojne za Slovenijo Lendava, Obmo\u010dno zdru\u017eenje slovenskih \u010dastnikov Lendava, Policijsko veteransko dru\u0161tvo \u201cSEVER\u201d za Pomurje, Knji\u017enica \u2013 Kulturni center Lendava \u2013 Lendvai K\u00f6nyvt\u00e1r \u00e9s Kultur\u00e1lis K\u00f6zpont, DBUS [&hellip;]<\/p>\n","protected":false},"author":2,"featured_media":7905,"parent":0,"menu_order":0,"comment_status":"closed","ping_status":"closed","template":"","meta":{"footnotes":""},"class_list":["post-7927","page","type-page","status-publish","has-post-thumbnail","hentry","post","post-with-thumbnail","post-with-thumbnail-icon"],"_links":{"self":[{"href":"https:\/\/www1.kkl.si\/sl\/wp-json\/wp\/v2\/pages\/7927","targetHints":{"allow":["GET"]}}],"collection":[{"href":"https:\/\/www1.kkl.si\/sl\/wp-json\/wp\/v2\/pages"}],"about":[{"href":"https:\/\/www1.kkl.si\/sl\/wp-json\/wp\/v2\/types\/page"}],"author":[{"embeddable":true,"href":"https:\/\/www1.kkl.si\/sl\/wp-json\/wp\/v2\/users\/2"}],"replies":[{"embeddable":true,"href":"https:\/\/www1.kkl.si\/sl\/wp-json\/wp\/v2\/comments?post=7927"}],"version-history":[{"count":8,"href":"https:\/\/www1.kkl.si\/sl\/wp-json\/wp\/v2\/pages\/7927\/revisions"}],"predecessor-version":[{"id":7963,"href":"https:\/\/www1.kkl.si\/sl\/wp-json\/wp\/v2\/pages\/7927\/revisions\/7963"}],"wp:featuredmedia":[{"embeddable":true,"href":"https:\/\/www1.kkl.si\/sl\/wp-json\/wp\/v2\/media\/7905"}],"wp:attachment":[{"href":"https:\/\/www1.kkl.si\/sl\/wp-json\/wp\/v2\/media?parent=7927"}],"curies":[{"name":"wp","href":"https:\/\/api.w.org\/{rel}","templated":true}]}}