{"id":8091,"date":"2022-07-04T15:25:08","date_gmt":"2022-07-04T13:25:08","guid":{"rendered":"https:\/\/www1.kkl.si\/?page_id=8091"},"modified":"2022-07-04T15:48:29","modified_gmt":"2022-07-04T13:48:29","slug":"judovska-dusa-potovanje-skozi-judovsko-kantorsko-hasidsko-in-jidis-glasbo","status":"publish","type":"page","link":"https:\/\/www1.kkl.si\/sl\/judovska-dusa-potovanje-skozi-judovsko-kantorsko-hasidsko-in-jidis-glasbo\/","title":{"rendered":"Judovska du\u0161a \u2013 potovanje skozi judovsko kantorsko, hasidsko in jidi\u0161 glasbo"},"content":{"rendered":"<div class=\"opis\"><strong><img loading=\"lazy\" decoding=\"async\" class=\"wp-image-1587 alignright\" title=\"Brezpla\u010dna prireditev\" src=\"https:\/\/www1.kkl.si\/wp-content\/uploads\/2020\/07\/spored_simb_brezplacna-1.svg\" alt=\"brezplacna\" width=\"40\" height=\"40\" srcset=\"https:\/\/www1.kkl.si\/wp-content\/uploads\/\/2020\/07\/spored_simb_brezplacna-1.svg 150w, https:\/\/www1.kkl.si\/wp-content\/uploads\/\/2020\/07\/spored_simb_brezplacna-1.svg 400w, https:\/\/www1.kkl.si\/wp-content\/uploads\/\/2020\/07\/spored_simb_brezplacna-1.svg 1500w, https:\/\/www1.kkl.si\/wp-content\/uploads\/\/2020\/07\/spored_simb_brezplacna-1.svg 100w\" sizes=\"auto, (max-width: 40px) 100vw, 40px\" \/><i class=\"fas fa-calendar\"><\/i> <\/strong><strong>Ponedeljek, 4. julij 2022 | <span class=\"zanr\">koncert<\/span><br \/>\n<i class=\"fas fa-clock\"><\/i> <\/strong><strong>19<\/strong><strong>.00<\/strong><br \/>\n<i class=\"fas fa-map-marker\"><\/i> Prizori\u0161\u010de: Sinagoga Lendava<br \/>\n<i class=\"fas fa-chevron-circle-right\"><\/i> Organizatorja: <a href=\"https:\/\/judovskozdruzenje.si\/\">Judovsko zdru\u017eenje Slovenije \u2013 skupnost tradicionalnih Judov<\/a> in <a href=\"https:\/\/www.lendava.si\/\">Ob\u010dina Lendava\/Lendva K\u00f6zs\u00e9g<\/a><\/div>\n<p><a href=\"https:\/\/www1.kkl.si\/wp-content\/uploads\/2022\/07\/Vabilo_Judovska_dusa_koncert_04_07_2022_SI-HU.jpg\" data-lbwps-width=\"1748\" data-lbwps-height=\"1748\" data-lbwps-srcsmall=\"https:\/\/www1.kkl.si\/wp-content\/uploads\/2022\/07\/Vabilo_Judovska_dusa_koncert_04_07_2022_SI-HU-400x400.jpg\"><img loading=\"lazy\" decoding=\"async\" class=\"alignright wp-image-8088 size-thumbnail\" src=\"https:\/\/www1.kkl.si\/wp-content\/uploads\/2022\/07\/Vabilo_Judovska_dusa_koncert_04_07_2022_SI-HU-150x150.jpg\" alt=\"\" width=\"150\" height=\"150\" srcset=\"https:\/\/www1.kkl.si\/wp-content\/uploads\/2022\/07\/Vabilo_Judovska_dusa_koncert_04_07_2022_SI-HU-150x150.jpg 150w, https:\/\/www1.kkl.si\/wp-content\/uploads\/2022\/07\/Vabilo_Judovska_dusa_koncert_04_07_2022_SI-HU-400x400.jpg 400w, https:\/\/www1.kkl.si\/wp-content\/uploads\/2022\/07\/Vabilo_Judovska_dusa_koncert_04_07_2022_SI-HU-1500x1500.jpg 1500w, https:\/\/www1.kkl.si\/wp-content\/uploads\/2022\/07\/Vabilo_Judovska_dusa_koncert_04_07_2022_SI-HU.jpg 1748w\" sizes=\"auto, (max-width: 150px) 100vw, 150px\" \/><\/a>Vljudno vabljeni na koncert <strong>\u00bbJUDOVSKA DU\u0160A \u2013 potovanje skozi judovsko kantorsko, hasidsko in jidi\u0161 glasbo\u00ab<\/strong>, ki bo v ponedeljek, 4. julija 2022, ob 19. uri v Sinagogi Lendava.<\/p>\n<p>Nastopata: <br \/>\n<strong>Shmuel Barzilai<\/strong>, glavni kantor osrednje sinagoge na Dunaju, in <strong>Elias Meiri<\/strong>, klavir.<\/p>\n<p><span style=\"font-size: 12px;\">Obve\u0161\u010damo Vas, da se bo dogodek fotografiral in snemal. Z udele\u017ebo na dogodku dovoljujete, da se Vas fotografira in\/ali snema, <\/span><span style=\"font-size: 12px;\">ter sogla\u0161ate z uporabo fotografskih, tonskih in video posnetkov, ki bodo nastali med dogodkom, v vseh medijih.<\/span><\/p>\n<hr \/>\n<p>VIDEO: Shmuel Barzilai<\/p>\n<p><iframe loading=\"lazy\" src=\"\/\/www.youtube.com\/embed\/GiRCqvr5Xm8\" width=\"560\" height=\"314\" allowfullscreen=\"allowfullscreen\"><\/iframe><\/p>\n<p><iframe loading=\"lazy\" src=\"\/\/www.youtube.com\/embed\/BdWpZtfM_kU\" width=\"560\" height=\"314\" allowfullscreen=\"allowfullscreen\"><\/iframe><\/p>\n<p>VIDEO: Elias Meiri<\/p>\n<p><iframe loading=\"lazy\" src=\"\/\/www.youtube.com\/embed\/Eqcz0OLb0XA\" width=\"560\" height=\"314\" allowfullscreen=\"allowfullscreen\"><\/iframe><\/p>\n<p><a href=\"https:\/\/www1.kkl.si\/wp-content\/uploads\/2022\/07\/logotipi_judovski_koncert.svg\" data-lbwps-width=\"998\" data-lbwps-height=\"300\" data-lbwps-srcsmall=\"https:\/\/www1.kkl.si\/wp-content\/uploads\/2022\/07\/logotipi_judovski_koncert.svg\"><img decoding=\"async\" class=\"alignnone size-full wp-image-8103\" src=\"https:\/\/www1.kkl.si\/wp-content\/uploads\/2022\/07\/logotipi_judovski_koncert.svg\" alt=\"\" \/><\/a><\/p>\n","protected":false},"excerpt":{"rendered":"<p>Ponedeljek, 4. julij 2022 | koncert 19.00 Prizori\u0161\u010de: Sinagoga Lendava Organizatorja: Judovsko zdru\u017eenje Slovenije \u2013 skupnost tradicionalnih Judov in Ob\u010dina Lendava\/Lendva K\u00f6zs\u00e9g Vljudno vabljeni na koncert \u00bbJUDOVSKA DU\u0160A \u2013 potovanje skozi judovsko kantorsko, hasidsko in jidi\u0161 glasbo\u00ab, ki bo v ponedeljek, 4. julija 2022, ob 19. uri v Sinagogi Lendava. Nastopata: Shmuel Barzilai, glavni kantor [&hellip;]<\/p>\n","protected":false},"author":2,"featured_media":8088,"parent":0,"menu_order":0,"comment_status":"closed","ping_status":"closed","template":"","meta":{"footnotes":""},"class_list":["post-8091","page","type-page","status-publish","has-post-thumbnail","hentry","post","post-with-thumbnail","post-with-thumbnail-icon"],"_links":{"self":[{"href":"https:\/\/www1.kkl.si\/sl\/wp-json\/wp\/v2\/pages\/8091","targetHints":{"allow":["GET"]}}],"collection":[{"href":"https:\/\/www1.kkl.si\/sl\/wp-json\/wp\/v2\/pages"}],"about":[{"href":"https:\/\/www1.kkl.si\/sl\/wp-json\/wp\/v2\/types\/page"}],"author":[{"embeddable":true,"href":"https:\/\/www1.kkl.si\/sl\/wp-json\/wp\/v2\/users\/2"}],"replies":[{"embeddable":true,"href":"https:\/\/www1.kkl.si\/sl\/wp-json\/wp\/v2\/comments?post=8091"}],"version-history":[{"count":5,"href":"https:\/\/www1.kkl.si\/sl\/wp-json\/wp\/v2\/pages\/8091\/revisions"}],"predecessor-version":[{"id":8106,"href":"https:\/\/www1.kkl.si\/sl\/wp-json\/wp\/v2\/pages\/8091\/revisions\/8106"}],"wp:featuredmedia":[{"embeddable":true,"href":"https:\/\/www1.kkl.si\/sl\/wp-json\/wp\/v2\/media\/8088"}],"wp:attachment":[{"href":"https:\/\/www1.kkl.si\/sl\/wp-json\/wp\/v2\/media?parent=8091"}],"curies":[{"name":"wp","href":"https:\/\/api.w.org\/{rel}","templated":true}]}}