{"id":8118,"date":"2022-07-07T14:26:52","date_gmt":"2022-07-07T12:26:52","guid":{"rendered":"https:\/\/www1.kkl.si\/?page_id=8118"},"modified":"2022-07-07T14:37:25","modified_gmt":"2022-07-07T12:37:25","slug":"gledalisce-smejcek-carodejka-binka-in-njena-velika-carodejska-predstava","status":"publish","type":"page","link":"https:\/\/www1.kkl.si\/sl\/gledalisce-smejcek-carodejka-binka-in-njena-velika-carodejska-predstava\/","title":{"rendered":"Gledali\u0161\u010de Smej\u010dek: \u010carodejka Binka in njena velika \u010darodejska predstava"},"content":{"rendered":"<div class=\"opis\"><strong><img loading=\"lazy\" decoding=\"async\" class=\"wp-image-1587 alignright\" title=\"Brezpla\u010dna prireditev\" src=\"https:\/\/www1.kkl.si\/wp-content\/uploads\/2020\/07\/spored_simb_brezplacna-1.svg\" alt=\"brezplacna\" width=\"40\" height=\"40\" srcset=\"https:\/\/www1.kkl.si\/wp-content\/uploads\/\/2020\/07\/spored_simb_brezplacna-1.svg 150w, https:\/\/www1.kkl.si\/wp-content\/uploads\/\/2020\/07\/spored_simb_brezplacna-1.svg 400w, https:\/\/www1.kkl.si\/wp-content\/uploads\/\/2020\/07\/spored_simb_brezplacna-1.svg 1500w, https:\/\/www1.kkl.si\/wp-content\/uploads\/\/2020\/07\/spored_simb_brezplacna-1.svg 100w\" sizes=\"auto, (max-width: 40px) 100vw, 40px\" \/><i class=\"fas fa-calendar\"><\/i> <\/strong><strong>Sobota, 16. julij 2022 | <span class=\"zanr\">otro\u0161ka predstava<\/span><br \/>\n<i class=\"fas fa-clock\"><\/i> <\/strong><strong>19<\/strong><strong>.00<\/strong><br \/>\n<i class=\"fas fa-map-marker\"><\/i> Prizori\u0161\u010de: Letni oder Gledali\u0161ke in koncertne dvorane Lendava<br \/>\n<i class=\"fas fa-chevron-circle-right\"><\/i> Organizator: <a href=\"https:\/\/www.kkl.si\/\">Knji\u017enica \u2013 Kulturni center Lendava \u2013 Lendvai K\u00f6nyvt\u00e1r \u00e9s Kultur\u00e1lis K\u00f6zpont<\/a><\/div>\n<p><a href=\"https:\/\/www1.kkl.si\/wp-content\/uploads\/2022\/07\/carodejka_binka_splet.jpg\" data-lbwps-width=\"1125\" data-lbwps-height=\"1500\" data-lbwps-srcsmall=\"https:\/\/www1.kkl.si\/wp-content\/uploads\/2022\/07\/carodejka_binka_splet-300x400.jpg\"><img loading=\"lazy\" decoding=\"async\" class=\"slika alignright wp-image-8119 size-medium\" src=\"https:\/\/www1.kkl.si\/wp-content\/uploads\/2022\/07\/carodejka_binka_splet-300x400.jpg\" alt=\"\" width=\"300\" height=\"400\" srcset=\"https:\/\/www1.kkl.si\/wp-content\/uploads\/2022\/07\/carodejka_binka_splet-300x400.jpg 300w, https:\/\/www1.kkl.si\/wp-content\/uploads\/2022\/07\/carodejka_binka_splet.jpg 1125w\" sizes=\"auto, (max-width: 300px) 100vw, 300px\" \/><\/a>O PREDSTAVI<\/p>\n<p>Binka je deklica, ki si \u017eeli postati \u010darodejka. A kot se v\u010dasih pri otrocih zgodi, ji hitro zmanjka volje tako za doma\u010de naloge, kot tudi za vajo \u010darodejskih vragolij. Ker je slabe volje, se odlo\u010di, da bo raje nagajala sosedi Betki. Morda jo pa ona lahko nau\u010di, da si zares sre\u010den, \u010de se za tisto, kar si \u017eeli\u0161, tudi sam potrudi\u0161.<\/p>\n<p>Predstava, ki je polna zabave in seveda tudi \u010darovnij, hkrati krepi naslednje vrednote: vztrajanje, sodelovanje, pomo\u010d so\u010dloveku, odpu\u0161\u010danje, vera vase in v svoje sposobnosti.<\/p>\n<p><i class=\"fas fa-link\"><\/i> <a href=\"http:\/\/www.gledalisce-smejcek.si\/otroske-predstave\/\">http:\/\/www.gledalisce-smejcek.si\/otroske-predstave\/<\/a><\/p>\n<p>&nbsp;<\/p>\n<p>O GLEDALI\u0160\u010cU SMEJ\u010cEK<\/p>\n<p>Predstave Gledali\u0161\u010da Smej\u010dek so obogatene z animacijo, veselimi pesmicami in vrednotami, ki gradijo \u017eivljenje! So tudi u\u010dno-stimulacijske in polne humorja. Obiskujemo vrtce, \u0161ole, knji\u017enice, kulturne ustanove, centre, podjetja, festivale, zabave za rojstni dan (oz. za kak\u0161no drugo prilo\u017enost) ali pa katerikoli kraje, kjer se ljudje \u017eelijo smejati in zabavati.<\/p>\n<hr \/>\n<p><strong><em><a href=\"https:\/\/www1.kkl.si\/wp-content\/uploads\/2022\/07\/plakat_B2_KKCL_poleti_v_lendavo_2022_splet.jpg\" data-lbwps-width=\"1437\" data-lbwps-height=\"2000\" data-lbwps-srcsmall=\"https:\/\/www1.kkl.si\/wp-content\/uploads\/2022\/07\/plakat_B2_KKCL_poleti_v_lendavo_2022_splet-287x400.jpg\"><img loading=\"lazy\" decoding=\"async\" class=\"slika alignleft wp-image-8112\" src=\"https:\/\/www1.kkl.si\/wp-content\/uploads\/2022\/07\/plakat_B2_KKCL_poleti_v_lendavo_2022_splet.jpg\" alt=\"\" width=\"500\" height=\"696\" srcset=\"https:\/\/www1.kkl.si\/wp-content\/uploads\/2022\/07\/plakat_B2_KKCL_poleti_v_lendavo_2022_splet.jpg 1437w, https:\/\/www1.kkl.si\/wp-content\/uploads\/2022\/07\/plakat_B2_KKCL_poleti_v_lendavo_2022_splet-287x400.jpg 287w, https:\/\/www1.kkl.si\/wp-content\/uploads\/2022\/07\/plakat_B2_KKCL_poleti_v_lendavo_2022_splet-1078x1500.jpg 1078w\" sizes=\"auto, (max-width: 500px) 100vw, 500px\" \/><\/a>POLETI V LENDAVO 2022<br \/>\n<\/em><em>Kulturne prireditve v Gledali\u0161ki in koncertni dvorani v Lendavi<\/em><\/strong><\/p>\n<p><em>Prizori\u0161\u010de: Letni oder Gledali\u0161ke in koncertne dvorane Lendava<\/em><br \/>\n<em>Organizator: Knji\u017enica \u2013 Kulturni center Lendava. <\/em><\/p>\n<p><em>Vse prireditve so brezpla\u010dne.<\/em><\/p>\n<p>&nbsp;<\/p>\n","protected":false},"excerpt":{"rendered":"<p>Sobota, 16. julij 2022 | otro\u0161ka predstava 19.00 Prizori\u0161\u010de: Letni oder Gledali\u0161ke in koncertne dvorane Lendava Organizator: Knji\u017enica \u2013 Kulturni center Lendava \u2013 Lendvai K\u00f6nyvt\u00e1r \u00e9s Kultur\u00e1lis K\u00f6zpont O PREDSTAVI Binka je deklica, ki si \u017eeli postati \u010darodejka. A kot se v\u010dasih pri otrocih zgodi, ji hitro zmanjka volje tako za doma\u010de naloge, kot tudi [&hellip;]<\/p>\n","protected":false},"author":2,"featured_media":0,"parent":0,"menu_order":0,"comment_status":"closed","ping_status":"closed","template":"","meta":{"footnotes":""},"class_list":["post-8118","page","type-page","status-publish","hentry","post"],"_links":{"self":[{"href":"https:\/\/www1.kkl.si\/sl\/wp-json\/wp\/v2\/pages\/8118","targetHints":{"allow":["GET"]}}],"collection":[{"href":"https:\/\/www1.kkl.si\/sl\/wp-json\/wp\/v2\/pages"}],"about":[{"href":"https:\/\/www1.kkl.si\/sl\/wp-json\/wp\/v2\/types\/page"}],"author":[{"embeddable":true,"href":"https:\/\/www1.kkl.si\/sl\/wp-json\/wp\/v2\/users\/2"}],"replies":[{"embeddable":true,"href":"https:\/\/www1.kkl.si\/sl\/wp-json\/wp\/v2\/comments?post=8118"}],"version-history":[{"count":6,"href":"https:\/\/www1.kkl.si\/sl\/wp-json\/wp\/v2\/pages\/8118\/revisions"}],"predecessor-version":[{"id":8126,"href":"https:\/\/www1.kkl.si\/sl\/wp-json\/wp\/v2\/pages\/8118\/revisions\/8126"}],"wp:attachment":[{"href":"https:\/\/www1.kkl.si\/sl\/wp-json\/wp\/v2\/media?parent=8118"}],"curies":[{"name":"wp","href":"https:\/\/api.w.org\/{rel}","templated":true}]}}