{"id":8149,"date":"2022-07-07T18:17:03","date_gmt":"2022-07-07T16:17:03","guid":{"rendered":"https:\/\/www1.kkl.si\/?page_id=8149"},"modified":"2022-07-18T13:12:59","modified_gmt":"2022-07-18T11:12:59","slug":"ku-kuc-gledalisce-skratka-sladka","status":"publish","type":"page","link":"https:\/\/www1.kkl.si\/sl\/ku-kuc-gledalisce-skratka-sladka\/","title":{"rendered":"Ku-Kuc Gledali\u0161\u010de: \u0160kratka Sladka"},"content":{"rendered":"<div class=\"opis\"><strong><img loading=\"lazy\" decoding=\"async\" class=\"wp-image-1587 alignright\" title=\"Brezpla\u010dna prireditev\" src=\"https:\/\/www1.kkl.si\/wp-content\/uploads\/2020\/07\/spored_simb_brezplacna-1.svg\" alt=\"brezplacna\" width=\"40\" height=\"40\" srcset=\"https:\/\/www1.kkl.si\/wp-content\/uploads\/\/2020\/07\/spored_simb_brezplacna-1.svg 150w, https:\/\/www1.kkl.si\/wp-content\/uploads\/\/2020\/07\/spored_simb_brezplacna-1.svg 400w, https:\/\/www1.kkl.si\/wp-content\/uploads\/\/2020\/07\/spored_simb_brezplacna-1.svg 1500w, https:\/\/www1.kkl.si\/wp-content\/uploads\/\/2020\/07\/spored_simb_brezplacna-1.svg 100w\" sizes=\"auto, (max-width: 40px) 100vw, 40px\" \/><i class=\"fas fa-calendar\"><\/i> <\/strong><strong>Petek, 29. julij 2022 | <span class=\"zanr\">otro\u0161ka predstava<\/span><br \/>\n<i class=\"fas fa-clock\"><\/i> <\/strong><strong>19<\/strong><strong>.00<\/strong><br \/>\n<i class=\"fas fa-map-marker\"><\/i> Prizori\u0161\u010de: Letni oder Gledali\u0161ke in koncertne dvorane Lendava<br \/>\n<i class=\"fas fa-chevron-circle-right\"><\/i> Organizator: <a href=\"https:\/\/www.kkl.si\/\">Knji\u017enica \u2013 Kulturni center Lendava \u2013 Lendvai K\u00f6nyvt\u00e1r \u00e9s Kultur\u00e1lis K\u00f6zpont<\/a><\/div>\n<p><strong>\u0160KRATKA SLADKA <b><\/b> <span class=\"starost\">4+<\/span><\/strong><br \/>\n<strong>Lov na skriti zaklad<\/strong><\/p>\n<p>O AVTORJIH<\/p>\n<p><strong><img loading=\"lazy\" decoding=\"async\" class=\"alignright size-full wp-image-8152\" src=\"https:\/\/www1.kkl.si\/wp-content\/uploads\/2022\/07\/skratka_sladka_lnsz.jpg\" alt=\"\" width=\"498\" height=\"350\" srcset=\"https:\/\/www1.kkl.si\/wp-content\/uploads\/2022\/07\/skratka_sladka_lnsz.jpg 498w, https:\/\/www1.kkl.si\/wp-content\/uploads\/2022\/07\/skratka_sladka_lnsz-400x281.jpg 400w\" sizes=\"auto, (max-width: 498px) 100vw, 498px\" \/><\/strong><strong>Re\u017eija:<\/strong> Ur\u0161ka Ra\u0161\u010dan<br \/>\n<strong>Zgodba in idejna zasnova:<\/strong> Ur\u0161ka Ra\u0161\u010dan<br \/>\n<strong>Soustvarjalca in izvajalca:<\/strong> Ga\u0161per Lenart, Petra Jauk<br \/>\n<strong>Scenarij:<\/strong> Ur\u0161ka Ra\u0161\u010dan<br \/>\n<strong>Igrajo:<\/strong> Ga\u0161per Lenart, Petra Jauk, Laura \u0160adl, Ur\u0161ka Ra\u0161\u010dan, Ana R., Jan T., Anja Me\u0161ko<br \/>\n<strong>Kostumografija:<\/strong> Sandra Horvat<br \/>\n<strong>Scenografija:<\/strong> Drago Kop\u0161e<br \/>\n<strong>Poslikave:<\/strong>\u00a0Petra Jauk<br \/>\n<strong>Konstrukcija:<\/strong> Jure Forjan<br \/>\n<strong>Scenski rekviziti:<\/strong> Petra Jauk, Ur\u0161ka Ra\u0161\u010dan<br \/>\n<strong>Glasbene podlage:<\/strong>\u00a0Ga\u0161per Lenart<br \/>\n<strong>Izbor songov:<\/strong> Petra Jauk<\/p>\n<hr \/>\n<p>O PREDSTAVI<\/p>\n<p>Teta Omleta je skrila namige in vsi \u0161kratje iz Sladkodola so na lovu za skritim zakladom. Tudi \u0160kratka Sladka, ki bo tokrat prispela v \u010dudovit kraj, kjer jo pri\u010daka kopica nasmejanih otrok. Otrok, ki imajo s seboj \u010darobne prstke in z veseljem pomagajo mali \u0161kratki, ko ji zmanjka orehov, ko se iz pe\u010dice kadi \u0161e preden je uspela pre\u0161teti do deset, ko se njen prijatelj no\u010de igrati s samorogi, ko ji uide \u00bbnagajiva moka\u00ab in ji zlata ribica izpolni samo dve \u017eelji.<\/p>\n<p><a href=\"https:\/\/www1.kkl.si\/wp-content\/uploads\/2022\/07\/skratka_sladka_lov_na_skriti_zaklad_2020_naslov.jpg\" data-lbwps-width=\"900\" data-lbwps-height=\"450\" data-lbwps-srcsmall=\"https:\/\/www1.kkl.si\/wp-content\/uploads\/2022\/07\/skratka_sladka_lov_na_skriti_zaklad_2020_naslov-400x200.jpg\"><img loading=\"lazy\" decoding=\"async\" class=\"size-full wp-image-8150 aligncenter\" src=\"https:\/\/www1.kkl.si\/wp-content\/uploads\/2022\/07\/skratka_sladka_lov_na_skriti_zaklad_2020_naslov.jpg\" alt=\"\" width=\"900\" height=\"450\" srcset=\"https:\/\/www1.kkl.si\/wp-content\/uploads\/2022\/07\/skratka_sladka_lov_na_skriti_zaklad_2020_naslov.jpg 900w, https:\/\/www1.kkl.si\/wp-content\/uploads\/2022\/07\/skratka_sladka_lov_na_skriti_zaklad_2020_naslov-400x200.jpg 400w\" sizes=\"auto, (max-width: 900px) 100vw, 900px\" \/><\/a><\/p>\n<p>Igra, vragolije, \u010disto prave iluzije, na koncu pa objem pravega prijateljstva vas bodo za\u010darale, o\u010darale in nasmejale. Navihana predstava je polna humorja in prizorov, ki brez besed navdu\u0161ijo tako majhne kot velike, predvsem pa glasbe, \u010dustvenih trenutkov in lepih misli o negovanju medsebojnih odnosov.<\/p>\n<p><strong>Vloga gledalcev:<\/strong> Pomagajo \u0160kratki Sladki najti skriti zaklad.<br \/>\n<strong>Trajanje:<\/strong> cca. 35 min<\/p>\n\n\t\t<style type=\"text\/css\">\n\t\t\t#gallery-1 {\n\t\t\t\tmargin: auto;\n\t\t\t}\n\t\t\t#gallery-1 .gallery-item {\n\t\t\t\tfloat: left;\n\t\t\t\tmargin-top: 10px;\n\t\t\t\ttext-align: center;\n\t\t\t\twidth: 16%;\n\t\t\t}\n\t\t\t#gallery-1 img {\n\t\t\t\tborder: 2px solid #cfcfcf;\n\t\t\t}\n\t\t\t#gallery-1 .gallery-caption {\n\t\t\t\tmargin-left: 0;\n\t\t\t}\n\t\t\t\/* see gallery_shortcode() in wp-includes\/media.php *\/\n\t\t<\/style>\n\t\t<div id='gallery-1' class='gallery galleryid-8149 gallery-columns-6 gallery-size-thumbnail'><dl class='gallery-item'>\n\t\t\t<dt class='gallery-icon landscape'>\n\t\t\t\t<a href='https:\/\/www1.kkl.si\/wp-content\/uploads\/2022\/07\/skratka_sladka_lov_na_skriti_zaklad_2020_06.jpg'><img loading=\"lazy\" decoding=\"async\" width=\"150\" height=\"150\" src=\"https:\/\/www1.kkl.si\/wp-content\/uploads\/2022\/07\/skratka_sladka_lov_na_skriti_zaklad_2020_06-150x150.jpg\" class=\"attachment-thumbnail size-thumbnail\" alt=\"\" \/><\/a>\n\t\t\t<\/dt><\/dl><dl class='gallery-item'>\n\t\t\t<dt class='gallery-icon landscape'>\n\t\t\t\t<a href='https:\/\/www1.kkl.si\/wp-content\/uploads\/2022\/07\/skratka_sladka_lov_na_skriti_zaklad_2020_01.jpg'><img loading=\"lazy\" decoding=\"async\" width=\"150\" height=\"150\" src=\"https:\/\/www1.kkl.si\/wp-content\/uploads\/2022\/07\/skratka_sladka_lov_na_skriti_zaklad_2020_01-150x150.jpg\" class=\"attachment-thumbnail size-thumbnail\" alt=\"\" \/><\/a>\n\t\t\t<\/dt><\/dl><dl class='gallery-item'>\n\t\t\t<dt class='gallery-icon landscape'>\n\t\t\t\t<a href='https:\/\/www1.kkl.si\/wp-content\/uploads\/2022\/07\/skratka_sladka_lov_na_skriti_zaklad_2020_04.jpg'><img loading=\"lazy\" decoding=\"async\" width=\"150\" height=\"150\" src=\"https:\/\/www1.kkl.si\/wp-content\/uploads\/2022\/07\/skratka_sladka_lov_na_skriti_zaklad_2020_04-150x150.jpg\" class=\"attachment-thumbnail size-thumbnail\" alt=\"\" \/><\/a>\n\t\t\t<\/dt><\/dl><dl class='gallery-item'>\n\t\t\t<dt class='gallery-icon landscape'>\n\t\t\t\t<a href='https:\/\/www1.kkl.si\/wp-content\/uploads\/2022\/07\/skratka_sladka_lov_na_skriti_zaklad_2020_02.jpg'><img loading=\"lazy\" decoding=\"async\" width=\"150\" height=\"150\" src=\"https:\/\/www1.kkl.si\/wp-content\/uploads\/2022\/07\/skratka_sladka_lov_na_skriti_zaklad_2020_02-150x150.jpg\" class=\"attachment-thumbnail size-thumbnail\" alt=\"\" \/><\/a>\n\t\t\t<\/dt><\/dl><dl class='gallery-item'>\n\t\t\t<dt class='gallery-icon landscape'>\n\t\t\t\t<a href='https:\/\/www1.kkl.si\/wp-content\/uploads\/2022\/07\/skratka_sladka_lov_na_skriti_zaklad_2020_05.jpg'><img loading=\"lazy\" decoding=\"async\" width=\"150\" height=\"150\" src=\"https:\/\/www1.kkl.si\/wp-content\/uploads\/2022\/07\/skratka_sladka_lov_na_skriti_zaklad_2020_05-150x150.jpg\" class=\"attachment-thumbnail size-thumbnail\" alt=\"\" \/><\/a>\n\t\t\t<\/dt><\/dl><dl class='gallery-item'>\n\t\t\t<dt class='gallery-icon landscape'>\n\t\t\t\t<a href='https:\/\/www1.kkl.si\/wp-content\/uploads\/2022\/07\/skratka_sladka_lov_na_skriti_zaklad_2020_03.jpg'><img loading=\"lazy\" decoding=\"async\" width=\"150\" height=\"150\" src=\"https:\/\/www1.kkl.si\/wp-content\/uploads\/2022\/07\/skratka_sladka_lov_na_skriti_zaklad_2020_03-150x150.jpg\" class=\"attachment-thumbnail size-thumbnail\" alt=\"\" \/><\/a>\n\t\t\t<\/dt><\/dl><br style=\"clear: both\" \/>\n\t\t<\/div>\n\n<p><i class=\"fas fa-link\"><\/i> <a href=\"https:\/\/kukucpredstave.com\/portfolio-item\/skratka-sladka\/\">https:\/\/kukucpredstave.com\/portfolio-item\/skratka-sladka\/<\/a><\/p>\n<p>&nbsp;<\/p>\n<p>O GLEDALI\u0160\u010cU<\/p>\n<p>Z jasno vizijo biti edinstveni, so vse KU-KUC predstave ustvarjene v prepri\u010danju, da je le najbolj\u0161e dovolj dobro za na\u0161e najmlaj\u0161e. \u010ceprav so se skozi leta obrazi na odru spreminjali, srce gledali\u0161\u010da in njegovo poslanstvo ostajata enaka: Z vrhunsko umetnostjo za najmlaj\u0161e, ki temelji na znanju, poznavanju otrok in gledali\u0161\u010da, skozi igro in smeh zabavati in u\u010diti najmlaj\u0161e, ozave\u0161\u010dati in nasmejati star\u0161e in pedago\u0161ke delavce in ustvarjati svet, v katerem je lepo \u017eiveti.<\/p>\n<hr \/>\n<p><strong><em><a href=\"https:\/\/www1.kkl.si\/wp-content\/uploads\/2022\/07\/plakat_B2_KKCL_poleti_v_lendavo_2022_splet.jpg\" data-lbwps-width=\"1437\" data-lbwps-height=\"2000\" data-lbwps-srcsmall=\"https:\/\/www1.kkl.si\/wp-content\/uploads\/2022\/07\/plakat_B2_KKCL_poleti_v_lendavo_2022_splet-287x400.jpg\"><img loading=\"lazy\" decoding=\"async\" class=\"slika alignleft wp-image-8112\" src=\"https:\/\/www1.kkl.si\/wp-content\/uploads\/2022\/07\/plakat_B2_KKCL_poleti_v_lendavo_2022_splet.jpg\" alt=\"\" width=\"500\" height=\"696\" srcset=\"https:\/\/www1.kkl.si\/wp-content\/uploads\/2022\/07\/plakat_B2_KKCL_poleti_v_lendavo_2022_splet.jpg 1437w, https:\/\/www1.kkl.si\/wp-content\/uploads\/2022\/07\/plakat_B2_KKCL_poleti_v_lendavo_2022_splet-287x400.jpg 287w, https:\/\/www1.kkl.si\/wp-content\/uploads\/2022\/07\/plakat_B2_KKCL_poleti_v_lendavo_2022_splet-1078x1500.jpg 1078w\" sizes=\"auto, (max-width: 500px) 100vw, 500px\" \/><\/a>POLETI V LENDAVO 2022<br \/>\n<\/em><em>Kulturne prireditve v Gledali\u0161ki in koncertni dvorani v Lendavi<\/em><\/strong><\/p>\n<p><em>Prizori\u0161\u010de: Letni oder Gledali\u0161ke in koncertne dvorane Lendava<\/em><br \/>\n<em>Organizator: Knji\u017enica \u2013 Kulturni center Lendava. <\/em><\/p>\n<p><em>Vse prireditve so brezpla\u010dne.<\/em><\/p>\n<p>&nbsp;<\/p>\n","protected":false},"excerpt":{"rendered":"<p>Petek, 29. julij 2022 | otro\u0161ka predstava 19.00 Prizori\u0161\u010de: Letni oder Gledali\u0161ke in koncertne dvorane Lendava Organizator: Knji\u017enica \u2013 Kulturni center Lendava \u2013 Lendvai K\u00f6nyvt\u00e1r \u00e9s Kultur\u00e1lis K\u00f6zpont \u0160KRATKA SLADKA 4+ Lov na skriti zaklad O AVTORJIH Re\u017eija: Ur\u0161ka Ra\u0161\u010dan Zgodba in idejna zasnova: Ur\u0161ka Ra\u0161\u010dan Soustvarjalca in izvajalca: Ga\u0161per Lenart, Petra Jauk Scenarij: Ur\u0161ka [&hellip;]<\/p>\n","protected":false},"author":2,"featured_media":0,"parent":0,"menu_order":0,"comment_status":"closed","ping_status":"closed","template":"","meta":{"footnotes":""},"class_list":["post-8149","page","type-page","status-publish","hentry","post"],"_links":{"self":[{"href":"https:\/\/www1.kkl.si\/sl\/wp-json\/wp\/v2\/pages\/8149","targetHints":{"allow":["GET"]}}],"collection":[{"href":"https:\/\/www1.kkl.si\/sl\/wp-json\/wp\/v2\/pages"}],"about":[{"href":"https:\/\/www1.kkl.si\/sl\/wp-json\/wp\/v2\/types\/page"}],"author":[{"embeddable":true,"href":"https:\/\/www1.kkl.si\/sl\/wp-json\/wp\/v2\/users\/2"}],"replies":[{"embeddable":true,"href":"https:\/\/www1.kkl.si\/sl\/wp-json\/wp\/v2\/comments?post=8149"}],"version-history":[{"count":9,"href":"https:\/\/www1.kkl.si\/sl\/wp-json\/wp\/v2\/pages\/8149\/revisions"}],"predecessor-version":[{"id":8205,"href":"https:\/\/www1.kkl.si\/sl\/wp-json\/wp\/v2\/pages\/8149\/revisions\/8205"}],"wp:attachment":[{"href":"https:\/\/www1.kkl.si\/sl\/wp-json\/wp\/v2\/media?parent=8149"}],"curies":[{"name":"wp","href":"https:\/\/api.w.org\/{rel}","templated":true}]}}