{"id":8206,"date":"2022-07-19T12:19:58","date_gmt":"2022-07-19T10:19:58","guid":{"rendered":"https:\/\/www1.kkl.si\/?page_id=8206"},"modified":"2022-12-15T16:34:48","modified_gmt":"2022-12-15T15:34:48","slug":"spored-2022-08","status":"publish","type":"page","link":"https:\/\/www1.kkl.si\/sl\/spored-2022-08\/","title":{"rendered":"SPORED: avgust 2022"},"content":{"rendered":"<p><strong>Leto 2022:<\/strong> <a href=\"https:\/\/www1.kkl.si\/sl\/spored-2022-01\/\">januar<\/a> | <a href=\"https:\/\/www1.kkl.si\/sl\/spored-2022-02\/\">februar<\/a> | <a href=\"https:\/\/www1.kkl.si\/sl\/spored-2022-03\/\">marec<\/a> | <a href=\"https:\/\/www1.kkl.si\/sl\/spored-2022-04\/\">april<\/a> | <a href=\"https:\/\/www1.kkl.si\/sl\/spored-2022-05\/\">maj<\/a> | <a href=\"https:\/\/www1.kkl.si\/sl\/spored-2022-06\/\">junij<\/a> | <a href=\"https:\/\/www1.kkl.si\/sl\/spored-2022-07\/\">julij<\/a> | <a href=\"https:\/\/www1.kkl.si\/sl\/spored-2022-08\/\">avgust<\/a> | <a href=\"https:\/\/www1.kkl.si\/sl\/spored-2022-09\/\">september<\/a> | <a href=\"https:\/\/www1.kkl.si\/sl\/spored-2022-10\/\">oktober<\/a> | <a href=\"https:\/\/www1.kkl.si\/sl\/spored-2022-11\/\">november<\/a> | <a href=\"https:\/\/www1.kkl.si\/sl\/spored-2022-12\/\">december<\/a> | <a href=\"https:\/\/www1.kkl.si\/sl\/arhiv-sporeda\/\">ARHIV<\/a><\/p>\n<table id=\"spored-legenda\" cellspacing=\"0\" cellpadding=\"5\">\n<tbody>\n<tr>\n<td><strong>LEGENDA<br \/>\nSIMBOLOV<\/strong><\/td>\n<td style=\"vertical-align: middle;\"><img loading=\"lazy\" decoding=\"async\" title=\"Slovenski abonma\" src=\"https:\/\/www1.kkl.si\/wp-content\/uploads\/2020\/07\/spored_simb_abonma_si-1.svg\" alt=\"abonma_si\" width=\"30\" height=\"30\" \/><\/td>\n<td>Slovenski<br \/>\nabonma<\/td>\n<td style=\"vertical-align: middle;\"><img loading=\"lazy\" decoding=\"async\" title=\"Mad\u017earski abonma\" src=\"https:\/\/www1.kkl.si\/wp-content\/uploads\/2020\/07\/spored_simb_abonma_hu-1.svg\" alt=\"abonma_hu\" width=\"30\" height=\"30\" \/><\/td>\n<td>Mad\u017earski<br \/>\nabonma<\/td>\n<td style=\"vertical-align: middle;\"><img loading=\"lazy\" decoding=\"async\" title=\"Zaklju\u010dena prireditev\" src=\"https:\/\/www1.kkl.si\/wp-content\/uploads\/2020\/07\/spored_simb_zakljucena-1.svg\" alt=\"zakljucena\" width=\"30\" height=\"30\" \/><\/td>\n<td>Zaklju\u010dena<br \/>\nprireditev<\/td>\n<td style=\"vertical-align: middle;\"><img loading=\"lazy\" decoding=\"async\" title=\"Brezpla\u010dna prireditev\" src=\"https:\/\/www1.kkl.si\/wp-content\/uploads\/2020\/07\/spored_simb_brezplacna-1.svg\" alt=\"brezplacna\" width=\"30\" height=\"30\" \/><\/td>\n<td>Brezpla\u010dna<br \/>\nprireditev<\/td>\n<td style=\"vertical-align: middle;\"><img loading=\"lazy\" decoding=\"async\" title=\"Pla\u010dljiva prireditev\" src=\"https:\/\/www1.kkl.si\/wp-content\/uploads\/2020\/07\/spored_simb_placljiva-1.svg\" alt=\"placljiva\" width=\"30\" height=\"30\" \/><\/td>\n<td>Pla\u010dljiva<br \/>\nprireditev<\/td>\n<td style=\"vertical-align: middle;\"><img loading=\"lazy\" decoding=\"async\" title=\"Novost, sprememba\" src=\"https:\/\/www1.kkl.si\/wp-content\/uploads\/2020\/07\/spored_simb_novost-1.svg\" alt=\"novost\" width=\"30\" height=\"30\" \/><\/td>\n<td>Novost,<br \/>\nsprememba<\/td>\n<\/tr>\n<\/tbody>\n<\/table>\n<table style=\"border-collapse: collapse; width: 100%;\">\n<tbody>\n<tr>\n<td style=\"width: 10.0194%;\">\n<h6>11.<\/h6>\n<p><strong><img loading=\"lazy\" decoding=\"async\" class=\"alignnone wp-image-1587\" title=\"Brezpla\u010dna prireditev\" src=\"https:\/\/www1.kkl.si\/wp-content\/uploads\/2020\/07\/spored_simb_brezplacna-1.svg\" alt=\"brezplacna\" width=\"40\" height=\"40\" srcset=\"https:\/\/www1.kkl.si\/wp-content\/uploads\/\/2020\/07\/spored_simb_brezplacna-1.svg 150w, https:\/\/www1.kkl.si\/wp-content\/uploads\/\/2020\/07\/spored_simb_brezplacna-1.svg 400w, https:\/\/www1.kkl.si\/wp-content\/uploads\/\/2020\/07\/spored_simb_brezplacna-1.svg 1500w, https:\/\/www1.kkl.si\/wp-content\/uploads\/\/2020\/07\/spored_simb_brezplacna-1.svg 100w\" sizes=\"auto, (max-width: 40px) 100vw, 40px\" \/><\/strong><\/p>\n<\/td>\n<td style=\"width: 89.916%;\">\n<p><strong><a href=\"https:\/\/www1.kkl.si\/wp-content\/uploads\/2022\/07\/plakat_B2_KKCL_poleti_v_lendavo_2022_splet.jpg\" data-lbwps-width=\"1437\" data-lbwps-height=\"2000\" data-lbwps-srcsmall=\"https:\/\/www1.kkl.si\/wp-content\/uploads\/2022\/07\/plakat_B2_KKCL_poleti_v_lendavo_2022_splet-287x400.jpg\"><img loading=\"lazy\" decoding=\"async\" class=\"slika alignright wp-image-8112\" src=\"https:\/\/www1.kkl.si\/wp-content\/uploads\/2022\/07\/plakat_B2_KKCL_poleti_v_lendavo_2022_splet-287x400.jpg\" alt=\"\" width=\"150\" height=\"209\" srcset=\"https:\/\/www1.kkl.si\/wp-content\/uploads\/2022\/07\/plakat_B2_KKCL_poleti_v_lendavo_2022_splet-287x400.jpg 287w, https:\/\/www1.kkl.si\/wp-content\/uploads\/2022\/07\/plakat_B2_KKCL_poleti_v_lendavo_2022_splet-1078x1500.jpg 1078w, https:\/\/www1.kkl.si\/wp-content\/uploads\/2022\/07\/plakat_B2_KKCL_poleti_v_lendavo_2022_splet.jpg 1437w\" sizes=\"auto, (max-width: 150px) 100vw, 150px\" \/><\/a><i class=\"fas fa-calendar\"><\/i> \u010cetrtek, 11. avgust 2022 | <span class=\"zanr\">koncert<\/span> <span class=\"odpade\">ODPADE!<\/span><br \/>\n<i class=\"fas fa-clock\"><\/i> 20<\/strong><strong>.00<\/strong><\/p>\n<p>POLETI V LENDAVO 2022<\/p>\n<p><a href=\"https:\/\/www1.kkl.si\/sl\/glasbena-skupina-kontrabant\/\"><span style=\"font-size: 28px;\"><strong>KONTRABANT<\/strong><\/span><\/a><\/p>\n<p><span style=\"color: #d40000;\"><strong>OBVESTILO: zaradi bolezni v glasbeni skupini Kontrabant je koncert odpovedan. Nov termin koncerta bomo objavili v naslednjih dneh. Hvala za razumevanje!<\/strong><\/span><\/p>\n<p><i class=\"fas fa-map-marker\"><\/i> Prizori\u0161\u010de: Letni oder Gledali\u0161ke in koncertne dvorane Lendava<br \/>\n<i class=\"fas fa-chevron-circle-right\"><\/i> Organizator: <a href=\"https:\/\/www.kkl.si\/\">Knji\u017enica \u2013 Kulturni center Lendava \u2013 Lendvai K\u00f6nyvt\u00e1r \u00e9s Kultur\u00e1lis K\u00f6zpont<\/a><\/p>\n<\/td>\n<\/tr>\n<tr>\n<td style=\"width: 10.0194%;\">\n<h6>18.<\/h6>\n<p><strong><img loading=\"lazy\" decoding=\"async\" class=\"alignnone wp-image-1587\" title=\"Brezpla\u010dna prireditev\" src=\"https:\/\/www1.kkl.si\/wp-content\/uploads\/2020\/07\/spored_simb_brezplacna-1.svg\" alt=\"brezplacna\" width=\"40\" height=\"40\" srcset=\"https:\/\/www1.kkl.si\/wp-content\/uploads\/\/2020\/07\/spored_simb_brezplacna-1.svg 150w, https:\/\/www1.kkl.si\/wp-content\/uploads\/\/2020\/07\/spored_simb_brezplacna-1.svg 400w, https:\/\/www1.kkl.si\/wp-content\/uploads\/\/2020\/07\/spored_simb_brezplacna-1.svg 1500w, https:\/\/www1.kkl.si\/wp-content\/uploads\/\/2020\/07\/spored_simb_brezplacna-1.svg 100w\" sizes=\"auto, (max-width: 40px) 100vw, 40px\" \/><\/strong><\/p>\n<\/td>\n<td style=\"width: 89.916%;\">\n<p><strong><a href=\"https:\/\/www1.kkl.si\/wp-content\/uploads\/2022\/07\/plakat_B2_KKCL_poleti_v_lendavo_2022_splet.jpg\" data-lbwps-width=\"1437\" data-lbwps-height=\"2000\" data-lbwps-srcsmall=\"https:\/\/www1.kkl.si\/wp-content\/uploads\/2022\/07\/plakat_B2_KKCL_poleti_v_lendavo_2022_splet-287x400.jpg\"><img loading=\"lazy\" decoding=\"async\" class=\"slika alignright wp-image-8112\" src=\"https:\/\/www1.kkl.si\/wp-content\/uploads\/2022\/07\/plakat_B2_KKCL_poleti_v_lendavo_2022_splet-287x400.jpg\" alt=\"\" width=\"150\" height=\"209\" srcset=\"https:\/\/www1.kkl.si\/wp-content\/uploads\/2022\/07\/plakat_B2_KKCL_poleti_v_lendavo_2022_splet-287x400.jpg 287w, https:\/\/www1.kkl.si\/wp-content\/uploads\/2022\/07\/plakat_B2_KKCL_poleti_v_lendavo_2022_splet-1078x1500.jpg 1078w, https:\/\/www1.kkl.si\/wp-content\/uploads\/2022\/07\/plakat_B2_KKCL_poleti_v_lendavo_2022_splet.jpg 1437w\" sizes=\"auto, (max-width: 150px) 100vw, 150px\" \/><\/a><i class=\"fas fa-calendar\"><\/i> \u010cetrtek, 18. avgust 2022 | <span class=\"zanr\">otro\u0161ka predstava<\/span><br \/>\n<i class=\"fas fa-clock\"><\/i> 19<\/strong><strong>.00<\/strong><\/p>\n<p>POLETI V LENDAVO 2022<br \/>\nMi\u0161kino gledali\u0161\u010de:<\/p>\n<p><a href=\"https:\/\/www1.kkl.si\/sl\/miskino-gledalisce-opica-in-kapitan-tan-tan\/\"><strong><span style=\"font-size: 28px;\">Opica in kapitan Tan-Tan<\/span><\/strong><\/a> <span class=\"starost\">3+<\/span><\/p>\n<p><i class=\"fas fa-map-marker\"><\/i> Prizori\u0161\u010de: Letni oder Gledali\u0161ke in koncertne dvorane Lendava<br \/>\n<i class=\"fas fa-chevron-circle-right\"><\/i> Organizator: <a href=\"https:\/\/www.kkl.si\/\">Knji\u017enica \u2013 Kulturni center Lendava \u2013 Lendvai K\u00f6nyvt\u00e1r \u00e9s Kultur\u00e1lis K\u00f6zpont<\/a><\/p>\n<\/td>\n<\/tr>\n<tr>\n<td style=\"width: 10.0194%;\">\n<h6>22.<\/h6>\n<p><strong><img loading=\"lazy\" decoding=\"async\" class=\"alignnone wp-image-1587\" title=\"Brezpla\u010dna prireditev\" src=\"https:\/\/www1.kkl.si\/wp-content\/uploads\/2020\/07\/spored_simb_brezplacna-1.svg\" alt=\"brezplacna\" width=\"40\" height=\"40\" srcset=\"https:\/\/www1.kkl.si\/wp-content\/uploads\/\/2020\/07\/spored_simb_brezplacna-1.svg 150w, https:\/\/www1.kkl.si\/wp-content\/uploads\/\/2020\/07\/spored_simb_brezplacna-1.svg 400w, https:\/\/www1.kkl.si\/wp-content\/uploads\/\/2020\/07\/spored_simb_brezplacna-1.svg 1500w, https:\/\/www1.kkl.si\/wp-content\/uploads\/\/2020\/07\/spored_simb_brezplacna-1.svg 100w\" sizes=\"auto, (max-width: 40px) 100vw, 40px\" \/><\/strong><\/p>\n<\/td>\n<td style=\"width: 89.916%;\">\n<p><strong><a href=\"https:\/\/www1.kkl.si\/wp-content\/uploads\/2022\/07\/plakat_B2_KKCL_poleti_v_lendavo_2022_splet.jpg\" data-lbwps-width=\"1437\" data-lbwps-height=\"2000\" data-lbwps-srcsmall=\"https:\/\/www1.kkl.si\/wp-content\/uploads\/2022\/07\/plakat_B2_KKCL_poleti_v_lendavo_2022_splet-287x400.jpg\"><img loading=\"lazy\" decoding=\"async\" class=\"slika alignright wp-image-8112\" src=\"https:\/\/www1.kkl.si\/wp-content\/uploads\/2022\/07\/plakat_B2_KKCL_poleti_v_lendavo_2022_splet-287x400.jpg\" alt=\"\" width=\"150\" height=\"209\" srcset=\"https:\/\/www1.kkl.si\/wp-content\/uploads\/2022\/07\/plakat_B2_KKCL_poleti_v_lendavo_2022_splet-287x400.jpg 287w, https:\/\/www1.kkl.si\/wp-content\/uploads\/2022\/07\/plakat_B2_KKCL_poleti_v_lendavo_2022_splet-1078x1500.jpg 1078w, https:\/\/www1.kkl.si\/wp-content\/uploads\/2022\/07\/plakat_B2_KKCL_poleti_v_lendavo_2022_splet.jpg 1437w\" sizes=\"auto, (max-width: 150px) 100vw, 150px\" \/><\/a><i class=\"fas fa-calendar\"><\/i> Ponedeljek, 22. avgust 2022 | <span class=\"zanr\">lutkovna predstava<\/span><br \/>\n<i class=\"fas fa-clock\"><\/i> 19.00<\/strong><\/p>\n<p>POLETI V LENDAVO 2022<br \/>\nAranyszam\u00e1r B\u00e1bsz\u00ednh\u00e1z:<\/p>\n<p><a href=\"https:\/\/www1.kkl.si\/sl\/aranyszamar-babszinhaz-agacska\/\"><span style=\"font-size: 28px;\"><strong>\u00c1gacska<\/strong><\/span><\/a> <span class=\"starost\">4+<\/span><\/p>\n<p><strong><span style=\"color: #bf0000;\">OBVESTILO: zaradi de\u017eja bo dana\u0161nja lutkovna predstava \u00c1gacska (Vejica) v dvorani!<\/span><\/strong><\/p>\n<p><i class=\"fas fa-map-marker\"><\/i> Prizori\u0161\u010de: Letni oder Gledali\u0161ke in koncertne dvorane Lendava<br \/>\n<i class=\"fas fa-chevron-circle-right\"><\/i> Organizator: <a href=\"https:\/\/www.kkl.si\/\">Knji\u017enica \u2013 Kulturni center Lendava \u2013 Lendvai K\u00f6nyvt\u00e1r \u00e9s Kultur\u00e1lis K\u00f6zpont<\/a><\/p>\n<\/td>\n<\/tr>\n<tr>\n<td style=\"width: 10.0194%;\">\n<h6>\u00a0<\/h6>\n<\/td>\n<td style=\"width: 89.916%;\">\n<p><a href=\"https:\/\/www1.kkl.si\/wp-content\/uploads\/2022\/08\/banner_Festival_vinarium_2022_slo.jpg\" data-lbwps-width=\"1500\" data-lbwps-height=\"400\" data-lbwps-srcsmall=\"https:\/\/www1.kkl.si\/wp-content\/uploads\/2022\/08\/banner_Festival_vinarium_2022_slo-400x107.jpg\"><img loading=\"lazy\" decoding=\"async\" class=\"alignnone size-full wp-image-8440\" src=\"https:\/\/www1.kkl.si\/wp-content\/uploads\/2022\/08\/banner_Festival_vinarium_2022_slo.jpg\" alt=\"\" width=\"1500\" height=\"400\" srcset=\"https:\/\/www1.kkl.si\/wp-content\/uploads\/2022\/08\/banner_Festival_vinarium_2022_slo.jpg 1500w, https:\/\/www1.kkl.si\/wp-content\/uploads\/2022\/08\/banner_Festival_vinarium_2022_slo-400x107.jpg 400w\" sizes=\"auto, (max-width: 1500px) 100vw, 1500px\" \/><\/a> <strong>Etno ve\u010deri s kulturo in kulinariko<br \/>\n<\/strong>29. avgust\u20131. september 2022 | Letni oder GKD, od <strong>18.00<\/strong> naprej <\/p>\n<p>V okviru etno ve\u010derov se bodo na letnem odru Gledali\u0161ke in koncertne dvorane v Lendavi predstavila hrva\u0161ka, slovenska in mad\u017earska dru\u0161tva ter obiskovalcem ponudila tradicionalno kulinariko na stojnicah, poskrbljeno bo tudi za pester glasbeno-kulturni program.<\/p>\n<\/td>\n<\/tr>\n<tr>\n<td style=\"width: 10.0194%;\">\n<h6>26.<\/h6>\n<p><strong><img loading=\"lazy\" decoding=\"async\" class=\"alignnone wp-image-1587\" title=\"Brezpla\u010dna prireditev\" src=\"https:\/\/www1.kkl.si\/wp-content\/uploads\/2020\/07\/spored_simb_brezplacna-1.svg\" alt=\"brezplacna\" width=\"40\" height=\"40\" srcset=\"https:\/\/www1.kkl.si\/wp-content\/uploads\/\/2020\/07\/spored_simb_brezplacna-1.svg 150w, https:\/\/www1.kkl.si\/wp-content\/uploads\/\/2020\/07\/spored_simb_brezplacna-1.svg 400w, https:\/\/www1.kkl.si\/wp-content\/uploads\/\/2020\/07\/spored_simb_brezplacna-1.svg 1500w, https:\/\/www1.kkl.si\/wp-content\/uploads\/\/2020\/07\/spored_simb_brezplacna-1.svg 100w\" sizes=\"auto, (max-width: 40px) 100vw, 40px\" \/><\/strong><\/p>\n<\/td>\n<td style=\"width: 89.916%;\">\n<p><strong><a href=\"https:\/\/www1.kkl.si\/wp-content\/uploads\/2022\/08\/zvezek_FestVinarium_2022_SLO_1_naslovna.jpg\" data-lbwps-width=\"1240\" data-lbwps-height=\"3507\" data-lbwps-srcsmall=\"https:\/\/www1.kkl.si\/wp-content\/uploads\/2022\/08\/zvezek_FestVinarium_2022_SLO_1_naslovna.jpg\"><img loading=\"lazy\" decoding=\"async\" class=\"slika alignright wp-image-8456 size-medium\" src=\"https:\/\/www1.kkl.si\/wp-content\/uploads\/2022\/08\/zvezek_FestVinarium_2022_SLO_1_naslovna-scaled-141x400.jpg\" alt=\"\" width=\"141\" height=\"400\" srcset=\"https:\/\/www1.kkl.si\/wp-content\/uploads\/2022\/08\/zvezek_FestVinarium_2022_SLO_1_naslovna-scaled-141x400.jpg 141w, https:\/\/www1.kkl.si\/wp-content\/uploads\/2022\/08\/zvezek_FestVinarium_2022_SLO_1_naslovna-scaled-530x1500.jpg 530w, https:\/\/www1.kkl.si\/wp-content\/uploads\/2022\/08\/zvezek_FestVinarium_2022_SLO_1_naslovna-scaled.jpg 905w\" sizes=\"auto, (max-width: 141px) 100vw, 141px\" \/><\/a><i class=\"fas fa-calendar\"><\/i> Petek, 26. avgust 2022 | <span class=\"zanr\">etnolo\u0161ko-kulturna prireditev, koncert<\/span><br \/>\n<i class=\"fas fa-clock\"><\/i> 17.00<br \/>\n<\/strong><\/p>\n<p>FESTIVAL VINARIUM 2022 \u2013 LENDAVA<\/p>\n<p><span style=\"font-size: 28px;\">Predve\u010der Bogra\u010dfesta<br \/>\n<a href=\"https:\/\/www1.kkl.si\/sl\/predvecer-bogracfesta-kultival-2022-kulturni-festival-mladih-iz-karpatskega-bazena\/\"><strong>KULTIV\u00c1L 2022 \u2013 Kulturni festival mladih iz Karpatskega bazena<\/strong><\/a><br \/>\n<\/span><\/p>\n<p><em>V festivalsko vzdu\u0161je vstopamo s poznopopoldanskim dogajanjem na letnem odru GKD in v parku Ro\u017ea.<\/em><\/p>\n<ul>\n<li><strong>17.00<\/strong> Predstava Dru\u0161tva za ohranjanje srednjeve\u0161kih tradicij St. Longinus iz Vojvodine v parku<\/li>\n<li><strong>18.00<\/strong> Program transilvanskega Pesni\u0161kega gledali\u0161\u010da Ampelopsis Cluj \u2013 na velikem odru<br \/>\nPrvi del programa prekmurskih citrarjev in Plesnega ansambla Fricska<\/li>\n<li><strong>19.00<\/strong> Program Skand\u00e1lum iz Vojvodine<br \/>\nDrugi del programa Plesnega ansambla Fricska<\/li>\n<li><strong>20.00<\/strong> koncert zasedbe Hot Club of Lendava<\/li>\n<\/ul>\n<p><i class=\"fas fa-map-marker\"><\/i> Prizori\u0161\u010de: Letni oder Gledali\u0161ke in koncertne dvorane Lendava<br \/>\n<i class=\"fas fa-chevron-circle-right\"><\/i> Organizatorja: <a href=\"https:\/\/www.mnmi-zkmn.si\/\">MNMI-ZKMN<\/a>, <a href=\"https:\/\/www.kkl.si\/\">Knji\u017enica \u2013 Kulturni center Lendava \u2013 Lendvai K\u00f6nyvt\u00e1r \u00e9s Kultur\u00e1lis K\u00f6zpont<\/a><\/p>\n<\/td>\n<\/tr>\n<tr>\n<td style=\"width: 10.0194%;\">\n<h6>29.<\/h6>\n<p><strong><img loading=\"lazy\" decoding=\"async\" class=\"alignnone wp-image-1587\" title=\"Brezpla\u010dna prireditev\" src=\"https:\/\/www1.kkl.si\/wp-content\/uploads\/2020\/07\/spored_simb_brezplacna-1.svg\" alt=\"brezplacna\" width=\"40\" height=\"40\" srcset=\"https:\/\/www1.kkl.si\/wp-content\/uploads\/\/2020\/07\/spored_simb_brezplacna-1.svg 150w, https:\/\/www1.kkl.si\/wp-content\/uploads\/\/2020\/07\/spored_simb_brezplacna-1.svg 400w, https:\/\/www1.kkl.si\/wp-content\/uploads\/\/2020\/07\/spored_simb_brezplacna-1.svg 1500w, https:\/\/www1.kkl.si\/wp-content\/uploads\/\/2020\/07\/spored_simb_brezplacna-1.svg 100w\" sizes=\"auto, (max-width: 40px) 100vw, 40px\" \/><\/strong><\/p>\n<\/td>\n<td style=\"width: 89.916%;\">\n<p><strong><a href=\"https:\/\/www1.kkl.si\/wp-content\/uploads\/2022\/08\/plakat_100cm_slov_etno_vecer_Lendava_2022.jpg\" data-lbwps-width=\"2100\" data-lbwps-height=\"3000\" data-lbwps-srcsmall=\"https:\/\/www1.kkl.si\/wp-content\/uploads\/2022\/08\/plakat_100cm_slov_etno_vecer_Lendava_2022.jpg\"><img loading=\"lazy\" decoding=\"async\" class=\"slika alignright wp-image-8417\" src=\"https:\/\/www1.kkl.si\/wp-content\/uploads\/2022\/08\/plakat_100cm_slov_etno_vecer_Lendava_2022-scaled-280x400.jpg\" alt=\"\" width=\"150\" height=\"214\" srcset=\"https:\/\/www1.kkl.si\/wp-content\/uploads\/2022\/08\/plakat_100cm_slov_etno_vecer_Lendava_2022-scaled-280x400.jpg 280w, https:\/\/www1.kkl.si\/wp-content\/uploads\/2022\/08\/plakat_100cm_slov_etno_vecer_Lendava_2022-scaled-1050x1500.jpg 1050w, https:\/\/www1.kkl.si\/wp-content\/uploads\/2022\/08\/plakat_100cm_slov_etno_vecer_Lendava_2022-scaled.jpg 1792w\" sizes=\"auto, (max-width: 150px) 100vw, 150px\" \/><\/a><i class=\"fas fa-calendar\"><\/i> Ponedeljek, 29. avgust 2022 | <span class=\"zanr\">etnolo\u0161ko-kulturna prireditev<\/span><br \/>\n<i class=\"fas fa-clock\"><\/i> 18.00<br \/>\n<\/strong><\/p>\n<p>FESTIVAL VINARIUM 2022 \u2013 LENDAVA<\/p>\n<p><a href=\"https:\/\/www1.kkl.si\/sl\/festival-vinarium-2022-slovensko-prekmurski-etno-vecer\/\"><span style=\"font-size: 28px;\"><strong>Slovensko \u2013 Prekmurski etno ve\u010der<\/strong><\/span><\/a><\/p>\n<p><strong>Nastopili bodo:<\/strong><\/p>\n<ul>\n<li>Ansambel Mateja Banov\u0161ka<\/li>\n<li>Folklorna skupina KTD Mo\u0161\u010danci<\/li>\n<li>Orkester izvajalcev na frajtonaricah<\/li>\n<li>Komorni pevski zbor Vita Lendava<\/li>\n<li>StandUp komik Perica Jerkovi\u010d<\/li>\n<li>Veseli Vandrovci KD Lipa\n<p><i class=\"fas fa-map-marker\"><\/i> Prizori\u0161\u010de: Letni oder Gledali\u0161ke in koncertne dvorane Lendava<br \/>\n<i class=\"fas fa-chevron-circle-right\"><\/i> Organizator: <a href=\"http:\/\/ztr.si\/\">Zavod za turizem in razvoj Lendava &#8211; Turisztikai \u00e9s Fejleszt\u00e9si K\u00f6zint\u00e9zet Lendva<\/a><br \/>\n<i class=\"fas fa-chevron-circle-right\"><\/i> v soorganizaciji Mestne skupnosti Lendava, JSKD OI Lendava in <a href=\"http:\/\/www.zkd-lendava.com\/\">ZKD Lendava<\/a><\/li>\n<\/ul>\n<\/td>\n<\/tr>\n<tr>\n<td style=\"width: 10.0194%;\">\n<h6>30.<\/h6>\n<p><strong><img loading=\"lazy\" decoding=\"async\" class=\"alignnone wp-image-1587\" title=\"Brezpla\u010dna prireditev\" src=\"https:\/\/www1.kkl.si\/wp-content\/uploads\/2020\/07\/spored_simb_brezplacna-1.svg\" alt=\"brezplacna\" width=\"40\" height=\"40\" srcset=\"https:\/\/www1.kkl.si\/wp-content\/uploads\/\/2020\/07\/spored_simb_brezplacna-1.svg 150w, https:\/\/www1.kkl.si\/wp-content\/uploads\/\/2020\/07\/spored_simb_brezplacna-1.svg 400w, https:\/\/www1.kkl.si\/wp-content\/uploads\/\/2020\/07\/spored_simb_brezplacna-1.svg 1500w, https:\/\/www1.kkl.si\/wp-content\/uploads\/\/2020\/07\/spored_simb_brezplacna-1.svg 100w\" sizes=\"auto, (max-width: 40px) 100vw, 40px\" \/><\/strong><\/p>\n<\/td>\n<td style=\"width: 89.916%;\">\n<p><strong><a href=\"https:\/\/www1.kkl.si\/wp-content\/uploads\/2022\/08\/szorolap_magyar_etno_est.jpg\" data-lbwps-width=\"3507\" data-lbwps-height=\"2480\" data-lbwps-srcsmall=\"https:\/\/www1.kkl.si\/wp-content\/uploads\/2022\/08\/szorolap_magyar_etno_est.jpg\"><img loading=\"lazy\" decoding=\"async\" class=\"slika alignright wp-image-8621\" src=\"https:\/\/www1.kkl.si\/wp-content\/uploads\/2022\/08\/szorolap_magyar_etno_est-scaled-400x283.jpg\" alt=\"\" width=\"150\" height=\"106\" srcset=\"https:\/\/www1.kkl.si\/wp-content\/uploads\/2022\/08\/szorolap_magyar_etno_est-scaled-400x283.jpg 400w, https:\/\/www1.kkl.si\/wp-content\/uploads\/2022\/08\/szorolap_magyar_etno_est-scaled-1500x1061.jpg 1500w\" sizes=\"auto, (max-width: 150px) 100vw, 150px\" \/><\/a><i class=\"fas fa-calendar\"><\/i> Torek, 30. avgust 2022 | <span class=\"zanr\">etnolo\u0161ko-kulturna prireditev<\/span><br \/>\n<i class=\"fas fa-clock\"><\/i> 19.00<\/strong><\/p>\n<p>FESTIVAL VINARIUM 2022 \u2013 LENDAVA<\/p>\n<p><a href=\"https:\/\/www1.kkl.si\/sl\/festival-vinarium-2022-madzarski-etno-vecer\/\"><span style=\"font-size: 28px;\"><strong>Mad\u017earski etno ve\u010der<\/strong><\/span><\/a><\/p>\n<ul>\n<li><strong>19.00 <\/strong>Predstava Lutkovnega gledali\u0161\u010da Pupilla: <strong>Utaz\u00f3k<\/strong> (Zoopotniki) <span class=\"starost\">3+<\/span><\/li>\n<li><strong>20.00 <\/strong>Enkratna glasbeno-zabavna predstava Produkcije Liliom \u2013 Csaba Cs\u00edk: <strong>\u00d6regl\u00e1nyok<\/strong> (Starke)\n<p><i class=\"fas fa-map-marker\"><\/i> Prizori\u0161\u010de: Letni oder Gledali\u0161ke in koncertne dvorane Lendava<br \/>\n<i class=\"fas fa-chevron-circle-right\"><\/i> Organizator: <a href=\"http:\/\/ztr.si\/\">Zavod za turizem in razvoj Lendava &#8211; Turisztikai \u00e9s Fejleszt\u00e9si K\u00f6zint\u00e9zet Lendva<\/a> in <a href=\"https:\/\/www.mnmi-zkmn.si\/\">MNMI-ZKMN<\/a><\/li>\n<\/ul>\n<\/td>\n<\/tr>\n<tr>\n<td style=\"width: 10.0194%;\">\n<h6>31.<\/h6>\n<p><strong><img loading=\"lazy\" decoding=\"async\" class=\"alignnone wp-image-1587\" title=\"Brezpla\u010dna prireditev\" src=\"https:\/\/www1.kkl.si\/wp-content\/uploads\/2020\/07\/spored_simb_brezplacna-1.svg\" alt=\"brezplacna\" width=\"40\" height=\"40\" srcset=\"https:\/\/www1.kkl.si\/wp-content\/uploads\/\/2020\/07\/spored_simb_brezplacna-1.svg 150w, https:\/\/www1.kkl.si\/wp-content\/uploads\/\/2020\/07\/spored_simb_brezplacna-1.svg 400w, https:\/\/www1.kkl.si\/wp-content\/uploads\/\/2020\/07\/spored_simb_brezplacna-1.svg 1500w, https:\/\/www1.kkl.si\/wp-content\/uploads\/\/2020\/07\/spored_simb_brezplacna-1.svg 100w\" sizes=\"auto, (max-width: 40px) 100vw, 40px\" \/><\/strong><\/p>\n<\/td>\n<td style=\"width: 89.916%;\">\n<p><strong><a href=\"https:\/\/www1.kkl.si\/wp-content\/uploads\/2022\/08\/hkd_dalmacija_u_mom_oku.jpg\" data-lbwps-width=\"935\" data-lbwps-height=\"1321\" data-lbwps-srcsmall=\"https:\/\/www1.kkl.si\/wp-content\/uploads\/2022\/08\/hkd_dalmacija_u_mom_oku-283x400.jpg\"><img loading=\"lazy\" decoding=\"async\" class=\"slika alignright wp-image-8644\" src=\"https:\/\/www1.kkl.si\/wp-content\/uploads\/2022\/08\/hkd_dalmacija_u_mom_oku-283x400.jpg\" alt=\"\" width=\"150\" height=\"212\" srcset=\"https:\/\/www1.kkl.si\/wp-content\/uploads\/2022\/08\/hkd_dalmacija_u_mom_oku-283x400.jpg 283w, https:\/\/www1.kkl.si\/wp-content\/uploads\/2022\/08\/hkd_dalmacija_u_mom_oku.jpg 935w\" sizes=\"auto, (max-width: 150px) 100vw, 150px\" \/><\/a><i class=\"fas fa-calendar\"><\/i> Sreda, 31. avgust 2022 | <span class=\"zanr\">etnolo\u0161ko-kulturna prireditev<\/span><br \/>\n<i class=\"fas fa-clock\"><\/i> 17.00<\/strong><\/p>\n<p>FESTIVAL VINARIUM 2022 \u2013 LENDAVA<\/p>\n<p><a href=\"https:\/\/www1.kkl.si\/sl\/festival-vinarium-2022-hrvaski-etno-vecer\/\"><span style=\"font-size: 28px;\"><strong>Hrva\u0161ki etno ve\u010der*<\/strong><\/span><\/a><\/p>\n<ul>\n<li>Tambura\u0161i HKD Pomurje<\/li>\n<li>Klapa Dalmari (3. mesto na leto\u0161njem Festivalu klap v Omi\u0161u)<\/li>\n<\/ul>\n<p><i class=\"fas fa-map-marker\"><\/i> Prizori\u0161\u010de: Letni oder Gledali\u0161ke in koncertne dvorane Lendava<br \/>\n<i class=\"fas fa-chevron-circle-right\"><\/i> Organizator: <a href=\"http:\/\/ztr.si\/\">Zavod za turizem in razvoj Lendava &#8211; Turisztikai \u00e9s Fejleszt\u00e9si K\u00f6zint\u00e9zet Lendva,<\/a> <a href=\"http:\/\/hkd-pomurje.si\/\">HKD Pomurje<\/a><\/p>\n<\/td>\n<\/tr>\n<\/tbody>\n<\/table>\n<p style=\"text-align: center;\"><span style=\"font-size: 12px;\">Organizatorji si pridr\u017eujejo pravico do spremembe programa.<\/span><\/p>\n","protected":false},"excerpt":{"rendered":"<p>Leto 2022: januar | februar | marec | april | maj | junij | julij | avgust | september | oktober | november | december | ARHIV LEGENDA SIMBOLOV Slovenski abonma Mad\u017earski abonma Zaklju\u010dena prireditev Brezpla\u010dna prireditev Pla\u010dljiva prireditev Novost, sprememba 11. \u010cetrtek, 11. avgust 2022 | koncert ODPADE! 20.00 POLETI V LENDAVO 2022 KONTRABANT [&hellip;]<\/p>\n","protected":false},"author":2,"featured_media":0,"parent":0,"menu_order":0,"comment_status":"closed","ping_status":"closed","template":"","meta":{"footnotes":""},"class_list":["post-8206","page","type-page","status-publish","hentry","post"],"_links":{"self":[{"href":"https:\/\/www1.kkl.si\/sl\/wp-json\/wp\/v2\/pages\/8206","targetHints":{"allow":["GET"]}}],"collection":[{"href":"https:\/\/www1.kkl.si\/sl\/wp-json\/wp\/v2\/pages"}],"about":[{"href":"https:\/\/www1.kkl.si\/sl\/wp-json\/wp\/v2\/types\/page"}],"author":[{"embeddable":true,"href":"https:\/\/www1.kkl.si\/sl\/wp-json\/wp\/v2\/users\/2"}],"replies":[{"embeddable":true,"href":"https:\/\/www1.kkl.si\/sl\/wp-json\/wp\/v2\/comments?post=8206"}],"version-history":[{"count":52,"href":"https:\/\/www1.kkl.si\/sl\/wp-json\/wp\/v2\/pages\/8206\/revisions"}],"predecessor-version":[{"id":10818,"href":"https:\/\/www1.kkl.si\/sl\/wp-json\/wp\/v2\/pages\/8206\/revisions\/10818"}],"wp:attachment":[{"href":"https:\/\/www1.kkl.si\/sl\/wp-json\/wp\/v2\/media?parent=8206"}],"curies":[{"name":"wp","href":"https:\/\/api.w.org\/{rel}","templated":true}]}}