{"id":8334,"date":"2022-08-09T09:25:29","date_gmt":"2022-08-09T07:25:29","guid":{"rendered":"https:\/\/www1.kkl.si\/?page_id=8334"},"modified":"2022-12-15T16:34:13","modified_gmt":"2022-12-15T15:34:13","slug":"spored-2022-09","status":"publish","type":"page","link":"https:\/\/www1.kkl.si\/sl\/spored-2022-09\/","title":{"rendered":"SPORED: september 2022"},"content":{"rendered":"<p><strong>Leto 2022:<\/strong> <a href=\"https:\/\/www1.kkl.si\/sl\/spored-2022-01\/\">januar<\/a> | <a href=\"https:\/\/www1.kkl.si\/sl\/spored-2022-02\/\">februar<\/a> | <a href=\"https:\/\/www1.kkl.si\/sl\/spored-2022-03\/\">marec<\/a> | <a href=\"https:\/\/www1.kkl.si\/sl\/spored-2022-04\/\">april<\/a> | <a href=\"https:\/\/www1.kkl.si\/sl\/spored-2022-05\/\">maj<\/a> | <a href=\"https:\/\/www1.kkl.si\/sl\/spored-2022-06\/\">junij<\/a> | <a href=\"https:\/\/www1.kkl.si\/sl\/spored-2022-07\/\">julij<\/a> | <a href=\"https:\/\/www1.kkl.si\/sl\/spored-2022-08\/\">avgust<\/a> | <a href=\"https:\/\/www1.kkl.si\/sl\/spored-2022-09\/\">september<\/a> | <a href=\"https:\/\/www1.kkl.si\/sl\/spored-2022-10\/\">oktober<\/a> | <a href=\"https:\/\/www1.kkl.si\/sl\/spored-2022-11\/\">november<\/a> | <a href=\"https:\/\/www1.kkl.si\/sl\/spored-2022-12\/\">december<\/a> | <a href=\"https:\/\/www1.kkl.si\/sl\/arhiv-sporeda\/\">ARHIV<\/a><\/p>\n<table id=\"spored-legenda\" cellspacing=\"0\" cellpadding=\"5\">\n<tbody>\n<tr>\n<td><strong>LEGENDA<br \/>\nSIMBOLOV<\/strong><\/td>\n<td style=\"vertical-align: middle;\"><img loading=\"lazy\" decoding=\"async\" title=\"Slovenski abonma\" src=\"https:\/\/www1.kkl.si\/wp-content\/uploads\/2020\/07\/spored_simb_abonma_si-1.svg\" alt=\"abonma_si\" width=\"30\" height=\"30\" \/><\/td>\n<td>Slovenski<br \/>\nabonma<\/td>\n<td style=\"vertical-align: middle;\"><img loading=\"lazy\" decoding=\"async\" title=\"Mad\u017earski abonma\" src=\"https:\/\/www1.kkl.si\/wp-content\/uploads\/2020\/07\/spored_simb_abonma_hu-1.svg\" alt=\"abonma_hu\" width=\"30\" height=\"30\" \/><\/td>\n<td>Mad\u017earski<br \/>\nabonma<\/td>\n<td style=\"vertical-align: middle;\"><img loading=\"lazy\" decoding=\"async\" title=\"Zaklju\u010dena prireditev\" src=\"https:\/\/www1.kkl.si\/wp-content\/uploads\/2020\/07\/spored_simb_zakljucena-1.svg\" alt=\"zakljucena\" width=\"30\" height=\"30\" \/><\/td>\n<td>Zaklju\u010dena<br \/>\nprireditev<\/td>\n<td style=\"vertical-align: middle;\"><img loading=\"lazy\" decoding=\"async\" title=\"Brezpla\u010dna prireditev\" src=\"https:\/\/www1.kkl.si\/wp-content\/uploads\/2020\/07\/spored_simb_brezplacna-1.svg\" alt=\"brezplacna\" width=\"30\" height=\"30\" \/><\/td>\n<td>Brezpla\u010dna<br \/>\nprireditev<\/td>\n<td style=\"vertical-align: middle;\"><img loading=\"lazy\" decoding=\"async\" title=\"Pla\u010dljiva prireditev\" src=\"https:\/\/www1.kkl.si\/wp-content\/uploads\/2020\/07\/spored_simb_placljiva-1.svg\" alt=\"placljiva\" width=\"30\" height=\"30\" \/><\/td>\n<td>Pla\u010dljiva<br \/>\nprireditev<\/td>\n<td style=\"vertical-align: middle;\"><img loading=\"lazy\" decoding=\"async\" title=\"Novost, sprememba\" src=\"https:\/\/www1.kkl.si\/wp-content\/uploads\/2020\/07\/spored_simb_novost-1.svg\" alt=\"novost\" width=\"30\" height=\"30\" \/><\/td>\n<td>Novost,<br \/>\nsprememba<\/td>\n<\/tr>\n<\/tbody>\n<\/table>\n<table style=\"border-collapse: collapse; width: 100%;\">\n<tbody>\n<tr>\n<td style=\"width: 10.0194%;\">\n<h6>1.<\/h6>\n<p><strong><img loading=\"lazy\" decoding=\"async\" class=\"alignnone wp-image-1587\" title=\"Brezpla\u010dna prireditev\" src=\"https:\/\/www1.kkl.si\/wp-content\/uploads\/2020\/07\/spored_simb_brezplacna-1.svg\" alt=\"brezplacna\" width=\"40\" height=\"40\" srcset=\"https:\/\/www1.kkl.si\/wp-content\/uploads\/\/2020\/07\/spored_simb_brezplacna-1.svg 150w, https:\/\/www1.kkl.si\/wp-content\/uploads\/\/2020\/07\/spored_simb_brezplacna-1.svg 400w, https:\/\/www1.kkl.si\/wp-content\/uploads\/\/2020\/07\/spored_simb_brezplacna-1.svg 1500w, https:\/\/www1.kkl.si\/wp-content\/uploads\/\/2020\/07\/spored_simb_brezplacna-1.svg 100w\" sizes=\"auto, (max-width: 40px) 100vw, 40px\" \/><\/strong><\/p>\n<\/td>\n<td style=\"width: 89.916%;\">\n<p><strong><a href=\"https:\/\/www1.kkl.si\/wp-content\/uploads\/2022\/08\/plakat2022_novosadski_srbski_vecer.jpg\" data-lbwps-width=\"3508\" data-lbwps-height=\"4961\" data-lbwps-srcsmall=\"https:\/\/www1.kkl.si\/wp-content\/uploads\/2022\/08\/plakat2022_novosadski_srbski_vecer.jpg\"><img loading=\"lazy\" decoding=\"async\" class=\"slika alignright wp-image-8658 size-thumbnail\" src=\"https:\/\/www1.kkl.si\/wp-content\/uploads\/2022\/08\/plakat2022_novosadski_srbski_vecer-scaled-e1661507621761-150x150.jpg\" alt=\"\" width=\"150\" height=\"150\" \/><\/a><i class=\"fas fa-calendar\"><\/i> \u010cetrtek, 1. september 2022 | <span class=\"zanr\">etnolo\u0161ko-kulturna prireditev<\/span><br \/>\n<i class=\"fas fa-clock\"><\/i> 19.00<\/strong><\/p>\n<p>FESTIVAL VINARIUM 2022 \u2013 LENDAVA<\/p>\n<p><a href=\"https:\/\/www1.kkl.si\/sl\/festival-vinarium-2022-novosadski-srbski-etno-vecer\/\"><span style=\"font-size: 28px;\"><strong>Novosadski \u2013 Srbski etno ve\u010der<\/strong><\/span><\/a><\/p>\n<p><strong>Nastopajo:<\/strong><\/p>\n<ul>\n<li>Tambura\u0161ki orkester Vila<\/li>\n<li>KUD \u017deljezni\u010dar<\/li>\n<li>Promocija knjige <em>Kulturno blago Novega Sada<\/em> in branje pesmi<\/li>\n<li>Srbsko-\u010de\u0161ko dru\u0161tvo Beseda Petrovaradina<\/li>\n<\/ul>\n<p><i class=\"fas fa-map-marker\"><\/i> Prizori\u0161\u010de: Letni oder Gledali\u0161ke in koncertne dvorane Lendava<br \/>\n<i class=\"fas fa-chevron-circle-right\"><\/i> Organizator: <a href=\"http:\/\/ztr.si\/\">Zavod za turizem in razvoj Lendava &#8211; Turisztikai \u00e9s Fejleszt\u00e9si K\u00f6zint\u00e9zet Lendva<\/a><br \/>\n<i class=\"fas fa-chevron-circle-right\"><\/i>\u00a0 v soorganizaciji <a href=\"https:\/\/www.facebook.com\/KTD-Novi-Sad-Lendava-2118558985074165\/\">KTD Novi Sad<\/a> in <a href=\"https:\/\/www.facebook.com\/Srpsko-kulturno-dru%C5%A1tvo-Jovan-Jovanovi%C4%87-Zmaj-Lendava-143183865777424\/\">SKD Jovan Jovanovi\u0107 Zmaj<\/a> ter TOD Peti\u0161ovci<\/p>\n<\/td>\n<\/tr>\n<tr>\n<td style=\"width: 10.0194%;\">\n<h6>5.<\/h6>\n<p><strong><img loading=\"lazy\" decoding=\"async\" class=\"alignnone wp-image-1587\" title=\"Brezpla\u010dna prireditev\" src=\"https:\/\/www1.kkl.si\/wp-content\/uploads\/2020\/07\/spored_simb_brezplacna-1.svg\" alt=\"brezplacna\" width=\"40\" height=\"40\" srcset=\"https:\/\/www1.kkl.si\/wp-content\/uploads\/\/2020\/07\/spored_simb_brezplacna-1.svg 150w, https:\/\/www1.kkl.si\/wp-content\/uploads\/\/2020\/07\/spored_simb_brezplacna-1.svg 400w, https:\/\/www1.kkl.si\/wp-content\/uploads\/\/2020\/07\/spored_simb_brezplacna-1.svg 1500w, https:\/\/www1.kkl.si\/wp-content\/uploads\/\/2020\/07\/spored_simb_brezplacna-1.svg 100w\" sizes=\"auto, (max-width: 40px) 100vw, 40px\" \/><\/strong><\/p>\n<\/td>\n<td style=\"width: 89.916%;\">\n<p><strong><a href=\"https:\/\/www1.kkl.si\/wp-content\/uploads\/2022\/08\/plakat_JozePlecnik_Praga_GKDLend_2022_web.jpg\" data-lbwps-width=\"2500\" data-lbwps-height=\"3500\" data-lbwps-srcsmall=\"https:\/\/www1.kkl.si\/wp-content\/uploads\/2022\/08\/plakat_JozePlecnik_Praga_GKDLend_2022_web.jpg\"><img loading=\"lazy\" decoding=\"async\" class=\"slika alignright wp-image-8662 size-thumbnail\" src=\"https:\/\/www1.kkl.si\/wp-content\/uploads\/2022\/08\/plakat_JozePlecnik_Praga_GKDLend_2022_web-scaled-e1662111627271-150x150.jpg\" alt=\"\" width=\"150\" height=\"150\" \/><\/a><i class=\"fas fa-calendar\"><\/i> Ponedeljek, 5. september 2022 | <span class=\"zanr\">razstava<\/span><br \/>\n<i class=\"fas fa-clock\"><\/i> 16.00<\/strong><\/p>\n<p><a href=\"https:\/\/www1.kkl.si\/sl\/joze-plecnik-in-praga\/\"><span style=\"font-size: 28px;\"><strong>Jo\u017ee Ple\u010dnik in Praga<\/strong><\/span><\/a><\/p>\n<p><em>Razstava bo na ogled do 30. septembra 2022.<\/em><\/p>\n<p><i class=\"fas fa-map-marker\"><\/i> Prizori\u0161\u010de: Preddverje Gledali\u0161ke in koncertne dvorane Lendava<br \/>\n<i class=\"fas fa-chevron-circle-right\"><\/i> Organizator: <a href=\"https:\/\/www.mzv.cz\/ljubljana\/en\/index.html\">Veleposlani\u0161tvo \u010ce\u0161ke republike v Sloveniji<\/a>, <a href=\"https:\/\/www.lendava.si\/\">Ob\u010dina Lendava \u2013 Lendva K\u00f6zs\u00e9g<\/a> in <a href=\"https:\/\/www.kkl.si\/\">Knji\u017enica \u2013 Kulturni center Lendava \u2013 Lendvai K\u00f6nyvt\u00e1r \u00e9s Kultur\u00e1lis K\u00f6zpont<\/a><\/p>\n<\/td>\n<\/tr>\n<tr>\n<td style=\"width: 10.0194%;\">\n<h6>10.<\/h6>\n<p><strong><img loading=\"lazy\" decoding=\"async\" class=\"alignnone wp-image-1591\" title=\"Pla\u010dljiva prireditev\" src=\"https:\/\/www1.kkl.si\/wp-content\/uploads\/2020\/07\/spored_simb_placljiva-1.svg\" alt=\"placljiva\" width=\"40\" height=\"40\" srcset=\"https:\/\/www1.kkl.si\/wp-content\/uploads\/\/2020\/07\/spored_simb_placljiva-1.svg 150w, https:\/\/www1.kkl.si\/wp-content\/uploads\/\/2020\/07\/spored_simb_placljiva-1.svg 400w, https:\/\/www1.kkl.si\/wp-content\/uploads\/\/2020\/07\/spored_simb_placljiva-1.svg 1500w, https:\/\/www1.kkl.si\/wp-content\/uploads\/\/2020\/07\/spored_simb_placljiva-1.svg 100w\" sizes=\"auto, (max-width: 40px) 100vw, 40px\" \/><\/strong><\/p>\n<\/td>\n<td style=\"width: 89.916%;\">\n<p><strong><a href=\"https:\/\/www1.kkl.si\/wp-content\/uploads\/2022\/09\/DQplak22_SLO.jpg\" data-lbwps-width=\"1241\" data-lbwps-height=\"1770\" data-lbwps-srcsmall=\"https:\/\/www1.kkl.si\/wp-content\/uploads\/2022\/09\/DQplak22_SLO-280x400.jpg\"><img loading=\"lazy\" decoding=\"async\" class=\"slika alignright wp-image-8790 size-thumbnail\" src=\"https:\/\/www1.kkl.si\/wp-content\/uploads\/2022\/09\/DQplak22_SLO-150x150.jpg\" alt=\"\" width=\"150\" height=\"150\" \/><\/a><i class=\"fas fa-calendar\"><\/i> Sobota, 10. september 2022 | <span class=\"zanr\">gledali\u0161ka predstava<\/span> <span class=\"premiera\">PREMIERA<\/span><br \/>\n<i class=\"fas fa-clock\"><\/i> 19.00<\/strong><\/p>\n<p>LESZSZ T\u00e1rsulat:<\/p>\n<p><a href=\"https:\/\/www1.kkl.si\/sl\/leszsz-tarsulat-don-quijote-kalandjai-pustolovscine-dona-kihota\/\"><strong><span style=\"font-size: 28px;\">Don Quijote kalandjai (Pustolov\u0161\u010dine Dona Kihota)<\/span><\/strong><\/a><\/p>\n<p><i class=\"fas fa-ticket-alt\"><\/i> Vstopnina: <strong>8 \u20ac<\/strong> za odrasle,\u00a0 <strong>5 \u20ac<\/strong> za dijake in \u0161tudente. Vstopnice so na voljo od 29. avgusta v <a href=\"https:\/\/www.mnmi-zkmn.si\/\">Centru B\u00e1nffy<\/a>.<br \/>\n<i class=\"fas fa-map-marker\"><\/i> Prizori\u0161\u010de: Gledali\u0161ka in koncertna dvorana Lendava<br \/>\n<i class=\"fas fa-chevron-circle-right\"><\/i> Organizator: <a href=\"https:\/\/www.mnmi-zkmn.si\/\">MNMI-ZKMN<\/a><\/p>\n<\/td>\n<\/tr>\n<tr>\n<td style=\"width: 10.0194%;\">\n<h6>11.<\/h6>\n<p><strong><img loading=\"lazy\" decoding=\"async\" class=\"alignnone wp-image-1587\" title=\"Brezpla\u010dna prireditev\" src=\"https:\/\/www1.kkl.si\/wp-content\/uploads\/2020\/07\/spored_simb_brezplacna-1.svg\" alt=\"brezplacna\" width=\"40\" height=\"40\" srcset=\"https:\/\/www1.kkl.si\/wp-content\/uploads\/\/2020\/07\/spored_simb_brezplacna-1.svg 150w, https:\/\/www1.kkl.si\/wp-content\/uploads\/\/2020\/07\/spored_simb_brezplacna-1.svg 400w, https:\/\/www1.kkl.si\/wp-content\/uploads\/\/2020\/07\/spored_simb_brezplacna-1.svg 1500w, https:\/\/www1.kkl.si\/wp-content\/uploads\/\/2020\/07\/spored_simb_brezplacna-1.svg 100w\" sizes=\"auto, (max-width: 40px) 100vw, 40px\" \/><\/strong><\/p>\n<\/td>\n<td style=\"width: 89.916%;\">\n<p><strong><a href=\"https:\/\/www1.kkl.si\/wp-content\/uploads\/2022\/08\/plakat_prekmur_godba_bakovci2022.jpg\" data-lbwps-width=\"2800\" data-lbwps-height=\"4000\" data-lbwps-srcsmall=\"https:\/\/www1.kkl.si\/wp-content\/uploads\/2022\/08\/plakat_prekmur_godba_bakovci2022.jpg\"><img loading=\"lazy\" decoding=\"async\" class=\"slika alignright wp-image-8686 size-thumbnail\" src=\"https:\/\/www1.kkl.si\/wp-content\/uploads\/2022\/08\/plakat_prekmur_godba_bakovci2022-scaled-e1662793902389-150x150.jpg\" alt=\"\" width=\"150\" height=\"150\" \/><\/a><i class=\"fas fa-calendar\"><\/i> Nedelja, 11. september 2022 | <span class=\"zanr\">koncert<\/span><br \/>\n<i class=\"fas fa-clock\"><\/i> 16.00<\/strong><\/p>\n<p><strong><span style=\"font-size: 28px;\">Prekmurska godba Bakovci<\/span><br \/>\n<\/strong><\/p>\n<p>GOSTI KONCERTA:<\/p>\n<ul>\n<li>Nu\u0161a Titan, vokal<\/li>\n<li>Damjan Kuzma, vokal<\/li>\n<li>Dru\u0161tvo prekmurskih ma\u017eoretk Bakovci<\/li>\n<\/ul>\n<p><i class=\"fas fa-map-marker\"><\/i> Prizori\u0161\u010de: Letni oder Gledali\u0161ke in koncertne dvorane Lendava<br \/>\n<i class=\"fas fa-chevron-circle-right\"><\/i> Organizator: <a href=\"http:\/\/www.zkd-lendava.com\/\">ZKD Lendava \u2013 KKSz Lendva<\/a><\/p>\n<p><em>V primeru slabega vremena bo prireditev potekala v dvorani.<\/em><\/p>\n<p><em>\u00a0<\/em><\/p>\n<\/td>\n<\/tr>\n<tr>\n<td style=\"width: 10.0194%;\">\n<h6>18.<\/h6>\n<p><strong><img loading=\"lazy\" decoding=\"async\" class=\"alignnone wp-image-1587\" title=\"Brezpla\u010dna prireditev\" src=\"https:\/\/www1.kkl.si\/wp-content\/uploads\/2020\/07\/spored_simb_brezplacna-1.svg\" alt=\"brezplacna\" width=\"40\" height=\"40\" srcset=\"https:\/\/www1.kkl.si\/wp-content\/uploads\/\/2020\/07\/spored_simb_brezplacna-1.svg 150w, https:\/\/www1.kkl.si\/wp-content\/uploads\/\/2020\/07\/spored_simb_brezplacna-1.svg 400w, https:\/\/www1.kkl.si\/wp-content\/uploads\/\/2020\/07\/spored_simb_brezplacna-1.svg 1500w, https:\/\/www1.kkl.si\/wp-content\/uploads\/\/2020\/07\/spored_simb_brezplacna-1.svg 100w\" sizes=\"auto, (max-width: 40px) 100vw, 40px\" \/><\/strong><\/p>\n<\/td>\n<td style=\"width: 89.916%;\">\n<p><strong><a href=\"https:\/\/www1.kkl.si\/wp-content\/uploads\/2022\/09\/plakat_B2_kontrabant_2022.jpg\" data-lbwps-width=\"2500\" data-lbwps-height=\"3500\" data-lbwps-srcsmall=\"https:\/\/www1.kkl.si\/wp-content\/uploads\/2022\/09\/plakat_B2_kontrabant_2022.jpg\"><img loading=\"lazy\" decoding=\"async\" class=\"slika alignright wp-image-8803 size-thumbnail\" src=\"https:\/\/www1.kkl.si\/wp-content\/uploads\/2022\/09\/plakat_B2_kontrabant_2022-scaled-150x150.jpg\" alt=\"\" width=\"150\" height=\"150\" \/><\/a><i class=\"fas fa-calendar\"><\/i> Nedelja, 18. september 2022 | <span class=\"zanr\">koncert<\/span><br \/>\n<i class=\"fas fa-clock\"><\/i> 20.00<\/strong><\/p>\n<p>18 let delovanja Gledali\u0161ke in koncertne dvorane Lendava<br \/>\nPOLETI V LENDAVO 2022<\/p>\n<p><a href=\"https:\/\/www1.kkl.si\/sl\/koncert-glasbene-skupine-kontrabant-predstavitev-novega-cd-ja\/\"><span style=\"font-size: 28px;\"><strong>Glasbena skupina KONTRABANT<\/strong><\/span><\/a><\/p>\n<p><em>Ob tej prilo\u017enosti bo na koncertu predstavljen tudi nov glasbeni CD.<\/em><\/p>\n<p><i class=\"fas fa-map-marker\"><\/i> Prizori\u0161\u010de: Letni oder Gledali\u0161ke in koncertne dvorane Lendava<br \/>\n<i class=\"fas fa-chevron-circle-right\"><\/i> Organizator: <a href=\"https:\/\/www.kkl.si\/\">Knji\u017enica \u2013 Kulturni center Lendava \u2013 Lendvai K\u00f6nyvt\u00e1r \u00e9s Kultur\u00e1lis K\u00f6zpont<\/a><\/p>\n<p><em>V primeru slabega vremena bo prireditev potekala v dvorani.<\/em><\/p>\n<\/td>\n<\/tr>\n<tr>\n<td style=\"width: 10.0194%;\">\n<h6>23.<\/h6>\n<p><strong><img loading=\"lazy\" decoding=\"async\" class=\"alignnone wp-image-1587\" title=\"Brezpla\u010dna prireditev\" src=\"https:\/\/www1.kkl.si\/wp-content\/uploads\/2020\/07\/spored_simb_brezplacna-1.svg\" alt=\"brezplacna\" width=\"40\" height=\"40\" srcset=\"https:\/\/www1.kkl.si\/wp-content\/uploads\/\/2020\/07\/spored_simb_brezplacna-1.svg 150w, https:\/\/www1.kkl.si\/wp-content\/uploads\/\/2020\/07\/spored_simb_brezplacna-1.svg 400w, https:\/\/www1.kkl.si\/wp-content\/uploads\/\/2020\/07\/spored_simb_brezplacna-1.svg 1500w, https:\/\/www1.kkl.si\/wp-content\/uploads\/\/2020\/07\/spored_simb_brezplacna-1.svg 100w\" sizes=\"auto, (max-width: 40px) 100vw, 40px\" \/><\/strong><\/p>\n<\/td>\n<td style=\"width: 89.916%;\">\n<p><strong><a href=\"https:\/\/www1.kkl.si\/wp-content\/uploads\/2022\/09\/Vabilo_Meghivo_DAN_REISINGER.jpg\" data-lbwps-width=\"3507\" data-lbwps-height=\"2480\" data-lbwps-srcsmall=\"https:\/\/www1.kkl.si\/wp-content\/uploads\/2022\/09\/Vabilo_Meghivo_DAN_REISINGER.jpg\"><img loading=\"lazy\" decoding=\"async\" class=\"slika alignright wp-image-8901 size-thumbnail\" src=\"https:\/\/www1.kkl.si\/wp-content\/uploads\/2022\/09\/Vabilo_Meghivo_DAN_REISINGER-scaled-e1663314676345-150x150.jpg\" alt=\"\" width=\"150\" height=\"150\" \/><\/a><i class=\"fas fa-calendar\"><\/i> Petek, 23. september 2022 | <span class=\"zanr\">likovna razstava<\/span><br \/>\n<i class=\"fas fa-clock\"><\/i> 17.00<\/strong><\/p>\n<p>Evropski dnevi judovske kulture (EDJK) 2022: Obnova<\/p>\n<p><a href=\"https:\/\/www1.kkl.si\/sl\/likovna-razstava-v-sinagogi-dan-reisinger-%e2%80%92-ognjeni-zvitki\/\"><strong><span style=\"font-size: 28px;\">Ognjeni zvitki<\/span><\/strong><\/a><\/p>\n<p>Odprtje likovne razstave <strong>Dana Reisingerja<\/strong> in predstavitev kataloga<em><\/p>\n<p><\/em>Prenos programske zlo\u017eenke EDJK 2022:<br \/>\n<i class=\"fas fa-file-pdf\"><\/i> <a href=\"https:\/\/www1.kkl.si\/wp-content\/uploads\/2022\/09\/EDJK_2022_program.pdf\">EDJK_2022_program<\/a> (pdf, 503 KB)<\/p>\n<p><i class=\"fas fa-map-marker\"><\/i> Prizori\u0161\u010de: Sinagoga Lendava, Spodnja ulica 5<br \/>\n<i class=\"fas fa-chevron-circle-right\"><\/i> Organizator: <a href=\"https:\/\/www.lendava.si\/\">Ob\u010dina Lendava \u2013 Lendva K\u00f6zs\u00e9g<\/a>, <a href=\"https:\/\/www.gml.si\/\">Galerija-Muzej Lendava \u2013 Gal\u00e9ria-M\u00fazeum Lendva<\/a><\/p>\n<\/td>\n<\/tr>\n<tr>\n<td style=\"width: 10.0194%;\">\n<h6>27.<\/h6>\n<p><strong><img loading=\"lazy\" decoding=\"async\" class=\"alignnone wp-image-1591\" title=\"Pla\u010dljiva prireditev\" src=\"https:\/\/www1.kkl.si\/wp-content\/uploads\/2020\/07\/spored_simb_placljiva-1.svg\" alt=\"placljiva\" width=\"40\" height=\"40\" srcset=\"https:\/\/www1.kkl.si\/wp-content\/uploads\/\/2020\/07\/spored_simb_placljiva-1.svg 150w, https:\/\/www1.kkl.si\/wp-content\/uploads\/\/2020\/07\/spored_simb_placljiva-1.svg 400w, https:\/\/www1.kkl.si\/wp-content\/uploads\/\/2020\/07\/spored_simb_placljiva-1.svg 1500w, https:\/\/www1.kkl.si\/wp-content\/uploads\/\/2020\/07\/spored_simb_placljiva-1.svg 100w\" sizes=\"auto, (max-width: 40px) 100vw, 40px\" \/> <img loading=\"lazy\" decoding=\"async\" class=\"alignnone wp-image-1583\" title=\"Mad\u017earski abonma\" src=\"https:\/\/www1.kkl.si\/wp-content\/uploads\/2020\/07\/spored_simb_abonma_hu-1.svg\" alt=\"abonma_hu\" width=\"40\" height=\"40\" srcset=\"https:\/\/www1.kkl.si\/wp-content\/uploads\/\/2020\/07\/spored_simb_abonma_hu-1.svg 150w, https:\/\/www1.kkl.si\/wp-content\/uploads\/\/2020\/07\/spored_simb_abonma_hu-1.svg 400w, https:\/\/www1.kkl.si\/wp-content\/uploads\/\/2020\/07\/spored_simb_abonma_hu-1.svg 1500w, https:\/\/www1.kkl.si\/wp-content\/uploads\/\/2020\/07\/spored_simb_abonma_hu-1.svg 100w\" sizes=\"auto, (max-width: 40px) 100vw, 40px\" \/><br \/>\n<\/strong><\/p>\n<\/td>\n<td style=\"width: 89.916%;\">\n<p><strong><a href=\"https:\/\/www1.kkl.si\/wp-content\/uploads\/2022\/09\/1x3-neha-5-berlet-1.jpg\" data-lbwps-width=\"686\" data-lbwps-height=\"977\" data-lbwps-srcsmall=\"https:\/\/www1.kkl.si\/wp-content\/uploads\/2022\/09\/1x3-neha-5-berlet-1-281x400.jpg\"><img loading=\"lazy\" decoding=\"async\" class=\"slika alignright wp-image-8971 size-thumbnail\" src=\"https:\/\/www1.kkl.si\/wp-content\/uploads\/2022\/09\/1x3-neha-5-berlet-1-150x150.jpg\" alt=\"\" width=\"150\" height=\"150\" \/><\/a><i class=\"fas fa-calendar\"><\/i> Torek, 27. september 2022 | <span class=\"zanr\">mad\u017earska komedija<\/span><br \/>\n<i class=\"fas fa-clock\"><\/i> 19.00<\/strong><\/p>\n<p>Veres 1 Sz\u00ednh\u00e1z | Ray Cooney &amp; Tony Hilton:<\/p>\n<p><a href=\"https:\/\/www1.kkl.si\/sl\/veres-1-szinhaz-1-x-3-neha-4\/\"><span style=\"font-size: 28px;\"><strong>1 x 3 n\u00e9ha 4<\/strong><\/span><\/a><\/p>\n<p><i class=\"fas fa-ticket-alt\"><\/i> Vstopnina: <strong>15 \u20ac<\/strong> za odrasle,\u00a0 <strong>12 \u20ac<\/strong> za dijake in \u0161tudente. <br \/>\nDodatne informacije lahko dobite v <a href=\"https:\/\/www.mnmi-zkmn.si\/\">Centru B\u00e1nffy<\/a> na <i class=\"fas fa-phone-alt\"><\/i> (0)2 577 66 60. <br \/>\n<strong>Vstopnice se lahko kupijo na dan predstave, eno uro pred za\u010detkom prireditve v Gledali\u0161ki in koncertni dvorani Lendava.<\/strong><\/p>\n<p><i class=\"fas fa-map-marker\"><\/i> Prizori\u0161\u010de: Gledali\u0161ka in koncertna dvorana Lendava<br \/>\n<i class=\"fas fa-chevron-circle-right\"><\/i> Organizator: <a href=\"https:\/\/www.mnmi-zkmn.si\/\">MNMI-ZKMN<\/a><\/p>\n<\/td>\n<\/tr>\n<\/tbody>\n<\/table>\n<p style=\"text-align: center;\"><span style=\"font-size: 12px;\">Organizatorji si pridr\u017eujejo pravico do spremembe programa.<\/span><\/p>\n","protected":false},"excerpt":{"rendered":"<p>Leto 2022: januar | februar | marec | april | maj | junij | julij | avgust | september | oktober | november | december | ARHIV LEGENDA SIMBOLOV Slovenski abonma Mad\u017earski abonma Zaklju\u010dena prireditev Brezpla\u010dna prireditev Pla\u010dljiva prireditev Novost, sprememba 1. \u010cetrtek, 1. september 2022 | etnolo\u0161ko-kulturna prireditev 19.00 FESTIVAL VINARIUM 2022 \u2013 LENDAVA [&hellip;]<\/p>\n","protected":false},"author":2,"featured_media":0,"parent":0,"menu_order":0,"comment_status":"closed","ping_status":"closed","template":"","meta":{"footnotes":""},"class_list":["post-8334","page","type-page","status-publish","hentry","post"],"_links":{"self":[{"href":"https:\/\/www1.kkl.si\/sl\/wp-json\/wp\/v2\/pages\/8334","targetHints":{"allow":["GET"]}}],"collection":[{"href":"https:\/\/www1.kkl.si\/sl\/wp-json\/wp\/v2\/pages"}],"about":[{"href":"https:\/\/www1.kkl.si\/sl\/wp-json\/wp\/v2\/types\/page"}],"author":[{"embeddable":true,"href":"https:\/\/www1.kkl.si\/sl\/wp-json\/wp\/v2\/users\/2"}],"replies":[{"embeddable":true,"href":"https:\/\/www1.kkl.si\/sl\/wp-json\/wp\/v2\/comments?post=8334"}],"version-history":[{"count":52,"href":"https:\/\/www1.kkl.si\/sl\/wp-json\/wp\/v2\/pages\/8334\/revisions"}],"predecessor-version":[{"id":10817,"href":"https:\/\/www1.kkl.si\/sl\/wp-json\/wp\/v2\/pages\/8334\/revisions\/10817"}],"wp:attachment":[{"href":"https:\/\/www1.kkl.si\/sl\/wp-json\/wp\/v2\/media?parent=8334"}],"curies":[{"name":"wp","href":"https:\/\/api.w.org\/{rel}","templated":true}]}}