{"id":8513,"date":"2022-08-21T12:15:51","date_gmt":"2022-08-21T10:15:51","guid":{"rendered":"https:\/\/www1.kkl.si\/?page_id=8513"},"modified":"2022-08-24T08:22:48","modified_gmt":"2022-08-24T06:22:48","slug":"festival-vinarium-2022-madzarski-etno-vecer","status":"publish","type":"page","link":"https:\/\/www1.kkl.si\/sl\/festival-vinarium-2022-madzarski-etno-vecer\/","title":{"rendered":"FESTIVAL VINARIUM 2022: Mad\u017earski etno ve\u010der"},"content":{"rendered":"<div class=\"opis\"><strong><img loading=\"lazy\" decoding=\"async\" class=\"wp-image-1587 alignright\" title=\"Brezpla\u010dna prireditev\" src=\"https:\/\/www1.kkl.si\/wp-content\/uploads\/2020\/07\/spored_simb_brezplacna-1.svg\" alt=\"brezplacna\" width=\"40\" height=\"40\" srcset=\"https:\/\/www1.kkl.si\/wp-content\/uploads\/\/2020\/07\/spored_simb_brezplacna-1.svg 150w, https:\/\/www1.kkl.si\/wp-content\/uploads\/\/2020\/07\/spored_simb_brezplacna-1.svg 400w, https:\/\/www1.kkl.si\/wp-content\/uploads\/\/2020\/07\/spored_simb_brezplacna-1.svg 1500w, https:\/\/www1.kkl.si\/wp-content\/uploads\/\/2020\/07\/spored_simb_brezplacna-1.svg 100w\" sizes=\"auto, (max-width: 40px) 100vw, 40px\" \/><i class=\"fas fa-calendar\"><\/i> <\/strong><strong>Torek, 30. avgust 2022 | <span class=\"zanr\">etnolo\u0161ko-kulturna prireditev<\/span><br \/>\n<i class=\"fas fa-clock\"><\/i> <\/strong><strong>19<\/strong><strong>.00<\/strong><br \/>\n<i class=\"fas fa-map-marker\"><\/i> Prizori\u0161\u010de: Letni oder Gledali\u0161ke in koncertne dvorane Lendava<br \/>\n<i class=\"fas fa-chevron-circle-right\"><\/i> Organizator: <a href=\"http:\/\/ztr.si\/\">Zavod za turizem in razvoj Lendava \u2013 Turisztikai \u00e9s Fejleszt\u00e9si K\u00f6zint\u00e9zet Lendva<\/a><br \/>\n<i class=\"fas fa-chevron-circle-right\"><\/i> v organizaciji <a href=\"https:\/\/www.mnmi-zkmn.si\/\">MNMI-ZKMN<\/a><\/div>\n<p><a href=\"https:\/\/www1.kkl.si\/wp-content\/uploads\/2022\/08\/szorolap_magyar_etno_est.jpg\" data-lbwps-width=\"3507\" data-lbwps-height=\"2480\" data-lbwps-srcsmall=\"https:\/\/www1.kkl.si\/wp-content\/uploads\/2022\/08\/szorolap_magyar_etno_est.jpg\"><img loading=\"lazy\" decoding=\"async\" class=\"alignnone size-full wp-image-8622\" src=\"https:\/\/www1.kkl.si\/wp-content\/uploads\/2022\/08\/szorolap_magyar_etno_est-scaled.jpg\" alt=\"\" width=\"2560\" height=\"1810\" srcset=\"https:\/\/www1.kkl.si\/wp-content\/uploads\/2022\/08\/szorolap_magyar_etno_est-scaled.jpg 2560w, https:\/\/www1.kkl.si\/wp-content\/uploads\/2022\/08\/szorolap_magyar_etno_est-scaled-400x283.jpg 400w, https:\/\/www1.kkl.si\/wp-content\/uploads\/2022\/08\/szorolap_magyar_etno_est-scaled-1500x1061.jpg 1500w\" sizes=\"auto, (max-width: 2560px) 100vw, 2560px\" \/><\/a><\/p>\n<p><a href=\"https:\/\/www1.kkl.si\/wp-content\/uploads\/2022\/08\/magyar_etno_est_plakat.jpg\" data-lbwps-width=\"987\" data-lbwps-height=\"1244\" data-lbwps-srcsmall=\"https:\/\/www1.kkl.si\/wp-content\/uploads\/2022\/08\/magyar_etno_est_plakat-317x400.jpg\"><img loading=\"lazy\" decoding=\"async\" class=\"slika alignright wp-image-8476 size-medium\" src=\"https:\/\/www1.kkl.si\/wp-content\/uploads\/2022\/08\/magyar_etno_est_plakat-317x400.jpg\" alt=\"\" width=\"317\" height=\"400\" srcset=\"https:\/\/www1.kkl.si\/wp-content\/uploads\/2022\/08\/magyar_etno_est_plakat-317x400.jpg 317w, https:\/\/www1.kkl.si\/wp-content\/uploads\/2022\/08\/magyar_etno_est_plakat.jpg 987w\" sizes=\"auto, (max-width: 317px) 100vw, 317px\" \/><\/a>FESTIVAL VINARIUM 2022<br \/>\n<strong>Mad\u017earski etno ve\u010der<\/strong><\/p>\n<p><strong>19.00<\/strong> <br \/>\nPredstava Lutkovnega gledali\u0161\u010da Pupilla: <br \/>\n<span style=\"font-size: 24px;\"><strong>Utaz\u00f3k<\/strong><\/span> (Zoopotniki)<\/p>\n<p><strong>20.00<br \/>\n<\/strong>Enkratna glasbeno-zabavna predstava Produkcije Liliom \u2013 <strong>Csaba Cs\u00edk:<\/strong> <br \/>\n<span style=\"font-size: 24px;\"><strong>\u00d6regl\u00e1nyok<\/strong><\/span> (Starke)<\/p>\n<p><em>Bogata gastronomska ponudba Dru\u0161tva vinogradnikov \u010centiba.<\/em><\/p>\n<p><em>Vstop prost, vljudno vabljeni!<\/em><\/p>\n<p><i class=\"fas fa-link\"><\/i> <a href=\"https:\/\/www.lendava-lendva.si\/\">https:\/\/www.lendava-lendva.si<\/a><br \/>\n<i class=\"fas fa-link\"><\/i> <a href=\"http:\/\/ztr.si\/\">http:\/\/ztr.si\/<\/a><br \/>\n<i class=\"fas fa-link\"><\/i> <a href=\"https:\/\/www.mnmi-zkmn.si\/\">MNMI-ZKMN<\/a><\/p>\n<hr \/>\n<p>Lutkovno gledali\u0161\u010da Pupilla:<\/p>\n<p><span style=\"font-size: 24px;\"><strong>Utaz\u00f3k<\/strong><\/span> (Zoopotniki)<span style=\"font-size: 24px;\"><strong><br \/>\n<\/strong><\/span><\/p>\n<p><a href=\"https:\/\/www1.kkl.si\/wp-content\/uploads\/2022\/08\/zoopotniki.jpg\" data-lbwps-width=\"694\" data-lbwps-height=\"456\" data-lbwps-srcsmall=\"https:\/\/www1.kkl.si\/wp-content\/uploads\/2022\/08\/zoopotniki-400x263.jpg\"><img loading=\"lazy\" decoding=\"async\" class=\"alignright size-medium wp-image-8526\" src=\"https:\/\/www1.kkl.si\/wp-content\/uploads\/2022\/08\/zoopotniki-400x263.jpg\" alt=\"\" width=\"400\" height=\"263\" srcset=\"https:\/\/www1.kkl.si\/wp-content\/uploads\/2022\/08\/zoopotniki-400x263.jpg 400w, https:\/\/www1.kkl.si\/wp-content\/uploads\/2022\/08\/zoopotniki.jpg 694w\" sizes=\"auto, (max-width: 400px) 100vw, 400px\" \/><\/a>Ste potovali \u017ee z vlakom? Ste prisluhnili monotonemu ropotanju in ritmi\u010dnemu ogla\u0161anju koles? Ste opazovali oblake in pokrajino, ki je brzela mimo? Dolgo potovanje je lahko dolgo\u010dasno, a domi\u0161ljija in igra lahko pri\u010darata zanimive dogodiv\u0161\u010dine.V kupeju vlaka se znajdeta potnika, fant in punca. Kmalu odkrijeta, da nista sama, v njuni prtljagi se namre\u010d skrivajo majhne, nenavadne \u017eivalce, ki potovanje spremenijo v pravo \u017eivalsko parado.<\/p>\n<p>Na koncu potovanja postane \u0161e tako neznan sopotnik dober prijatelj ali celo kaj ve\u010d.<\/p>\n<p>ZooPotniki je lutkovna predstava brez besed, s poudarkom na animaciji vsakdanjih predmetov iz prtljage in jo namenjenamo gledalcem vseh starosti. Predstava je izredno gledljiva, polna humorja in domi\u0161ljije.<\/p>\n<p><strong>Re\u017eija:<\/strong> Rita Bartal Kiss<br \/>\n<strong>Glasba:<\/strong> Miha Malek<\/p>\n<p><strong>Likovno oblikovanje:<\/strong> Sabina \u0160inko<br \/>\n<strong>Igrata:<\/strong> Petra Kava\u0161 in Vitomir Vratari\u010d<\/p>\n<hr \/>\n<p><a href=\"https:\/\/www1.kkl.si\/wp-content\/uploads\/2022\/08\/oreglanyok.jpg\" data-lbwps-width=\"669\" data-lbwps-height=\"421\" data-lbwps-srcsmall=\"https:\/\/www1.kkl.si\/wp-content\/uploads\/2022\/08\/oreglanyok-400x252.jpg\"><img loading=\"lazy\" decoding=\"async\" class=\"size-medium wp-image-8522 alignright\" src=\"https:\/\/www1.kkl.si\/wp-content\/uploads\/2022\/08\/oreglanyok-400x252.jpg\" alt=\"\" width=\"400\" height=\"252\" srcset=\"https:\/\/www1.kkl.si\/wp-content\/uploads\/2022\/08\/oreglanyok-400x252.jpg 400w, https:\/\/www1.kkl.si\/wp-content\/uploads\/2022\/08\/oreglanyok.jpg 669w\" sizes=\"auto, (max-width: 400px) 100vw, 400px\" \/><\/a>Produkcija Liliom predstavlja predstavo avtorja Csabaja Cs\u00edka:<\/p>\n<p><span style=\"font-size: 24px;\"><strong>\u00d6regl\u00e1nyok<\/strong><\/span> (Starke)<\/p>\n<p>Starke, ki se igrajo kot otroci na igri\u0161\u010du. Smejejo se bogovom, ljubezni, bolezni, omejitvam dru\u017ebe. So \u017eenske, ki jim \u017eivljenje ni vedno prizana\u0161alo, pa vendar z vsem svojim bitjem sporo\u010dajo: SMEJ SE IN \u017dIVI!<\/p>\n<p><strong>Igrajo:<\/strong><br \/>\nPapadimitriu Athina<br \/>\nKov\u00e1ts Kriszta<br \/>\nOszvald Marika<br \/>\nHorv\u00e1th Zsuzsa<\/p>\n<p><a href=\"https:\/\/www1.kkl.si\/wp-content\/uploads\/2022\/08\/oreglanyok_plakat.jpg\" data-lbwps-width=\"1024\" data-lbwps-height=\"722\" data-lbwps-srcsmall=\"https:\/\/www1.kkl.si\/wp-content\/uploads\/2022\/08\/oreglanyok_plakat-400x282.jpg\"><img loading=\"lazy\" decoding=\"async\" class=\"wp-image-8539 size-medium alignnone\" src=\"https:\/\/www1.kkl.si\/wp-content\/uploads\/2022\/08\/oreglanyok_plakat-400x282.jpg\" alt=\"\" width=\"400\" height=\"282\" srcset=\"https:\/\/www1.kkl.si\/wp-content\/uploads\/2022\/08\/oreglanyok_plakat-400x282.jpg 400w, https:\/\/www1.kkl.si\/wp-content\/uploads\/2022\/08\/oreglanyok_plakat.jpg 1024w\" sizes=\"auto, (max-width: 400px) 100vw, 400px\" \/><\/a><\/p>\n<hr \/>\n<div class=\"mYVXT\">\n<div class=\"LS81yb VICjCf j5pSsc db35Fc\" tabindex=\"-1\">\n<div class=\"hJDwNd-AhqUyc-uQSCkd Ft7HRd-AhqUyc-uQSCkd purZT-AhqUyc-II5mzb ZcASvf-AhqUyc-II5mzb pSzOP-AhqUyc-qWD73c Ktthjf-AhqUyc-qWD73c JNdkSc SQVYQc\">\n<div class=\"JNdkSc-SmKAyb LkDMRd\">\n<div class=\"\">\n<div class=\"oKdM2c ZZyype Kzv0Me\">\n<div id=\"h.13d67590d31ee970_45\" class=\"hJDwNd-AhqUyc-uQSCkd Ft7HRd-AhqUyc-uQSCkd jXK9ad D2fZ2 zu5uec OjCsFc dmUFtb wHaque g5GTcb GNzUNc\">\n<div>\u00a0<\/div>\n<div><a href=\"https:\/\/www1.kkl.si\/wp-content\/uploads\/2022\/08\/banner_Festival_vinarium_2022_slo.jpg\" data-lbwps-width=\"1500\" data-lbwps-height=\"400\" data-lbwps-srcsmall=\"https:\/\/www1.kkl.si\/wp-content\/uploads\/2022\/08\/banner_Festival_vinarium_2022_slo-400x107.jpg\"><img loading=\"lazy\" decoding=\"async\" class=\"alignnone size-full wp-image-8440\" src=\"https:\/\/www1.kkl.si\/wp-content\/uploads\/2022\/08\/banner_Festival_vinarium_2022_slo.jpg\" alt=\"\" width=\"1500\" height=\"400\" srcset=\"https:\/\/www1.kkl.si\/wp-content\/uploads\/2022\/08\/banner_Festival_vinarium_2022_slo.jpg 1500w, https:\/\/www1.kkl.si\/wp-content\/uploads\/2022\/08\/banner_Festival_vinarium_2022_slo-400x107.jpg 400w\" sizes=\"auto, (max-width: 1500px) 100vw, 1500px\" \/><\/a><\/div>\n<div class=\"jXK9ad-SmKAyb\">FESTIVAL VINARIUM 2022 \u2013 LENDAVA<\/p>\n<p><em>V okviru etno ve\u010derov se bodo na letnem odru Gledali\u0161ke in koncertne dvorane v Lendavi predstavila hrva\u0161ka, slovenska in mad\u017earska dru\u0161tva ter obiskovalcem ponudila tradicionalno kulinariko na stojnicah, poskrbljeno bo tudi za pester glasbeno-kulturni program.<\/em><\/p>\n<\/div>\n<\/div>\n<\/div>\n<\/div>\n<\/div>\n<\/div>\n<\/div>\n<\/div>\n","protected":false},"excerpt":{"rendered":"<p>Torek, 30. avgust 2022 | etnolo\u0161ko-kulturna prireditev 19.00 Prizori\u0161\u010de: Letni oder Gledali\u0161ke in koncertne dvorane Lendava Organizator: Zavod za turizem in razvoj Lendava \u2013 Turisztikai \u00e9s Fejleszt\u00e9si K\u00f6zint\u00e9zet Lendva v organizaciji MNMI-ZKMN FESTIVAL VINARIUM 2022 Mad\u017earski etno ve\u010der 19.00 Predstava Lutkovnega gledali\u0161\u010da Pupilla: Utaz\u00f3k (Zoopotniki) 20.00 Enkratna glasbeno-zabavna predstava Produkcije Liliom \u2013 Csaba Cs\u00edk: \u00d6regl\u00e1nyok [&hellip;]<\/p>\n","protected":false},"author":2,"featured_media":8476,"parent":0,"menu_order":0,"comment_status":"closed","ping_status":"closed","template":"","meta":{"footnotes":""},"class_list":["post-8513","page","type-page","status-publish","has-post-thumbnail","hentry","post","post-with-thumbnail","post-with-thumbnail-icon"],"_links":{"self":[{"href":"https:\/\/www1.kkl.si\/sl\/wp-json\/wp\/v2\/pages\/8513","targetHints":{"allow":["GET"]}}],"collection":[{"href":"https:\/\/www1.kkl.si\/sl\/wp-json\/wp\/v2\/pages"}],"about":[{"href":"https:\/\/www1.kkl.si\/sl\/wp-json\/wp\/v2\/types\/page"}],"author":[{"embeddable":true,"href":"https:\/\/www1.kkl.si\/sl\/wp-json\/wp\/v2\/users\/2"}],"replies":[{"embeddable":true,"href":"https:\/\/www1.kkl.si\/sl\/wp-json\/wp\/v2\/comments?post=8513"}],"version-history":[{"count":19,"href":"https:\/\/www1.kkl.si\/sl\/wp-json\/wp\/v2\/pages\/8513\/revisions"}],"predecessor-version":[{"id":8627,"href":"https:\/\/www1.kkl.si\/sl\/wp-json\/wp\/v2\/pages\/8513\/revisions\/8627"}],"wp:featuredmedia":[{"embeddable":true,"href":"https:\/\/www1.kkl.si\/sl\/wp-json\/wp\/v2\/media\/8476"}],"wp:attachment":[{"href":"https:\/\/www1.kkl.si\/sl\/wp-json\/wp\/v2\/media?parent=8513"}],"curies":[{"name":"wp","href":"https:\/\/api.w.org\/{rel}","templated":true}]}}