{"id":8628,"date":"2022-08-24T10:49:39","date_gmt":"2022-08-24T08:49:39","guid":{"rendered":"https:\/\/www1.kkl.si\/?page_id=8628"},"modified":"2022-08-24T10:50:21","modified_gmt":"2022-08-24T08:50:21","slug":"predvecer-bogracfesta-kultival-2022-kulturni-festival-mladih-iz-karpatskega-bazena","status":"publish","type":"page","link":"https:\/\/www1.kkl.si\/sl\/predvecer-bogracfesta-kultival-2022-kulturni-festival-mladih-iz-karpatskega-bazena\/","title":{"rendered":"Predve\u010der Bogra\u010dfesta: KULTIV\u00c1L 2022 \u2013 Kulturni festival mladih iz Karpatskega bazena"},"content":{"rendered":"<div class=\"opis\"><strong><img loading=\"lazy\" decoding=\"async\" class=\"wp-image-1587 alignright\" title=\"Brezpla\u010dna prireditev\" src=\"https:\/\/www1.kkl.si\/wp-content\/uploads\/2020\/07\/spored_simb_brezplacna-1.svg\" alt=\"brezplacna\" width=\"40\" height=\"40\" srcset=\"https:\/\/www1.kkl.si\/wp-content\/uploads\/\/2020\/07\/spored_simb_brezplacna-1.svg 150w, https:\/\/www1.kkl.si\/wp-content\/uploads\/\/2020\/07\/spored_simb_brezplacna-1.svg 400w, https:\/\/www1.kkl.si\/wp-content\/uploads\/\/2020\/07\/spored_simb_brezplacna-1.svg 1500w, https:\/\/www1.kkl.si\/wp-content\/uploads\/\/2020\/07\/spored_simb_brezplacna-1.svg 100w\" sizes=\"auto, (max-width: 40px) 100vw, 40px\" \/><i class=\"fas fa-calendar\"><\/i> <\/strong><strong>Petek, 26. avgust 2022 | <span class=\"zanr\">etnolo\u0161ko-kulturna prireditev, koncert<\/span><br \/>\n<i class=\"fas fa-clock\"><\/i> <\/strong><strong>17<\/strong><strong>.00<\/strong><br \/>\n<i class=\"fas fa-map-marker\"><\/i> Prizori\u0161\u010de: Letni oder Gledali\u0161ke in koncertne dvorane Lendava in mestni park Ro\u017ea<br \/>\n<i class=\"fas fa-chevron-circle-right\"><\/i> Organizatorja: <a href=\"https:\/\/www.mnmi-zkmn.si\/\">MNMI-ZKMN<\/a>, <a href=\"https:\/\/www.kkl.si\/\">Knji\u017enica \u2013 Kulturni center Lendava \u2013 Lendvai K\u00f6nyvt\u00e1r \u00e9s Kultur\u00e1lis K\u00f6zpont<\/a><\/div>\n<p><a href=\"https:\/\/www1.kkl.si\/wp-content\/uploads\/2022\/08\/kultival.jpg\" data-lbwps-width=\"2271\" data-lbwps-height=\"622\" data-lbwps-srcsmall=\"https:\/\/www1.kkl.si\/wp-content\/uploads\/2022\/08\/kultival-400x110.jpg\"><img loading=\"lazy\" decoding=\"async\" class=\"alignnone size-large wp-image-8631\" src=\"https:\/\/www1.kkl.si\/wp-content\/uploads\/2022\/08\/kultival.jpg\" alt=\"\" width=\"1500\" height=\"661\" \/><\/a><\/p>\n<p>\u010clani Okrogle mize javnih kulturnih ustanov Karpatskega bazena \u017ee od leta 2015 organiziramo <strong>Kulturni festival mladih iz Karpatskega bazena<\/strong> ali kraj\u0161e <strong>Kultiv\u00e1l<\/strong>. Letos imamo to \u010dast, da lahko po letu 2016 ponovno gostimo v Prekmurju ustvarjalne mlade iz Karpatskega bazena.<\/p>\n<p>Vljudno vabljeni, da nas obi\u0161\u010dete v <strong>petek, 26. avgusta 2022<\/strong>, popoldne (program spodaj) ter prav tako <strong>v soboto<\/strong> na na\u0161i stojnici v okviru Bogra\u010dfesta, ko bomo <strong>za otroke v Centru B\u00e1nffy pripravili tudi rokodelske dejavnostmi.<\/strong><\/p>\n<div id=\"attachment_8629\" style=\"width: 410px\" class=\"wp-caption alignright\"><a href=\"https:\/\/www1.kkl.si\/wp-content\/uploads\/2022\/08\/st_longinus.jpg\" data-lbwps-width=\"2048\" data-lbwps-height=\"1365\" data-lbwps-srcsmall=\"https:\/\/www1.kkl.si\/wp-content\/uploads\/2022\/08\/st_longinus-400x267.jpg\"><img loading=\"lazy\" decoding=\"async\" aria-describedby=\"caption-attachment-8629\" class=\"wp-image-8629 size-medium\" src=\"https:\/\/www1.kkl.si\/wp-content\/uploads\/2022\/08\/st_longinus-400x267.jpg\" alt=\"\" width=\"400\" height=\"267\" srcset=\"https:\/\/www1.kkl.si\/wp-content\/uploads\/2022\/08\/st_longinus-400x267.jpg 400w, https:\/\/www1.kkl.si\/wp-content\/uploads\/2022\/08\/st_longinus-1500x1000.jpg 1500w, https:\/\/www1.kkl.si\/wp-content\/uploads\/2022\/08\/st_longinus.jpg 2048w\" sizes=\"auto, (max-width: 400px) 100vw, 400px\" \/><\/a><p id=\"caption-attachment-8629\" class=\"wp-caption-text\">Dru\u0161tvo za ohranjanje srednjeve\u0161kih obi\u010dajev St. Longinus iz Vojvodine<\/p><\/div>\n<p><span style=\"font-size: 24px;\"><em><strong>Lendavski park Ro\u017ea<br \/>\n<\/strong><\/em><\/span><\/p>\n<p><strong>17.00<\/strong> \u2013 program <em>Dru\u0161tva za ohranjanje srednjeve\u0161kih obi\u010dajev St. Longinus iz Vojvodine<\/em> \u2013 predstavitev srednjeve\u0161kega izro\u010dila v kostimih iz tega obdobja. Med predstavo lahko obiskovalci spoznajo srednjeve\u0161ko vite\u0161tvo, kjer bo v okviru zgodovinske u\u010dne ure predstavljena napadalna in obrabna oro\u017eja, plesi in \u0161e kaj.<\/p>\n<p>&nbsp;<\/p>\n<p><span style=\"font-size: 24px;\"><em><strong>Letni oder gledali\u0161ke in koncertne dvorane Lendava<\/strong><\/em><\/span><\/p>\n<p><strong>18.00<\/strong> \u2013 pesni\u0161ko gledali\u0161\u010de <em>Ampelopsis iz Transilvanije<\/em> \u2013 predstava z naslovom <em>F\u00e9nysz\u00e1rny\u00fa sz\u00f3<\/em>, pesmi pesnika L\u0151rinca Szab\u00f3ja<\/p>\n<p><strong>18.50<\/strong> \u2013 Citrarska skupina \u00bb\u00daj Muravid\u00e9k\u00ab<\/p>\n<p><strong>19.10<\/strong> \u2013 skupina <em>Skand\u00e1lum<\/em> iz Vojvodine \u2013 koncert<\/p>\n<p><strong>19.50<\/strong> \u2013 plesna skupina <em>Fricska<\/em> \u2013 V Lendavo prihajajo fantje z najhitrej\u0161imi nogami na svetu, ki so dokazali, da so najhitrej\u0161i folklorni plesalci na svetu, saj najhitreje udarjajo ritme ne le z nogami, ampak tudi z rokami. Zelo energi\u010dni plesni koraki bodo dale poseben ton Bogr\u00e1csfestu, kakor tudi barvit dodatek k festivalu KULTIV\u00c1L.<\/p>\n<p><strong>20.10<\/strong> \u2013 <em>Lucija \u0160etar<\/em> \u2013 kitara in petje<\/p>\n<p><strong>20.20<\/strong> \u2013 plesna skupina <em>Fricska<\/em><\/p>\n<p><strong>20.30<\/strong> \u2013 <em>Hot Club of Lendava<\/em> \u2013 Eden od glavnih vidikov Kultiv\u00e1la je, da se mladi iz Karpatskega bazena spoznajo in gradijo medsebojne odnose. Da je tovrstno vzpostavljanje odnosov uspe\u0161no, dokazuje tudi dejstvo, da so se nekateri \u010dlani Hot Club Lendava spoznali na enem izmed prej\u0161njih Kultiv\u00e1lov in od takrat vzdr\u017eujejo te odnose in vsako leto opravijo tudi nekaj skupnih nastopov pod imenom Hot Club Lendava. Ekipo sestavljajo mladi iz Prekmurja, Slova\u0161ke in od drugod. Obiskovalci bodo lahko u\u017eivali v ritimh gypsy swinga.<\/p>\n<div class=\"mYVXT\">\n<div class=\"LS81yb VICjCf j5pSsc db35Fc\" tabindex=\"-1\">\n<div class=\"hJDwNd-AhqUyc-uQSCkd Ft7HRd-AhqUyc-uQSCkd purZT-AhqUyc-II5mzb ZcASvf-AhqUyc-II5mzb pSzOP-AhqUyc-qWD73c Ktthjf-AhqUyc-qWD73c JNdkSc SQVYQc\">\n<div class=\"JNdkSc-SmKAyb LkDMRd\">\n<div class=\"\">\n<div class=\"oKdM2c ZZyype Kzv0Me\">\n<div id=\"h.13d67590d31ee970_45\" class=\"hJDwNd-AhqUyc-uQSCkd Ft7HRd-AhqUyc-uQSCkd jXK9ad D2fZ2 zu5uec OjCsFc dmUFtb wHaque g5GTcb GNzUNc\">\n<div class=\"jXK9ad-SmKAyb\">\n<p>Vljudno vabljeni!<\/p>\n<hr \/>\n<p><a href=\"https:\/\/www1.kkl.si\/wp-content\/uploads\/2022\/08\/banner_Festival_vinarium_2022_slo.jpg\" data-lbwps-width=\"1500\" data-lbwps-height=\"400\" data-lbwps-srcsmall=\"https:\/\/www1.kkl.si\/wp-content\/uploads\/2022\/08\/banner_Festival_vinarium_2022_slo-400x107.jpg\"><img loading=\"lazy\" decoding=\"async\" class=\"alignnone size-full wp-image-8440\" src=\"https:\/\/www1.kkl.si\/wp-content\/uploads\/2022\/08\/banner_Festival_vinarium_2022_slo.jpg\" alt=\"\" width=\"1500\" height=\"400\" srcset=\"https:\/\/www1.kkl.si\/wp-content\/uploads\/2022\/08\/banner_Festival_vinarium_2022_slo.jpg 1500w, https:\/\/www1.kkl.si\/wp-content\/uploads\/2022\/08\/banner_Festival_vinarium_2022_slo-400x107.jpg 400w\" sizes=\"auto, (max-width: 1500px) 100vw, 1500px\" \/><\/a><\/p>\n<p>FESTIVAL VINARIUM 2022 \u2013 LENDAVA<\/p>\n<p><em>V okviru etno ve\u010derov se bodo na letnem odru Gledali\u0161ke in koncertne dvorane v Lendavi predstavila hrva\u0161ka, slovenska in mad\u017earska dru\u0161tva ter obiskovalcem ponudila tradicionalno kulinariko na stojnicah, poskrbljeno bo tudi za pester glasbeno-kulturni program.<\/em><\/p>\n<\/div>\n<\/div>\n<\/div>\n<\/div>\n<\/div>\n<\/div>\n<\/div>\n<\/div>\n","protected":false},"excerpt":{"rendered":"<p>Petek, 26. avgust 2022 | etnolo\u0161ko-kulturna prireditev, koncert 17.00 Prizori\u0161\u010de: Letni oder Gledali\u0161ke in koncertne dvorane Lendava in mestni park Ro\u017ea Organizatorja: MNMI-ZKMN, Knji\u017enica \u2013 Kulturni center Lendava \u2013 Lendvai K\u00f6nyvt\u00e1r \u00e9s Kultur\u00e1lis K\u00f6zpont \u010clani Okrogle mize javnih kulturnih ustanov Karpatskega bazena \u017ee od leta 2015 organiziramo Kulturni festival mladih iz Karpatskega bazena ali kraj\u0161e [&hellip;]<\/p>\n","protected":false},"author":2,"featured_media":8631,"parent":0,"menu_order":0,"comment_status":"closed","ping_status":"closed","template":"","meta":{"footnotes":""},"class_list":["post-8628","page","type-page","status-publish","has-post-thumbnail","hentry","post","post-with-thumbnail","post-with-thumbnail-icon"],"_links":{"self":[{"href":"https:\/\/www1.kkl.si\/sl\/wp-json\/wp\/v2\/pages\/8628","targetHints":{"allow":["GET"]}}],"collection":[{"href":"https:\/\/www1.kkl.si\/sl\/wp-json\/wp\/v2\/pages"}],"about":[{"href":"https:\/\/www1.kkl.si\/sl\/wp-json\/wp\/v2\/types\/page"}],"author":[{"embeddable":true,"href":"https:\/\/www1.kkl.si\/sl\/wp-json\/wp\/v2\/users\/2"}],"replies":[{"embeddable":true,"href":"https:\/\/www1.kkl.si\/sl\/wp-json\/wp\/v2\/comments?post=8628"}],"version-history":[{"count":1,"href":"https:\/\/www1.kkl.si\/sl\/wp-json\/wp\/v2\/pages\/8628\/revisions"}],"predecessor-version":[{"id":8633,"href":"https:\/\/www1.kkl.si\/sl\/wp-json\/wp\/v2\/pages\/8628\/revisions\/8633"}],"wp:featuredmedia":[{"embeddable":true,"href":"https:\/\/www1.kkl.si\/sl\/wp-json\/wp\/v2\/media\/8631"}],"wp:attachment":[{"href":"https:\/\/www1.kkl.si\/sl\/wp-json\/wp\/v2\/media?parent=8628"}],"curies":[{"name":"wp","href":"https:\/\/api.w.org\/{rel}","templated":true}]}}