{"id":8673,"date":"2022-08-26T11:43:33","date_gmt":"2022-08-26T09:43:33","guid":{"rendered":"https:\/\/www1.kkl.si\/?page_id=8673"},"modified":"2022-08-26T15:27:27","modified_gmt":"2022-08-26T13:27:27","slug":"festival-vinarium-2022-novosadski-srbski-etno-vecer","status":"publish","type":"page","link":"https:\/\/www1.kkl.si\/sl\/festival-vinarium-2022-novosadski-srbski-etno-vecer\/","title":{"rendered":"FESTIVAL VINARIUM 2022: Novosadski \u2013 Srbski etno ve\u010der"},"content":{"rendered":"<div class=\"opis\"><strong><img loading=\"lazy\" decoding=\"async\" class=\"wp-image-1587 alignright\" title=\"Brezpla\u010dna prireditev\" src=\"https:\/\/www1.kkl.si\/wp-content\/uploads\/2020\/07\/spored_simb_brezplacna-1.svg\" alt=\"brezplacna\" width=\"40\" height=\"40\" srcset=\"https:\/\/www1.kkl.si\/wp-content\/uploads\/\/2020\/07\/spored_simb_brezplacna-1.svg 150w, https:\/\/www1.kkl.si\/wp-content\/uploads\/\/2020\/07\/spored_simb_brezplacna-1.svg 400w, https:\/\/www1.kkl.si\/wp-content\/uploads\/\/2020\/07\/spored_simb_brezplacna-1.svg 1500w, https:\/\/www1.kkl.si\/wp-content\/uploads\/\/2020\/07\/spored_simb_brezplacna-1.svg 100w\" sizes=\"auto, (max-width: 40px) 100vw, 40px\" \/><i class=\"fas fa-calendar\"><\/i> <\/strong><strong>\u010cetrtek, 1. september 2022 | <span class=\"zanr\">etnolo\u0161ko-kulturna prireditev<\/span><br \/>\n<i class=\"fas fa-clock\"><\/i> <\/strong><strong>19<\/strong><strong>.00<\/strong><br \/>\n<i class=\"fas fa-map-marker\"><\/i> Prizori\u0161\u010de: Letni oder Gledali\u0161ke in koncertne dvorane Lendava<br \/>\n<i class=\"fas fa-chevron-circle-right\"><\/i> Organizator: <a href=\"http:\/\/ztr.si\/\">Zavod za turizem in razvoj Lendava \u2013 Turisztikai \u00e9s Fejleszt\u00e9si K\u00f6zint\u00e9zet Lendva<\/a><br \/>\n<i class=\"fas fa-chevron-circle-right\"><\/i> v soorganizaciji <a href=\"https:\/\/www.facebook.com\/KTD-Novi-Sad-Lendava-2118558985074165\/\">KTD Novi Sad<\/a> in <a href=\"https:\/\/www.facebook.com\/Srpsko-kulturno-dru%C5%A1tvo-Jovan-Jovanovi%C4%87-Zmaj-Lendava-143183865777424\/\">SKD Jovan Jovanovi\u0107 Zmaj<\/a> ter TOD Peti\u0161ovci<\/div>\n<p><a href=\"https:\/\/www1.kkl.si\/wp-content\/uploads\/2022\/08\/plakat2022_novosadski_srbski_vecer.jpg\" data-lbwps-width=\"3508\" data-lbwps-height=\"4961\" data-lbwps-srcsmall=\"https:\/\/www1.kkl.si\/wp-content\/uploads\/2022\/08\/plakat2022_novosadski_srbski_vecer.jpg\"><img loading=\"lazy\" decoding=\"async\" class=\"slika alignright wp-image-8658\" src=\"https:\/\/www1.kkl.si\/wp-content\/uploads\/2022\/08\/plakat2022_novosadski_srbski_vecer-scaled-1061x1500.jpg\" alt=\"\" width=\"500\" height=\"707\" srcset=\"https:\/\/www1.kkl.si\/wp-content\/uploads\/2022\/08\/plakat2022_novosadski_srbski_vecer-scaled-1061x1500.jpg 1061w, https:\/\/www1.kkl.si\/wp-content\/uploads\/2022\/08\/plakat2022_novosadski_srbski_vecer-scaled-283x400.jpg 283w, https:\/\/www1.kkl.si\/wp-content\/uploads\/2022\/08\/plakat2022_novosadski_srbski_vecer-scaled.jpg 1810w\" sizes=\"auto, (max-width: 500px) 100vw, 500px\" \/><\/a>FESTIVAL VINARIUM 2022<br \/>\n<strong>Novosadski \u2013 Srbski etno ve\u010der<\/strong><\/p>\n<p><strong>Nastopajo:<\/strong><\/p>\n<ul>\n<li>Tambura\u0161ki orkester Vila<\/li>\n<li>KUD \u017deljezni\u010dar<\/li>\n<li>Promocija knjige <em>Kulturno blago Novega Sada<\/em> in branje pesmi<\/li>\n<li>Srbsko-\u010de\u0161ko dru\u0161tvo Beseda Petrovaradina<\/li>\n<\/ul>\n<p><strong>Gostje:<\/strong><\/p>\n<ul>\n<li>Prof. Svetlana Tomin (Kulturno Blago),<\/li>\n<li>Tambura\u0161ki orkester Vila &#8211; Novi Sad,<\/li>\n<li>Slavica Ni\u0107iforovi\u0107 Veselinovi\u0107,<\/li>\n<li>Hana Goldner,<\/li>\n<li>Jelica Ble\u010di\u0107<\/li>\n<\/ul>\n<p><em>Kulinari\u010dna ponudba: lango\u0161, pasulj.<\/em><\/p>\n<p><em>Vstop prost, vljudno vabljeni!<\/em><\/p>\n<p><i class=\"fas fa-link\"><\/i> <a href=\"https:\/\/www.lendava-lendva.si\/\">https:\/\/www.lendava-lendva.si<\/a><br \/>\n<i class=\"fas fa-link\"><\/i> <a href=\"http:\/\/ztr.si\/\">http:\/\/ztr.si\/<\/a><br \/>\n<i class=\"fab fa-facebook-square\"><\/i> <a href=\"https:\/\/www.facebook.com\/KTD-Novi-Sad-Lendava-2118558985074165\/\">https:\/\/www.facebook.com\/KTD-Novi-Sad-Lendava-2118558985074165\/<\/a><\/p>\n<hr \/>\n<p><span style=\"font-size: 24px;\"><strong>Tambura\u0161ki orkester Vila<\/strong><\/span><strong><br \/>\n<\/strong><\/p>\n<p><iframe loading=\"lazy\" src=\"\/\/www.youtube.com\/embed\/4t9BHDD7hzE\" width=\"560\" height=\"314\" allowfullscreen=\"allowfullscreen\"><\/iframe><\/p>\n<p><iframe loading=\"lazy\" src=\"\/\/www.youtube.com\/embed\/8fJ89zEAmlc\" width=\"560\" height=\"314\" allowfullscreen=\"allowfullscreen\"><\/iframe><\/p>\n<hr \/>\n<div class=\"mYVXT\">\n<div class=\"LS81yb VICjCf j5pSsc db35Fc\" tabindex=\"-1\">\n<div class=\"hJDwNd-AhqUyc-uQSCkd Ft7HRd-AhqUyc-uQSCkd purZT-AhqUyc-II5mzb ZcASvf-AhqUyc-II5mzb pSzOP-AhqUyc-qWD73c Ktthjf-AhqUyc-qWD73c JNdkSc SQVYQc\">\n<div class=\"JNdkSc-SmKAyb LkDMRd\">\n<div class=\"\">\n<div class=\"oKdM2c ZZyype Kzv0Me\">\n<div id=\"h.13d67590d31ee970_45\" class=\"hJDwNd-AhqUyc-uQSCkd Ft7HRd-AhqUyc-uQSCkd jXK9ad D2fZ2 zu5uec OjCsFc dmUFtb wHaque g5GTcb GNzUNc\">\n<div>\u00a0<\/div>\n<div><a href=\"https:\/\/www1.kkl.si\/wp-content\/uploads\/2022\/08\/banner_Festival_vinarium_2022_slo.jpg\" data-lbwps-width=\"1500\" data-lbwps-height=\"400\" data-lbwps-srcsmall=\"https:\/\/www1.kkl.si\/wp-content\/uploads\/2022\/08\/banner_Festival_vinarium_2022_slo-400x107.jpg\"><img loading=\"lazy\" decoding=\"async\" class=\"alignnone size-full wp-image-8440\" src=\"https:\/\/www1.kkl.si\/wp-content\/uploads\/2022\/08\/banner_Festival_vinarium_2022_slo.jpg\" alt=\"\" width=\"1500\" height=\"400\" srcset=\"https:\/\/www1.kkl.si\/wp-content\/uploads\/2022\/08\/banner_Festival_vinarium_2022_slo.jpg 1500w, https:\/\/www1.kkl.si\/wp-content\/uploads\/2022\/08\/banner_Festival_vinarium_2022_slo-400x107.jpg 400w\" sizes=\"auto, (max-width: 1500px) 100vw, 1500px\" \/><\/a><\/div>\n<div class=\"jXK9ad-SmKAyb\">FESTIVAL VINARIUM 2022 \u2013 LENDAVA<\/p>\n<p><em>V okviru etno ve\u010derov se bodo na letnem odru Gledali\u0161ke in koncertne dvorane v Lendavi predstavila hrva\u0161ka, slovenska in mad\u017earska dru\u0161tva ter obiskovalcem ponudila tradicionalno kulinariko na stojnicah, poskrbljeno bo tudi za pester glasbeno-kulturni program.<\/em><\/p>\n<\/div>\n<\/div>\n<\/div>\n<\/div>\n<\/div>\n<\/div>\n<\/div>\n<\/div>\n","protected":false},"excerpt":{"rendered":"<p>\u010cetrtek, 1. september 2022 | etnolo\u0161ko-kulturna prireditev 19.00 Prizori\u0161\u010de: Letni oder Gledali\u0161ke in koncertne dvorane Lendava Organizator: Zavod za turizem in razvoj Lendava \u2013 Turisztikai \u00e9s Fejleszt\u00e9si K\u00f6zint\u00e9zet Lendva v soorganizaciji KTD Novi Sad in SKD Jovan Jovanovi\u0107 Zmaj ter TOD Peti\u0161ovci FESTIVAL VINARIUM 2022 Novosadski \u2013 Srbski etno ve\u010der Nastopajo: Tambura\u0161ki orkester Vila KUD [&hellip;]<\/p>\n","protected":false},"author":2,"featured_media":8658,"parent":0,"menu_order":0,"comment_status":"closed","ping_status":"closed","template":"","meta":{"footnotes":""},"class_list":["post-8673","page","type-page","status-publish","has-post-thumbnail","hentry","post","post-with-thumbnail","post-with-thumbnail-icon"],"_links":{"self":[{"href":"https:\/\/www1.kkl.si\/sl\/wp-json\/wp\/v2\/pages\/8673","targetHints":{"allow":["GET"]}}],"collection":[{"href":"https:\/\/www1.kkl.si\/sl\/wp-json\/wp\/v2\/pages"}],"about":[{"href":"https:\/\/www1.kkl.si\/sl\/wp-json\/wp\/v2\/types\/page"}],"author":[{"embeddable":true,"href":"https:\/\/www1.kkl.si\/sl\/wp-json\/wp\/v2\/users\/2"}],"replies":[{"embeddable":true,"href":"https:\/\/www1.kkl.si\/sl\/wp-json\/wp\/v2\/comments?post=8673"}],"version-history":[{"count":5,"href":"https:\/\/www1.kkl.si\/sl\/wp-json\/wp\/v2\/pages\/8673\/revisions"}],"predecessor-version":[{"id":8708,"href":"https:\/\/www1.kkl.si\/sl\/wp-json\/wp\/v2\/pages\/8673\/revisions\/8708"}],"wp:featuredmedia":[{"embeddable":true,"href":"https:\/\/www1.kkl.si\/sl\/wp-json\/wp\/v2\/media\/8658"}],"wp:attachment":[{"href":"https:\/\/www1.kkl.si\/sl\/wp-json\/wp\/v2\/media?parent=8673"}],"curies":[{"name":"wp","href":"https:\/\/api.w.org\/{rel}","templated":true}]}}