{"id":8741,"date":"2022-08-28T11:29:08","date_gmt":"2022-08-28T09:29:08","guid":{"rendered":"https:\/\/www1.kkl.si\/?page_id=8741"},"modified":"2022-08-28T14:05:03","modified_gmt":"2022-08-28T12:05:03","slug":"joze-plecnik-in-praga","status":"publish","type":"page","link":"https:\/\/www1.kkl.si\/sl\/joze-plecnik-in-praga\/","title":{"rendered":"Jo\u017ee Ple\u010dnik in Praga"},"content":{"rendered":"<div class=\"opis\"><strong><img loading=\"lazy\" decoding=\"async\" class=\"wp-image-1587 alignright\" title=\"Brezpla\u010dna prireditev\" src=\"https:\/\/www1.kkl.si\/wp-content\/uploads\/2020\/07\/spored_simb_brezplacna-1.svg\" sizes=\"auto, (max-width: 40px) 100vw, 40px\" srcset=\"https:\/\/www1.kkl.si\/wp-content\/uploads\/\/2020\/07\/spored_simb_brezplacna-1.svg 150w, https:\/\/www1.kkl.si\/wp-content\/uploads\/\/2020\/07\/spored_simb_brezplacna-1.svg 400w, https:\/\/www1.kkl.si\/wp-content\/uploads\/\/2020\/07\/spored_simb_brezplacna-1.svg 1500w, https:\/\/www1.kkl.si\/wp-content\/uploads\/\/2020\/07\/spored_simb_brezplacna-1.svg 100w\" alt=\"brezplacna\" width=\"40\" height=\"40\" \/><i class=\"fas fa-calendar\"><\/i> <\/strong><strong>Ponedeljek, 5. september 2022 | <span class=\"zanr\">razstava<\/span><br \/>\n<i class=\"fas fa-clock\"><\/i> <\/strong><strong>16.00<\/strong><br \/>\n<i class=\"fas fa-map-marker\"><\/i> Prizori\u0161\u010de: Preddverje Gledali\u0161ke in koncertne dvorane Lendava<br \/>\n<i class=\"fas fa-chevron-circle-right\"><\/i> Organizator: <a href=\"https:\/\/www.mzv.cz\/ljubljana\/en\/index.html\">Veleposlani\u0161tvo \u010ce\u0161ke republike v Sloveniji<\/a>, <a href=\"https:\/\/www.lendava.si\/\">Ob\u010dina Lendava \u2013 Lendva K\u00f6zs\u00e9g<\/a> in <a href=\"https:\/\/www.kkl.si\/\">Knji\u017enica \u2013 Kulturni center Lendava \u2013 Lendvai K\u00f6nyvt\u00e1r \u00e9s Kultur\u00e1lis K\u00f6zpont<\/a><\/div>\n<p><a href=\"https:\/\/www1.kkl.si\/wp-content\/uploads\/2022\/08\/plakat_JozePlecnik_Praga_GKDLend_2022_web.jpg\" data-lbwps-width=\"2500\" data-lbwps-height=\"3500\" data-lbwps-srcsmall=\"https:\/\/www1.kkl.si\/wp-content\/uploads\/2022\/08\/plakat_JozePlecnik_Praga_GKDLend_2022_web.jpg\"><img loading=\"lazy\" decoding=\"async\" class=\"slika alignright wp-image-8662 size-medium\" src=\"https:\/\/www1.kkl.si\/wp-content\/uploads\/2022\/08\/plakat_JozePlecnik_Praga_GKDLend_2022_web-scaled.jpg\" alt=\"\" width=\"286\" height=\"400\" srcset=\"https:\/\/www1.kkl.si\/wp-content\/uploads\/2022\/08\/plakat_JozePlecnik_Praga_GKDLend_2022_web-scaled.jpg 1829w, https:\/\/www1.kkl.si\/wp-content\/uploads\/2022\/08\/plakat_JozePlecnik_Praga_GKDLend_2022_web-scaled-286x400.jpg 286w, https:\/\/www1.kkl.si\/wp-content\/uploads\/2022\/08\/plakat_JozePlecnik_Praga_GKDLend_2022_web-scaled-1072x1500.jpg 1072w\" sizes=\"auto, (max-width: 286px) 100vw, 286px\" \/><\/a>Vljudno vas vabimo na otvoritev razstave<br \/>\n<span style=\"font-size: 32px;\">Jo\u017ee Ple\u010dnik in Praga,<\/span><br \/>\nki bo v ponedeljek, 5. septembra 2022, ob 16. uri <br \/>\nv preddverju Gledali\u0161ke in koncertne dvorane v Lendavi.<\/p>\n<p>Razstavo bosta odprla:<br \/>\n<strong>Juraj Chmiel<\/strong>, veleposlanik \u010ce\u0161ke republike v Sloveniji <br \/>\n<strong>in Ivan Koncut<\/strong>, pod\u017eupan v za\u010dasnem opravljanju funkcije \u017eupana Ob\u010dine Lendava.<\/p>\n<p><em>Razstava bo na ogled do 30. septembra 2022.<\/em><\/p>\n<p>&nbsp;<\/p>\n<p>O RAZSTAVI<\/p>\n<p>Jo\u017ee Ple\u010dnik se je neizbrisno zapisal v zgodovino Prage in \u010de\u0161ke arhitekture \u2013 kot arhitekt Pra\u0161kega gradu in cerkve Srca Jezusovega v \u010detrti Vinohrady pa tudi kot profesor na pra\u0161ki Umetnoobrtni \u0161oli, kjer je vzgojil prek petdeset vodilnih \u010de\u0161kih arhitektov. Na to pomembno poglavje Ple\u010dnikovega \u017eivljenja in ustvarjanja opozarja razstava ume\u0161\u010dena na 22 panojih. Izredne fotografije, kratki opisi in citati sodobnikov ter Ple\u010dnikovih interpretov bodo obiskovalcem do 30.09. bogatili izku\u0161njo in vedenje o arhitektu Jo\u017eetu Ple\u010dniku.<\/p>\n<p>Na za\u010detku nas razstavni panoji spomnijo na Ple\u010dnikovo prijateljstvo z ustanoviteljem \u010de\u0161ke moderne Janom Kot\u011bro, ki se je porodilo v \u010dasu njunega \u0161tudija v mojstrski \u0161oli prof. Otta Wagnerja na dunajski Akademiji likovnih umetnosti, in na opus, ki ga je Ple\u010dnik ustvaril v \u010dasu svojega delovanja na Dunaju do leta 1911.<\/p>\n<p>Najve\u010dji del razstave je posve\u010den Ple\u010dnikovi veli\u010dastni prenovi Pra\u0161kega gradu, kjer je v dialogu s predsednikom in ustanoviteljem republike Tom\u00e1\u0161em Garriguom Masarykom in njegovo h\u010derjo dr. Alice Masarykovo uredil eksterier in grajske vrtove, poleg tega pa opozarja na intervencije, s katerimi je Ple\u010dnik prispeval k dana\u0161nji podobi ograde v letni rezidenci predsednika republike v L\u00e1nih.<\/p>\n<p>Pozornost je namenjena tudi monumentalni sakralni zgradbi cerkve Srca Jezusovega na Vinohradih, s katero se je Ple\u010dnikovo udejstvovanje v Pragi zaklju\u010dilo. Na koncu so omenjeni tako Ple\u010dnikovi \u010de\u0161ki u\u010denci, pove\u010dini znameniti predvojni in povojni arhitekti, ki so ostajali zvesti varuhi in promotorji Ple\u010dnikove dedi\u0161\u010dine tudi v te\u017ekih \u010dasih socialisti\u010dnega obdobja, kot tudi Ple\u010dnikovi slovenski u\u010denci na Univerzi v Ljubljani, ki so z ustvarjanjem v duhu svojega Mojstra prispevali k povojni podobi glavnega mesta Ljubljane. Zadnji pano ponuja orientacijski zemljevid Ljubljane, na katerem so ozna\u010dene Ple\u010dnikove zgradbe, ki so posejane po slovenski prestolnici, hkrati pa nas spomni na nenavadno odmevnost Ple\u010dnikovega dela po vsem svetu.<\/p>\n<p>Razstava je nastala na pobudo Veleposlani\u0161tva \u010ce\u0161ke republike v Ljubljani, Uprave Pra\u0161kega gradu in Kabineta predsednika \u010ce\u0161ke republike, v sodelovanju s Ple\u010dnikovo hi\u0161o, Cezch Architecture week, FOIBOS BOOKS in Kot\u011brovo centrum architektury.<\/p>\n<p>Avtor razstave je Vladim\u00edr \u0160lapeta, profesor arhitekture na \u010ce\u0161kem, eden izmed najbolj znanih \u010de\u0161kih arhitektov, ki je med drugim leta 2003 gostoval na Univerzi v Ljubljani in je v preteklosti sodeloval na razli\u010dnih dogodkih v Sloveniji na podro\u010dju arhitekture.<\/p>\n<p>&nbsp;<\/p>\n","protected":false},"excerpt":{"rendered":"<p>Ponedeljek, 5. september 2022 | razstava 16.00 Prizori\u0161\u010de: Preddverje Gledali\u0161ke in koncertne dvorane Lendava Organizator: Veleposlani\u0161tvo \u010ce\u0161ke republike v Sloveniji, Ob\u010dina Lendava \u2013 Lendva K\u00f6zs\u00e9g in Knji\u017enica \u2013 Kulturni center Lendava \u2013 Lendvai K\u00f6nyvt\u00e1r \u00e9s Kultur\u00e1lis K\u00f6zpont Vljudno vas vabimo na otvoritev razstave Jo\u017ee Ple\u010dnik in Praga, ki bo v ponedeljek, 5. septembra 2022, ob [&hellip;]<\/p>\n","protected":false},"author":2,"featured_media":0,"parent":0,"menu_order":0,"comment_status":"closed","ping_status":"closed","template":"","meta":{"footnotes":""},"class_list":["post-8741","page","type-page","status-publish","hentry","post"],"_links":{"self":[{"href":"https:\/\/www1.kkl.si\/sl\/wp-json\/wp\/v2\/pages\/8741","targetHints":{"allow":["GET"]}}],"collection":[{"href":"https:\/\/www1.kkl.si\/sl\/wp-json\/wp\/v2\/pages"}],"about":[{"href":"https:\/\/www1.kkl.si\/sl\/wp-json\/wp\/v2\/types\/page"}],"author":[{"embeddable":true,"href":"https:\/\/www1.kkl.si\/sl\/wp-json\/wp\/v2\/users\/2"}],"replies":[{"embeddable":true,"href":"https:\/\/www1.kkl.si\/sl\/wp-json\/wp\/v2\/comments?post=8741"}],"version-history":[{"count":3,"href":"https:\/\/www1.kkl.si\/sl\/wp-json\/wp\/v2\/pages\/8741\/revisions"}],"predecessor-version":[{"id":8758,"href":"https:\/\/www1.kkl.si\/sl\/wp-json\/wp\/v2\/pages\/8741\/revisions\/8758"}],"wp:attachment":[{"href":"https:\/\/www1.kkl.si\/sl\/wp-json\/wp\/v2\/media?parent=8741"}],"curies":[{"name":"wp","href":"https:\/\/api.w.org\/{rel}","templated":true}]}}