{"id":8866,"date":"2022-09-07T12:45:40","date_gmt":"2022-09-07T10:45:40","guid":{"rendered":"https:\/\/www1.kkl.si\/?page_id=8866"},"modified":"2022-09-18T16:19:09","modified_gmt":"2022-09-18T14:19:09","slug":"koncert-glasbene-skupine-kontrabant-predstavitev-novega-cd-ja","status":"publish","type":"page","link":"https:\/\/www1.kkl.si\/sl\/koncert-glasbene-skupine-kontrabant-predstavitev-novega-cd-ja\/","title":{"rendered":"Koncert glasbene skupine Kontrabant, predstavitev novega CD-ja"},"content":{"rendered":"<div class=\"opis\"><strong><img loading=\"lazy\" decoding=\"async\" class=\"wp-image-1587 alignright\" title=\"Brezpla\u010dna prireditev\" src=\"https:\/\/www1.kkl.si\/wp-content\/uploads\/\/2020\/07\/spored_simb_brezplacna-1.svg\" alt=\"brezplacna\" width=\"40\" height=\"40\" srcset=\"https:\/\/www1.kkl.si\/wp-content\/uploads\/\/2020\/07\/spored_simb_brezplacna-1.svg 150w, https:\/\/www1.kkl.si\/wp-content\/uploads\/\/2020\/07\/spored_simb_brezplacna-1.svg 400w, https:\/\/www1.kkl.si\/wp-content\/uploads\/\/2020\/07\/spored_simb_brezplacna-1.svg 1500w, https:\/\/www1.kkl.si\/wp-content\/uploads\/\/2020\/07\/spored_simb_brezplacna-1.svg 100w\" sizes=\"auto, (max-width: 40px) 100vw, 40px\" \/><i class=\"fas fa-calendar\"><\/i> <\/strong><strong>Nedelja, 18. september 2022 | <span class=\"zanr\">koncert<\/span><br \/>\n<i class=\"fas fa-clock\"><\/i> <\/strong><strong>20<\/strong><strong>.00<\/strong><br \/>\n<i class=\"fas fa-map-marker\"><\/i> Prizori\u0161\u010de: Letni oder Gledali\u0161ke in koncertne dvorane Lendava<br \/>\n<i class=\"fas fa-chevron-circle-right\"><\/i> Organizator: <a href=\"https:\/\/www.kkl.si\/\">Knji\u017enica \u2013 Kulturni center Lendava \u2013 Lendvai K\u00f6nyvt\u00e1r \u00e9s Kultur\u00e1lis K\u00f6zpont<\/a><\/p>\n<p><span style=\"color: #ff0000;\"><strong>OBVESTILO: koncert bo v dvorani!<\/strong><\/span><\/div>\n<p><a href=\"https:\/\/www1.kkl.si\/wp-content\/uploads\/2022\/09\/plakat_B2_kontrabant_2022.jpg\" data-lbwps-width=\"2500\" data-lbwps-height=\"3500\" data-lbwps-srcsmall=\"https:\/\/www1.kkl.si\/wp-content\/uploads\/2022\/09\/plakat_B2_kontrabant_2022.jpg\"><img loading=\"lazy\" decoding=\"async\" class=\"slika alignright wp-image-8803 size-medium\" src=\"https:\/\/www1.kkl.si\/wp-content\/uploads\/2022\/09\/plakat_B2_kontrabant_2022-scaled-286x400.jpg\" alt=\"\" width=\"286\" height=\"400\" srcset=\"https:\/\/www1.kkl.si\/wp-content\/uploads\/2022\/09\/plakat_B2_kontrabant_2022-scaled-286x400.jpg 286w, https:\/\/www1.kkl.si\/wp-content\/uploads\/2022\/09\/plakat_B2_kontrabant_2022-scaled-1072x1500.jpg 1072w, https:\/\/www1.kkl.si\/wp-content\/uploads\/2022\/09\/plakat_B2_kontrabant_2022-scaled.jpg 1829w\" sizes=\"auto, (max-width: 286px) 100vw, 286px\" \/><\/a><strong>B\u00e9la Szomi Kralj<\/strong>, harmonika, klasi\u010dna kitara, buzuki, vokal<br \/>\n<strong>Toma\u017e Juvan\u010di\u010d<\/strong>, kitara, mandolina, vokal<br \/>\n<strong>P\u00e1l Szomi<\/strong>, bobni, cajon, kitara, vokal<br \/>\n<strong>Klemen Juvan\u010di\u010d<\/strong>, tolkala, bas<br \/>\n<strong>Ga\u0161per Pov\u0161e<\/strong>, violina, mandolina, vokal<br \/>\n<strong>Matijas Severhen<\/strong>, bas \u010delo, bas kitara, bobni, vokal<br \/>\n<strong>\u0160pela Hribar<\/strong> vokal, kljunasta flavta, flavta<\/p>\n<p><a href=\"https:\/\/www1.kkl.si\/wp-content\/uploads\/2022\/07\/kontrabant_logo2_smuggling_quality.svg\" data-lbwps-width=\"1456\" data-lbwps-height=\"450\" data-lbwps-srcsmall=\"https:\/\/www1.kkl.si\/wp-content\/uploads\/2022\/07\/kontrabant_logo2_smuggling_quality.svg\"><img loading=\"lazy\" decoding=\"async\" class=\"alignnone wp-image-8254\" src=\"https:\/\/www1.kkl.si\/wp-content\/uploads\/2022\/07\/kontrabant_logo2_smuggling_quality.svg\" alt=\"\" width=\"500\" height=\"155\" \/><\/a><\/p>\n<p><em>Skupina igra t.i. world music, posodobljeno akusti\u010dno in stilsko zelo razli\u010dno glasbo. V besedilih so uporabili poezijo vrhunskih slovenskih in mad\u017earskih pesnikov. Pojejo v vsaj petih jezikih.<\/em><\/p>\n<p><iframe loading=\"lazy\" src=\"\/\/www.youtube.com\/embed\/pv0TZO4MJ9E\" width=\"560\" height=\"314\" allowfullscreen=\"allowfullscreen\"><\/iframe><\/p>\n<p>Skupina\u00a0<strong>KONTRABANT<\/strong> deluje od leta 1994. Neguje in zdru\u017euje kakovostno akusti\u010dno etno, folk, country in druge zvrsti glasbe v slovenskem, mad\u017earskem, srbohrva\u0161kem, romskem, \u017eidovskem, angle\u0161kem jeziku in s pridihom teh tako razli\u010dnih kultur. Besedila njihovih skladb so avtorska dela pesnikov iz Slovenije, ki pi\u0161ejo v slovenskem, mad\u017earskem in romskem jeziku ter v prekmurskem nare\u010dju.<\/p>\n<p>Kontrabant je pustil pe\u010dat v slovenskem prostoru s \u0161tevilnimi albumi in uspe\u0161nicami, nekatere med njimi, npr. <em>Regrat v salat<\/em> in <em>Prekmurje, moje Prekmurje<\/em> pa so v Sloveniji ponarodele. Za svoje delo si je Kontrabant prislu\u017eil ve\u010d nominacij za slovensko glasbeno priznanje zlati petelin. <\/p>\n<p><a href=\"https:\/\/www1.kkl.si\/wp-content\/uploads\/2022\/07\/kontrabant_SPB_6292_splet.jpg\" data-lbwps-width=\"2000\" data-lbwps-height=\"1188\" data-lbwps-srcsmall=\"https:\/\/www1.kkl.si\/wp-content\/uploads\/2022\/07\/kontrabant_SPB_6292_splet-400x238.jpg\"><img loading=\"lazy\" decoding=\"async\" class=\"alignright size-medium wp-image-8236\" src=\"https:\/\/www1.kkl.si\/wp-content\/uploads\/2022\/07\/kontrabant_SPB_6292_splet-400x238.jpg\" alt=\"\" width=\"400\" height=\"238\" srcset=\"https:\/\/www1.kkl.si\/wp-content\/uploads\/2022\/07\/kontrabant_SPB_6292_splet-400x238.jpg 400w, https:\/\/www1.kkl.si\/wp-content\/uploads\/2022\/07\/kontrabant_SPB_6292_splet-1500x891.jpg 1500w, https:\/\/www1.kkl.si\/wp-content\/uploads\/2022\/07\/kontrabant_SPB_6292_splet.jpg 2000w\" sizes=\"auto, (max-width: 400px) 100vw, 400px\" \/><\/a>Pod imenom <strong><em>Nepridiprav<\/em><\/strong> so izdali tudi dva zelo popularna CD-ja za otroke, kot producenti in glasbeniki pa so sodelovali tudi pri nastanku dveh CD-jev s slovensko ljudsko glasbo. Do danes so izdali 13 albumov in 1 LP plo\u0161\u010do.<\/p>\n<p>Skupina je od ustanovitve zamenjala kar nekaj \u010dlanov, trenutno pa \u0161teje sedem glasbenikov.<\/p>\n<p>Vsi \u010dlani so tudi avtorji glasbe, B\u00e9la je avtor preko 220 pesmi-skladb, treh zbirk s poezijo, ter prevajalec mnogih pesnikov in avtor ve\u010d knjig s podro\u010dij astronomije, logike in drugih znanosti. B\u00e9la je tudi avtor besedila ponarodele slovenske pesmi <em>Zelena de\u017eela<\/em>, ki jo je izvajala skupina Victory.<\/p>\n<p>V letu 2022 je skupina izdala novi CD z naslovom <strong><em>Vidno je nevidno<\/em><\/strong>, na katerem je 14 skladb, od tega 12 z uglasbeno poezijo.<\/p>\n<hr \/>\n<p><strong>POVEZAVE<\/strong><\/p>\n<p><strong><img loading=\"lazy\" decoding=\"async\" class=\"alignright wp-image-8238 size-medium\" src=\"https:\/\/www1.kkl.si\/wp-content\/uploads\/2022\/07\/kontrabant_SPB_6352_splet-400x226.jpg\" alt=\"\" width=\"400\" height=\"226\" srcset=\"https:\/\/www1.kkl.si\/wp-content\/uploads\/2022\/07\/kontrabant_SPB_6352_splet-400x226.jpg 400w, https:\/\/www1.kkl.si\/wp-content\/uploads\/2022\/07\/kontrabant_SPB_6352_splet-1500x846.jpg 1500w, https:\/\/www1.kkl.si\/wp-content\/uploads\/2022\/07\/kontrabant_SPB_6352_splet.jpg 2000w\" sizes=\"auto, (max-width: 400px) 100vw, 400px\" \/><\/strong>Knji\u017enica Lendava, 13. maj 2022, Mostovi (od 15:05 dalje)<br \/>\n<i class=\"fas fa-link\"><\/i> <a href=\"https:\/\/www.rtvslo.si\/rtv365\/arhiv\/174872240?s=tv\">https:\/\/www.rtvslo.si\/rtv365\/arhiv\/174872240?s=tv<\/a><\/p>\n<p>Knji\u017enica Lendava, maj 2022, objava v Nepujsagu<br \/>\n<i class=\"fas fa-link\"><\/i> <a href=\"https:\/\/www.nepujsag.net\/kultura\/12285-%C3%A9desapja-nyomdokain.html\">https:\/\/www.nepujsag.net\/kultura\/12285-%C3%A9desapja-nyomdokain.html<\/a><\/p>\n<p>December 2021, Slamnik, dve strani v rubriki Kultura<br \/>\n<i class=\"fas fa-link\"><\/i> <a href=\"https:\/\/www.domzale.si\/objava\/581626\">https:\/\/www.domzale.si\/objava\/581626<\/a><\/p>\n<p>Na radiu ARS 2019:<br \/>\n<i class=\"fas fa-link\"><\/i> <a href=\"https:\/\/ars.rtvslo.si\/2019\/07\/srce-sansona-63\/\">https:\/\/ars.rtvslo.si\/2019\/07\/srce-sansona-63\/<\/a><\/p>\n<p>18. 11. 2019, RTV Slo, poro\u010dila, 17.21-19.19<br \/>\n<i class=\"fas fa-link\"><\/i> <a href=\"https:\/\/4d.rtvslo.si\/arhiv\/prvi-dnevnik\/174652178\">https:\/\/4d.rtvslo.si\/arhiv\/prvi-dnevnik\/174652178<\/a><\/p>\n<p>18. 11. 2019, Dom\u017ealec, posnetek celotnega koncerta<br \/>\n<i class=\"fas fa-link\"><\/i> <a href=\"https:\/\/www.youtube.com\/watch?v=970YXvWYVqQ\">https:\/\/www.youtube.com\/watch?v=970YXvWYVqQ<\/a><\/p>\n<p><strong>Uradna spletna stran:<\/strong><br \/>\n<i class=\"fas fa-link\"><\/i> <a href=\"https:\/\/kontrabant.net\/\">https:\/\/kontrabant.net\/<\/a><\/p>\n<p><strong>Youtube kanal:<\/strong><br \/>\n<i class=\"fas fa-link\"><\/i> <a href=\"https:\/\/www.youtube.com\/channel\/UCrdAN5MjTEOXhywtdN4kkOQ\">https:\/\/www.youtube.com\/channel\/UCrdAN5MjTEOXhywtdN4kkOQ<\/a><\/p>\n<hr \/>\n<p><strong>VIDEO<\/strong><\/p>\n<p><iframe loading=\"lazy\" src=\"\/\/www.youtube.com\/embed\/-5WCd6HTYnI\" width=\"560\" height=\"314\" allowfullscreen=\"allowfullscreen\"><\/iframe><\/p>\n<p><iframe loading=\"lazy\" src=\"\/\/www.youtube.com\/embed\/uSvwMmtqyM0\" width=\"560\" height=\"314\" allowfullscreen=\"allowfullscreen\"><\/iframe><\/p>\n<p><iframe loading=\"lazy\" src=\"\/\/www.youtube.com\/embed\/ZDWATODqbKg\" width=\"560\" height=\"314\" allowfullscreen=\"allowfullscreen\"><\/iframe><\/p>\n","protected":false},"excerpt":{"rendered":"<p>Nedelja, 18. september 2022 | koncert 20.00 Prizori\u0161\u010de: Letni oder Gledali\u0161ke in koncertne dvorane Lendava Organizator: Knji\u017enica \u2013 Kulturni center Lendava \u2013 Lendvai K\u00f6nyvt\u00e1r \u00e9s Kultur\u00e1lis K\u00f6zpont OBVESTILO: koncert bo v dvorani! B\u00e9la Szomi Kralj, harmonika, klasi\u010dna kitara, buzuki, vokal Toma\u017e Juvan\u010di\u010d, kitara, mandolina, vokal P\u00e1l Szomi, bobni, cajon, kitara, vokal Klemen Juvan\u010di\u010d, tolkala, bas [&hellip;]<\/p>\n","protected":false},"author":2,"featured_media":8803,"parent":0,"menu_order":0,"comment_status":"closed","ping_status":"closed","template":"","meta":{"footnotes":""},"class_list":["post-8866","page","type-page","status-publish","has-post-thumbnail","hentry","post","post-with-thumbnail","post-with-thumbnail-icon"],"_links":{"self":[{"href":"https:\/\/www1.kkl.si\/sl\/wp-json\/wp\/v2\/pages\/8866","targetHints":{"allow":["GET"]}}],"collection":[{"href":"https:\/\/www1.kkl.si\/sl\/wp-json\/wp\/v2\/pages"}],"about":[{"href":"https:\/\/www1.kkl.si\/sl\/wp-json\/wp\/v2\/types\/page"}],"author":[{"embeddable":true,"href":"https:\/\/www1.kkl.si\/sl\/wp-json\/wp\/v2\/users\/2"}],"replies":[{"embeddable":true,"href":"https:\/\/www1.kkl.si\/sl\/wp-json\/wp\/v2\/comments?post=8866"}],"version-history":[{"count":3,"href":"https:\/\/www1.kkl.si\/sl\/wp-json\/wp\/v2\/pages\/8866\/revisions"}],"predecessor-version":[{"id":8946,"href":"https:\/\/www1.kkl.si\/sl\/wp-json\/wp\/v2\/pages\/8866\/revisions\/8946"}],"wp:featuredmedia":[{"embeddable":true,"href":"https:\/\/www1.kkl.si\/sl\/wp-json\/wp\/v2\/media\/8803"}],"wp:attachment":[{"href":"https:\/\/www1.kkl.si\/sl\/wp-json\/wp\/v2\/media?parent=8866"}],"curies":[{"name":"wp","href":"https:\/\/api.w.org\/{rel}","templated":true}]}}