{"id":8900,"date":"2022-09-16T07:55:54","date_gmt":"2022-09-16T05:55:54","guid":{"rendered":"https:\/\/www1.kkl.si\/?page_id=8900"},"modified":"2022-09-16T09:36:31","modified_gmt":"2022-09-16T07:36:31","slug":"likovna-razstava-v-sinagogi-dan-reisinger-%e2%80%92-ognjeni-zvitki","status":"publish","type":"page","link":"https:\/\/www1.kkl.si\/sl\/likovna-razstava-v-sinagogi-dan-reisinger-%e2%80%92-ognjeni-zvitki\/","title":{"rendered":"LIKOVNA RAZSTAVA V SINAGOGI: Dan Reisinger \u2012 Ognjeni zvitki"},"content":{"rendered":"<div class=\"opis\"><strong><img loading=\"lazy\" decoding=\"async\" class=\"wp-image-1587 alignright\" title=\"Brezpla\u010dna prireditev\" src=\"https:\/\/www1.kkl.si\/wp-content\/uploads\/\/2020\/07\/spored_simb_brezplacna-1.svg\" alt=\"brezplacna\" width=\"40\" height=\"40\" srcset=\"https:\/\/www1.kkl.si\/wp-content\/uploads\/\/2020\/07\/spored_simb_brezplacna-1.svg 150w, https:\/\/www1.kkl.si\/wp-content\/uploads\/\/2020\/07\/spored_simb_brezplacna-1.svg 400w, https:\/\/www1.kkl.si\/wp-content\/uploads\/\/2020\/07\/spored_simb_brezplacna-1.svg 1500w, https:\/\/www1.kkl.si\/wp-content\/uploads\/\/2020\/07\/spored_simb_brezplacna-1.svg 100w\" sizes=\"auto, (max-width: 40px) 100vw, 40px\" \/><i class=\"fas fa-calendar\"><\/i> <\/strong><strong>Petek, 23. september 2022 | <span class=\"zanr\">likovna razstava<\/span><br \/>\n<i class=\"fas fa-clock\"><\/i> <\/strong><strong>17<\/strong><strong>.00<\/strong><br \/>\n<i class=\"fas fa-map-marker\"><\/i> Prizori\u0161\u010de: Sinagoga Lendava, Spodnja ulica 5<br \/>\n<i class=\"fas fa-chevron-circle-right\"><\/i> Organizator: <a href=\"https:\/\/www.lendava.si\/\">Ob\u010dina Lendava \u2013 Lendva K\u00f6zs\u00e9g<\/a>, <a href=\"https:\/\/www.gml.si\/\">Galerija-Muzej Lendava \u2013 Gal\u00e9ria-M\u00fazeum Lendva<\/a><\/div>\n<p><a href=\"https:\/\/www1.kkl.si\/wp-content\/uploads\/2022\/09\/Vabilo_Meghivo_DAN_REISINGER.jpg\" data-lbwps-width=\"3507\" data-lbwps-height=\"2480\" data-lbwps-srcsmall=\"https:\/\/www1.kkl.si\/wp-content\/uploads\/2022\/09\/Vabilo_Meghivo_DAN_REISINGER.jpg\"><img loading=\"lazy\" decoding=\"async\" class=\"slika alignright wp-image-8901 size-medium\" src=\"https:\/\/www1.kkl.si\/wp-content\/uploads\/2022\/09\/Vabilo_Meghivo_DAN_REISINGER-scaled-400x283.jpg\" alt=\"\" width=\"400\" height=\"283\" srcset=\"https:\/\/www1.kkl.si\/wp-content\/uploads\/2022\/09\/Vabilo_Meghivo_DAN_REISINGER-scaled-400x283.jpg 400w, https:\/\/www1.kkl.si\/wp-content\/uploads\/2022\/09\/Vabilo_Meghivo_DAN_REISINGER-scaled-1500x1061.jpg 1500w\" sizes=\"auto, (max-width: 400px) 100vw, 400px\" \/><\/a>V a b i l o<\/p>\n<p>Vljudno vabljeni na odprtje likovne razstave z naslovom<br \/>\n<strong>Dan Reisinger: Ognjeni zvitki<\/strong>,<br \/>\nki bo v petek, 23. septembra 2022, ob 17. uri v lendavski sinagogi.<\/p>\n<p>Razstavo bosta odprla <em>Tanja \u0160imonka<\/em>, umetnostna zgodovinarka in<br \/>\n<em>Boris Hajdinjak<\/em>, direktor Centra judovske kulturne dedi\u0161\u010dine Sinagoga Maribor.<\/p>\n<p>Za glasbeni program bosta poskrbela <em>Danica Ba\u0161a<\/em> in <em>Urban Kurbos<\/em>.<\/p>\n<p>&nbsp;<\/p>\n<p>OPIS RAZSTAVE<\/p>\n<p><strong>23. september 2022, 17.00<\/strong><br \/>\nSinagoga Lendava, Spodnja ulica 5<\/p>\n<p><span style=\"font-size: 24px;\"><strong>Ognjeni zvitki, <\/strong>odprtje likovne razstave Dana Reisingerja in predstavitev kataloga<\/span><\/p>\n<p><a href=\"https:\/\/www1.kkl.si\/wp-content\/uploads\/2022\/09\/ognjeni_zvitki.jpg\" data-lbwps-width=\"874\" data-lbwps-height=\"1240\" data-lbwps-srcsmall=\"https:\/\/www1.kkl.si\/wp-content\/uploads\/2022\/09\/ognjeni_zvitki-282x400.jpg\"><img loading=\"lazy\" decoding=\"async\" class=\"slika alignright wp-image-8910 size-medium\" src=\"https:\/\/www1.kkl.si\/wp-content\/uploads\/2022\/09\/ognjeni_zvitki-282x400.jpg\" alt=\"\" width=\"282\" height=\"400\" srcset=\"https:\/\/www1.kkl.si\/wp-content\/uploads\/2022\/09\/ognjeni_zvitki-282x400.jpg 282w, https:\/\/www1.kkl.si\/wp-content\/uploads\/2022\/09\/ognjeni_zvitki.jpg 874w\" sizes=\"auto, (max-width: 282px) 100vw, 282px\" \/><\/a>Izraelski slikar in grafi\u010dni oblikovalec <strong>Dan Reisinger<\/strong> (1934\u20132019) je serijo del <em>Ognjeni zvitki<\/em> zasnoval leta 1979 kot grafi\u010dno upodobitev verzov znamenitega izraelskega pesnika Abbe Kovnerja. Kovnerjeva poezija in Reisingerjeva dela tako sestavljajo subtilno celoto, s katero ustvarjalca opominjata na nesre\u010dno usodo judovskega naroda v razli\u010dnih krajih in obdobjih. Razstava je bila postavljena \u017ee v razli\u010dnih muzejih in galerijah po svetu, umetnik, ki je leta 2012 postal \u010dastni ob\u010dan Lendave, pa jo je poklonil Ob\u010dini Lendava kot del stalne razstave v tamkaj\u0161nji sinagogi. Ob novi stalni postavitvi likovnih del <em>Ognjeni zvitki<\/em> Dana Reisingerja v Sinagogi Lendava bo predstavljen tudi spremljajo\u010di katalog. V okviru predstavitve kataloga bo Boris Hajdinjak osvetlil zgodbo dru\u017eine Dana Reisingerja, Tanja \u0160imonka pa bo o\u010drtala umetnostnozgodovinsko vrednost Reisingerjevih del.<\/p>\n<p>Organizatorja:<br \/>\nGalerija-Muzej Lendava<br \/>\nOb\u010dina Lendava<\/p>\n<p>Partner:<br \/>\nCenter judovske kulturne dedi\u0161\u010dine Sinagoga Maribor<\/p>\n<hr \/>\n<h1><a href=\"https:\/\/www1.kkl.si\/wp-content\/uploads\/2022\/09\/EDJK_2022_program-1_naslovna.jpg\" data-lbwps-width=\"1500\" data-lbwps-height=\"2128\" data-lbwps-srcsmall=\"https:\/\/www1.kkl.si\/wp-content\/uploads\/2022\/09\/EDJK_2022_program-1_naslovna-282x400.jpg\"><img loading=\"lazy\" decoding=\"async\" class=\"slika alignright wp-image-8833 size-medium\" src=\"https:\/\/www1.kkl.si\/wp-content\/uploads\/2022\/09\/EDJK_2022_program-1_naslovna-282x400.jpg\" alt=\"\" width=\"282\" height=\"400\" srcset=\"https:\/\/www1.kkl.si\/wp-content\/uploads\/2022\/09\/EDJK_2022_program-1_naslovna-282x400.jpg 282w, https:\/\/www1.kkl.si\/wp-content\/uploads\/2022\/09\/EDJK_2022_program-1_naslovna-1057x1500.jpg 1057w, https:\/\/www1.kkl.si\/wp-content\/uploads\/2022\/09\/EDJK_2022_program-1_naslovna.jpg 1500w\" sizes=\"auto, (max-width: 282px) 100vw, 282px\" \/><\/a>Evropski dnevi judovske kulture 2022: Obnova<\/h1>\n<p>Razli\u010dni dogodki po Sloveniji<br \/>\n<strong>4. september \u2013 oktober 2022<\/strong><\/p>\n<p>Z dnevom odprtih vrat Mariborske sinagoge v nedeljo, 4. septembra, so v Sloveniji za\u010deli <em>Evropski dnevi judovske kulture (EDJK) 2022<\/em>. Evropski dnevi judovske kulture so vseevropski projekt, ki poteka od leta 2000 naprej, vsako leto pa potekajo v ve\u010d kot 25 evropskih dr\u017eavah. Z njim si organizatorji \u0161irom po Evropi prizadevajo osvetliti raznolikost in bogastvo judovstva ter njegov zgodovinski pomen v lokalnem, regionalnem in nacionalnem okolju s pripravo razli\u010dnih dogodkov \u2013 konferenc, koncertov, gledali\u0161kih predstav, vodenih ogledov in drugih aktivnosti, ki potekajo po vsej Evropi so\u010dasno, obenem pa spodbujajo vrednote, kot so dialog, (s)poznavanje in priznavanj druga\u010dnega ter izmenjava.<\/p>\n<p>Leto\u0161nja tema Evropskih dnevov judovske kulture je <em>obnova<\/em>, v Sloveniji pa bodo dogodki potekali v Mariboru, Murski Soboti,\u00a0Negovi, Lendavi in\u00a0na Ptuju.<\/p>\n<p class=\"subheader\">Obnova je vtkana v skoraj vse vidike judovskega \u017eivljenja in prakse \u2013 pravzaprav judovsko \u017eivljenje nenehno nadgrajuje preteklost na nove na\u010dine \u2013, in tako prina\u0161a ob\u010dutek nenehnih sprememb s pomirjujo\u010do kontinuiteto.<\/p>\n<hr \/>\n<p>Prenos programske zlo\u017eenke EDJK 2022:<br \/>\n<i class=\"fas fa-file-pdf\"><\/i> <a href=\"https:\/\/www1.kkl.si\/wp-content\/uploads\/2022\/09\/EDJK_2022_program.pdf\">EDJK_2022_program<\/a> (pdf, 503 KB)<\/p>\n<hr \/>\n<p><span style=\"font-size: 10px;\">Financirano s strani Evropske unije. Izra\u017eena stali\u0161\u010da in mnenja pripadajo izklju\u010dno Ob\u010dini Lendava in ne odra\u017eajo stali\u0161\u010d Evropske unije ali Izvajalske agencije za izobra\u017eevanje, avdiovizualno podro\u010dje in kulturo (EACEA), zato Evropska unija in naro\u010dnik ne prevzemata odgovornosti za vsebino le teh.<\/span><\/p>\n","protected":false},"excerpt":{"rendered":"<p>Petek, 23. september 2022 | likovna razstava 17.00 Prizori\u0161\u010de: Sinagoga Lendava, Spodnja ulica 5 Organizator: Ob\u010dina Lendava \u2013 Lendva K\u00f6zs\u00e9g, Galerija-Muzej Lendava \u2013 Gal\u00e9ria-M\u00fazeum Lendva V a b i l o Vljudno vabljeni na odprtje likovne razstave z naslovom Dan Reisinger: Ognjeni zvitki, ki bo v petek, 23. septembra 2022, ob 17. uri v lendavski [&hellip;]<\/p>\n","protected":false},"author":2,"featured_media":8901,"parent":0,"menu_order":0,"comment_status":"closed","ping_status":"closed","template":"","meta":{"footnotes":""},"class_list":["post-8900","page","type-page","status-publish","has-post-thumbnail","hentry","post","post-with-thumbnail","post-with-thumbnail-icon"],"_links":{"self":[{"href":"https:\/\/www1.kkl.si\/sl\/wp-json\/wp\/v2\/pages\/8900","targetHints":{"allow":["GET"]}}],"collection":[{"href":"https:\/\/www1.kkl.si\/sl\/wp-json\/wp\/v2\/pages"}],"about":[{"href":"https:\/\/www1.kkl.si\/sl\/wp-json\/wp\/v2\/types\/page"}],"author":[{"embeddable":true,"href":"https:\/\/www1.kkl.si\/sl\/wp-json\/wp\/v2\/users\/2"}],"replies":[{"embeddable":true,"href":"https:\/\/www1.kkl.si\/sl\/wp-json\/wp\/v2\/comments?post=8900"}],"version-history":[{"count":7,"href":"https:\/\/www1.kkl.si\/sl\/wp-json\/wp\/v2\/pages\/8900\/revisions"}],"predecessor-version":[{"id":8921,"href":"https:\/\/www1.kkl.si\/sl\/wp-json\/wp\/v2\/pages\/8900\/revisions\/8921"}],"wp:featuredmedia":[{"embeddable":true,"href":"https:\/\/www1.kkl.si\/sl\/wp-json\/wp\/v2\/media\/8901"}],"wp:attachment":[{"href":"https:\/\/www1.kkl.si\/sl\/wp-json\/wp\/v2\/media?parent=8900"}],"curies":[{"name":"wp","href":"https:\/\/api.w.org\/{rel}","templated":true}]}}