{"id":9035,"date":"2022-09-27T12:14:54","date_gmt":"2022-09-27T10:14:54","guid":{"rendered":"https:\/\/www1.kkl.si\/?page_id=9035"},"modified":"2022-12-15T16:33:14","modified_gmt":"2022-12-15T15:33:14","slug":"spored-2022-10","status":"publish","type":"page","link":"https:\/\/www1.kkl.si\/sl\/spored-2022-10\/","title":{"rendered":"SPORED: oktober 2022"},"content":{"rendered":"<p><strong>Leto 2022:<\/strong> <a href=\"https:\/\/www1.kkl.si\/sl\/spored-2022-01\/\">januar<\/a> | <a href=\"https:\/\/www1.kkl.si\/sl\/spored-2022-02\/\">februar<\/a> | <a href=\"https:\/\/www1.kkl.si\/sl\/spored-2022-03\/\">marec<\/a> | <a href=\"https:\/\/www1.kkl.si\/sl\/spored-2022-04\/\">april<\/a> | <a href=\"https:\/\/www1.kkl.si\/sl\/spored-2022-05\/\">maj<\/a> | <a href=\"https:\/\/www1.kkl.si\/sl\/spored-2022-06\/\">junij<\/a> | <a href=\"https:\/\/www1.kkl.si\/sl\/spored-2022-07\/\">julij<\/a> | <a href=\"https:\/\/www1.kkl.si\/sl\/spored-2022-08\/\">avgust<\/a> | <a href=\"https:\/\/www1.kkl.si\/sl\/spored-2022-09\/\">september<\/a> | <a href=\"https:\/\/www1.kkl.si\/sl\/spored-2022-10\/\">oktober<\/a> | <a href=\"https:\/\/www1.kkl.si\/sl\/spored-2022-11\/\">november<\/a> | <a href=\"https:\/\/www1.kkl.si\/sl\/spored-2022-12\/\">december<\/a> | <a href=\"https:\/\/www1.kkl.si\/sl\/arhiv-sporeda\/\">ARHIV<\/a><\/p>\n<table id=\"spored-legenda\" cellspacing=\"0\" cellpadding=\"5\">\n<tbody>\n<tr>\n<td><strong>LEGENDA<br \/>\nSIMBOLOV<\/strong><\/td>\n<td style=\"vertical-align: middle;\"><img loading=\"lazy\" decoding=\"async\" title=\"Slovenski abonma\" src=\"https:\/\/www1.kkl.si\/wp-content\/uploads\/2020\/07\/spored_simb_abonma_si-1.svg\" alt=\"abonma_si\" width=\"30\" height=\"30\" \/><\/td>\n<td>Slovenski<br \/>\nabonma<\/td>\n<td style=\"vertical-align: middle;\"><img loading=\"lazy\" decoding=\"async\" title=\"Mad\u017earski abonma\" src=\"https:\/\/www1.kkl.si\/wp-content\/uploads\/2020\/07\/spored_simb_abonma_hu-1.svg\" alt=\"abonma_hu\" width=\"30\" height=\"30\" \/><\/td>\n<td>Mad\u017earski<br \/>\nabonma<\/td>\n<td style=\"vertical-align: middle;\"><img loading=\"lazy\" decoding=\"async\" title=\"Zaklju\u010dena prireditev\" src=\"https:\/\/www1.kkl.si\/wp-content\/uploads\/2020\/07\/spored_simb_zakljucena-1.svg\" alt=\"zakljucena\" width=\"30\" height=\"30\" \/><\/td>\n<td>Zaklju\u010dena<br \/>\nprireditev<\/td>\n<td style=\"vertical-align: middle;\"><img loading=\"lazy\" decoding=\"async\" title=\"Brezpla\u010dna prireditev\" src=\"https:\/\/www1.kkl.si\/wp-content\/uploads\/2020\/07\/spored_simb_brezplacna-1.svg\" alt=\"brezplacna\" width=\"30\" height=\"30\" \/><\/td>\n<td>Brezpla\u010dna<br \/>\nprireditev<\/td>\n<td style=\"vertical-align: middle;\"><img loading=\"lazy\" decoding=\"async\" title=\"Pla\u010dljiva prireditev\" src=\"https:\/\/www1.kkl.si\/wp-content\/uploads\/2020\/07\/spored_simb_placljiva-1.svg\" alt=\"placljiva\" width=\"30\" height=\"30\" \/><\/td>\n<td>Pla\u010dljiva<br \/>\nprireditev<\/td>\n<td style=\"vertical-align: middle;\"><img loading=\"lazy\" decoding=\"async\" title=\"Novost, sprememba\" src=\"https:\/\/www1.kkl.si\/wp-content\/uploads\/2020\/07\/spored_simb_novost-1.svg\" alt=\"novost\" width=\"30\" height=\"30\" \/><\/td>\n<td>Novost,<br \/>\nsprememba<\/td>\n<\/tr>\n<\/tbody>\n<\/table>\n<table style=\"border-collapse: collapse; width: 100%; height: 1728px;\">\n<tbody>\n<tr style=\"height: 432px;\">\n<td style=\"width: 10.0194%; height: 432px;\">\n<h6>3.<\/h6>\n<p><strong><img loading=\"lazy\" decoding=\"async\" class=\"alignnone wp-image-1587\" title=\"Brezpla\u010dna prireditev\" src=\"https:\/\/www1.kkl.si\/wp-content\/uploads\/2020\/07\/spored_simb_brezplacna-1.svg\" alt=\"brezplacna\" width=\"40\" height=\"40\" srcset=\"https:\/\/www1.kkl.si\/wp-content\/uploads\/\/2020\/07\/spored_simb_brezplacna-1.svg 150w, https:\/\/www1.kkl.si\/wp-content\/uploads\/\/2020\/07\/spored_simb_brezplacna-1.svg 400w, https:\/\/www1.kkl.si\/wp-content\/uploads\/\/2020\/07\/spored_simb_brezplacna-1.svg 1500w, https:\/\/www1.kkl.si\/wp-content\/uploads\/\/2020\/07\/spored_simb_brezplacna-1.svg 100w\" sizes=\"auto, (max-width: 40px) 100vw, 40px\" \/><\/strong><\/p>\n<\/td>\n<td style=\"width: 89.916%; height: 432px;\">\n<p><strong><a href=\"https:\/\/www1.kkl.si\/wp-content\/uploads\/2022\/09\/mile_albijanic14.jpg\" data-lbwps-width=\"1120\" data-lbwps-height=\"1500\" data-lbwps-srcsmall=\"https:\/\/www1.kkl.si\/wp-content\/uploads\/2022\/09\/mile_albijanic14-299x400.jpg\"><img loading=\"lazy\" decoding=\"async\" class=\"alignright wp-image-9047 size-thumbnail\" src=\"https:\/\/www1.kkl.si\/wp-content\/uploads\/2022\/09\/mile_albijanic14-150x150.jpg\" alt=\"\" width=\"150\" height=\"150\" \/><\/a><i class=\"fas fa-calendar\"><\/i> ponedeljek, 3. oktober 2022 | <span class=\"zanr\">razstava<\/span><br \/>\n<i class=\"fas fa-clock\"><\/i> 18.00<\/strong><\/p>\n<p><a href=\"https:\/\/www1.kkl.si\/sl\/likovna-razstava-mileta-albijanica\/\"><span style=\"font-size: 28px;\"><strong>Likovna razstava Mileta Albijani\u0107a<\/strong><\/span><\/a><\/p>\n<p><i class=\"fas fa-map-marker\"><\/i> Prizori\u0161\u010de: Avla Gledali\u0161ke in koncertne dvorane Lendava<br \/>\n<i class=\"fas fa-chevron-circle-right\"><\/i> Organizator: Mile Albijani\u0107<\/p>\n<p><em>Razstava bo na ogled do 23. oktobra 2022.<\/em><\/p>\n<\/td>\n<\/tr>\n<tr style=\"height: 432px;\">\n<td style=\"width: 10.0194%; height: 432px;\">\n<h6>8.<\/h6>\n<p><strong><img loading=\"lazy\" decoding=\"async\" class=\"alignnone wp-image-1591\" title=\"Pla\u010dljiva prireditev\" src=\"https:\/\/www1.kkl.si\/wp-content\/uploads\/2020\/07\/spored_simb_placljiva-1.svg\" alt=\"placljiva\" width=\"40\" height=\"40\" srcset=\"https:\/\/www1.kkl.si\/wp-content\/uploads\/\/2020\/07\/spored_simb_placljiva-1.svg 150w, https:\/\/www1.kkl.si\/wp-content\/uploads\/\/2020\/07\/spored_simb_placljiva-1.svg 400w, https:\/\/www1.kkl.si\/wp-content\/uploads\/\/2020\/07\/spored_simb_placljiva-1.svg 1500w, https:\/\/www1.kkl.si\/wp-content\/uploads\/\/2020\/07\/spored_simb_placljiva-1.svg 100w\" sizes=\"auto, (max-width: 40px) 100vw, 40px\" \/><\/strong><\/p>\n<\/td>\n<td style=\"width: 89.916%; height: 432px;\">\n<p><strong><a href=\"https:\/\/www1.kkl.si\/wp-content\/uploads\/2022\/09\/plakat_MalaMiska_2022_splet.png\" data-lbwps-width=\"1429\" data-lbwps-height=\"2000\" data-lbwps-srcsmall=\"https:\/\/www1.kkl.si\/wp-content\/uploads\/2022\/09\/plakat_MalaMiska_2022_splet-286x400.png\"><img loading=\"lazy\" decoding=\"async\" class=\"slika alignright wp-image-9110 size-thumbnail\" src=\"https:\/\/www1.kkl.si\/wp-content\/uploads\/2022\/09\/plakat_MalaMiska_2022_splet-150x150.png\" alt=\"\" width=\"150\" height=\"150\" srcset=\"https:\/\/www1.kkl.si\/wp-content\/uploads\/2022\/09\/plakat_MalaMiska_2022_splet-150x150.png 150w, https:\/\/www1.kkl.si\/wp-content\/uploads\/2022\/09\/plakat_MalaMiska_2022_splet-375x375.png 375w\" sizes=\"auto, (max-width: 150px) 100vw, 150px\" \/><\/a><i class=\"fas fa-calendar\"><\/i> sobota, 8. oktober 2022 | <span class=\"zanr\">interaktivna otro\u0161ka predstava<\/span><br \/>\n<i class=\"fas fa-clock\"><\/i> 10.30<\/strong><\/p>\n<p>Ma\u0161a Jazbec, Rok Kravanja in ODPRTI PREDALI:<\/p>\n<p><a href=\"https:\/\/www1.kkl.si\/sl\/jaz-sem-mala-miska-naj-me-vsak-spozna-bonjour-je-suis-la-souris\/\"><span style=\"font-size: 28px;\"><strong>Jaz sem mala mi\u0161ka, naj me vsak spozna<br \/>\n(Bonjour, je suis la souris)<\/strong><\/span><\/a> <strong><span class=\"starost\">5+<\/span><\/strong><\/p>\n<p><i class=\"fas fa-ticket-alt\"><\/i> Vstopnina: <strong>2 \u20ac<\/strong><br \/>\n<i class=\"fas fa-map-marker\"><\/i> Prizori\u0161\u010de: Gledali\u0161ka in koncertna dvorana Lendava<br \/>\n<i class=\"fas fa-chevron-circle-right\"><\/i> Organizator: <a href=\"https:\/\/www.kkl.si\/\">Knji\u017enica \u2013 Kulturni center Lendava \u2013 Lendvai K\u00f6nyvt\u00e1r \u00e9s Kultur\u00e1lis K\u00f6zpont<\/a><\/p>\n<\/td>\n<\/tr>\n<tr style=\"height: 432px;\">\n<td style=\"width: 10.0194%; height: 432px;\">\n<h6>14.<\/h6>\n<p><strong><img loading=\"lazy\" decoding=\"async\" class=\"alignnone wp-image-1587\" title=\"Brezpla\u010dna prireditev\" src=\"https:\/\/www1.kkl.si\/wp-content\/uploads\/2020\/07\/spored_simb_brezplacna-1.svg\" alt=\"brezplacna\" width=\"40\" height=\"40\" srcset=\"https:\/\/www1.kkl.si\/wp-content\/uploads\/\/2020\/07\/spored_simb_brezplacna-1.svg 150w, https:\/\/www1.kkl.si\/wp-content\/uploads\/\/2020\/07\/spored_simb_brezplacna-1.svg 400w, https:\/\/www1.kkl.si\/wp-content\/uploads\/\/2020\/07\/spored_simb_brezplacna-1.svg 1500w, https:\/\/www1.kkl.si\/wp-content\/uploads\/\/2020\/07\/spored_simb_brezplacna-1.svg 100w\" sizes=\"auto, (max-width: 40px) 100vw, 40px\" \/><\/strong><\/p>\n<\/td>\n<td style=\"width: 89.916%; height: 432px;\">\n<p><strong><a href=\"https:\/\/www1.kkl.si\/wp-content\/uploads\/2022\/10\/plakat_Kazalisni_vikend_LENDAVA_splet.jpg\" data-lbwps-width=\"1475\" data-lbwps-height=\"2067\" data-lbwps-srcsmall=\"https:\/\/www1.kkl.si\/wp-content\/uploads\/2022\/10\/plakat_Kazalisni_vikend_LENDAVA_splet-285x400.jpg\"><img loading=\"lazy\" decoding=\"async\" class=\"slika alignright wp-image-9179 size-thumbnail\" src=\"https:\/\/www1.kkl.si\/wp-content\/uploads\/2022\/10\/plakat_Kazalisni_vikend_LENDAVA_splet-e1665747062585-150x150.jpg\" alt=\"\" width=\"150\" height=\"150\" \/><\/a><i class=\"fas fa-calendar\"><\/i> petek, 14. oktober 2022 | <span class=\"zanr\">komedija v hrva\u0161kem jeziku<\/span><br \/>\n<i class=\"fas fa-clock\"><\/i> 19.00<\/strong><\/p>\n<p>GLEDALI\u0160KI VIKEND V GLEDALI\u0160KI IN KONCERTNI DVORANI LENDAVA<\/p>\n<p>Gledali\u0161ka skupina \u00bbKUU SELJA\u010cKA SLOGA NEDELI\u0160\u0106E\u00ab:<br \/>\n<strong><span style=\"font-size: 28px;\">Afera \u2013 komedija v hrva\u0161kem jeziku<\/span><\/strong><\/p>\n<p><strong>Avtor:<\/strong> Fadil Had\u017ei\u0107<br \/>\n<strong>Trajanje:<\/strong> 75 minut<\/p>\n<p><i class=\"fas fa-map-marker\"><\/i> Prizori\u0161\u010de: Gledali\u0161ka in koncertna dvorana Lendava<br \/>\n<i class=\"fas fa-chevron-circle-right\"><\/i> Organizator: <a href=\"http:\/\/hkd-pomurje.si\/\">Hrva\u0161ko kulturno dru\u0161tvo Pomurje<\/a><\/p>\n<\/td>\n<\/tr>\n<tr style=\"height: 432px;\">\n<td style=\"width: 10.0194%; height: 432px;\">\n<h6>15.<\/h6>\n<p><strong><img loading=\"lazy\" decoding=\"async\" class=\"alignnone wp-image-1587\" title=\"Brezpla\u010dna prireditev\" src=\"https:\/\/www1.kkl.si\/wp-content\/uploads\/2020\/07\/spored_simb_brezplacna-1.svg\" alt=\"brezplacna\" width=\"40\" height=\"40\" srcset=\"https:\/\/www1.kkl.si\/wp-content\/uploads\/\/2020\/07\/spored_simb_brezplacna-1.svg 150w, https:\/\/www1.kkl.si\/wp-content\/uploads\/\/2020\/07\/spored_simb_brezplacna-1.svg 400w, https:\/\/www1.kkl.si\/wp-content\/uploads\/\/2020\/07\/spored_simb_brezplacna-1.svg 1500w, https:\/\/www1.kkl.si\/wp-content\/uploads\/\/2020\/07\/spored_simb_brezplacna-1.svg 100w\" sizes=\"auto, (max-width: 40px) 100vw, 40px\" \/><\/strong><\/p>\n<\/td>\n<td style=\"width: 89.916%; height: 432px;\">\n<p><strong><a href=\"https:\/\/www1.kkl.si\/wp-content\/uploads\/2022\/10\/plakat_Kazalisni_vikend_LENDAVA_splet.jpg\" data-lbwps-width=\"1475\" data-lbwps-height=\"2067\" data-lbwps-srcsmall=\"https:\/\/www1.kkl.si\/wp-content\/uploads\/2022\/10\/plakat_Kazalisni_vikend_LENDAVA_splet-285x400.jpg\"><img loading=\"lazy\" decoding=\"async\" class=\"slika alignright wp-image-9179 size-thumbnail\" src=\"https:\/\/www1.kkl.si\/wp-content\/uploads\/2022\/10\/plakat_Kazalisni_vikend_LENDAVA_splet-e1665747062585-150x150.jpg\" alt=\"\" width=\"150\" height=\"150\" \/><\/a><i class=\"fas fa-calendar\"><\/i> sobota, 15. oktober 2022 | <span class=\"zanr\">predstava za otroke v hrva\u0161kem jeziku<\/span><br \/>\n<i class=\"fas fa-clock\"><\/i> 10.30<\/strong><\/p>\n<p>GLEDALI\u0160KI VIKEND V GLEDALI\u0160KI IN KONCERTNI DVORANI LENDAVA<\/p>\n<p>Dje\u010dje gradsko kazali\u0161te \u010cakovec:<br \/>\n<span style=\"font-size: 28px;\"><strong>Sasvim neobi\u010dan dan &#8211; predstava za otroke v hrva\u0161kem jeziku<\/strong><\/span><\/p>\n<p><strong>Avtor:<\/strong> Kristina \u0160tebih<\/p>\n<p><i class=\"fas fa-map-marker\"><\/i> Prizori\u0161\u010de: Gledali\u0161ka in koncertna dvorana Lendava<br \/>\n<i class=\"fas fa-chevron-circle-right\"><\/i> Organizator: <a href=\"http:\/\/hkd-pomurje.si\/\">Hrva\u0161ko kulturno dru\u0161tvo Pomurje<\/a><\/p>\n<\/td>\n<\/tr>\n<tr>\n<td style=\"width: 10.0194%;\">\n<h6>20.<\/h6>\n<p><strong><img loading=\"lazy\" decoding=\"async\" class=\"alignnone wp-image-1587\" title=\"Brezpla\u010dna prireditev\" src=\"https:\/\/www1.kkl.si\/wp-content\/uploads\/2020\/07\/spored_simb_brezplacna-1.svg\" alt=\"brezplacna\" width=\"40\" height=\"40\" srcset=\"https:\/\/www1.kkl.si\/wp-content\/uploads\/\/2020\/07\/spored_simb_brezplacna-1.svg 150w, https:\/\/www1.kkl.si\/wp-content\/uploads\/\/2020\/07\/spored_simb_brezplacna-1.svg 400w, https:\/\/www1.kkl.si\/wp-content\/uploads\/\/2020\/07\/spored_simb_brezplacna-1.svg 1500w, https:\/\/www1.kkl.si\/wp-content\/uploads\/\/2020\/07\/spored_simb_brezplacna-1.svg 100w\" sizes=\"auto, (max-width: 40px) 100vw, 40px\" \/><\/strong><\/p>\n<\/td>\n<td style=\"width: 89.916%;\">\n<p><strong><a href=\"https:\/\/www1.kkl.si\/wp-content\/uploads\/2022\/10\/vabilo_JudoLendava50_A4_2022_splosno_DVOJ_splet.jpg\" data-lbwps-width=\"3507\" data-lbwps-height=\"2480\" data-lbwps-srcsmall=\"https:\/\/www1.kkl.si\/wp-content\/uploads\/2022\/10\/vabilo_JudoLendava50_A4_2022_splosno_DVOJ_splet.jpg\"><img loading=\"lazy\" decoding=\"async\" class=\"slika alignright wp-image-9423 size-thumbnail\" src=\"https:\/\/www1.kkl.si\/wp-content\/uploads\/2022\/10\/vabilo_JudoLendava50_A4_2022_splosno_DVOJ_splet-scaled-150x150.jpg\" alt=\"\" width=\"150\" height=\"150\" \/><\/a><i class=\"fas fa-calendar\"><\/i> \u010detrtek, 20. oktober 2022 | <span class=\"zanr\">prireditev<\/span><br \/>\n<i class=\"fas fa-clock\"><\/i> 20.00<\/strong><\/p>\n<p><span style=\"font-size: 28px;\"><strong>Prireditev ob 50. obletnici delovanja Judo kluba Lendava<\/strong><\/span><\/p>\n<p><i class=\"fas fa-map-marker\"><\/i> Prizori\u0161\u010de: Gledali\u0161ka in koncertna dvorana Lendava<br \/>\n<i class=\"fas fa-chevron-circle-right\"><\/i> Organizator: <a href=\"http:\/\/www.judoklublendava.si\/\">Judo klub Lendava<\/a><\/p>\n<\/td>\n<\/tr>\n<tr>\n<td style=\"width: 10.0194%;\">\n<h6>22.<\/h6>\n<p><strong><img loading=\"lazy\" decoding=\"async\" class=\"alignnone wp-image-1591\" title=\"Pla\u010dljiva prireditev\" src=\"https:\/\/www1.kkl.si\/wp-content\/uploads\/2020\/07\/spored_simb_placljiva-1.svg\" alt=\"placljiva\" width=\"40\" height=\"40\" srcset=\"https:\/\/www1.kkl.si\/wp-content\/uploads\/\/2020\/07\/spored_simb_placljiva-1.svg 150w, https:\/\/www1.kkl.si\/wp-content\/uploads\/\/2020\/07\/spored_simb_placljiva-1.svg 400w, https:\/\/www1.kkl.si\/wp-content\/uploads\/\/2020\/07\/spored_simb_placljiva-1.svg 1500w, https:\/\/www1.kkl.si\/wp-content\/uploads\/\/2020\/07\/spored_simb_placljiva-1.svg 100w\" sizes=\"auto, (max-width: 40px) 100vw, 40px\" \/><\/strong><\/p>\n<\/td>\n<td style=\"width: 89.916%;\">\n<p><strong><a href=\"https:\/\/www1.kkl.si\/wp-content\/uploads\/2022\/10\/vsakemuSvoje_plakat-22-10-2022.jpg\" data-lbwps-width=\"2004\" data-lbwps-height=\"1417\" data-lbwps-srcsmall=\"https:\/\/www1.kkl.si\/wp-content\/uploads\/2022\/10\/vsakemuSvoje_plakat-22-10-2022-400x283.jpg\"><img loading=\"lazy\" decoding=\"async\" class=\"slika alignright wp-image-9425 size-thumbnail\" src=\"https:\/\/www1.kkl.si\/wp-content\/uploads\/2022\/10\/vsakemuSvoje_plakat-22-10-2022-150x150.jpg\" alt=\"\" width=\"150\" height=\"150\" \/><\/a><i class=\"fas fa-calendar\"><\/i> sobota, 22. oktober 2022 | <span class=\"zanr\">gledali\u0161ka predstava<\/span><br \/>\n<i class=\"fas fa-clock\"><\/i> 18.00<\/strong><\/p>\n<p>DU Lendava, Gledali\u0161ka skupina Kofetarji | Peter Rezman:<\/p>\n<p><a href=\"https:\/\/www1.kkl.si\/sl\/du-lendava-gledaliska-skupina-kofetarji-vsakemu-svoje-2\/\"><span style=\"font-size: 28px;\"><strong>Vsakemu svoje<\/strong><\/span><\/a><\/p>\n<p><strong>Re\u017eija:<\/strong> Miha \u0160tampah<\/p>\n<p><i class=\"fas fa-ticket-alt\"><\/i> Vstopnina: <strong>5 \u20ac<\/strong><br \/>\n<i class=\"fas fa-map-marker\"><\/i> Prizori\u0161\u010de: Gledali\u0161ka in koncertna dvorana Lendava<br \/>\n<i class=\"fas fa-chevron-circle-right\"><\/i> Organizator: Dru\u0161tvo upokojencev Lendava\/Nyugd\u00edjasok Egyes\u00fclete Lendva<\/p>\n<\/td>\n<\/tr>\n<tr>\n<td style=\"width: 10.0194%;\">\n<h6>27.<\/h6>\n<p><strong><img loading=\"lazy\" decoding=\"async\" class=\"alignnone wp-image-1587\" title=\"Brezpla\u010dna prireditev\" src=\"https:\/\/www1.kkl.si\/wp-content\/uploads\/2020\/07\/spored_simb_brezplacna-1.svg\" alt=\"brezplacna\" width=\"40\" height=\"40\" srcset=\"https:\/\/www1.kkl.si\/wp-content\/uploads\/\/2020\/07\/spored_simb_brezplacna-1.svg 150w, https:\/\/www1.kkl.si\/wp-content\/uploads\/\/2020\/07\/spored_simb_brezplacna-1.svg 400w, https:\/\/www1.kkl.si\/wp-content\/uploads\/\/2020\/07\/spored_simb_brezplacna-1.svg 1500w, https:\/\/www1.kkl.si\/wp-content\/uploads\/\/2020\/07\/spored_simb_brezplacna-1.svg 100w\" sizes=\"auto, (max-width: 40px) 100vw, 40px\" \/><\/strong><\/p>\n<\/td>\n<td style=\"width: 89.916%;\">\n<p><strong><a href=\"https:\/\/www1.kkl.si\/wp-content\/uploads\/2022\/10\/plakat_26praznik_OL_2022_splet.jpg\" data-lbwps-width=\"1400\" data-lbwps-height=\"2000\" data-lbwps-srcsmall=\"https:\/\/www1.kkl.si\/wp-content\/uploads\/2022\/10\/plakat_26praznik_OL_2022_splet-280x400.jpg\"><img loading=\"lazy\" decoding=\"async\" class=\"slika alignright wp-image-9430 size-thumbnail\" src=\"https:\/\/www1.kkl.si\/wp-content\/uploads\/2022\/10\/plakat_26praznik_OL_2022_splet-e1665986447688-150x150.jpg\" alt=\"\" width=\"150\" height=\"150\" \/><\/a><i class=\"fas fa-calendar\"><\/i> \u010detrtek, 27. oktober 2022 | <span class=\"zanr\">kulturna prireditev<\/span><br \/>\n<i class=\"fas fa-clock\"><\/i> 18.00<\/strong><\/p>\n<p><a href=\"https:\/\/www1.kkl.si\/sl\/26-praznik-obcine-lendava\/\"><strong><span style=\"font-size: 28px;\">26. praznik Ob\u010dine Lendava<\/span><\/strong><\/a><\/p>\n<p><i class=\"fas fa-map-marker\"><\/i> Prizori\u0161\u010de: Gledali\u0161ka in koncertna dvorana Lendava<br \/>\n<i class=\"fas fa-chevron-circle-right\"><\/i> Organizatorja: <a href=\"https:\/\/www.lendava.si\/\">Ob\u010dina Lendava\/Lendva K\u00f6zs\u00e9g<\/a>, <a href=\"https:\/\/www.kkl.si\/\">Knji\u017enica \u2013 Kulturni center Lendava \u2013 Lendvai K\u00f6nyvt\u00e1r \u00e9s Kultur\u00e1lis K\u00f6zpont<\/a><\/p>\n<\/td>\n<\/tr>\n<\/tbody>\n<\/table>\n<p style=\"text-align: center;\"><span style=\"font-size: 12px;\">Organizatorji si pridr\u017eujejo pravico do spremembe programa.<\/span><\/p>\n","protected":false},"excerpt":{"rendered":"<p>Leto 2022: januar | februar | marec | april | maj | junij | julij | avgust | september | oktober | november | december | ARHIV LEGENDA SIMBOLOV Slovenski abonma Mad\u017earski abonma Zaklju\u010dena prireditev Brezpla\u010dna prireditev Pla\u010dljiva prireditev Novost, sprememba 3. ponedeljek, 3. oktober 2022 | razstava 18.00 Likovna razstava Mileta Albijani\u0107a Prizori\u0161\u010de: Avla [&hellip;]<\/p>\n","protected":false},"author":2,"featured_media":0,"parent":0,"menu_order":0,"comment_status":"closed","ping_status":"closed","template":"","meta":{"footnotes":""},"class_list":["post-9035","page","type-page","status-publish","hentry","post"],"_links":{"self":[{"href":"https:\/\/www1.kkl.si\/sl\/wp-json\/wp\/v2\/pages\/9035","targetHints":{"allow":["GET"]}}],"collection":[{"href":"https:\/\/www1.kkl.si\/sl\/wp-json\/wp\/v2\/pages"}],"about":[{"href":"https:\/\/www1.kkl.si\/sl\/wp-json\/wp\/v2\/types\/page"}],"author":[{"embeddable":true,"href":"https:\/\/www1.kkl.si\/sl\/wp-json\/wp\/v2\/users\/2"}],"replies":[{"embeddable":true,"href":"https:\/\/www1.kkl.si\/sl\/wp-json\/wp\/v2\/comments?post=9035"}],"version-history":[{"count":53,"href":"https:\/\/www1.kkl.si\/sl\/wp-json\/wp\/v2\/pages\/9035\/revisions"}],"predecessor-version":[{"id":10816,"href":"https:\/\/www1.kkl.si\/sl\/wp-json\/wp\/v2\/pages\/9035\/revisions\/10816"}],"wp:attachment":[{"href":"https:\/\/www1.kkl.si\/sl\/wp-json\/wp\/v2\/media?parent=9035"}],"curies":[{"name":"wp","href":"https:\/\/api.w.org\/{rel}","templated":true}]}}