{"id":9418,"date":"2022-10-14T15:30:08","date_gmt":"2022-10-14T13:30:08","guid":{"rendered":"https:\/\/www1.kkl.si\/?page_id=9418"},"modified":"2022-10-15T14:12:44","modified_gmt":"2022-10-15T12:12:44","slug":"du-lendava-gledaliska-skupina-kofetarji-vsakemu-svoje-2","status":"publish","type":"page","link":"https:\/\/www1.kkl.si\/sl\/du-lendava-gledaliska-skupina-kofetarji-vsakemu-svoje-2\/","title":{"rendered":"DU Lendava, Gledali\u0161ka skupina Kofetarji: Vsakemu svoje"},"content":{"rendered":"<div class=\"opis\"><strong><strong><strong><img loading=\"lazy\" decoding=\"async\" class=\"wp-image-1591 alignright\" title=\"Pla\u010dljiva prireditev\" src=\"https:\/\/www1.kkl.si\/wp-content\/uploads\/2020\/07\/spored_simb_placljiva-1.svg\" alt=\"placljiva\" width=\"40\" height=\"40\" srcset=\"https:\/\/www1.kkl.si\/wp-content\/uploads\/\/2020\/07\/spored_simb_placljiva-1.svg 150w, https:\/\/www1.kkl.si\/wp-content\/uploads\/\/2020\/07\/spored_simb_placljiva-1.svg 400w, https:\/\/www1.kkl.si\/wp-content\/uploads\/\/2020\/07\/spored_simb_placljiva-1.svg 1500w, https:\/\/www1.kkl.si\/wp-content\/uploads\/\/2020\/07\/spored_simb_placljiva-1.svg 100w\" sizes=\"auto, (max-width: 40px) 100vw, 40px\" \/><\/strong><\/strong><\/strong><i class=\"fas fa-calendar\"><\/i> <strong><strong><strong>sobota, 22. oktober 2022 | <span class=\"zanr\">gledali\u0161ka predstava<\/span><br \/>\n<\/strong><\/strong><\/strong><i class=\"fas fa-clock\"><\/i> <strong><strong><strong>18.00<br \/>\n<\/strong><\/strong><\/strong><i class=\"fas fa-ticket-alt\"><\/i> Vstopnina: <strong><strong>5 \u20ac<br \/>\n<\/strong><\/strong><i class=\"fas fa-map-marker\"><\/i> Prizori\u0161\u010de: Gledali\u0161ka in koncertna dvorana Lendava<strong><strong><br \/>\n<\/strong><\/strong><i class=\"fas fa-chevron-circle-right\"><\/i> Organizator: <strong><strong><a href=\"http:\/\/www.posrcumlad.si\/lendava\/kontakt.html\">Dru\u0161tvo upokojencev Lendava\/Nyugd\u00edjasok Egyes\u00fclete Lendva<\/a><\/strong><\/strong><\/div>\n<p><a href=\"https:\/\/www1.kkl.si\/wp-content\/uploads\/2022\/10\/vsakemuSvoje_plakat-22-10-2022.jpg\" data-lbwps-width=\"2004\" data-lbwps-height=\"1417\" data-lbwps-srcsmall=\"https:\/\/www1.kkl.si\/wp-content\/uploads\/2022\/10\/vsakemuSvoje_plakat-22-10-2022-400x283.jpg\"><img loading=\"lazy\" decoding=\"async\" class=\"slika alignnone wp-image-9425 size-large\" src=\"https:\/\/www1.kkl.si\/wp-content\/uploads\/2022\/10\/vsakemuSvoje_plakat-22-10-2022-1500x1061.jpg\" alt=\"\" width=\"1500\" height=\"1061\" srcset=\"https:\/\/www1.kkl.si\/wp-content\/uploads\/2022\/10\/vsakemuSvoje_plakat-22-10-2022-1500x1061.jpg 1500w, https:\/\/www1.kkl.si\/wp-content\/uploads\/2022\/10\/vsakemuSvoje_plakat-22-10-2022-400x283.jpg 400w, https:\/\/www1.kkl.si\/wp-content\/uploads\/2022\/10\/vsakemuSvoje_plakat-22-10-2022.jpg 2004w\" sizes=\"auto, (max-width: 1500px) 100vw, 1500px\" \/><\/a><\/p>\n<p>DU Lendava, Gledali\u0161ka skupina Kofetarji Lendava predstavlja avtorsko komedijo <strong>Petra Rozmana<\/strong>:<\/p>\n<p><span style=\"font-size: 20px;\"><strong>En na\u0161 lahek komad <\/strong><strong>ali <\/strong><strong>VSAKEMU SVOJE<\/strong><\/span><\/p>\n<p>Osebe:<br \/>\nZOFKA, vdova 63 let<br \/>\nEMIL, Zofkin sin, 40 let,<br \/>\nVANDA, Emilova \u017eena 35 let,<br \/>\nTOMI, sin Vande in Emila 7 let,<br \/>\nERNA, Zofkina sestra, 55 let,<br \/>\nVOJAN, Ernin partner, 53 let,<br \/>\nNE\u017dA, Ernina h\u010di, 22 let,<br \/>\nLOJZE, vdovec, 60 let.<\/p>\n<p><em>Zgodba se dogaja v Zofkinem stanovanju.<\/em><\/p>\n<p>Vsakemu svoje je lahkotna komedija, ki je nekak\u0161no ogledalo dana\u0161njega \u010dasa. Govori o ljubezni med starej\u0161im parom, ki si za\u017eeli malce bli\u017eine. Izka\u017ee se, da je mo\u0161ki \u017eenitovanjski slepar.<\/p>\n<hr \/>\n<p><strong>Kratka vsebina igre:<\/strong><br \/>\nDogajanje je v sedanjem \u010dasu, ko si Zofka, starej\u0161a gospa, za\u017eeli nove dru\u017ebe. V toplicah si najde Lojzeta in ga pripelje domov k sebi. Te dru\u017ebe pa ni vesel sin Emil, \u0161e manj pa svakinja Vanda, ki ima \u017ee polno na\u010drtov s prodajo Zofkinega stanovanja. V zgodbo se vplete \u0161e Zofkina sestra s svojim novim fantom in njena h\u010di. Ampak Zofka se ne da, zato se odlo\u010di, da bo razplet uredila po njeno.<\/p>\n<hr \/>\n<p><strong>O avtorju:<\/strong><br \/>\nPeter Rezman je rojen v Celju, sedaj prebiva v okolici Velenja. V slovenskem literarnem prostoru se je uveljavil predvsem kot prozaist, ki v svojih delih najpogosteje obravnava tematike, povezane z rudarstvom in rudarskim \u017eivljenjem.<\/p>\n<hr \/>\n<p><strong>O igralcih:<\/strong><br \/>\nV vlogi vdove Zofke nastopa Jerica Trojak, Lojzeta pa igra Aleksander Mari\u010d. <br \/>\n<strong><br \/>\nIgrajo \u0161e:<\/strong> Sonja Kotnjek, \u0160tefan \u017derdin, Anica Varga, Ivo Pau\u0161i\u010d, Gabi Pe\u010dek, Marija Varga in Matilda Karba.<\/p>\n<p><strong>Re\u017eija:<\/strong> Miha \u0160tampah<\/p>\n<p>Koordinatorka priprave predstave: \u0160tefanija Feher<br \/>\nMaskerka: Sandra Feher<br \/>\nScena in kostumi: Matilda Karba in Miha \u0160tampah<br \/>\nKoreografija: Eva Na\u0111<br \/>\nTon in lu\u010di: Nikolaj Ba\u017eika in Ludvik G\u00f6nc<br \/>\nGrafi\u010dno oblikovanje promocijskega gradiva: Doris Solari\u010d<\/p>\n<p>&nbsp;<\/p>\n","protected":false},"excerpt":{"rendered":"<p>sobota, 22. oktober 2022 | gledali\u0161ka predstava 18.00 Vstopnina: 5 \u20ac Prizori\u0161\u010de: Gledali\u0161ka in koncertna dvorana Lendava Organizator: Dru\u0161tvo upokojencev Lendava\/Nyugd\u00edjasok Egyes\u00fclete Lendva DU Lendava, Gledali\u0161ka skupina Kofetarji Lendava predstavlja avtorsko komedijo Petra Rozmana: En na\u0161 lahek komad ali VSAKEMU SVOJE Osebe: ZOFKA, vdova 63 let EMIL, Zofkin sin, 40 let, VANDA, Emilova \u017eena 35 [&hellip;]<\/p>\n","protected":false},"author":2,"featured_media":9425,"parent":0,"menu_order":0,"comment_status":"closed","ping_status":"closed","template":"","meta":{"footnotes":""},"class_list":["post-9418","page","type-page","status-publish","has-post-thumbnail","hentry","post","post-with-thumbnail","post-with-thumbnail-icon"],"_links":{"self":[{"href":"https:\/\/www1.kkl.si\/sl\/wp-json\/wp\/v2\/pages\/9418","targetHints":{"allow":["GET"]}}],"collection":[{"href":"https:\/\/www1.kkl.si\/sl\/wp-json\/wp\/v2\/pages"}],"about":[{"href":"https:\/\/www1.kkl.si\/sl\/wp-json\/wp\/v2\/types\/page"}],"author":[{"embeddable":true,"href":"https:\/\/www1.kkl.si\/sl\/wp-json\/wp\/v2\/users\/2"}],"replies":[{"embeddable":true,"href":"https:\/\/www1.kkl.si\/sl\/wp-json\/wp\/v2\/comments?post=9418"}],"version-history":[{"count":9,"href":"https:\/\/www1.kkl.si\/sl\/wp-json\/wp\/v2\/pages\/9418\/revisions"}],"predecessor-version":[{"id":9443,"href":"https:\/\/www1.kkl.si\/sl\/wp-json\/wp\/v2\/pages\/9418\/revisions\/9443"}],"wp:featuredmedia":[{"embeddable":true,"href":"https:\/\/www1.kkl.si\/sl\/wp-json\/wp\/v2\/media\/9425"}],"wp:attachment":[{"href":"https:\/\/www1.kkl.si\/sl\/wp-json\/wp\/v2\/media?parent=9418"}],"curies":[{"name":"wp","href":"https:\/\/api.w.org\/{rel}","templated":true}]}}