{"id":9433,"date":"2022-10-15T11:29:43","date_gmt":"2022-10-15T09:29:43","guid":{"rendered":"https:\/\/www1.kkl.si\/?page_id=9433"},"modified":"2022-10-17T08:00:52","modified_gmt":"2022-10-17T06:00:52","slug":"26-praznik-obcine-lendava","status":"publish","type":"page","link":"https:\/\/www1.kkl.si\/sl\/26-praznik-obcine-lendava\/","title":{"rendered":"26. praznik Ob\u010dine Lendava"},"content":{"rendered":"<div class=\"opis\"><img loading=\"lazy\" decoding=\"async\" class=\"wp-image-1587 alignright\" title=\"Brezpla\u010dna prireditev\" src=\"https:\/\/www1.kkl.si\/wp-content\/uploads\/2020\/07\/spored_simb_brezplacna-1.svg\" sizes=\"auto, (max-width: 40px) 100vw, 40px\" srcset=\"https:\/\/www1.kkl.si\/wp-content\/uploads\/\/2020\/07\/spored_simb_brezplacna-1.svg 150w, https:\/\/www1.kkl.si\/wp-content\/uploads\/\/2020\/07\/spored_simb_brezplacna-1.svg 400w, https:\/\/www1.kkl.si\/wp-content\/uploads\/\/2020\/07\/spored_simb_brezplacna-1.svg 1500w, https:\/\/www1.kkl.si\/wp-content\/uploads\/\/2020\/07\/spored_simb_brezplacna-1.svg 100w\" alt=\"brezplacna\" width=\"40\" height=\"40\" \/><i class=\"fas fa-calendar\"><\/i> <strong><strong><strong>\u010detrtek, 27. oktober 2022 | <span class=\"zanr\">kulturna prireditev<\/span><br \/>\n<\/strong><\/strong><\/strong><i class=\"fas fa-clock\"><\/i> <strong><strong><strong>18.00<\/strong><\/strong><\/strong><strong><strong><br \/>\n<\/strong><\/strong><i class=\"fas fa-map-marker\"><\/i> Prizori\u0161\u010de: Gledali\u0161ka in koncertna dvorana Lendava<strong><strong><br \/>\n<\/strong><\/strong><i class=\"fas fa-chevron-circle-right\"><\/i> Organizatorja: <a href=\"https:\/\/www.lendava.si\/\">Ob\u010dina Lendava\/Lendva K\u00f6zs\u00e9g<\/a>, <a href=\"https:\/\/www.kkl.si\/\">Knji\u017enica \u2013 Kulturni center Lendava \u2013 Lendvai K\u00f6nyvt\u00e1r \u00e9s Kultur\u00e1lis K\u00f6zpont<\/a><\/div>\n<p><a href=\"https:\/\/www1.kkl.si\/wp-content\/uploads\/2022\/10\/plakat_26praznik_OL_2022_splet.jpg\" data-lbwps-width=\"1400\" data-lbwps-height=\"2000\" data-lbwps-srcsmall=\"https:\/\/www1.kkl.si\/wp-content\/uploads\/2022\/10\/plakat_26praznik_OL_2022_splet-280x400.jpg\"><img loading=\"lazy\" decoding=\"async\" class=\"slika alignright wp-image-9430 size-medium\" src=\"https:\/\/www1.kkl.si\/wp-content\/uploads\/2022\/10\/plakat_26praznik_OL_2022_splet-280x400.jpg\" alt=\"\" width=\"280\" height=\"400\" srcset=\"https:\/\/www1.kkl.si\/wp-content\/uploads\/2022\/10\/plakat_26praznik_OL_2022_splet-280x400.jpg 280w, https:\/\/www1.kkl.si\/wp-content\/uploads\/2022\/10\/plakat_26praznik_OL_2022_splet-1050x1500.jpg 1050w, https:\/\/www1.kkl.si\/wp-content\/uploads\/2022\/10\/plakat_26praznik_OL_2022_splet.jpg 1400w\" sizes=\"auto, (max-width: 280px) 100vw, 280px\" \/><\/a>V A B I L O<\/p>\n<p>Ob praznovanju 26. ob\u010dinskega praznika vas vljudno vabimo na osrednjo slovesnost s podelitvijo priznanj\u00a0 v <strong>\u010detrtek, 27. oktobra 2022, ob 18. uri<\/strong> v Gledali\u0161ko in koncertno dvorano Lendava.<\/p>\n<p>V kulturnem programu, ki smo ga poimenovali VRTILJAK \u017dIVLJENJA, bodo nastopili otroci, u\u010denci in dijaki vseh vzgojno-izobra\u017eevalnih zavodov v ob\u010dini Lendava.<\/p>\n<p><i class=\"fas fa-link\"><\/i> <a href=\"https:\/\/www.lendava.si\/objava\/688045\">https:\/\/www.lendava.si\/objava\/688045<\/a><\/p>\n","protected":false},"excerpt":{"rendered":"<p>\u010detrtek, 27. oktober 2022 | kulturna prireditev 18.00 Prizori\u0161\u010de: Gledali\u0161ka in koncertna dvorana Lendava Organizatorja: Ob\u010dina Lendava\/Lendva K\u00f6zs\u00e9g, Knji\u017enica \u2013 Kulturni center Lendava \u2013 Lendvai K\u00f6nyvt\u00e1r \u00e9s Kultur\u00e1lis K\u00f6zpont V A B I L O Ob praznovanju 26. ob\u010dinskega praznika vas vljudno vabimo na osrednjo slovesnost s podelitvijo priznanj\u00a0 v \u010detrtek, 27. oktobra 2022, ob [&hellip;]<\/p>\n","protected":false},"author":2,"featured_media":9430,"parent":0,"menu_order":0,"comment_status":"closed","ping_status":"closed","template":"","meta":{"footnotes":""},"class_list":["post-9433","page","type-page","status-publish","has-post-thumbnail","hentry","post","post-with-thumbnail","post-with-thumbnail-icon"],"_links":{"self":[{"href":"https:\/\/www1.kkl.si\/sl\/wp-json\/wp\/v2\/pages\/9433","targetHints":{"allow":["GET"]}}],"collection":[{"href":"https:\/\/www1.kkl.si\/sl\/wp-json\/wp\/v2\/pages"}],"about":[{"href":"https:\/\/www1.kkl.si\/sl\/wp-json\/wp\/v2\/types\/page"}],"author":[{"embeddable":true,"href":"https:\/\/www1.kkl.si\/sl\/wp-json\/wp\/v2\/users\/2"}],"replies":[{"embeddable":true,"href":"https:\/\/www1.kkl.si\/sl\/wp-json\/wp\/v2\/comments?post=9433"}],"version-history":[{"count":5,"href":"https:\/\/www1.kkl.si\/sl\/wp-json\/wp\/v2\/pages\/9433\/revisions"}],"predecessor-version":[{"id":9440,"href":"https:\/\/www1.kkl.si\/sl\/wp-json\/wp\/v2\/pages\/9433\/revisions\/9440"}],"wp:featuredmedia":[{"embeddable":true,"href":"https:\/\/www1.kkl.si\/sl\/wp-json\/wp\/v2\/media\/9430"}],"wp:attachment":[{"href":"https:\/\/www1.kkl.si\/sl\/wp-json\/wp\/v2\/media?parent=9433"}],"curies":[{"name":"wp","href":"https:\/\/api.w.org\/{rel}","templated":true}]}}