{"id":9545,"date":"2022-10-31T09:03:12","date_gmt":"2022-10-31T08:03:12","guid":{"rendered":"https:\/\/www1.kkl.si\/?page_id=9545"},"modified":"2022-11-10T16:43:03","modified_gmt":"2022-11-10T15:43:03","slug":"mgl-mestno-gledalisce-ljubljansko-junakinje","status":"publish","type":"page","link":"https:\/\/www1.kkl.si\/sl\/mgl-mestno-gledalisce-ljubljansko-junakinje\/","title":{"rendered":"MGL \u2013 Mestno gledali\u0161\u010de ljubljansko: Junakinje"},"content":{"rendered":"<div class=\"opis\"><img loading=\"lazy\" decoding=\"async\" class=\"wp-image-1587 alignright\" title=\"Brezpla\u010dna prireditev\" src=\"https:\/\/www1.kkl.si\/wp-content\/uploads\/2020\/07\/spored_simb_brezplacna-1.svg\" sizes=\"auto, (max-width: 40px) 100vw, 40px\" srcset=\"https:\/\/www1.kkl.si\/wp-content\/uploads\/\/2020\/07\/spored_simb_brezplacna-1.svg 150w, https:\/\/www1.kkl.si\/wp-content\/uploads\/\/2020\/07\/spored_simb_brezplacna-1.svg 400w, https:\/\/www1.kkl.si\/wp-content\/uploads\/\/2020\/07\/spored_simb_brezplacna-1.svg 1500w, https:\/\/www1.kkl.si\/wp-content\/uploads\/\/2020\/07\/spored_simb_brezplacna-1.svg 100w\" alt=\"brezplacna\" width=\"40\" height=\"40\" \/><i class=\"fas fa-calendar\"><\/i> <strong>petek, 18. november 2022 | <span class=\"zanr\">drama<\/span><\/strong><br \/>\n<i class=\"fas fa-clock\"><\/i> <strong>19.00<\/strong><br \/>\n<i class=\"fas fa-map-marker\"><\/i> Prizori\u0161\u010de: Gledali\u0161ka in koncertna dvorana Lendava<br \/>\n<i class=\"fas fa-chevron-circle-right\"><\/i> Organizator: <a href=\"https:\/\/www.kkl.si\/\">Knji\u017enica \u2013 Kulturni center Lendava \u2013 Lendvai K\u00f6nyvt\u00e1r \u00e9s Kultur\u00e1lis K\u00f6zpont<\/a><\/p>\n<p><i class=\"fas fa-info-circle\"><\/i> <strong>VSTOP PROST.<\/strong> Brezpla\u010dne vstopnice se lahko prevzamejo na blagajni Gledali\u0161ke in koncertne dvorane Lendava od 14. novembra 2022 naprej.<\/div>\n<p><strong><a href=\"https:\/\/www1.kkl.si\/wp-content\/uploads\/2022\/11\/plakat_70cm_junakinje_2022_DVOJ.jpg\" data-lbwps-width=\"2143\" data-lbwps-height=\"3000\" data-lbwps-srcsmall=\"https:\/\/www1.kkl.si\/wp-content\/uploads\/2022\/11\/plakat_70cm_junakinje_2022_DVOJ.jpg\"><img loading=\"lazy\" decoding=\"async\" class=\"slika alignright wp-image-9631 size-medium\" src=\"https:\/\/www1.kkl.si\/wp-content\/uploads\/2022\/11\/plakat_70cm_junakinje_2022_DVOJ-scaled-286x400.jpg\" alt=\"\" width=\"286\" height=\"400\" srcset=\"https:\/\/www1.kkl.si\/wp-content\/uploads\/2022\/11\/plakat_70cm_junakinje_2022_DVOJ-scaled-286x400.jpg 286w, https:\/\/www1.kkl.si\/wp-content\/uploads\/2022\/11\/plakat_70cm_junakinje_2022_DVOJ-scaled-1072x1500.jpg 1072w, https:\/\/www1.kkl.si\/wp-content\/uploads\/2022\/11\/plakat_70cm_junakinje_2022_DVOJ-scaled.jpg 1829w\" sizes=\"auto, (max-width: 286px) 100vw, 286px\" \/><\/a>Lettie Precious, <br \/>\nSabrina Mahfouz, <br \/>\nHannah Khalil, <br \/>\nStella Duffy, <br \/>\nIsley Lynn, <br \/>\nChinonyerem Odimba, <br \/>\nTimberlake Wertenbaker, <br \/>\nSamantha Ellis, <br \/>\nJuliet Gilkes Romero, <br \/>\nNejc Gazvoda<\/strong><\/p>\n<p><span style=\"font-size: 28px;\"><strong>Junakinje<\/strong><\/span><\/p>\n<p>IZVIRNI NASLOV: <strong>15 Heroines, 2021<br \/>\n<\/strong>Drama<br \/>\nPrva slovenska uprizoritev<br \/>\n<em><br \/>\nPredstava traja 1 uro in 45 minut in nima odmora.<\/em><\/p>\n<hr \/>\n<table style=\"border-collapse: collapse; width: 100%;\">\n<tbody>\n<tr>\n<td style=\"width: 50%;\">\n<p><strong>NASTOPAJO<\/strong><\/p>\n<p>Ojnona: <strong>Viktorija Bencik Emer\u0161i\u010d<\/strong><br \/>\nHermiona: <strong>Ajda Smrekar<\/strong><br \/>\nPenelopa: <strong>Judita Zidar<\/strong><br \/>\nDidona: <strong>Tanja Ribi\u010d<\/strong><br \/>\nKanaka: <strong>Tina Poto\u010dnik Vrhovnik, Diana Kolenc k. g.<\/strong><br \/>\nHipermestra: <strong>Julita Kropec k. g.<\/strong><br \/>\nFedra: <strong>Mirjam Korbar<\/strong><br \/>\nMedeja:<strong> Tja\u0161a \u017deleznik<\/strong><br \/>\nFilida: <strong>Veronika \u017deleznik k. g.<\/strong> <br \/>\nMetamorfoza: <strong>Jernej Ga\u0161perin<\/strong><\/p>\n<\/td>\n<td style=\"width: 50%;\">\n<p><strong>USTVARJALCI<\/strong><\/p>\n<p>Prevajalka: Alenka Klabus Vesel<br \/>\nDramaturginja: Eva Mahkovic<br \/>\nKostumografka: Mia Popovska<br \/>\nAvtor glasbe: Kiril D\u017eajkovski<br \/>\nLektorica: Barbara Rogelj<br \/>\nSvetovalka za gib: Anja M\u00f6derndorfer<br \/>\nAsistent scenografa: Janez Kole\u0161a<br \/>\nAsistentka dramaturginje in re\u017eiserja: Ur\u0161a Majcen<br \/>\nOblikovalec svetlobe: Andrej Kole\u017enik<br \/>\nOblikovalec zvoka: Sa\u0161o Draga\u0161<br \/>\nRe\u017eiser in scenograf: <strong>Aleksandar Popovski<\/strong><\/p>\n<\/td>\n<\/tr>\n<\/tbody>\n<\/table>\n<p>Rimski pesnik Publij Ovidij Naso je po svoji mladostni\u0161ki pesni\u0161ki zbirki <em>Amores<\/em> napisal zbirko 21 ljubezenskih pisem v verzih pod skupnim naslovom <em>Heroides<\/em> oziroma <em>Epistulae Heroidum<\/em>.<\/p>\n<blockquote><p>Zbirka, ki v kontekstu latinske literature kot pisemska poezija predstavlja \u017eanrsko novost, vsebuje pisma znanih junakinj gr\u0161kih mitov, ki pi\u0161ejo mo\u0161kim svojega \u017eivljenja; ti so jih na razli\u010dne na\u010dine zapustili, zavrgli, izdali.<\/p><\/blockquote>\n<p>Ovidijeve <em>Heroides<\/em> so \u017eanrska iznajdba, ki se v vsebini napaja pri Homerju, Vergilu, Horaciju, Sapfo in drugih, v obravnavi mitolo\u0161ke snovi pa piske pisem in njihove naslovnike predstavlja kot resni\u010dne osebe iz svoje sodobnosti. Penelopa pi\u0161e Odiseju, Brizeida Ahilu, Fedra Tezeju, Ojnona Parisu, Hipsipila in Medeja Jazonu, Didona Eneju, Hermiona Orestu itd. V sodobni verziji, ki jo je leta 2020 zasnovalo umetni\u0161ko vodstvo londonskega gledali\u0161\u010da Jermyn Street (v produkciji tega je bila uprizoritev novembra 2020 v spletni izvedbi tudi krstno predstavljena), \u017eenska pisma pi\u0161e petnajst vodilnih britanskih dramati\u010dark. Petnajst monologov, ki so si slogovno in \u017eanrsko razli\u010dni, tako sestavlja novo zbirko \u2013 kompleksno dramsko besedilo, ki Ovidijeve motive prevaja in prireja za sodobnega gledalca.<\/p>\n<p>V predstavi je uporabljen odlomek pesmi PJ Harvey <em>Who Will Love Me Now<\/em>.<\/p>\n<p><a href=\"https:\/\/www1.kkl.si\/wp-content\/uploads\/2022\/10\/Junakinje-00_foto-Peter-Giodani.jpg\" data-lbwps-width=\"2600\" data-lbwps-height=\"1625\" data-lbwps-srcsmall=\"https:\/\/www1.kkl.si\/wp-content\/uploads\/2022\/10\/Junakinje-00_foto-Peter-Giodani.jpg\"><img loading=\"lazy\" decoding=\"async\" class=\"alignnone wp-image-9546 size-large\" src=\"https:\/\/www1.kkl.si\/wp-content\/uploads\/2022\/10\/Junakinje-00_foto-Peter-Giodani-scaled-1500x938.jpg\" alt=\"\" width=\"1500\" height=\"938\" srcset=\"https:\/\/www1.kkl.si\/wp-content\/uploads\/2022\/10\/Junakinje-00_foto-Peter-Giodani-scaled-1500x938.jpg 1500w, https:\/\/www1.kkl.si\/wp-content\/uploads\/2022\/10\/Junakinje-00_foto-Peter-Giodani-scaled-400x250.jpg 400w\" sizes=\"auto, (max-width: 1500px) 100vw, 1500px\" \/><\/a><\/p>\n<p><span style=\"font-size: 12px;\">Foto: Peter Giodani<\/span><\/p>\n<p><strong>O PREDSTAVI:<\/strong><\/p>\n<p>Junakinje zaznamuje kontekst vojne, kontekst mitov, v katerih so ozna\u010dene predvsem kot spremljevalke ali postaja na poti svojih ljubimcev, celo mitov, ki so v dana\u0161njem svetu \u017ee skoraj pozabljeni. Junakinje niso znane po herojskih podvigih v bitkah ali po ve\u010dletnih obleganjih in tihotapljenjih v tuja mesta. Njihova dejanja ve\u010dinoma niti niso tako herojska. Njihove zgodbe so intimne bitke, kontroverzne ljubezni, polne afekta in brez izjeme ovekove\u010dene v legendah \u2013 v mitih, ki se najve\u010dkrat imenujejo po njihovih be\u017enih spremljevalcih.<\/p>\n<p>Meseca maja se v re\u017eiji Aleksandra Popovskega in dramaturgiji Eve Mahkovic prebuja devet junakinj, vsaka s svojo zgodbo in bitko, ki jih bo v celoto povezal dodaten lik, re\u0161en zakonitosti \u010dasa in prostora. Besedilo zanj je posebej za to prilo\u017enost napisal dramatik in re\u017eiser Nejc Gazvoda.<\/p>\n<p><i class=\"fas fa-link\"><\/i> <a href=\"https:\/\/www.mgl.si\/sl\/predstave\/junakinje\/\">https:\/\/www.mgl.si\/sl\/predstave\/junakinje\/<\/a><\/p>\n<p><iframe loading=\"lazy\" src=\"\/\/www.youtube.com\/embed\/ZVqlDlgXRhA\" width=\"560\" height=\"314\" allowfullscreen=\"allowfullscreen\"><\/iframe><\/p>\n<hr \/>\n<p><strong>NEKAJ RE\u017dISERJEVIH UVODNIH MISLI<\/strong><\/p>\n<p>Od nekdaj so me vznemirjale klasi\u010dne zgodbe in razli\u010dne mitologije. Na nek na\u010din je to izvor vseh mojih fascinacij, za\u010den\u0161i seveda z najbolj razvpitimi zgodbami herojev, junakov\u2026 A slej ko prej pride\u0161 do to\u010dke, ko te pri\u010dno zanimati okoli\u0161\u010dine, kontekst.<\/p>\n<blockquote><p>Kak\u0161ne so bile podrobnosti spopada med Zevsom In Prometejem? Kako to, da ni uspel prepre\u010diti odprtja Pandorine skrinjice? Zatopljen sem v Odisejevo zgodbo, a nenadoma mojo pozornost zbudi Kirka\u2026 In tako dalje in dalje.<\/p><\/blockquote>\n<p>Ko sem v branje dobil zbirko \u017eenskih monologov s skupnim naslovom Heroide, sem ponudbo ob\u010dutil kot nenadno izpolnitev mnogih zgoraj orisanih \u017eelja in zanimanj. Zdelo se je kot izto\u010dnica za potovanje v smer, ki me \u017ee dolgo vabi. Znane zgodbe, a skozi o\u010di oseb, ki niso \u00bbglavne\u00ab, ki v izvornih fabulah niso centralne. Pripovedi tistih, za katere v svetu mitologije niso rezervirane funkcije mo\u010di, juna\u0161tev, zmagoslavij. Seveda ni slu\u010daj, da vse te monologe govorijo \u017eenske. Svetu vendar vladajo vojne. Tukaj pa imamo devet \u017eensk, ki o vsem dogajanju pripovedujejo s svoje pozicije.<\/p>\n<p>Predstava je zami\u0161ljena kot labitint zgodb, labirint usod. V tem blodnjaku se po zamisli re\u017eijskega koncepta znajde (tudi) edini mo\u0161ki, to je Hermes, ki nenadoma zdrsne v funkcijo poslu\u0161alca, udele\u017eenca, iskalca, opazovalca vseh teh zgodb.<\/p>\n<p>Z asociativnega stali\u0161\u010da zdru\u017eeno besedilo ponuja naravnost spektakelske razse\u017enosti, obenem pa predstavlja devet \u010dudovitih igralskih partitur za devet nastopajo\u010dih igralk. Na\u010din pisanja zbranih britanskih avtoric je po eni strani skrajno sodoben, po drugi strani pa je ve\u010d kot o\u010ditno, da so se vse sodelujo\u010de dramati\u010darke studiozno poglobile v mitska izhodi\u0161\u010da in se s tem izognile nevarnostim diletantizma in ohlapnosti. Vse na\u0161tete prednosti predstavljajo re\u017eiserju navdih in obenem zavezo.<\/p>\n<p>Aleksandar Popovski<\/p>\n<hr \/>\n<p>FOTOGALERIJA<\/p>\n\n\t\t<style type=\"text\/css\">\n\t\t\t#gallery-1 {\n\t\t\t\tmargin: auto;\n\t\t\t}\n\t\t\t#gallery-1 .gallery-item {\n\t\t\t\tfloat: left;\n\t\t\t\tmargin-top: 10px;\n\t\t\t\ttext-align: center;\n\t\t\t\twidth: 16%;\n\t\t\t}\n\t\t\t#gallery-1 img {\n\t\t\t\tborder: 2px solid #cfcfcf;\n\t\t\t}\n\t\t\t#gallery-1 .gallery-caption {\n\t\t\t\tmargin-left: 0;\n\t\t\t}\n\t\t\t\/* see gallery_shortcode() in wp-includes\/media.php *\/\n\t\t<\/style>\n\t\t<div id='gallery-1' class='gallery galleryid-9545 gallery-columns-6 gallery-size-thumbnail'><dl class='gallery-item'>\n\t\t\t<dt class='gallery-icon portrait'>\n\t\t\t\t<a href='https:\/\/www1.kkl.si\/wp-content\/uploads\/2022\/11\/Junakinje-01_foto-Peter-Giodani.jpg'><img loading=\"lazy\" decoding=\"async\" width=\"150\" height=\"150\" src=\"https:\/\/www1.kkl.si\/wp-content\/uploads\/2022\/11\/Junakinje-01_foto-Peter-Giodani-150x150.jpg\" class=\"attachment-thumbnail size-thumbnail\" alt=\"\" \/><\/a>\n\t\t\t<\/dt><\/dl><dl class='gallery-item'>\n\t\t\t<dt class='gallery-icon landscape'>\n\t\t\t\t<a href='https:\/\/www1.kkl.si\/wp-content\/uploads\/2022\/11\/Junakinje-02_foto-Peter-Giodani.jpg'><img loading=\"lazy\" decoding=\"async\" width=\"150\" height=\"150\" src=\"https:\/\/www1.kkl.si\/wp-content\/uploads\/2022\/11\/Junakinje-02_foto-Peter-Giodani-150x150.jpg\" class=\"attachment-thumbnail size-thumbnail\" alt=\"\" \/><\/a>\n\t\t\t<\/dt><\/dl><dl class='gallery-item'>\n\t\t\t<dt class='gallery-icon landscape'>\n\t\t\t\t<a href='https:\/\/www1.kkl.si\/wp-content\/uploads\/2022\/11\/Junakinje-03_foto-Peter-Giodani.jpg'><img loading=\"lazy\" decoding=\"async\" width=\"150\" height=\"150\" src=\"https:\/\/www1.kkl.si\/wp-content\/uploads\/2022\/11\/Junakinje-03_foto-Peter-Giodani-150x150.jpg\" class=\"attachment-thumbnail size-thumbnail\" alt=\"\" \/><\/a>\n\t\t\t<\/dt><\/dl><dl class='gallery-item'>\n\t\t\t<dt class='gallery-icon landscape'>\n\t\t\t\t<a href='https:\/\/www1.kkl.si\/wp-content\/uploads\/2022\/11\/Junakinje-04_foto-Peter-Giodani.jpg'><img loading=\"lazy\" decoding=\"async\" width=\"150\" height=\"150\" src=\"https:\/\/www1.kkl.si\/wp-content\/uploads\/2022\/11\/Junakinje-04_foto-Peter-Giodani-150x150.jpg\" class=\"attachment-thumbnail size-thumbnail\" alt=\"\" \/><\/a>\n\t\t\t<\/dt><\/dl><dl class='gallery-item'>\n\t\t\t<dt class='gallery-icon landscape'>\n\t\t\t\t<a href='https:\/\/www1.kkl.si\/wp-content\/uploads\/2022\/11\/Junakinje-05_foto-Peter-Giodani.jpg'><img loading=\"lazy\" decoding=\"async\" width=\"150\" height=\"150\" src=\"https:\/\/www1.kkl.si\/wp-content\/uploads\/2022\/11\/Junakinje-05_foto-Peter-Giodani-150x150.jpg\" class=\"attachment-thumbnail size-thumbnail\" alt=\"\" \/><\/a>\n\t\t\t<\/dt><\/dl><dl class='gallery-item'>\n\t\t\t<dt class='gallery-icon landscape'>\n\t\t\t\t<a href='https:\/\/www1.kkl.si\/wp-content\/uploads\/2022\/11\/Junakinje-06_foto-Peter-Giodani.jpg'><img loading=\"lazy\" decoding=\"async\" width=\"150\" height=\"150\" src=\"https:\/\/www1.kkl.si\/wp-content\/uploads\/2022\/11\/Junakinje-06_foto-Peter-Giodani-150x150.jpg\" class=\"attachment-thumbnail size-thumbnail\" alt=\"\" \/><\/a>\n\t\t\t<\/dt><\/dl><br style=\"clear: both\" \/><dl class='gallery-item'>\n\t\t\t<dt class='gallery-icon landscape'>\n\t\t\t\t<a href='https:\/\/www1.kkl.si\/wp-content\/uploads\/2022\/11\/Junakinje-07_foto-Peter-Giodani.jpg'><img loading=\"lazy\" decoding=\"async\" width=\"150\" height=\"150\" src=\"https:\/\/www1.kkl.si\/wp-content\/uploads\/2022\/11\/Junakinje-07_foto-Peter-Giodani-150x150.jpg\" class=\"attachment-thumbnail size-thumbnail\" alt=\"\" \/><\/a>\n\t\t\t<\/dt><\/dl><dl class='gallery-item'>\n\t\t\t<dt class='gallery-icon landscape'>\n\t\t\t\t<a href='https:\/\/www1.kkl.si\/wp-content\/uploads\/2022\/11\/Junakinje-08_foto-Peter-Giodani.jpg'><img loading=\"lazy\" decoding=\"async\" width=\"150\" height=\"150\" src=\"https:\/\/www1.kkl.si\/wp-content\/uploads\/2022\/11\/Junakinje-08_foto-Peter-Giodani-150x150.jpg\" class=\"attachment-thumbnail size-thumbnail\" alt=\"\" \/><\/a>\n\t\t\t<\/dt><\/dl><dl class='gallery-item'>\n\t\t\t<dt class='gallery-icon landscape'>\n\t\t\t\t<a href='https:\/\/www1.kkl.si\/wp-content\/uploads\/2022\/11\/Junakinje-09_foto-Peter-Giodani.jpg'><img loading=\"lazy\" decoding=\"async\" width=\"150\" height=\"150\" src=\"https:\/\/www1.kkl.si\/wp-content\/uploads\/2022\/11\/Junakinje-09_foto-Peter-Giodani-150x150.jpg\" class=\"attachment-thumbnail size-thumbnail\" alt=\"\" \/><\/a>\n\t\t\t<\/dt><\/dl><dl class='gallery-item'>\n\t\t\t<dt class='gallery-icon landscape'>\n\t\t\t\t<a href='https:\/\/www1.kkl.si\/wp-content\/uploads\/2022\/11\/Junakinje-10_foto-Peter-Giodani.jpg'><img loading=\"lazy\" decoding=\"async\" width=\"150\" height=\"150\" src=\"https:\/\/www1.kkl.si\/wp-content\/uploads\/2022\/11\/Junakinje-10_foto-Peter-Giodani-150x150.jpg\" class=\"attachment-thumbnail size-thumbnail\" alt=\"\" \/><\/a>\n\t\t\t<\/dt><\/dl><dl class='gallery-item'>\n\t\t\t<dt class='gallery-icon landscape'>\n\t\t\t\t<a href='https:\/\/www1.kkl.si\/wp-content\/uploads\/2022\/11\/Junakinje-11_foto-Peter-Giodani.jpg'><img loading=\"lazy\" decoding=\"async\" width=\"150\" height=\"150\" src=\"https:\/\/www1.kkl.si\/wp-content\/uploads\/2022\/11\/Junakinje-11_foto-Peter-Giodani-150x150.jpg\" class=\"attachment-thumbnail size-thumbnail\" alt=\"\" \/><\/a>\n\t\t\t<\/dt><\/dl><dl class='gallery-item'>\n\t\t\t<dt class='gallery-icon landscape'>\n\t\t\t\t<a href='https:\/\/www1.kkl.si\/wp-content\/uploads\/2022\/11\/Junakinje-12_foto-Peter-Giodani.jpg'><img loading=\"lazy\" decoding=\"async\" width=\"150\" height=\"150\" src=\"https:\/\/www1.kkl.si\/wp-content\/uploads\/2022\/11\/Junakinje-12_foto-Peter-Giodani-150x150.jpg\" class=\"attachment-thumbnail size-thumbnail\" alt=\"\" \/><\/a>\n\t\t\t<\/dt><\/dl><br style=\"clear: both\" \/><dl class='gallery-item'>\n\t\t\t<dt class='gallery-icon landscape'>\n\t\t\t\t<a href='https:\/\/www1.kkl.si\/wp-content\/uploads\/2022\/11\/Junakinje-13_foto-Peter-Giodani.jpg'><img loading=\"lazy\" decoding=\"async\" width=\"150\" height=\"150\" src=\"https:\/\/www1.kkl.si\/wp-content\/uploads\/2022\/11\/Junakinje-13_foto-Peter-Giodani-150x150.jpg\" class=\"attachment-thumbnail size-thumbnail\" alt=\"\" \/><\/a>\n\t\t\t<\/dt><\/dl><dl class='gallery-item'>\n\t\t\t<dt class='gallery-icon landscape'>\n\t\t\t\t<a href='https:\/\/www1.kkl.si\/wp-content\/uploads\/2022\/11\/Junakinje-14_foto-Peter-Giodani.jpg'><img loading=\"lazy\" decoding=\"async\" width=\"150\" height=\"150\" src=\"https:\/\/www1.kkl.si\/wp-content\/uploads\/2022\/11\/Junakinje-14_foto-Peter-Giodani-150x150.jpg\" class=\"attachment-thumbnail size-thumbnail\" alt=\"\" \/><\/a>\n\t\t\t<\/dt><\/dl><dl class='gallery-item'>\n\t\t\t<dt class='gallery-icon landscape'>\n\t\t\t\t<a href='https:\/\/www1.kkl.si\/wp-content\/uploads\/2022\/11\/Junakinje-15_foto-Peter-Giodani.jpg'><img loading=\"lazy\" decoding=\"async\" width=\"150\" height=\"150\" src=\"https:\/\/www1.kkl.si\/wp-content\/uploads\/2022\/11\/Junakinje-15_foto-Peter-Giodani-150x150.jpg\" class=\"attachment-thumbnail size-thumbnail\" alt=\"\" \/><\/a>\n\t\t\t<\/dt><\/dl><dl class='gallery-item'>\n\t\t\t<dt class='gallery-icon landscape'>\n\t\t\t\t<a href='https:\/\/www1.kkl.si\/wp-content\/uploads\/2022\/11\/Junakinje-16_foto-Peter-Giodani.jpg'><img loading=\"lazy\" decoding=\"async\" width=\"150\" height=\"150\" src=\"https:\/\/www1.kkl.si\/wp-content\/uploads\/2022\/11\/Junakinje-16_foto-Peter-Giodani-150x150.jpg\" class=\"attachment-thumbnail size-thumbnail\" alt=\"\" \/><\/a>\n\t\t\t<\/dt><\/dl><dl class='gallery-item'>\n\t\t\t<dt class='gallery-icon landscape'>\n\t\t\t\t<a href='https:\/\/www1.kkl.si\/wp-content\/uploads\/2022\/11\/Junakinje-17_foto-Peter-Giodani.jpg'><img loading=\"lazy\" decoding=\"async\" width=\"150\" height=\"150\" src=\"https:\/\/www1.kkl.si\/wp-content\/uploads\/2022\/11\/Junakinje-17_foto-Peter-Giodani-150x150.jpg\" class=\"attachment-thumbnail size-thumbnail\" alt=\"\" \/><\/a>\n\t\t\t<\/dt><\/dl><dl class='gallery-item'>\n\t\t\t<dt class='gallery-icon landscape'>\n\t\t\t\t<a href='https:\/\/www1.kkl.si\/wp-content\/uploads\/2022\/11\/Junakinje-18_foto-Peter-Giodani.jpg'><img loading=\"lazy\" decoding=\"async\" width=\"150\" height=\"150\" src=\"https:\/\/www1.kkl.si\/wp-content\/uploads\/2022\/11\/Junakinje-18_foto-Peter-Giodani-150x150.jpg\" class=\"attachment-thumbnail size-thumbnail\" alt=\"\" \/><\/a>\n\t\t\t<\/dt><\/dl><br style=\"clear: both\" \/><dl class='gallery-item'>\n\t\t\t<dt class='gallery-icon landscape'>\n\t\t\t\t<a href='https:\/\/www1.kkl.si\/wp-content\/uploads\/2022\/11\/Junakinje-19_foto-Peter-Giodani.jpg'><img loading=\"lazy\" decoding=\"async\" width=\"150\" height=\"150\" src=\"https:\/\/www1.kkl.si\/wp-content\/uploads\/2022\/11\/Junakinje-19_foto-Peter-Giodani-150x150.jpg\" class=\"attachment-thumbnail size-thumbnail\" alt=\"\" \/><\/a>\n\t\t\t<\/dt><\/dl><dl class='gallery-item'>\n\t\t\t<dt class='gallery-icon landscape'>\n\t\t\t\t<a href='https:\/\/www1.kkl.si\/wp-content\/uploads\/2022\/11\/Junakinje-20_foto-Peter-Giodani.jpg'><img loading=\"lazy\" decoding=\"async\" width=\"150\" height=\"150\" src=\"https:\/\/www1.kkl.si\/wp-content\/uploads\/2022\/11\/Junakinje-20_foto-Peter-Giodani-150x150.jpg\" class=\"attachment-thumbnail size-thumbnail\" alt=\"\" \/><\/a>\n\t\t\t<\/dt><\/dl><dl class='gallery-item'>\n\t\t\t<dt class='gallery-icon landscape'>\n\t\t\t\t<a href='https:\/\/www1.kkl.si\/wp-content\/uploads\/2022\/11\/Junakinje-21_foto-Peter-Giodani.jpg'><img loading=\"lazy\" decoding=\"async\" width=\"150\" height=\"150\" src=\"https:\/\/www1.kkl.si\/wp-content\/uploads\/2022\/11\/Junakinje-21_foto-Peter-Giodani-150x150.jpg\" class=\"attachment-thumbnail size-thumbnail\" alt=\"\" \/><\/a>\n\t\t\t<\/dt><\/dl><dl class='gallery-item'>\n\t\t\t<dt class='gallery-icon landscape'>\n\t\t\t\t<a href='https:\/\/www1.kkl.si\/wp-content\/uploads\/2022\/11\/Junakinje-22_foto-Peter-Giodani.jpg'><img loading=\"lazy\" decoding=\"async\" width=\"150\" height=\"150\" src=\"https:\/\/www1.kkl.si\/wp-content\/uploads\/2022\/11\/Junakinje-22_foto-Peter-Giodani-150x150.jpg\" class=\"attachment-thumbnail size-thumbnail\" alt=\"\" \/><\/a>\n\t\t\t<\/dt><\/dl><dl class='gallery-item'>\n\t\t\t<dt class='gallery-icon landscape'>\n\t\t\t\t<a href='https:\/\/www1.kkl.si\/wp-content\/uploads\/2022\/11\/Junakinje-23_foto-Peter-Giodani.jpg'><img loading=\"lazy\" decoding=\"async\" width=\"150\" height=\"150\" src=\"https:\/\/www1.kkl.si\/wp-content\/uploads\/2022\/11\/Junakinje-23_foto-Peter-Giodani-150x150.jpg\" class=\"attachment-thumbnail size-thumbnail\" alt=\"\" \/><\/a>\n\t\t\t<\/dt><\/dl><dl class='gallery-item'>\n\t\t\t<dt class='gallery-icon landscape'>\n\t\t\t\t<a href='https:\/\/www1.kkl.si\/wp-content\/uploads\/2022\/11\/Junakinje-24_foto-Peter-Giodani.jpg'><img loading=\"lazy\" decoding=\"async\" width=\"150\" height=\"150\" src=\"https:\/\/www1.kkl.si\/wp-content\/uploads\/2022\/11\/Junakinje-24_foto-Peter-Giodani-150x150.jpg\" class=\"attachment-thumbnail size-thumbnail\" alt=\"\" \/><\/a>\n\t\t\t<\/dt><\/dl><br style=\"clear: both\" \/><dl class='gallery-item'>\n\t\t\t<dt class='gallery-icon landscape'>\n\t\t\t\t<a href='https:\/\/www1.kkl.si\/wp-content\/uploads\/2022\/11\/Junakinje-25_foto-Peter-Giodani.jpg'><img loading=\"lazy\" decoding=\"async\" width=\"150\" height=\"150\" src=\"https:\/\/www1.kkl.si\/wp-content\/uploads\/2022\/11\/Junakinje-25_foto-Peter-Giodani-150x150.jpg\" class=\"attachment-thumbnail size-thumbnail\" alt=\"\" \/><\/a>\n\t\t\t<\/dt><\/dl><dl class='gallery-item'>\n\t\t\t<dt class='gallery-icon landscape'>\n\t\t\t\t<a href='https:\/\/www1.kkl.si\/wp-content\/uploads\/2022\/11\/Junakinje-26_foto-Peter-Giodani.jpg'><img loading=\"lazy\" decoding=\"async\" width=\"150\" height=\"150\" src=\"https:\/\/www1.kkl.si\/wp-content\/uploads\/2022\/11\/Junakinje-26_foto-Peter-Giodani-150x150.jpg\" class=\"attachment-thumbnail size-thumbnail\" alt=\"\" \/><\/a>\n\t\t\t<\/dt><\/dl><dl class='gallery-item'>\n\t\t\t<dt class='gallery-icon landscape'>\n\t\t\t\t<a href='https:\/\/www1.kkl.si\/wp-content\/uploads\/2022\/11\/Junakinje-27_foto-Peter-Giodani.jpg'><img loading=\"lazy\" decoding=\"async\" width=\"150\" height=\"150\" src=\"https:\/\/www1.kkl.si\/wp-content\/uploads\/2022\/11\/Junakinje-27_foto-Peter-Giodani-150x150.jpg\" class=\"attachment-thumbnail size-thumbnail\" alt=\"\" \/><\/a>\n\t\t\t<\/dt><\/dl>\n\t\t\t<br style='clear: both' \/>\n\t\t<\/div>\n\n<p><span style=\"font-size: 12px;\">Fotografije: Peter Giodani<\/span><\/p>\n<hr \/>\n<p><strong>Povezava:<\/strong><br \/>\n<i class=\"fas fa-link\"><\/i> <a href=\"https:\/\/www.mgl.si\/sl\/predstave\/junakinje\/\">https:\/\/www.mgl.si\/sl\/predstave\/junakinje\/<\/a><\/p>\n<p>Predstavo v Gledali\u0161ki in koncertni dvorani Lendava je podprlo Ministrstvo za kulturo Republike Slovenije.<\/p>\n","protected":false},"excerpt":{"rendered":"<p>petek, 18. november 2022 | drama 19.00 Prizori\u0161\u010de: Gledali\u0161ka in koncertna dvorana Lendava Organizator: Knji\u017enica \u2013 Kulturni center Lendava \u2013 Lendvai K\u00f6nyvt\u00e1r \u00e9s Kultur\u00e1lis K\u00f6zpont VSTOP PROST. Brezpla\u010dne vstopnice se lahko prevzamejo na blagajni Gledali\u0161ke in koncertne dvorane Lendava od 14. novembra 2022 naprej. Lettie Precious, Sabrina Mahfouz, Hannah Khalil, Stella Duffy, Isley Lynn, Chinonyerem [&hellip;]<\/p>\n","protected":false},"author":2,"featured_media":0,"parent":0,"menu_order":0,"comment_status":"closed","ping_status":"closed","template":"","meta":{"footnotes":""},"class_list":["post-9545","page","type-page","status-publish","hentry","post"],"_links":{"self":[{"href":"https:\/\/www1.kkl.si\/sl\/wp-json\/wp\/v2\/pages\/9545","targetHints":{"allow":["GET"]}}],"collection":[{"href":"https:\/\/www1.kkl.si\/sl\/wp-json\/wp\/v2\/pages"}],"about":[{"href":"https:\/\/www1.kkl.si\/sl\/wp-json\/wp\/v2\/types\/page"}],"author":[{"embeddable":true,"href":"https:\/\/www1.kkl.si\/sl\/wp-json\/wp\/v2\/users\/2"}],"replies":[{"embeddable":true,"href":"https:\/\/www1.kkl.si\/sl\/wp-json\/wp\/v2\/comments?post=9545"}],"version-history":[{"count":17,"href":"https:\/\/www1.kkl.si\/sl\/wp-json\/wp\/v2\/pages\/9545\/revisions"}],"predecessor-version":[{"id":9741,"href":"https:\/\/www1.kkl.si\/sl\/wp-json\/wp\/v2\/pages\/9545\/revisions\/9741"}],"wp:attachment":[{"href":"https:\/\/www1.kkl.si\/sl\/wp-json\/wp\/v2\/media?parent=9545"}],"curies":[{"name":"wp","href":"https:\/\/api.w.org\/{rel}","templated":true}]}}